{"id":5761,"date":"2019-08-23T10:54:35","date_gmt":"2019-08-23T08:54:35","guid":{"rendered":"https:\/\/niipit.dk\/mulighedernes-park-aalborg\/?page_id=5761"},"modified":"2019-08-23T14:18:33","modified_gmt":"2019-08-23T12:18:33","slug":"om-hundeskoven","status":"publish","type":"page","link":"https:\/\/niipit.dk\/mulighedernes-park-aalborg\/om-hundeskoven\/","title":{"rendered":"Om hundeskoven"},"content":{"rendered":"\n<p style=\"text-align:center\">Der findes en  Facebook gruppe hvor du kan lave hundelegeaftaler<\/p>\n\n\n\n<p style=\"text-align:center\"><a href=\"https:\/\/www.facebook.com\/groups\/717555251717695\/\">Bes\u00f8g Facebook Gruppen her <\/a><br><\/p>\n\n\n\n<p>Mulighedernes Park Hundeskoven er en mark der er indhegnet. <br>Der er indhegnet s\u00e5 store og sm\u00e5 hunde kan v\u00e6re opdelt.<\/p>\n\n\n\n<p>Der er borde og b\u00e6nke samt skraldespand.<\/p>\n\n\n\n<p>Under og efter regnvejr kan stedet v\u00e6re meget mudret.<\/p>\n\n\n\n<p>Parkeringsplads p\u00e5 stedet ogs\u00e5.<\/p>\n","protected":false},"excerpt":{"rendered":"<p>Der findes en Facebook gruppe hvor du kan lave hundelegeaftaler Bes\u00f8g Facebook Gruppen her Mulighedernes Park Hundeskoven er en mark der er indhegnet. Der er indhegnet s\u00e5 store og sm\u00e5 hunde kan v\u00e6re opdelt. Der er borde og b\u00e6nke samt skraldespand. Under og efter regnvejr kan stedet v\u00e6re meget mudret. Parkeringsplads p\u00e5 stedet ogs\u00e5.<\/p>\n","protected":false},"author":151,"featured_media":0,"parent":0,"menu_order":0,"comment_status":"closed","ping_status":"closed","template":"","meta":{"_exactmetrics_skip_tracking":false,"_exactmetrics_sitenote_active":false,"_exactmetrics_sitenote_note":"","_exactmetrics_sitenote_category":0,"_monsterinsights_skip_tracking":false,"_monsterinsights_sitenote_active":false,"_monsterinsights_sitenote_note":"","_monsterinsights_sitenote_category":0,"footnotes":""},"class_list":["post-5761","page","type-page","status-publish","hentry"],"yoast_head":"<!-- This site is optimized with the Yoast SEO Premium plugin v16.3 (Yoast SEO v27.3) - https:\/\/yoast.com\/product\/yoast-seo-premium-wordpress\/ -->\n<title>Om hundeskoven - Mulighedernes Park Aalborg<\/title>\n<meta name=\"robots\" content=\"index, follow, max-snippet:-1, max-image-preview:large, max-video-preview:-1\" \/>\n<link rel=\"canonical\" href=\"https:\/\/niipit.dk\/mulighedernes-park-aalborg\/om-hundeskoven\/\" \/>\n<meta property=\"og:locale\" content=\"da_DK\" \/>\n<meta property=\"og:type\" content=\"article\" \/>\n<meta property=\"og:title\" content=\"Om hundeskoven - Mulighedernes Park Aalborg\" \/>\n<meta property=\"og:description\" content=\"Der findes en Facebook gruppe hvor du kan lave hundelegeaftaler Bes\u00f8g Facebook Gruppen her Mulighedernes Park Hundeskoven er en mark der er indhegnet. Der er indhegnet s\u00e5 store og sm\u00e5 hunde kan v\u00e6re opdelt. Der er borde og b\u00e6nke samt skraldespand. Under og efter regnvejr kan stedet v\u00e6re meget mudret. Parkeringsplads p\u00e5 stedet ogs\u00e5.\" \/>\n<meta property=\"og:url\" content=\"https:\/\/niipit.dk\/mulighedernes-park-aalborg\/om-hundeskoven\/\" \/>\n<meta property=\"og:site_name\" content=\"Mulighedernes Park Aalborg\" \/>\n<meta property=\"article:modified_time\" content=\"2019-08-23T12:18:33+00:00\" \/>\n<meta name=\"twitter:card\" content=\"summary_large_image\" \/>\n<script type=\"application\/ld+json\" class=\"yoast-schema-graph\">{\"@context\":\"https:\\\/\\\/schema.org\",\"@graph\":[{\"@type\":\"WebPage\",\"@id\":\"https:\\\/\\\/niipit.dk\\\/mulighedernes-park-aalborg\\\/om-hundeskoven\\\/\",\"url\":\"https:\\\/\\\/niipit.dk\\\/mulighedernes-park-aalborg\\\/om-hundeskoven\\\/\",\"name\":\"Om hundeskoven - Mulighedernes Park Aalborg\",\"isPartOf\":{\"@id\":\"https:\\\/\\\/niipit.dk\\\/mulighedernes-park-aalborg\\\/#website\"},\"datePublished\":\"2019-08-23T08:54:35+00:00\",\"dateModified\":\"2019-08-23T12:18:33+00:00\",\"breadcrumb\":{\"@id\":\"https:\\\/\\\/niipit.dk\\\/mulighedernes-park-aalborg\\\/om-hundeskoven\\\/#breadcrumb\"},\"inLanguage\":\"da-DK\",\"potentialAction\":[{\"@type\":\"ReadAction\",\"target\":[\"https:\\\/\\\/niipit.dk\\\/mulighedernes-park-aalborg\\\/om-hundeskoven\\\/\"]}]},{\"@type\":\"BreadcrumbList\",\"@id\":\"https:\\\/\\\/niipit.dk\\\/mulighedernes-park-aalborg\\\/om-hundeskoven\\\/#breadcrumb\",\"itemListElement\":[{\"@type\":\"ListItem\",\"position\":1,\"name\":\"Hjem\",\"item\":\"https:\\\/\\\/niipit.dk\\\/mulighedernes-park-aalborg\\\/\"},{\"@type\":\"ListItem\",\"position\":2,\"name\":\"Om hundeskoven\"}]},{\"@type\":\"WebSite\",\"@id\":\"https:\\\/\\\/niipit.dk\\\/mulighedernes-park-aalborg\\\/#website\",\"url\":\"https:\\\/\\\/niipit.dk\\\/mulighedernes-park-aalborg\\\/\",\"name\":\"Mulighedernes Park Aalborg\",\"description\":\"F\u00e5 din virksomhed p\u00e5 niipit\",\"potentialAction\":[{\"@type\":\"SearchAction\",\"target\":{\"@type\":\"EntryPoint\",\"urlTemplate\":\"https:\\\/\\\/niipit.dk\\\/mulighedernes-park-aalborg\\\/?s={search_term_string}\"},\"query-input\":{\"@type\":\"PropertyValueSpecification\",\"valueRequired\":true,\"valueName\":\"search_term_string\"}}],\"inLanguage\":\"da-DK\"}]}<\/script>\n<!-- \/ Yoast SEO Premium plugin. -->","yoast_head_json":{"title":"Om hundeskoven - Mulighedernes Park Aalborg","robots":{"index":"index","follow":"follow","max-snippet":"max-snippet:-1","max-image-preview":"max-image-preview:large","max-video-preview":"max-video-preview:-1"},"canonical":"https:\/\/niipit.dk\/mulighedernes-park-aalborg\/om-hundeskoven\/","og_locale":"da_DK","og_type":"article","og_title":"Om hundeskoven - Mulighedernes Park Aalborg","og_description":"Der findes en Facebook gruppe hvor du kan lave hundelegeaftaler Bes\u00f8g Facebook Gruppen her Mulighedernes Park Hundeskoven er en mark der er indhegnet. Der er indhegnet s\u00e5 store og sm\u00e5 hunde kan v\u00e6re opdelt. Der er borde og b\u00e6nke samt skraldespand. Under og efter regnvejr kan stedet v\u00e6re meget mudret. Parkeringsplads p\u00e5 stedet ogs\u00e5.","og_url":"https:\/\/niipit.dk\/mulighedernes-park-aalborg\/om-hundeskoven\/","og_site_name":"Mulighedernes Park Aalborg","article_modified_time":"2019-08-23T12:18:33+00:00","twitter_card":"summary_large_image","schema":{"@context":"https:\/\/schema.org","@graph":[{"@type":"WebPage","@id":"https:\/\/niipit.dk\/mulighedernes-park-aalborg\/om-hundeskoven\/","url":"https:\/\/niipit.dk\/mulighedernes-park-aalborg\/om-hundeskoven\/","name":"Om hundeskoven - Mulighedernes Park Aalborg","isPartOf":{"@id":"https:\/\/niipit.dk\/mulighedernes-park-aalborg\/#website"},"datePublished":"2019-08-23T08:54:35+00:00","dateModified":"2019-08-23T12:18:33+00:00","breadcrumb":{"@id":"https:\/\/niipit.dk\/mulighedernes-park-aalborg\/om-hundeskoven\/#breadcrumb"},"inLanguage":"da-DK","potentialAction":[{"@type":"ReadAction","target":["https:\/\/niipit.dk\/mulighedernes-park-aalborg\/om-hundeskoven\/"]}]},{"@type":"BreadcrumbList","@id":"https:\/\/niipit.dk\/mulighedernes-park-aalborg\/om-hundeskoven\/#breadcrumb","itemListElement":[{"@type":"ListItem","position":1,"name":"Hjem","item":"https:\/\/niipit.dk\/mulighedernes-park-aalborg\/"},{"@type":"ListItem","position":2,"name":"Om hundeskoven"}]},{"@type":"WebSite","@id":"https:\/\/niipit.dk\/mulighedernes-park-aalborg\/#website","url":"https:\/\/niipit.dk\/mulighedernes-park-aalborg\/","name":"Mulighedernes Park Aalborg","description":"F\u00e5 din virksomhed p\u00e5 niipit","potentialAction":[{"@type":"SearchAction","target":{"@type":"EntryPoint","urlTemplate":"https:\/\/niipit.dk\/mulighedernes-park-aalborg\/?s={search_term_string}"},"query-input":{"@type":"PropertyValueSpecification","valueRequired":true,"valueName":"search_term_string"}}],"inLanguage":"da-DK"}]}},"_links":{"self":[{"href":"https:\/\/niipit.dk\/mulighedernes-park-aalborg\/wp-json\/wp\/v2\/pages\/5761","targetHints":{"allow":["GET"]}}],"collection":[{"href":"https:\/\/niipit.dk\/mulighedernes-park-aalborg\/wp-json\/wp\/v2\/pages"}],"about":[{"href":"https:\/\/niipit.dk\/mulighedernes-park-aalborg\/wp-json\/wp\/v2\/types\/page"}],"author":[{"embeddable":true,"href":"https:\/\/niipit.dk\/mulighedernes-park-aalborg\/wp-json\/wp\/v2\/users\/151"}],"replies":[{"embeddable":true,"href":"https:\/\/niipit.dk\/mulighedernes-park-aalborg\/wp-json\/wp\/v2\/comments?post=5761"}],"version-history":[{"count":0,"href":"https:\/\/niipit.dk\/mulighedernes-park-aalborg\/wp-json\/wp\/v2\/pages\/5761\/revisions"}],"wp:attachment":[{"href":"https:\/\/niipit.dk\/mulighedernes-park-aalborg\/wp-json\/wp\/v2\/media?parent=5761"}],"curies":[{"name":"wp","href":"https:\/\/api.w.org\/{rel}","templated":true}]}}