{"id":5064,"date":"2020-04-10T22:29:34","date_gmt":"2020-04-10T20:29:34","guid":{"rendered":"https:\/\/niipit.dk\/moncler-butikker-shop\/?page_id=5064"},"modified":"2020-07-04T12:19:10","modified_gmt":"2020-07-04T10:19:10","slug":"frontpage","status":"publish","type":"page","link":"https:\/\/niipit.dk\/moncler-butikker\/","title":{"rendered":"Forside"},"content":{"rendered":"\n<hr class=\"wp-block-separator\"\/>\n\n\n\n<h2 class=\"wp-block-heading\">Her p\u00e5 siden kan du finde oversigten over Danske butikker og forhandlere af Moncler m\u00e6rket.<\/h2>\n\n\n\n<p>Siden er sat op med informationer der er offentlig tilg\u00e6ngelige.<\/p>\n\n\n\n<p>Hvis du har en butik hvor du forhandler m\u00e6rket s\u00e5 er du meget velkommen til at kontakte support@niipit.com med info s\u00e5 kontakter vi dig med henblik p\u00e5 at komme med p\u00e5 listen.<\/p>\n\n\n\n<h3 class=\"wp-block-heading\">Brandets egne butiks oversigt i Danmark kan du finde<a rel=\"noreferrer noopener\" href=\"https:\/\/www.moncler.com\/dk\/storeslocator\/denmark\" target=\"_blank\"> her.<\/a><\/h3>\n\n\n\n<h3 class=\"wp-block-heading\">Axel har deres butikker og \u00e5bningstider samlet <a rel=\"noreferrer noopener\" href=\"https:\/\/www.axel.dk\/butikker\" target=\"_blank\">her.<\/a><\/h3>\n\n\n\n<h3 class=\"wp-block-heading\">Kaufmann har deres butikker og \u00e5bningstider samlet <a rel=\"noreferrer noopener\" href=\"https:\/\/www.kaufmann.dk\/butikker\" target=\"_blank\">her.<\/a><\/h3>\n\n\n\n<h3 class=\"wp-block-heading\">Dr.Adams har deres butik og \u00e5bningstider <a href=\"https:\/\/www.dr-adams.dk\/aabningstider\" target=\"_blank\" rel=\"noreferrer noopener\">her.<\/a><\/h3>\n\n\n\n<h3 class=\"wp-block-heading\">LuksusBaby har deres butik, lager og \u00e5bningstider samlet <a href=\"https:\/\/luksusbaby.dk\/shop\/cms-23.html\" target=\"_blank\" rel=\"noreferrer noopener\">her.<\/a><\/h3>\n","protected":false},"excerpt":{"rendered":"<p>Her p\u00e5 siden kan du finde oversigten over Danske butikker og forhandlere af Moncler m\u00e6rket. Siden er sat op med informationer der er offentlig tilg\u00e6ngelige. Hvis du har en butik hvor du forhandler m\u00e6rket s\u00e5 er du meget velkommen til at kontakte support@niipit.com med info s\u00e5 kontakter vi dig med henblik p\u00e5 at komme med <a class=\"moretag btn btn-primary\" href=\"https:\/\/niipit.dk\/moncler-butikker\/\">L\u00e6s mere<\/a><\/p>\n","protected":false},"author":1,"featured_media":0,"parent":0,"menu_order":0,"comment_status":"closed","ping_status":"closed","template":"frontpagePremium.php","meta":{"_exactmetrics_skip_tracking":false,"_exactmetrics_sitenote_active":false,"_exactmetrics_sitenote_note":"","_exactmetrics_sitenote_category":0,"_monsterinsights_skip_tracking":false,"_monsterinsights_sitenote_active":false,"_monsterinsights_sitenote_note":"","_monsterinsights_sitenote_category":0,"footnotes":""},"class_list":["post-5064","page","type-page","status-publish","hentry"],"yoast_head":"<!-- This site is optimized with the Yoast SEO Premium plugin v16.3 (Yoast SEO v27.3) - https:\/\/yoast.com\/product\/yoast-seo-premium-wordpress\/ -->\n<title>Moncler Butikker - find forhandlere af Moncler t\u00f8j lige her<\/title>\n<meta name=\"description\" content=\"Moncler Butikker - er du i tvivl om dit Mocler t\u00f8j \u00e6gte? Tjek her om dit Moncler produkter \u00e6gte. - Stop kopivarer og k\u00f8b kun \u00e6gte brands\" \/>\n<meta name=\"robots\" content=\"index, follow, max-snippet:-1, max-image-preview:large, max-video-preview:-1\" \/>\n<link rel=\"canonical\" href=\"https:\/\/niipit.dk\/moncler-butikker\/\" \/>\n<meta property=\"og:locale\" content=\"da_DK\" \/>\n<meta property=\"og:type\" content=\"article\" \/>\n<meta property=\"og:title\" content=\"Moncler Butikker - find forhandlere af Moncler t\u00f8j lige her\" \/>\n<meta property=\"og:description\" content=\"Moncler Butikker - er du i tvivl om dit Mocler t\u00f8j \u00e6gte? Tjek her om dit Moncler produkter \u00e6gte. - Stop kopivarer og k\u00f8b kun \u00e6gte brands\" \/>\n<meta property=\"og:url\" content=\"https:\/\/niipit.dk\/moncler-butikker\/\" \/>\n<meta property=\"og:site_name\" content=\"Moncler Butikker\" \/>\n<meta property=\"article:modified_time\" content=\"2020-07-04T10:19:10+00:00\" \/>\n<meta name=\"twitter:card\" content=\"summary_large_image\" \/>\n<meta name=\"twitter:label1\" content=\"Estimeret l\u00e6setid\" \/>\n\t<meta name=\"twitter:data1\" content=\"1 minut\" \/>\n<script type=\"application\/ld+json\" class=\"yoast-schema-graph\">{\"@context\":\"https:\\\/\\\/schema.org\",\"@graph\":[{\"@type\":\"WebPage\",\"@id\":\"https:\\\/\\\/niipit.dk\\\/moncler-butikker\\\/\",\"url\":\"https:\\\/\\\/niipit.dk\\\/moncler-butikker\\\/\",\"name\":\"Moncler Butikker - find forhandlere af Moncler t\u00f8j lige her\",\"isPartOf\":{\"@id\":\"https:\\\/\\\/niipit.dk\\\/moncler-butikker\\\/#website\"},\"datePublished\":\"2020-04-10T20:29:34+00:00\",\"dateModified\":\"2020-07-04T10:19:10+00:00\",\"description\":\"Moncler Butikker - er du i tvivl om dit Mocler t\u00f8j \u00e6gte? Tjek her om dit Moncler produkter \u00e6gte. - Stop kopivarer og k\u00f8b kun \u00e6gte brands\",\"breadcrumb\":{\"@id\":\"https:\\\/\\\/niipit.dk\\\/moncler-butikker\\\/#breadcrumb\"},\"inLanguage\":\"da-DK\",\"potentialAction\":[{\"@type\":\"ReadAction\",\"target\":[\"https:\\\/\\\/niipit.dk\\\/moncler-butikker\\\/\"]}]},{\"@type\":\"BreadcrumbList\",\"@id\":\"https:\\\/\\\/niipit.dk\\\/moncler-butikker\\\/#breadcrumb\",\"itemListElement\":[{\"@type\":\"ListItem\",\"position\":1,\"name\":\"Hjem\",\"item\":\"https:\\\/\\\/niipit.dk\\\/moncler-butikker\\\/\"},{\"@type\":\"ListItem\",\"position\":2,\"name\":\"Forside\"}]},{\"@type\":\"WebSite\",\"@id\":\"https:\\\/\\\/niipit.dk\\\/moncler-butikker\\\/#website\",\"url\":\"https:\\\/\\\/niipit.dk\\\/moncler-butikker\\\/\",\"name\":\"Moncler Butikker\",\"description\":\"Find oversigt her.\",\"potentialAction\":[{\"@type\":\"SearchAction\",\"target\":{\"@type\":\"EntryPoint\",\"urlTemplate\":\"https:\\\/\\\/niipit.dk\\\/moncler-butikker\\\/?s={search_term_string}\"},\"query-input\":{\"@type\":\"PropertyValueSpecification\",\"valueRequired\":true,\"valueName\":\"search_term_string\"}}],\"inLanguage\":\"da-DK\"}]}<\/script>\n<!-- \/ Yoast SEO Premium plugin. -->","yoast_head_json":{"title":"Moncler Butikker - find forhandlere af Moncler t\u00f8j lige her","description":"Moncler Butikker - er du i tvivl om dit Mocler t\u00f8j \u00e6gte? Tjek her om dit Moncler produkter \u00e6gte. - Stop kopivarer og k\u00f8b kun \u00e6gte brands","robots":{"index":"index","follow":"follow","max-snippet":"max-snippet:-1","max-image-preview":"max-image-preview:large","max-video-preview":"max-video-preview:-1"},"canonical":"https:\/\/niipit.dk\/moncler-butikker\/","og_locale":"da_DK","og_type":"article","og_title":"Moncler Butikker - find forhandlere af Moncler t\u00f8j lige her","og_description":"Moncler Butikker - er du i tvivl om dit Mocler t\u00f8j \u00e6gte? Tjek her om dit Moncler produkter \u00e6gte. - Stop kopivarer og k\u00f8b kun \u00e6gte brands","og_url":"https:\/\/niipit.dk\/moncler-butikker\/","og_site_name":"Moncler Butikker","article_modified_time":"2020-07-04T10:19:10+00:00","twitter_card":"summary_large_image","twitter_misc":{"Estimeret l\u00e6setid":"1 minut"},"schema":{"@context":"https:\/\/schema.org","@graph":[{"@type":"WebPage","@id":"https:\/\/niipit.dk\/moncler-butikker\/","url":"https:\/\/niipit.dk\/moncler-butikker\/","name":"Moncler Butikker - find forhandlere af Moncler t\u00f8j lige her","isPartOf":{"@id":"https:\/\/niipit.dk\/moncler-butikker\/#website"},"datePublished":"2020-04-10T20:29:34+00:00","dateModified":"2020-07-04T10:19:10+00:00","description":"Moncler Butikker - er du i tvivl om dit Mocler t\u00f8j \u00e6gte? Tjek her om dit Moncler produkter \u00e6gte. - Stop kopivarer og k\u00f8b kun \u00e6gte brands","breadcrumb":{"@id":"https:\/\/niipit.dk\/moncler-butikker\/#breadcrumb"},"inLanguage":"da-DK","potentialAction":[{"@type":"ReadAction","target":["https:\/\/niipit.dk\/moncler-butikker\/"]}]},{"@type":"BreadcrumbList","@id":"https:\/\/niipit.dk\/moncler-butikker\/#breadcrumb","itemListElement":[{"@type":"ListItem","position":1,"name":"Hjem","item":"https:\/\/niipit.dk\/moncler-butikker\/"},{"@type":"ListItem","position":2,"name":"Forside"}]},{"@type":"WebSite","@id":"https:\/\/niipit.dk\/moncler-butikker\/#website","url":"https:\/\/niipit.dk\/moncler-butikker\/","name":"Moncler Butikker","description":"Find oversigt her.","potentialAction":[{"@type":"SearchAction","target":{"@type":"EntryPoint","urlTemplate":"https:\/\/niipit.dk\/moncler-butikker\/?s={search_term_string}"},"query-input":{"@type":"PropertyValueSpecification","valueRequired":true,"valueName":"search_term_string"}}],"inLanguage":"da-DK"}]}},"_links":{"self":[{"href":"https:\/\/niipit.dk\/moncler-butikker\/wp-json\/wp\/v2\/pages\/5064","targetHints":{"allow":["GET"]}}],"collection":[{"href":"https:\/\/niipit.dk\/moncler-butikker\/wp-json\/wp\/v2\/pages"}],"about":[{"href":"https:\/\/niipit.dk\/moncler-butikker\/wp-json\/wp\/v2\/types\/page"}],"author":[{"embeddable":true,"href":"https:\/\/niipit.dk\/moncler-butikker\/wp-json\/wp\/v2\/users\/1"}],"replies":[{"embeddable":true,"href":"https:\/\/niipit.dk\/moncler-butikker\/wp-json\/wp\/v2\/comments?post=5064"}],"version-history":[{"count":0,"href":"https:\/\/niipit.dk\/moncler-butikker\/wp-json\/wp\/v2\/pages\/5064\/revisions"}],"wp:attachment":[{"href":"https:\/\/niipit.dk\/moncler-butikker\/wp-json\/wp\/v2\/media?parent=5064"}],"curies":[{"name":"wp","href":"https:\/\/api.w.org\/{rel}","templated":true}]}}