{"id":5653,"date":"2019-04-27T12:31:10","date_gmt":"2019-04-27T10:31:10","guid":{"rendered":"https:\/\/niipit.dk\/mine-delehunde\/?page_id=5653"},"modified":"2019-04-27T12:33:07","modified_gmt":"2019-04-27T10:33:07","slug":"hvem-er-jeg","status":"publish","type":"page","link":"https:\/\/niipit.dk\/mine-delehunde\/hvem-er-jeg\/","title":{"rendered":"Hvem er jeg"},"content":{"rendered":"\n<p>Jeg er en kvinde der har rundet de 40 \u00e5r.<\/p>\n\n\n\n<p>Jeg har altid elsket hunde og ikke kunne f\u00e5 nok af dem.<\/p>\n\n\n\n<p>Meget af min blog vil komme til at handle om tilbageblik p\u00e5 mit liv med hunde og hvad de har betydet for mig.<\/p>\n","protected":false},"excerpt":{"rendered":"<p>Jeg er en kvinde der har rundet de 40 \u00e5r. Jeg har altid elsket hunde og ikke kunne f\u00e5 nok af dem. Meget af min blog vil komme til at handle om tilbageblik p\u00e5 mit liv med hunde og hvad de har betydet for mig.<\/p>\n","protected":false},"author":34,"featured_media":0,"parent":0,"menu_order":0,"comment_status":"closed","ping_status":"closed","template":"","meta":{"_exactmetrics_skip_tracking":false,"_exactmetrics_sitenote_active":false,"_exactmetrics_sitenote_note":"","_exactmetrics_sitenote_category":0,"_monsterinsights_skip_tracking":false,"_monsterinsights_sitenote_active":false,"_monsterinsights_sitenote_note":"","_monsterinsights_sitenote_category":0,"footnotes":""},"class_list":["post-5653","page","type-page","status-publish","hentry"],"yoast_head":"<!-- This site is optimized with the Yoast SEO Premium plugin v16.3 (Yoast SEO v27.4) - https:\/\/yoast.com\/product\/yoast-seo-premium-wordpress\/ -->\n<title>Hvem er jeg - Mine delehunde<\/title>\n<meta name=\"robots\" content=\"index, follow, max-snippet:-1, max-image-preview:large, max-video-preview:-1\" \/>\n<link rel=\"canonical\" href=\"https:\/\/niipit.dk\/mine-delehunde\/hvem-er-jeg\/\" \/>\n<meta property=\"og:locale\" content=\"da_DK\" \/>\n<meta property=\"og:type\" content=\"article\" \/>\n<meta property=\"og:title\" content=\"Hvem er jeg - Mine delehunde\" \/>\n<meta property=\"og:description\" content=\"Jeg er en kvinde der har rundet de 40 \u00e5r. Jeg har altid elsket hunde og ikke kunne f\u00e5 nok af dem. Meget af min blog vil komme til at handle om tilbageblik p\u00e5 mit liv med hunde og hvad de har betydet for mig.\" \/>\n<meta property=\"og:url\" content=\"https:\/\/niipit.dk\/mine-delehunde\/hvem-er-jeg\/\" \/>\n<meta property=\"og:site_name\" content=\"Mine delehunde\" \/>\n<meta property=\"article:modified_time\" content=\"2019-04-27T10:33:07+00:00\" \/>\n<meta name=\"twitter:card\" content=\"summary_large_image\" \/>\n<script type=\"application\/ld+json\" class=\"yoast-schema-graph\">{\"@context\":\"https:\\\/\\\/schema.org\",\"@graph\":[{\"@type\":\"WebPage\",\"@id\":\"https:\\\/\\\/niipit.dk\\\/mine-delehunde\\\/hvem-er-jeg\\\/\",\"url\":\"https:\\\/\\\/niipit.dk\\\/mine-delehunde\\\/hvem-er-jeg\\\/\",\"name\":\"Hvem er jeg - Mine delehunde\",\"isPartOf\":{\"@id\":\"https:\\\/\\\/niipit.dk\\\/mine-delehunde\\\/#website\"},\"datePublished\":\"2019-04-27T10:31:10+00:00\",\"dateModified\":\"2019-04-27T10:33:07+00:00\",\"breadcrumb\":{\"@id\":\"https:\\\/\\\/niipit.dk\\\/mine-delehunde\\\/hvem-er-jeg\\\/#breadcrumb\"},\"inLanguage\":\"da-DK\",\"potentialAction\":[{\"@type\":\"ReadAction\",\"target\":[\"https:\\\/\\\/niipit.dk\\\/mine-delehunde\\\/hvem-er-jeg\\\/\"]}]},{\"@type\":\"BreadcrumbList\",\"@id\":\"https:\\\/\\\/niipit.dk\\\/mine-delehunde\\\/hvem-er-jeg\\\/#breadcrumb\",\"itemListElement\":[{\"@type\":\"ListItem\",\"position\":1,\"name\":\"Hjem\",\"item\":\"https:\\\/\\\/niipit.dk\\\/mine-delehunde\\\/\"},{\"@type\":\"ListItem\",\"position\":2,\"name\":\"Hvem er jeg\"}]},{\"@type\":\"WebSite\",\"@id\":\"https:\\\/\\\/niipit.dk\\\/mine-delehunde\\\/#website\",\"url\":\"https:\\\/\\\/niipit.dk\\\/mine-delehunde\\\/\",\"name\":\"Mine delehunde\",\"description\":\"\",\"potentialAction\":[{\"@type\":\"SearchAction\",\"target\":{\"@type\":\"EntryPoint\",\"urlTemplate\":\"https:\\\/\\\/niipit.dk\\\/mine-delehunde\\\/?s={search_term_string}\"},\"query-input\":{\"@type\":\"PropertyValueSpecification\",\"valueRequired\":true,\"valueName\":\"search_term_string\"}}],\"inLanguage\":\"da-DK\"}]}<\/script>\n<!-- \/ Yoast SEO Premium plugin. -->","yoast_head_json":{"title":"Hvem er jeg - Mine delehunde","robots":{"index":"index","follow":"follow","max-snippet":"max-snippet:-1","max-image-preview":"max-image-preview:large","max-video-preview":"max-video-preview:-1"},"canonical":"https:\/\/niipit.dk\/mine-delehunde\/hvem-er-jeg\/","og_locale":"da_DK","og_type":"article","og_title":"Hvem er jeg - Mine delehunde","og_description":"Jeg er en kvinde der har rundet de 40 \u00e5r. Jeg har altid elsket hunde og ikke kunne f\u00e5 nok af dem. Meget af min blog vil komme til at handle om tilbageblik p\u00e5 mit liv med hunde og hvad de har betydet for mig.","og_url":"https:\/\/niipit.dk\/mine-delehunde\/hvem-er-jeg\/","og_site_name":"Mine delehunde","article_modified_time":"2019-04-27T10:33:07+00:00","twitter_card":"summary_large_image","schema":{"@context":"https:\/\/schema.org","@graph":[{"@type":"WebPage","@id":"https:\/\/niipit.dk\/mine-delehunde\/hvem-er-jeg\/","url":"https:\/\/niipit.dk\/mine-delehunde\/hvem-er-jeg\/","name":"Hvem er jeg - Mine delehunde","isPartOf":{"@id":"https:\/\/niipit.dk\/mine-delehunde\/#website"},"datePublished":"2019-04-27T10:31:10+00:00","dateModified":"2019-04-27T10:33:07+00:00","breadcrumb":{"@id":"https:\/\/niipit.dk\/mine-delehunde\/hvem-er-jeg\/#breadcrumb"},"inLanguage":"da-DK","potentialAction":[{"@type":"ReadAction","target":["https:\/\/niipit.dk\/mine-delehunde\/hvem-er-jeg\/"]}]},{"@type":"BreadcrumbList","@id":"https:\/\/niipit.dk\/mine-delehunde\/hvem-er-jeg\/#breadcrumb","itemListElement":[{"@type":"ListItem","position":1,"name":"Hjem","item":"https:\/\/niipit.dk\/mine-delehunde\/"},{"@type":"ListItem","position":2,"name":"Hvem er jeg"}]},{"@type":"WebSite","@id":"https:\/\/niipit.dk\/mine-delehunde\/#website","url":"https:\/\/niipit.dk\/mine-delehunde\/","name":"Mine delehunde","description":"","potentialAction":[{"@type":"SearchAction","target":{"@type":"EntryPoint","urlTemplate":"https:\/\/niipit.dk\/mine-delehunde\/?s={search_term_string}"},"query-input":{"@type":"PropertyValueSpecification","valueRequired":true,"valueName":"search_term_string"}}],"inLanguage":"da-DK"}]}},"_links":{"self":[{"href":"https:\/\/niipit.dk\/mine-delehunde\/wp-json\/wp\/v2\/pages\/5653","targetHints":{"allow":["GET"]}}],"collection":[{"href":"https:\/\/niipit.dk\/mine-delehunde\/wp-json\/wp\/v2\/pages"}],"about":[{"href":"https:\/\/niipit.dk\/mine-delehunde\/wp-json\/wp\/v2\/types\/page"}],"author":[{"embeddable":true,"href":"https:\/\/niipit.dk\/mine-delehunde\/wp-json\/wp\/v2\/users\/34"}],"replies":[{"embeddable":true,"href":"https:\/\/niipit.dk\/mine-delehunde\/wp-json\/wp\/v2\/comments?post=5653"}],"version-history":[{"count":0,"href":"https:\/\/niipit.dk\/mine-delehunde\/wp-json\/wp\/v2\/pages\/5653\/revisions"}],"wp:attachment":[{"href":"https:\/\/niipit.dk\/mine-delehunde\/wp-json\/wp\/v2\/media?parent=5653"}],"curies":[{"name":"wp","href":"https:\/\/api.w.org\/{rel}","templated":true}]}}