{"id":5064,"date":"2020-04-10T22:29:34","date_gmt":"2020-04-10T20:29:34","guid":{"rendered":"https:\/\/niipit.dk\/matthiesen-ejendomsservice-shop\/?page_id=5064"},"modified":"2022-01-16T20:53:12","modified_gmt":"2022-01-16T19:53:12","slug":"frontpage","status":"publish","type":"page","link":"https:\/\/niipit.dk\/matthiesen-ejendomsservice\/","title":{"rendered":"Forside"},"content":{"rendered":"\n<hr class=\"wp-block-separator\"\/>\n\n\n\n<h1 class=\"wp-block-heading\" id=\"h-ejendomsservice-alt-fra-trappevask-til-gr-ssl-ning\">Ejendomsservice Alt fra trappevask til gr\u00e6ssl\u00e5ning<\/h1>\n\n\n\n<h2 class=\"wp-block-heading\">Matthiesens Ejendomsservice vedligeholder din ejendom, s\u00e5 den altid tager sig p\u00e6nt ud<\/h2>\n\n\n\n<p>Hvis du mangler en p\u00e5lidelig samarbejdspartner til at klare reng\u00f8ringen, havearbejdet og vinduespudsningen i din opgang, er <a href=\"https:\/\/matthiesen-ejendomsservice.dk\/vicevaertservice-koebenhavn\" target=\"_blank\" rel=\"noreferrer noopener\">Matthiesens Ejendomsservice<\/a> det oplagte valg. De er specialister i at passe p\u00e5 din ejendom \u2013 og de har st\u00e5et for vedligeholdelsen af flere hundrede ejendomme i hovedstadsomr\u00e5det siden 2010.<\/p>\n\n\n\n<h3 class=\"wp-block-heading\">Hvorfor skal du v\u00e6lge en ekstern til at klare ejendomsservicen?<\/h3>\n\n\n\n<p>M\u00e5nedlig trappevask, vinduespudsning fra stuen til femte sal, trimning af gr\u00e6sset, saltning af fortovet ved frostgrader, handyman-opgaver som udskiftning af p\u00e6rer, fjernelse af l\u00f8vfald og mange andre opgaver er nogle af de forpligtelser, der er knyttet til at v\u00e6re administrator i en opgang. Det er opgaver, der skal klares l\u00f8bende for at holde ejendommen p\u00e6n \u2013 og hvis ikke det bliver gjort, g\u00e5r der ikke ret lang tid, f\u00f8r ejendommen ser trist og misligholdt ud.<\/p>\n\n\n\n<p>Det er s\u00e5ledes b\u00e5de i din og dine beboeres interesse at holde ejendommen p\u00e6n og vedligeholdt. Din interesse, fordi det sparer dig for v\u00e6rdifulde timer og for byrden ved hele tiden at skulle efterse ejendommen. Og dine beboeres interesse, fordi den l\u00f8bende vedligeholdelse g\u00f8r ejendommen til et attraktivt sted at bo.<\/p>\n\n\n\n<h3 class=\"wp-block-heading\">F\u00e5 en aftale i hus<\/h3>\n\n\n\n<p>Hvis en ejendomsserviceordning lyder attraktivt for dig og din ejendom, er der ikke langt fra tanke til handling hos Matthiesens Ejendomsservice. Samarbejdet starter med en snak, hvor I f\u00e5r talt om behovet, hvorefter de kommer ud og besigtiger ejendommen. Du bestemmer selv, hvad aftalen skal indeholde, og om det skal v\u00e6re en alt-i-\u00e9n-l\u00f8sning eller kun best\u00e5 af et udvalg af deres services. Herefter aftaler I et tidspunkt for opstart af samarbejdet, hvorefter du kan se frem til en ren, p\u00e6n og velholdt ejendom.<\/p>\n","protected":false},"excerpt":{"rendered":"<p>Ejendomsservice Alt fra trappevask til gr\u00e6ssl\u00e5ning Matthiesens Ejendomsservice vedligeholder din ejendom, s\u00e5 den altid tager sig p\u00e6nt ud Hvis du mangler en p\u00e5lidelig samarbejdspartner til at klare reng\u00f8ringen, havearbejdet og vinduespudsningen i din opgang, er Matthiesens Ejendomsservice det oplagte valg. De er specialister i at passe p\u00e5 din ejendom \u2013 og de har st\u00e5et for <a class=\"moretag btn btn-primary\" href=\"https:\/\/niipit.dk\/matthiesen-ejendomsservice\/\">L\u00e6s mere<\/a><\/p>\n","protected":false},"author":1,"featured_media":0,"parent":0,"menu_order":0,"comment_status":"closed","ping_status":"closed","template":"frontpagePremium.php","meta":{"_exactmetrics_skip_tracking":false,"_exactmetrics_sitenote_active":false,"_exactmetrics_sitenote_note":"","_exactmetrics_sitenote_category":0,"_monsterinsights_skip_tracking":false,"_monsterinsights_sitenote_active":false,"_monsterinsights_sitenote_note":"","_monsterinsights_sitenote_category":0,"footnotes":""},"class_list":["post-5064","page","type-page","status-publish","hentry"],"yoast_head":"<!-- This site is optimized with the Yoast SEO Premium plugin v16.3 (Yoast SEO v27.3) - https:\/\/yoast.com\/product\/yoast-seo-premium-wordpress\/ -->\n<title>Matthiesen Ejendomsservice<\/title>\n<meta name=\"description\" content=\"Matthiesen Ejendomsservice\" \/>\n<meta name=\"robots\" content=\"index, follow, max-snippet:-1, max-image-preview:large, max-video-preview:-1\" \/>\n<link rel=\"canonical\" href=\"https:\/\/niipit.dk\/matthiesen-ejendomsservice\/\" \/>\n<meta property=\"og:locale\" content=\"da_DK\" \/>\n<meta property=\"og:type\" content=\"article\" \/>\n<meta property=\"og:title\" content=\"Matthiesen Ejendomsservice\" \/>\n<meta property=\"og:description\" content=\"Matthiesen Ejendomsservice\" \/>\n<meta property=\"og:url\" content=\"https:\/\/niipit.dk\/matthiesen-ejendomsservice\/\" \/>\n<meta property=\"og:site_name\" content=\"Matthiesen Ejendomsservice\" \/>\n<meta property=\"article:modified_time\" content=\"2022-01-16T19:53:12+00:00\" \/>\n<meta name=\"twitter:card\" content=\"summary_large_image\" \/>\n<meta name=\"twitter:label1\" content=\"Estimeret l\u00e6setid\" \/>\n\t<meta name=\"twitter:data1\" content=\"2 minutter\" \/>\n<script type=\"application\/ld+json\" class=\"yoast-schema-graph\">{\"@context\":\"https:\\\/\\\/schema.org\",\"@graph\":[{\"@type\":\"WebPage\",\"@id\":\"https:\\\/\\\/niipit.dk\\\/matthiesen-ejendomsservice\\\/\",\"url\":\"https:\\\/\\\/niipit.dk\\\/matthiesen-ejendomsservice\\\/\",\"name\":\"Matthiesen Ejendomsservice\",\"isPartOf\":{\"@id\":\"https:\\\/\\\/niipit.dk\\\/matthiesen-ejendomsservice\\\/#website\"},\"datePublished\":\"2020-04-10T20:29:34+00:00\",\"dateModified\":\"2022-01-16T19:53:12+00:00\",\"description\":\"Matthiesen Ejendomsservice\",\"breadcrumb\":{\"@id\":\"https:\\\/\\\/niipit.dk\\\/matthiesen-ejendomsservice\\\/#breadcrumb\"},\"inLanguage\":\"da-DK\",\"potentialAction\":[{\"@type\":\"ReadAction\",\"target\":[\"https:\\\/\\\/niipit.dk\\\/matthiesen-ejendomsservice\\\/\"]}]},{\"@type\":\"BreadcrumbList\",\"@id\":\"https:\\\/\\\/niipit.dk\\\/matthiesen-ejendomsservice\\\/#breadcrumb\",\"itemListElement\":[{\"@type\":\"ListItem\",\"position\":1,\"name\":\"Hjem\",\"item\":\"https:\\\/\\\/niipit.dk\\\/matthiesen-ejendomsservice\\\/\"},{\"@type\":\"ListItem\",\"position\":2,\"name\":\"Forside\"}]},{\"@type\":\"WebSite\",\"@id\":\"https:\\\/\\\/niipit.dk\\\/matthiesen-ejendomsservice\\\/#website\",\"url\":\"https:\\\/\\\/niipit.dk\\\/matthiesen-ejendomsservice\\\/\",\"name\":\"Matthiesen Ejendomsservice\",\"description\":\"Bliv set online med Niipit\",\"potentialAction\":[{\"@type\":\"SearchAction\",\"target\":{\"@type\":\"EntryPoint\",\"urlTemplate\":\"https:\\\/\\\/niipit.dk\\\/matthiesen-ejendomsservice\\\/?s={search_term_string}\"},\"query-input\":{\"@type\":\"PropertyValueSpecification\",\"valueRequired\":true,\"valueName\":\"search_term_string\"}}],\"inLanguage\":\"da-DK\"}]}<\/script>\n<!-- \/ Yoast SEO Premium plugin. -->","yoast_head_json":{"title":"Matthiesen Ejendomsservice","description":"Matthiesen Ejendomsservice","robots":{"index":"index","follow":"follow","max-snippet":"max-snippet:-1","max-image-preview":"max-image-preview:large","max-video-preview":"max-video-preview:-1"},"canonical":"https:\/\/niipit.dk\/matthiesen-ejendomsservice\/","og_locale":"da_DK","og_type":"article","og_title":"Matthiesen Ejendomsservice","og_description":"Matthiesen Ejendomsservice","og_url":"https:\/\/niipit.dk\/matthiesen-ejendomsservice\/","og_site_name":"Matthiesen Ejendomsservice","article_modified_time":"2022-01-16T19:53:12+00:00","twitter_card":"summary_large_image","twitter_misc":{"Estimeret l\u00e6setid":"2 minutter"},"schema":{"@context":"https:\/\/schema.org","@graph":[{"@type":"WebPage","@id":"https:\/\/niipit.dk\/matthiesen-ejendomsservice\/","url":"https:\/\/niipit.dk\/matthiesen-ejendomsservice\/","name":"Matthiesen Ejendomsservice","isPartOf":{"@id":"https:\/\/niipit.dk\/matthiesen-ejendomsservice\/#website"},"datePublished":"2020-04-10T20:29:34+00:00","dateModified":"2022-01-16T19:53:12+00:00","description":"Matthiesen Ejendomsservice","breadcrumb":{"@id":"https:\/\/niipit.dk\/matthiesen-ejendomsservice\/#breadcrumb"},"inLanguage":"da-DK","potentialAction":[{"@type":"ReadAction","target":["https:\/\/niipit.dk\/matthiesen-ejendomsservice\/"]}]},{"@type":"BreadcrumbList","@id":"https:\/\/niipit.dk\/matthiesen-ejendomsservice\/#breadcrumb","itemListElement":[{"@type":"ListItem","position":1,"name":"Hjem","item":"https:\/\/niipit.dk\/matthiesen-ejendomsservice\/"},{"@type":"ListItem","position":2,"name":"Forside"}]},{"@type":"WebSite","@id":"https:\/\/niipit.dk\/matthiesen-ejendomsservice\/#website","url":"https:\/\/niipit.dk\/matthiesen-ejendomsservice\/","name":"Matthiesen Ejendomsservice","description":"Bliv set online med Niipit","potentialAction":[{"@type":"SearchAction","target":{"@type":"EntryPoint","urlTemplate":"https:\/\/niipit.dk\/matthiesen-ejendomsservice\/?s={search_term_string}"},"query-input":{"@type":"PropertyValueSpecification","valueRequired":true,"valueName":"search_term_string"}}],"inLanguage":"da-DK"}]}},"_links":{"self":[{"href":"https:\/\/niipit.dk\/matthiesen-ejendomsservice\/wp-json\/wp\/v2\/pages\/5064","targetHints":{"allow":["GET"]}}],"collection":[{"href":"https:\/\/niipit.dk\/matthiesen-ejendomsservice\/wp-json\/wp\/v2\/pages"}],"about":[{"href":"https:\/\/niipit.dk\/matthiesen-ejendomsservice\/wp-json\/wp\/v2\/types\/page"}],"author":[{"embeddable":true,"href":"https:\/\/niipit.dk\/matthiesen-ejendomsservice\/wp-json\/wp\/v2\/users\/1"}],"replies":[{"embeddable":true,"href":"https:\/\/niipit.dk\/matthiesen-ejendomsservice\/wp-json\/wp\/v2\/comments?post=5064"}],"version-history":[{"count":2,"href":"https:\/\/niipit.dk\/matthiesen-ejendomsservice\/wp-json\/wp\/v2\/pages\/5064\/revisions"}],"predecessor-version":[{"id":5992,"href":"https:\/\/niipit.dk\/matthiesen-ejendomsservice\/wp-json\/wp\/v2\/pages\/5064\/revisions\/5992"}],"wp:attachment":[{"href":"https:\/\/niipit.dk\/matthiesen-ejendomsservice\/wp-json\/wp\/v2\/media?parent=5064"}],"curies":[{"name":"wp","href":"https:\/\/api.w.org\/{rel}","templated":true}]}}