{"id":6443,"date":"2019-10-29T19:31:28","date_gmt":"2019-10-29T18:31:28","guid":{"rendered":"https:\/\/niipit.dk\/massagebysussi\/?page_id=6443"},"modified":"2020-07-04T22:53:25","modified_gmt":"2020-07-04T20:53:25","slug":"uddannelser","status":"publish","type":"page","link":"https:\/\/niipit.dk\/massagebysussi\/uddannelser\/","title":{"rendered":"Uddannelser"},"content":{"rendered":"\n<h1 class=\"wp-block-heading\">Massage By Sussis uddannelser<\/h1>\n\n\n\n<h3 class=\"wp-block-heading\">Diplom uddannelse i Healingsmassage og samtaleterap<\/h3>\n\n\n\n<p>Jeg har taget min uddannelse, i Healingmassage og\nsamtaleterapi, p\u00e5 kursus centret Kilden i Valby.<\/p>\n\n\n\n<p>Samt efteruddannelse, i\nangsth\u00e5ndtering og behandling<\/p>\n\n\n\n<p>Efterfulgt af to\nspecialer, hvor dr\u00f8mmetydning, Coaching, NLP og yoga indg\u00e5r.<\/p>\n\n\n\n<p>Uddannelse og kurser:<\/p>\n\n\n\n<p>\n\nGrundkursus Healings\/terapeutisk massage\n\n<\/p>\n\n\n\n<p>Massage og samtaleterapi grunduddannelse <\/p>\n\n\n\n<p>\n\nHotstone massage&nbsp;&nbsp;&nbsp;&nbsp;\n\n<\/p>\n\n\n\n<p>Angsth\u00e5ndtering og behandling<\/p>\n\n\n\n<p>Coach\/ NLP\/ yoga<\/p>\n\n\n\n<p>Yoga og kommunikation<\/p>\n\n\n\n<p>Access Bars<\/p>\n\n\n\n<p>Spektralhealing &amp; Dr\u00f8mmetydning&nbsp;&nbsp;&nbsp;&nbsp;&nbsp;&nbsp;&nbsp;&nbsp;&nbsp;&nbsp;&nbsp; <\/p>\n\n\n\n<p> Frig\u00f8rende massage<\/p>\n\n\n\n<p> Massage og chakra<\/p>\n\n\n\n<p> Psykisk massage<\/p>\n\n\n\n<p>Reiki 1 \/ 2 \/ 3<\/p>\n\n\n\n<p>24 m\u00e5nder Healeruddannelse. Den nye tids Healere.                                                                     Esoterisk filosofi, psykologi og healing. Den menneskelige konstitution. \u00c5rsager til sygdomme, reinkarnation og karma, f\u00f8dsel og d\u00f8dsprocessen, de syv str\u00e5ler, visualisering, meditation, forskellige healingsteknikker, formidling af lys og energi.<\/p>\n","protected":false},"excerpt":{"rendered":"<p>Massage By Sussis uddannelser Diplom uddannelse i Healingsmassage og samtaleterap Jeg har taget min uddannelse, i Healingmassage og samtaleterapi, p\u00e5 kursus centret Kilden i Valby. Samt efteruddannelse, i angsth\u00e5ndtering og behandling Efterfulgt af to specialer, hvor dr\u00f8mmetydning, Coaching, NLP og yoga indg\u00e5r. Uddannelse og kurser: Grundkursus Healings\/terapeutisk massage Massage og samtaleterapi grunduddannelse Hotstone massage&nbsp;&nbsp;&nbsp;&nbsp; Angsth\u00e5ndtering <a class=\"moretag btn btn-primary\" href=\"https:\/\/niipit.dk\/massagebysussi\/uddannelser\/\">L\u00e6s mere<\/a><\/p>\n","protected":false},"author":842,"featured_media":0,"parent":0,"menu_order":0,"comment_status":"closed","ping_status":"closed","template":"","meta":{"_exactmetrics_skip_tracking":false,"_exactmetrics_sitenote_active":false,"_exactmetrics_sitenote_note":"","_exactmetrics_sitenote_category":0,"_monsterinsights_skip_tracking":false,"_monsterinsights_sitenote_active":false,"_monsterinsights_sitenote_note":"","_monsterinsights_sitenote_category":0,"footnotes":""},"class_list":["post-6443","page","type-page","status-publish","hentry"],"yoast_head":"<!-- This site is optimized with the Yoast SEO Premium plugin v16.3 (Yoast SEO v27.3) - https:\/\/yoast.com\/product\/yoast-seo-premium-wordpress\/ -->\n<title>Uddannelser - Massage by Sussi<\/title>\n<meta name=\"robots\" content=\"index, follow, max-snippet:-1, max-image-preview:large, max-video-preview:-1\" \/>\n<link rel=\"canonical\" href=\"http:\/\/niipit.dk\/massagebysussi\/uddannelser\/\" \/>\n<meta property=\"og:locale\" content=\"da_DK\" \/>\n<meta property=\"og:type\" content=\"article\" \/>\n<meta property=\"og:title\" content=\"Uddannelser - Massage by Sussi\" \/>\n<meta property=\"og:description\" content=\"Massage By Sussis uddannelser Diplom uddannelse i Healingsmassage og samtaleterap Jeg har taget min uddannelse, i Healingmassage og samtaleterapi, p\u00e5 kursus centret Kilden i Valby. Samt efteruddannelse, i angsth\u00e5ndtering og behandling Efterfulgt af to specialer, hvor dr\u00f8mmetydning, Coaching, NLP og yoga indg\u00e5r. Uddannelse og kurser: Grundkursus Healings\/terapeutisk massage Massage og samtaleterapi grunduddannelse Hotstone massage&nbsp;&nbsp;&nbsp;&nbsp; Angsth\u00e5ndtering L\u00e6s mere\" \/>\n<meta property=\"og:url\" content=\"http:\/\/niipit.dk\/massagebysussi\/uddannelser\/\" \/>\n<meta property=\"og:site_name\" content=\"Massage by Sussi\" \/>\n<meta property=\"article:modified_time\" content=\"2020-07-04T20:53:25+00:00\" \/>\n<meta name=\"twitter:card\" content=\"summary_large_image\" \/>\n<meta name=\"twitter:label1\" content=\"Estimeret l\u00e6setid\" \/>\n\t<meta name=\"twitter:data1\" content=\"1 minut\" \/>\n<script type=\"application\/ld+json\" class=\"yoast-schema-graph\">{\"@context\":\"https:\\\/\\\/schema.org\",\"@graph\":[{\"@type\":\"WebPage\",\"@id\":\"http:\\\/\\\/niipit.dk\\\/massagebysussi\\\/uddannelser\\\/\",\"url\":\"http:\\\/\\\/niipit.dk\\\/massagebysussi\\\/uddannelser\\\/\",\"name\":\"Uddannelser - Massage by Sussi\",\"isPartOf\":{\"@id\":\"https:\\\/\\\/niipit.dk\\\/massagebysussi\\\/#website\"},\"datePublished\":\"2019-10-29T18:31:28+00:00\",\"dateModified\":\"2020-07-04T20:53:25+00:00\",\"breadcrumb\":{\"@id\":\"http:\\\/\\\/niipit.dk\\\/massagebysussi\\\/uddannelser\\\/#breadcrumb\"},\"inLanguage\":\"da-DK\",\"potentialAction\":[{\"@type\":\"ReadAction\",\"target\":[\"http:\\\/\\\/niipit.dk\\\/massagebysussi\\\/uddannelser\\\/\"]}]},{\"@type\":\"BreadcrumbList\",\"@id\":\"http:\\\/\\\/niipit.dk\\\/massagebysussi\\\/uddannelser\\\/#breadcrumb\",\"itemListElement\":[{\"@type\":\"ListItem\",\"position\":1,\"name\":\"Hjem\",\"item\":\"https:\\\/\\\/niipit.dk\\\/massagebysussi\\\/\"},{\"@type\":\"ListItem\",\"position\":2,\"name\":\"Uddannelser\"}]},{\"@type\":\"WebSite\",\"@id\":\"https:\\\/\\\/niipit.dk\\\/massagebysussi\\\/#website\",\"url\":\"https:\\\/\\\/niipit.dk\\\/massagebysussi\\\/\",\"name\":\"Massage by Sussi\",\"description\":\"F\u00e5 din virksomhed p\u00e5 niipit\",\"potentialAction\":[{\"@type\":\"SearchAction\",\"target\":{\"@type\":\"EntryPoint\",\"urlTemplate\":\"https:\\\/\\\/niipit.dk\\\/massagebysussi\\\/?s={search_term_string}\"},\"query-input\":{\"@type\":\"PropertyValueSpecification\",\"valueRequired\":true,\"valueName\":\"search_term_string\"}}],\"inLanguage\":\"da-DK\"}]}<\/script>\n<!-- \/ Yoast SEO Premium plugin. -->","yoast_head_json":{"title":"Uddannelser - Massage by Sussi","robots":{"index":"index","follow":"follow","max-snippet":"max-snippet:-1","max-image-preview":"max-image-preview:large","max-video-preview":"max-video-preview:-1"},"canonical":"http:\/\/niipit.dk\/massagebysussi\/uddannelser\/","og_locale":"da_DK","og_type":"article","og_title":"Uddannelser - Massage by Sussi","og_description":"Massage By Sussis uddannelser Diplom uddannelse i Healingsmassage og samtaleterap Jeg har taget min uddannelse, i Healingmassage og samtaleterapi, p\u00e5 kursus centret Kilden i Valby. Samt efteruddannelse, i angsth\u00e5ndtering og behandling Efterfulgt af to specialer, hvor dr\u00f8mmetydning, Coaching, NLP og yoga indg\u00e5r. Uddannelse og kurser: Grundkursus Healings\/terapeutisk massage Massage og samtaleterapi grunduddannelse Hotstone massage&nbsp;&nbsp;&nbsp;&nbsp; Angsth\u00e5ndtering L\u00e6s mere","og_url":"http:\/\/niipit.dk\/massagebysussi\/uddannelser\/","og_site_name":"Massage by Sussi","article_modified_time":"2020-07-04T20:53:25+00:00","twitter_card":"summary_large_image","twitter_misc":{"Estimeret l\u00e6setid":"1 minut"},"schema":{"@context":"https:\/\/schema.org","@graph":[{"@type":"WebPage","@id":"http:\/\/niipit.dk\/massagebysussi\/uddannelser\/","url":"http:\/\/niipit.dk\/massagebysussi\/uddannelser\/","name":"Uddannelser - Massage by Sussi","isPartOf":{"@id":"https:\/\/niipit.dk\/massagebysussi\/#website"},"datePublished":"2019-10-29T18:31:28+00:00","dateModified":"2020-07-04T20:53:25+00:00","breadcrumb":{"@id":"http:\/\/niipit.dk\/massagebysussi\/uddannelser\/#breadcrumb"},"inLanguage":"da-DK","potentialAction":[{"@type":"ReadAction","target":["http:\/\/niipit.dk\/massagebysussi\/uddannelser\/"]}]},{"@type":"BreadcrumbList","@id":"http:\/\/niipit.dk\/massagebysussi\/uddannelser\/#breadcrumb","itemListElement":[{"@type":"ListItem","position":1,"name":"Hjem","item":"https:\/\/niipit.dk\/massagebysussi\/"},{"@type":"ListItem","position":2,"name":"Uddannelser"}]},{"@type":"WebSite","@id":"https:\/\/niipit.dk\/massagebysussi\/#website","url":"https:\/\/niipit.dk\/massagebysussi\/","name":"Massage by Sussi","description":"F\u00e5 din virksomhed p\u00e5 niipit","potentialAction":[{"@type":"SearchAction","target":{"@type":"EntryPoint","urlTemplate":"https:\/\/niipit.dk\/massagebysussi\/?s={search_term_string}"},"query-input":{"@type":"PropertyValueSpecification","valueRequired":true,"valueName":"search_term_string"}}],"inLanguage":"da-DK"}]}},"_links":{"self":[{"href":"https:\/\/niipit.dk\/massagebysussi\/wp-json\/wp\/v2\/pages\/6443","targetHints":{"allow":["GET"]}}],"collection":[{"href":"https:\/\/niipit.dk\/massagebysussi\/wp-json\/wp\/v2\/pages"}],"about":[{"href":"https:\/\/niipit.dk\/massagebysussi\/wp-json\/wp\/v2\/types\/page"}],"author":[{"embeddable":true,"href":"https:\/\/niipit.dk\/massagebysussi\/wp-json\/wp\/v2\/users\/842"}],"replies":[{"embeddable":true,"href":"https:\/\/niipit.dk\/massagebysussi\/wp-json\/wp\/v2\/comments?post=6443"}],"version-history":[{"count":0,"href":"https:\/\/niipit.dk\/massagebysussi\/wp-json\/wp\/v2\/pages\/6443\/revisions"}],"wp:attachment":[{"href":"https:\/\/niipit.dk\/massagebysussi\/wp-json\/wp\/v2\/media?parent=6443"}],"curies":[{"name":"wp","href":"https:\/\/api.w.org\/{rel}","templated":true}]}}