{"id":5804,"date":"2019-07-29T18:03:16","date_gmt":"2019-07-29T16:03:16","guid":{"rendered":"https:\/\/niipit.dk\/massagebysussi\/?page_id=5804"},"modified":"2020-12-17T23:27:45","modified_gmt":"2020-12-17T22:27:45","slug":"healingsmassage","status":"publish","type":"page","link":"https:\/\/niipit.dk\/massagebysussi\/healingsmassage\/","title":{"rendered":"Omsorgsmassage"},"content":{"rendered":"\n<h1 class=\"wp-block-heading\" id=\"h-massage-by-susi\">Massage by Susi<\/h1>\n\n\n\n<p>Omsorgsmassagen, er en omsorgsfuld massage, med lange dybe og rolige str\u00f8g, der virker dybt ind i b\u00e5de krop og ikke mindst i sindet, mange vil opleve at komme ind i en meditativ tilstand.<\/p>\n\n\n\n<p>Under massagen veksles der mellem en blid omsorgsfuld massage og det at h\u00e6nderne hviler hvor der f\u00f8les behov for det.<\/p>\n\n\n\n<p>Omsorgsmassagen kan ogs\u00e5 anvendes terapeutisk, med en forudg\u00e5ende samtale, hvis du evt. g\u00e5r og tumler med noget, som du vil have bearbejdet.<\/p>\n\n\n\n<p>Kombinationen af en healende omsorg og massage, har en fantastisk virkning p\u00e5, sindet og kroppen, som velv\u00e6re, afsp\u00e6nding, dyb ro, at finde jordforbindelse og m.m.<\/p>\n\n\n\n<h3 class=\"wp-block-heading\" id=\"h-har-du-sp-rgsm-l-til-massagen-er-du-velkommen-til-at-kontakte-mig-og-f-en-snak\">\n\nHar du sp\u00f8rgsm\u00e5l til massagen, er du velkommen til at kontakte mig og f\u00e5 en snak. \n\n<\/h3>\n","protected":false},"excerpt":{"rendered":"<p>Massage by Susi Omsorgsmassagen, er en omsorgsfuld massage, med lange dybe og rolige str\u00f8g, der virker dybt ind i b\u00e5de krop og ikke mindst i sindet, mange vil opleve at komme ind i en meditativ tilstand. Under massagen veksles der mellem en blid omsorgsfuld massage og det at h\u00e6nderne hviler hvor der f\u00f8les behov for <a class=\"moretag btn btn-primary\" href=\"https:\/\/niipit.dk\/massagebysussi\/healingsmassage\/\">L\u00e6s mere<\/a><\/p>\n","protected":false},"author":842,"featured_media":0,"parent":0,"menu_order":0,"comment_status":"closed","ping_status":"closed","template":"","meta":{"_exactmetrics_skip_tracking":false,"_exactmetrics_sitenote_active":false,"_exactmetrics_sitenote_note":"","_exactmetrics_sitenote_category":0,"_monsterinsights_skip_tracking":false,"_monsterinsights_sitenote_active":false,"_monsterinsights_sitenote_note":"","_monsterinsights_sitenote_category":0,"footnotes":""},"class_list":["post-5804","page","type-page","status-publish","hentry"],"yoast_head":"<!-- This site is optimized with the Yoast SEO Premium plugin v16.3 (Yoast SEO v27.3) - https:\/\/yoast.com\/product\/yoast-seo-premium-wordpress\/ -->\n<title>Omsorgsmassage - Massage by Sussi<\/title>\n<meta name=\"robots\" content=\"index, follow, max-snippet:-1, max-image-preview:large, max-video-preview:-1\" \/>\n<link rel=\"canonical\" href=\"https:\/\/niipit.dk\/massagebysussi\/healingsmassage\/\" \/>\n<meta property=\"og:locale\" content=\"da_DK\" \/>\n<meta property=\"og:type\" content=\"article\" \/>\n<meta property=\"og:title\" content=\"Omsorgsmassage - Massage by Sussi\" \/>\n<meta property=\"og:description\" content=\"Massage by Susi Omsorgsmassagen, er en omsorgsfuld massage, med lange dybe og rolige str\u00f8g, der virker dybt ind i b\u00e5de krop og ikke mindst i sindet, mange vil opleve at komme ind i en meditativ tilstand. Under massagen veksles der mellem en blid omsorgsfuld massage og det at h\u00e6nderne hviler hvor der f\u00f8les behov for L\u00e6s mere\" \/>\n<meta property=\"og:url\" content=\"https:\/\/niipit.dk\/massagebysussi\/healingsmassage\/\" \/>\n<meta property=\"og:site_name\" content=\"Massage by Sussi\" \/>\n<meta property=\"article:modified_time\" content=\"2020-12-17T22:27:45+00:00\" \/>\n<meta name=\"twitter:card\" content=\"summary_large_image\" \/>\n<meta name=\"twitter:label1\" content=\"Estimeret l\u00e6setid\" \/>\n\t<meta name=\"twitter:data1\" content=\"1 minut\" \/>\n<script type=\"application\/ld+json\" class=\"yoast-schema-graph\">{\"@context\":\"https:\\\/\\\/schema.org\",\"@graph\":[{\"@type\":\"WebPage\",\"@id\":\"https:\\\/\\\/niipit.dk\\\/massagebysussi\\\/healingsmassage\\\/\",\"url\":\"https:\\\/\\\/niipit.dk\\\/massagebysussi\\\/healingsmassage\\\/\",\"name\":\"Omsorgsmassage - Massage by Sussi\",\"isPartOf\":{\"@id\":\"https:\\\/\\\/niipit.dk\\\/massagebysussi\\\/#website\"},\"datePublished\":\"2019-07-29T16:03:16+00:00\",\"dateModified\":\"2020-12-17T22:27:45+00:00\",\"breadcrumb\":{\"@id\":\"https:\\\/\\\/niipit.dk\\\/massagebysussi\\\/healingsmassage\\\/#breadcrumb\"},\"inLanguage\":\"da-DK\",\"potentialAction\":[{\"@type\":\"ReadAction\",\"target\":[\"https:\\\/\\\/niipit.dk\\\/massagebysussi\\\/healingsmassage\\\/\"]}]},{\"@type\":\"BreadcrumbList\",\"@id\":\"https:\\\/\\\/niipit.dk\\\/massagebysussi\\\/healingsmassage\\\/#breadcrumb\",\"itemListElement\":[{\"@type\":\"ListItem\",\"position\":1,\"name\":\"Hjem\",\"item\":\"https:\\\/\\\/niipit.dk\\\/massagebysussi\\\/\"},{\"@type\":\"ListItem\",\"position\":2,\"name\":\"Omsorgsmassage\"}]},{\"@type\":\"WebSite\",\"@id\":\"https:\\\/\\\/niipit.dk\\\/massagebysussi\\\/#website\",\"url\":\"https:\\\/\\\/niipit.dk\\\/massagebysussi\\\/\",\"name\":\"Massage by Sussi\",\"description\":\"F\u00e5 din virksomhed p\u00e5 niipit\",\"potentialAction\":[{\"@type\":\"SearchAction\",\"target\":{\"@type\":\"EntryPoint\",\"urlTemplate\":\"https:\\\/\\\/niipit.dk\\\/massagebysussi\\\/?s={search_term_string}\"},\"query-input\":{\"@type\":\"PropertyValueSpecification\",\"valueRequired\":true,\"valueName\":\"search_term_string\"}}],\"inLanguage\":\"da-DK\"}]}<\/script>\n<!-- \/ Yoast SEO Premium plugin. -->","yoast_head_json":{"title":"Omsorgsmassage - Massage by Sussi","robots":{"index":"index","follow":"follow","max-snippet":"max-snippet:-1","max-image-preview":"max-image-preview:large","max-video-preview":"max-video-preview:-1"},"canonical":"https:\/\/niipit.dk\/massagebysussi\/healingsmassage\/","og_locale":"da_DK","og_type":"article","og_title":"Omsorgsmassage - Massage by Sussi","og_description":"Massage by Susi Omsorgsmassagen, er en omsorgsfuld massage, med lange dybe og rolige str\u00f8g, der virker dybt ind i b\u00e5de krop og ikke mindst i sindet, mange vil opleve at komme ind i en meditativ tilstand. Under massagen veksles der mellem en blid omsorgsfuld massage og det at h\u00e6nderne hviler hvor der f\u00f8les behov for L\u00e6s mere","og_url":"https:\/\/niipit.dk\/massagebysussi\/healingsmassage\/","og_site_name":"Massage by Sussi","article_modified_time":"2020-12-17T22:27:45+00:00","twitter_card":"summary_large_image","twitter_misc":{"Estimeret l\u00e6setid":"1 minut"},"schema":{"@context":"https:\/\/schema.org","@graph":[{"@type":"WebPage","@id":"https:\/\/niipit.dk\/massagebysussi\/healingsmassage\/","url":"https:\/\/niipit.dk\/massagebysussi\/healingsmassage\/","name":"Omsorgsmassage - Massage by Sussi","isPartOf":{"@id":"https:\/\/niipit.dk\/massagebysussi\/#website"},"datePublished":"2019-07-29T16:03:16+00:00","dateModified":"2020-12-17T22:27:45+00:00","breadcrumb":{"@id":"https:\/\/niipit.dk\/massagebysussi\/healingsmassage\/#breadcrumb"},"inLanguage":"da-DK","potentialAction":[{"@type":"ReadAction","target":["https:\/\/niipit.dk\/massagebysussi\/healingsmassage\/"]}]},{"@type":"BreadcrumbList","@id":"https:\/\/niipit.dk\/massagebysussi\/healingsmassage\/#breadcrumb","itemListElement":[{"@type":"ListItem","position":1,"name":"Hjem","item":"https:\/\/niipit.dk\/massagebysussi\/"},{"@type":"ListItem","position":2,"name":"Omsorgsmassage"}]},{"@type":"WebSite","@id":"https:\/\/niipit.dk\/massagebysussi\/#website","url":"https:\/\/niipit.dk\/massagebysussi\/","name":"Massage by Sussi","description":"F\u00e5 din virksomhed p\u00e5 niipit","potentialAction":[{"@type":"SearchAction","target":{"@type":"EntryPoint","urlTemplate":"https:\/\/niipit.dk\/massagebysussi\/?s={search_term_string}"},"query-input":{"@type":"PropertyValueSpecification","valueRequired":true,"valueName":"search_term_string"}}],"inLanguage":"da-DK"}]}},"_links":{"self":[{"href":"https:\/\/niipit.dk\/massagebysussi\/wp-json\/wp\/v2\/pages\/5804","targetHints":{"allow":["GET"]}}],"collection":[{"href":"https:\/\/niipit.dk\/massagebysussi\/wp-json\/wp\/v2\/pages"}],"about":[{"href":"https:\/\/niipit.dk\/massagebysussi\/wp-json\/wp\/v2\/types\/page"}],"author":[{"embeddable":true,"href":"https:\/\/niipit.dk\/massagebysussi\/wp-json\/wp\/v2\/users\/842"}],"replies":[{"embeddable":true,"href":"https:\/\/niipit.dk\/massagebysussi\/wp-json\/wp\/v2\/comments?post=5804"}],"version-history":[{"count":1,"href":"https:\/\/niipit.dk\/massagebysussi\/wp-json\/wp\/v2\/pages\/5804\/revisions"}],"predecessor-version":[{"id":6994,"href":"https:\/\/niipit.dk\/massagebysussi\/wp-json\/wp\/v2\/pages\/5804\/revisions\/6994"}],"wp:attachment":[{"href":"https:\/\/niipit.dk\/massagebysussi\/wp-json\/wp\/v2\/media?parent=5804"}],"curies":[{"name":"wp","href":"https:\/\/api.w.org\/{rel}","templated":true}]}}