{"id":5783,"date":"2019-07-29T18:12:56","date_gmt":"2019-07-29T16:12:56","guid":{"rendered":"https:\/\/niipit.dk\/massagebysussi\/?page_id=5783"},"modified":"2020-07-04T14:07:24","modified_gmt":"2020-07-04T12:07:24","slug":"nakke-skulder","status":"publish","type":"page","link":"https:\/\/niipit.dk\/massagebysussi\/nakke-skulder\/","title":{"rendered":"Nakke\/skulder"},"content":{"rendered":"\n<h1 class=\"wp-block-heading\">Nakke og skulder behandling<\/h1>\n\n\n\n<p>Nakke\/skulder massage er en massage til dig, der har sp\u00e6ndinger i dette omr\u00e5de. Du har m\u00e5ske et job, med ensformige bev\u00e6gelser, hvor arme og skuldre bliver belastede. Det kan ogs\u00e5 v\u00e6re at du l\u00e6ser meget, sidder ved computer eller andre ting, der giver sp\u00e6ndinger i dette omr\u00e5de.<\/p>\n\n\n\n<p>Massagen fokuseres mest p\u00e5 skuldrene, ned over og omkring skulderbladene, men ogs\u00e5 nakken og op til kraniekanten, da der ofte ogs\u00e5 sidder mange sp\u00e6ndinger her.<\/p>\n\n\n\n<h3 class=\"wp-block-heading\">Har du sp\u00f8rgsm\u00e5l til massagen, er du velkommen til at kontakte mig og f\u00e5 en snak.<\/h3>\n","protected":false},"excerpt":{"rendered":"<p>Nakke og skulder behandling Nakke\/skulder massage er en massage til dig, der har sp\u00e6ndinger i dette omr\u00e5de. Du har m\u00e5ske et job, med ensformige bev\u00e6gelser, hvor arme og skuldre bliver belastede. Det kan ogs\u00e5 v\u00e6re at du l\u00e6ser meget, sidder ved computer eller andre ting, der giver sp\u00e6ndinger i dette omr\u00e5de. Massagen fokuseres mest p\u00e5 <a class=\"moretag btn btn-primary\" href=\"https:\/\/niipit.dk\/massagebysussi\/nakke-skulder\/\">L\u00e6s mere<\/a><\/p>\n","protected":false},"author":842,"featured_media":5807,"parent":0,"menu_order":1,"comment_status":"closed","ping_status":"closed","template":"","meta":{"_exactmetrics_skip_tracking":false,"_exactmetrics_sitenote_active":false,"_exactmetrics_sitenote_note":"","_exactmetrics_sitenote_category":0,"_monsterinsights_skip_tracking":false,"_monsterinsights_sitenote_active":false,"_monsterinsights_sitenote_note":"","_monsterinsights_sitenote_category":0,"footnotes":""},"class_list":["post-5783","page","type-page","status-publish","has-post-thumbnail","hentry"],"yoast_head":"<!-- This site is optimized with the Yoast SEO Premium plugin v16.3 (Yoast SEO v27.3) - https:\/\/yoast.com\/product\/yoast-seo-premium-wordpress\/ -->\n<title>Nakke\/skulder - Massage by Sussi<\/title>\n<meta name=\"robots\" content=\"index, follow, max-snippet:-1, max-image-preview:large, max-video-preview:-1\" \/>\n<link rel=\"canonical\" href=\"http:\/\/niipit.dk\/massagebysussi\/nakke-skulder\/\" \/>\n<meta property=\"og:locale\" content=\"da_DK\" \/>\n<meta property=\"og:type\" content=\"article\" \/>\n<meta property=\"og:title\" content=\"Nakke\/skulder - Massage by Sussi\" \/>\n<meta property=\"og:description\" content=\"Nakke og skulder behandling Nakke\/skulder massage er en massage til dig, der har sp\u00e6ndinger i dette omr\u00e5de. Du har m\u00e5ske et job, med ensformige bev\u00e6gelser, hvor arme og skuldre bliver belastede. Det kan ogs\u00e5 v\u00e6re at du l\u00e6ser meget, sidder ved computer eller andre ting, der giver sp\u00e6ndinger i dette omr\u00e5de. Massagen fokuseres mest p\u00e5 L\u00e6s mere\" \/>\n<meta property=\"og:url\" content=\"http:\/\/niipit.dk\/massagebysussi\/nakke-skulder\/\" \/>\n<meta property=\"og:site_name\" content=\"Massage by Sussi\" \/>\n<meta property=\"article:modified_time\" content=\"2020-07-04T12:07:24+00:00\" \/>\n<meta property=\"og:image\" content=\"http:\/\/niipit.dk\/massagebysussi\/wp-content\/uploads\/sites\/242\/2019\/07\/images.jpg\" \/>\n\t<meta property=\"og:image:width\" content=\"225\" \/>\n\t<meta property=\"og:image:height\" content=\"225\" \/>\n\t<meta property=\"og:image:type\" content=\"image\/jpeg\" \/>\n<meta name=\"twitter:card\" content=\"summary_large_image\" \/>\n<meta name=\"twitter:label1\" content=\"Estimeret l\u00e6setid\" \/>\n\t<meta name=\"twitter:data1\" content=\"1 minut\" \/>\n<script type=\"application\/ld+json\" class=\"yoast-schema-graph\">{\"@context\":\"https:\\\/\\\/schema.org\",\"@graph\":[{\"@type\":\"WebPage\",\"@id\":\"http:\\\/\\\/niipit.dk\\\/massagebysussi\\\/nakke-skulder\\\/\",\"url\":\"http:\\\/\\\/niipit.dk\\\/massagebysussi\\\/nakke-skulder\\\/\",\"name\":\"Nakke\\\/skulder - Massage by Sussi\",\"isPartOf\":{\"@id\":\"https:\\\/\\\/niipit.dk\\\/massagebysussi\\\/#website\"},\"primaryImageOfPage\":{\"@id\":\"http:\\\/\\\/niipit.dk\\\/massagebysussi\\\/nakke-skulder\\\/#primaryimage\"},\"image\":{\"@id\":\"http:\\\/\\\/niipit.dk\\\/massagebysussi\\\/nakke-skulder\\\/#primaryimage\"},\"thumbnailUrl\":\"https:\\\/\\\/niipit.dk\\\/massagebysussi\\\/wp-content\\\/uploads\\\/sites\\\/242\\\/2019\\\/07\\\/images.jpg\",\"datePublished\":\"2019-07-29T16:12:56+00:00\",\"dateModified\":\"2020-07-04T12:07:24+00:00\",\"breadcrumb\":{\"@id\":\"http:\\\/\\\/niipit.dk\\\/massagebysussi\\\/nakke-skulder\\\/#breadcrumb\"},\"inLanguage\":\"da-DK\",\"potentialAction\":[{\"@type\":\"ReadAction\",\"target\":[\"http:\\\/\\\/niipit.dk\\\/massagebysussi\\\/nakke-skulder\\\/\"]}]},{\"@type\":\"ImageObject\",\"inLanguage\":\"da-DK\",\"@id\":\"http:\\\/\\\/niipit.dk\\\/massagebysussi\\\/nakke-skulder\\\/#primaryimage\",\"url\":\"https:\\\/\\\/niipit.dk\\\/massagebysussi\\\/wp-content\\\/uploads\\\/sites\\\/242\\\/2019\\\/07\\\/images.jpg\",\"contentUrl\":\"https:\\\/\\\/niipit.dk\\\/massagebysussi\\\/wp-content\\\/uploads\\\/sites\\\/242\\\/2019\\\/07\\\/images.jpg\",\"width\":225,\"height\":225,\"caption\":\"Massage By Sussi\"},{\"@type\":\"BreadcrumbList\",\"@id\":\"http:\\\/\\\/niipit.dk\\\/massagebysussi\\\/nakke-skulder\\\/#breadcrumb\",\"itemListElement\":[{\"@type\":\"ListItem\",\"position\":1,\"name\":\"Hjem\",\"item\":\"https:\\\/\\\/niipit.dk\\\/massagebysussi\\\/\"},{\"@type\":\"ListItem\",\"position\":2,\"name\":\"Nakke\\\/skulder\"}]},{\"@type\":\"WebSite\",\"@id\":\"https:\\\/\\\/niipit.dk\\\/massagebysussi\\\/#website\",\"url\":\"https:\\\/\\\/niipit.dk\\\/massagebysussi\\\/\",\"name\":\"Massage by Sussi\",\"description\":\"F\u00e5 din virksomhed p\u00e5 niipit\",\"potentialAction\":[{\"@type\":\"SearchAction\",\"target\":{\"@type\":\"EntryPoint\",\"urlTemplate\":\"https:\\\/\\\/niipit.dk\\\/massagebysussi\\\/?s={search_term_string}\"},\"query-input\":{\"@type\":\"PropertyValueSpecification\",\"valueRequired\":true,\"valueName\":\"search_term_string\"}}],\"inLanguage\":\"da-DK\"}]}<\/script>\n<!-- \/ Yoast SEO Premium plugin. -->","yoast_head_json":{"title":"Nakke\/skulder - Massage by Sussi","robots":{"index":"index","follow":"follow","max-snippet":"max-snippet:-1","max-image-preview":"max-image-preview:large","max-video-preview":"max-video-preview:-1"},"canonical":"http:\/\/niipit.dk\/massagebysussi\/nakke-skulder\/","og_locale":"da_DK","og_type":"article","og_title":"Nakke\/skulder - Massage by Sussi","og_description":"Nakke og skulder behandling Nakke\/skulder massage er en massage til dig, der har sp\u00e6ndinger i dette omr\u00e5de. Du har m\u00e5ske et job, med ensformige bev\u00e6gelser, hvor arme og skuldre bliver belastede. Det kan ogs\u00e5 v\u00e6re at du l\u00e6ser meget, sidder ved computer eller andre ting, der giver sp\u00e6ndinger i dette omr\u00e5de. Massagen fokuseres mest p\u00e5 L\u00e6s mere","og_url":"http:\/\/niipit.dk\/massagebysussi\/nakke-skulder\/","og_site_name":"Massage by Sussi","article_modified_time":"2020-07-04T12:07:24+00:00","og_image":[{"width":225,"height":225,"url":"http:\/\/niipit.dk\/massagebysussi\/wp-content\/uploads\/sites\/242\/2019\/07\/images.jpg","type":"image\/jpeg"}],"twitter_card":"summary_large_image","twitter_misc":{"Estimeret l\u00e6setid":"1 minut"},"schema":{"@context":"https:\/\/schema.org","@graph":[{"@type":"WebPage","@id":"http:\/\/niipit.dk\/massagebysussi\/nakke-skulder\/","url":"http:\/\/niipit.dk\/massagebysussi\/nakke-skulder\/","name":"Nakke\/skulder - Massage by Sussi","isPartOf":{"@id":"https:\/\/niipit.dk\/massagebysussi\/#website"},"primaryImageOfPage":{"@id":"http:\/\/niipit.dk\/massagebysussi\/nakke-skulder\/#primaryimage"},"image":{"@id":"http:\/\/niipit.dk\/massagebysussi\/nakke-skulder\/#primaryimage"},"thumbnailUrl":"https:\/\/niipit.dk\/massagebysussi\/wp-content\/uploads\/sites\/242\/2019\/07\/images.jpg","datePublished":"2019-07-29T16:12:56+00:00","dateModified":"2020-07-04T12:07:24+00:00","breadcrumb":{"@id":"http:\/\/niipit.dk\/massagebysussi\/nakke-skulder\/#breadcrumb"},"inLanguage":"da-DK","potentialAction":[{"@type":"ReadAction","target":["http:\/\/niipit.dk\/massagebysussi\/nakke-skulder\/"]}]},{"@type":"ImageObject","inLanguage":"da-DK","@id":"http:\/\/niipit.dk\/massagebysussi\/nakke-skulder\/#primaryimage","url":"https:\/\/niipit.dk\/massagebysussi\/wp-content\/uploads\/sites\/242\/2019\/07\/images.jpg","contentUrl":"https:\/\/niipit.dk\/massagebysussi\/wp-content\/uploads\/sites\/242\/2019\/07\/images.jpg","width":225,"height":225,"caption":"Massage By Sussi"},{"@type":"BreadcrumbList","@id":"http:\/\/niipit.dk\/massagebysussi\/nakke-skulder\/#breadcrumb","itemListElement":[{"@type":"ListItem","position":1,"name":"Hjem","item":"https:\/\/niipit.dk\/massagebysussi\/"},{"@type":"ListItem","position":2,"name":"Nakke\/skulder"}]},{"@type":"WebSite","@id":"https:\/\/niipit.dk\/massagebysussi\/#website","url":"https:\/\/niipit.dk\/massagebysussi\/","name":"Massage by Sussi","description":"F\u00e5 din virksomhed p\u00e5 niipit","potentialAction":[{"@type":"SearchAction","target":{"@type":"EntryPoint","urlTemplate":"https:\/\/niipit.dk\/massagebysussi\/?s={search_term_string}"},"query-input":{"@type":"PropertyValueSpecification","valueRequired":true,"valueName":"search_term_string"}}],"inLanguage":"da-DK"}]}},"_links":{"self":[{"href":"https:\/\/niipit.dk\/massagebysussi\/wp-json\/wp\/v2\/pages\/5783","targetHints":{"allow":["GET"]}}],"collection":[{"href":"https:\/\/niipit.dk\/massagebysussi\/wp-json\/wp\/v2\/pages"}],"about":[{"href":"https:\/\/niipit.dk\/massagebysussi\/wp-json\/wp\/v2\/types\/page"}],"author":[{"embeddable":true,"href":"https:\/\/niipit.dk\/massagebysussi\/wp-json\/wp\/v2\/users\/842"}],"replies":[{"embeddable":true,"href":"https:\/\/niipit.dk\/massagebysussi\/wp-json\/wp\/v2\/comments?post=5783"}],"version-history":[{"count":0,"href":"https:\/\/niipit.dk\/massagebysussi\/wp-json\/wp\/v2\/pages\/5783\/revisions"}],"wp:featuredmedia":[{"embeddable":true,"href":"https:\/\/niipit.dk\/massagebysussi\/wp-json\/wp\/v2\/media\/5807"}],"wp:attachment":[{"href":"https:\/\/niipit.dk\/massagebysussi\/wp-json\/wp\/v2\/media?parent=5783"}],"curies":[{"name":"wp","href":"https:\/\/api.w.org\/{rel}","templated":true}]}}