{"id":5770,"date":"2019-07-16T13:11:53","date_gmt":"2019-07-16T11:11:53","guid":{"rendered":"https:\/\/niipit.dk\/massagebysussi\/?page_id=5770"},"modified":"2020-12-17T23:30:07","modified_gmt":"2020-12-17T22:30:07","slug":"behandlinger","status":"publish","type":"page","link":"https:\/\/niipit.dk\/massagebysussi\/behandlinger\/","title":{"rendered":"Behandlinger"},"content":{"rendered":"\n<h1 class=\"wp-block-heading\" id=\"h-behandlinger-hos-massage-by-susi\">Behandlinger hos Massage by Susi<\/h1>\n\n\n\n<h2 class=\"wp-block-heading\" id=\"h-nakke-skulder\">Nakke\/Skulder<\/h2>\n\n\n\n<h3 class=\"wp-block-heading\" id=\"h-nakke-skulder-massagen-er-en-massage-af-skuldre-ned-over-skulderbladene-og-op-i-nakken-til-kraniekantenl-s-mere-om-behandlingen-her\">Nakke\/skulder massagen er en massage af skuldre, ned over skulderbladene og op i nakken til kraniekanten<br><a href=\"https:\/\/niipit.dk\/massagebysussi\/nakke-skulder\/\">L\u00e6s mere om behandlingen her<\/a><\/h3>\n\n\n\n<h2 class=\"wp-block-heading\" id=\"h-rygmassage\">Rygmassage<\/h2>\n\n\n\n<h3 class=\"wp-block-heading\" id=\"h-rygmassagen-er-en-massage-der-fokuserer-p-hele-ryggen-fra-l-nden-op-over-skuldre-til-kraniekanten-som-nakke-skuldermassagen-l-s-mere-om-behandlingen-her\">Rygmassagen er en massage, der fokuserer p\u00e5 hele ryggen, fra l\u00e6nden op over skuldre til kraniekanten( som nakke\/skuldermassagen) <a href=\"https:\/\/niipit.dk\/massagebysussi\/nakke-skulder\/\"><\/a><a href=\"https:\/\/niipit.dk\/massagebysussi\/rygmassage\/\"><\/a><a href=\"https:\/\/niipit.dk\/massagebysussi\/nakke-skulder\/\">L\u00e6s mere om behandlingen her<\/a><br><\/h3>\n\n\n\n<h2 class=\"wp-block-heading\" id=\"h-afsp-ndingsmassage\">Afsp\u00e6ndingsmassage<\/h2>\n\n\n\n<h3 class=\"wp-block-heading\" id=\"h-afsp-ndingsmassagen-er-en-helkrops-massage-her-indg-r-rygmassagen-samt-massage-af-ben-arme-ansigt-og-h-rbund-l-s-mere-om-behandlingen-her\">Afsp\u00e6ndingsmassagen er en helkrops massage. Her indg\u00e5r rygmassagen, samt massage af ben, arme, ansigt og h\u00e5rbund. <a href=\"https:\/\/niipit.dk\/massagebysussi\/nakke-skulder-2\/\">L\u00e6s mere om behandlingen her<\/a><\/h3>\n\n\n\n<h2 class=\"wp-block-heading\" id=\"h-hotstone-massage\">Hotstone massage<\/h2>\n\n\n\n<h3 class=\"wp-block-heading\" id=\"h-hotstone-massage-er-en-dybt-afsp-ndende-massage-af-hele-ryggen-hvor-der-anvendes-varme-lava-sten-l-s-mere-om-behandlingen-her\">Hotstone massage er en dybt, afsp\u00e6ndende massage af hele ryggen, hvor der anvendes varme lava sten.                                                  <a href=\"https:\/\/niipit.dk\/massagebysussi\/hotstone-massage\/\">L\u00e6s mere om behandlingen her<\/a><\/h3>\n\n\n\n<h2 class=\"wp-block-heading\" id=\"h-omsorgsmassage\">Omsorgsmassage<\/h2>\n\n\n\n<h3 class=\"wp-block-heading\" id=\"h-omsorgsmassage-er-en-dybt-afsp-ndende-helkrops-massage-der-tager-dig-med-p-en-rejse-i-dit-eget-indre-univers-i-omsorgsmassagen-vil-du-opleve-at-der-veksles-mellem-en-blid-omsorgsfuld-massage-og-at-h-nderne-hviler-blidt-hvor-der-f-les-behov-for-det-l-s-mere-om-behandlingen-her\">Omsorgsmassage er en dybt afsp\u00e6ndende helkrops massage, der tager dig med p\u00e5 en rejse i dit eget indre univers.                                I Omsorgsmassagen, vil du opleve at der veksles mellem en blid , omsorgsfuld massage, og at h\u00e6nderne hviler blidt, hvor der f\u00f8les behov for det.                                                                      <a href=\"https:\/\/niipit.dk\/massagebysussi\/healingsmassage\/\">L\u00e6s mere om behandlingen her<\/a><\/h3>\n\n\n\n<h3 class=\"wp-block-heading\" id=\"h-se-priser-her\"><a href=\"https:\/\/niipit.dk\/massagebysussi\/priser\/\">Se priser her<\/a><\/h3>\n\n\n\n<p><\/p>\n","protected":false},"excerpt":{"rendered":"<p>Behandlinger hos Massage by Susi Nakke\/Skulder Nakke\/skulder massagen er en massage af skuldre, ned over skulderbladene og op i nakken til kraniekantenL\u00e6s mere om behandlingen her Rygmassage Rygmassagen er en massage, der fokuserer p\u00e5 hele ryggen, fra l\u00e6nden op over skuldre til kraniekanten( som nakke\/skuldermassagen) L\u00e6s mere om behandlingen her Afsp\u00e6ndingsmassage Afsp\u00e6ndingsmassagen er en helkrops <a class=\"moretag btn btn-primary\" href=\"https:\/\/niipit.dk\/massagebysussi\/behandlinger\/\">L\u00e6s mere<\/a><\/p>\n","protected":false},"author":842,"featured_media":0,"parent":0,"menu_order":0,"comment_status":"closed","ping_status":"closed","template":"","meta":{"_exactmetrics_skip_tracking":false,"_exactmetrics_sitenote_active":false,"_exactmetrics_sitenote_note":"","_exactmetrics_sitenote_category":0,"_monsterinsights_skip_tracking":false,"_monsterinsights_sitenote_active":false,"_monsterinsights_sitenote_note":"","_monsterinsights_sitenote_category":0,"footnotes":""},"class_list":["post-5770","page","type-page","status-publish","hentry"],"yoast_head":"<!-- This site is optimized with the Yoast SEO Premium plugin v16.3 (Yoast SEO v27.3) - https:\/\/yoast.com\/product\/yoast-seo-premium-wordpress\/ -->\n<title>Behandlinger - Massage by Sussi<\/title>\n<meta name=\"robots\" content=\"index, follow, max-snippet:-1, max-image-preview:large, max-video-preview:-1\" \/>\n<link rel=\"canonical\" href=\"https:\/\/niipit.dk\/massagebysussi\/behandlinger\/\" \/>\n<meta property=\"og:locale\" content=\"da_DK\" \/>\n<meta property=\"og:type\" content=\"article\" \/>\n<meta property=\"og:title\" content=\"Behandlinger - Massage by Sussi\" \/>\n<meta property=\"og:description\" content=\"Behandlinger hos Massage by Susi Nakke\/Skulder Nakke\/skulder massagen er en massage af skuldre, ned over skulderbladene og op i nakken til kraniekantenL\u00e6s mere om behandlingen her Rygmassage Rygmassagen er en massage, der fokuserer p\u00e5 hele ryggen, fra l\u00e6nden op over skuldre til kraniekanten( som nakke\/skuldermassagen) L\u00e6s mere om behandlingen her Afsp\u00e6ndingsmassage Afsp\u00e6ndingsmassagen er en helkrops L\u00e6s mere\" \/>\n<meta property=\"og:url\" content=\"https:\/\/niipit.dk\/massagebysussi\/behandlinger\/\" \/>\n<meta property=\"og:site_name\" content=\"Massage by Sussi\" \/>\n<meta property=\"article:modified_time\" content=\"2020-12-17T22:30:07+00:00\" \/>\n<meta name=\"twitter:card\" content=\"summary_large_image\" \/>\n<meta name=\"twitter:label1\" content=\"Estimeret l\u00e6setid\" \/>\n\t<meta name=\"twitter:data1\" content=\"1 minut\" \/>\n<script type=\"application\/ld+json\" class=\"yoast-schema-graph\">{\"@context\":\"https:\\\/\\\/schema.org\",\"@graph\":[{\"@type\":\"WebPage\",\"@id\":\"https:\\\/\\\/niipit.dk\\\/massagebysussi\\\/behandlinger\\\/\",\"url\":\"https:\\\/\\\/niipit.dk\\\/massagebysussi\\\/behandlinger\\\/\",\"name\":\"Behandlinger - Massage by Sussi\",\"isPartOf\":{\"@id\":\"https:\\\/\\\/niipit.dk\\\/massagebysussi\\\/#website\"},\"datePublished\":\"2019-07-16T11:11:53+00:00\",\"dateModified\":\"2020-12-17T22:30:07+00:00\",\"breadcrumb\":{\"@id\":\"https:\\\/\\\/niipit.dk\\\/massagebysussi\\\/behandlinger\\\/#breadcrumb\"},\"inLanguage\":\"da-DK\",\"potentialAction\":[{\"@type\":\"ReadAction\",\"target\":[\"https:\\\/\\\/niipit.dk\\\/massagebysussi\\\/behandlinger\\\/\"]}]},{\"@type\":\"BreadcrumbList\",\"@id\":\"https:\\\/\\\/niipit.dk\\\/massagebysussi\\\/behandlinger\\\/#breadcrumb\",\"itemListElement\":[{\"@type\":\"ListItem\",\"position\":1,\"name\":\"Hjem\",\"item\":\"https:\\\/\\\/niipit.dk\\\/massagebysussi\\\/\"},{\"@type\":\"ListItem\",\"position\":2,\"name\":\"Behandlinger\"}]},{\"@type\":\"WebSite\",\"@id\":\"https:\\\/\\\/niipit.dk\\\/massagebysussi\\\/#website\",\"url\":\"https:\\\/\\\/niipit.dk\\\/massagebysussi\\\/\",\"name\":\"Massage by Sussi\",\"description\":\"F\u00e5 din virksomhed p\u00e5 niipit\",\"potentialAction\":[{\"@type\":\"SearchAction\",\"target\":{\"@type\":\"EntryPoint\",\"urlTemplate\":\"https:\\\/\\\/niipit.dk\\\/massagebysussi\\\/?s={search_term_string}\"},\"query-input\":{\"@type\":\"PropertyValueSpecification\",\"valueRequired\":true,\"valueName\":\"search_term_string\"}}],\"inLanguage\":\"da-DK\"}]}<\/script>\n<!-- \/ Yoast SEO Premium plugin. -->","yoast_head_json":{"title":"Behandlinger - Massage by Sussi","robots":{"index":"index","follow":"follow","max-snippet":"max-snippet:-1","max-image-preview":"max-image-preview:large","max-video-preview":"max-video-preview:-1"},"canonical":"https:\/\/niipit.dk\/massagebysussi\/behandlinger\/","og_locale":"da_DK","og_type":"article","og_title":"Behandlinger - Massage by Sussi","og_description":"Behandlinger hos Massage by Susi Nakke\/Skulder Nakke\/skulder massagen er en massage af skuldre, ned over skulderbladene og op i nakken til kraniekantenL\u00e6s mere om behandlingen her Rygmassage Rygmassagen er en massage, der fokuserer p\u00e5 hele ryggen, fra l\u00e6nden op over skuldre til kraniekanten( som nakke\/skuldermassagen) L\u00e6s mere om behandlingen her Afsp\u00e6ndingsmassage Afsp\u00e6ndingsmassagen er en helkrops L\u00e6s mere","og_url":"https:\/\/niipit.dk\/massagebysussi\/behandlinger\/","og_site_name":"Massage by Sussi","article_modified_time":"2020-12-17T22:30:07+00:00","twitter_card":"summary_large_image","twitter_misc":{"Estimeret l\u00e6setid":"1 minut"},"schema":{"@context":"https:\/\/schema.org","@graph":[{"@type":"WebPage","@id":"https:\/\/niipit.dk\/massagebysussi\/behandlinger\/","url":"https:\/\/niipit.dk\/massagebysussi\/behandlinger\/","name":"Behandlinger - Massage by Sussi","isPartOf":{"@id":"https:\/\/niipit.dk\/massagebysussi\/#website"},"datePublished":"2019-07-16T11:11:53+00:00","dateModified":"2020-12-17T22:30:07+00:00","breadcrumb":{"@id":"https:\/\/niipit.dk\/massagebysussi\/behandlinger\/#breadcrumb"},"inLanguage":"da-DK","potentialAction":[{"@type":"ReadAction","target":["https:\/\/niipit.dk\/massagebysussi\/behandlinger\/"]}]},{"@type":"BreadcrumbList","@id":"https:\/\/niipit.dk\/massagebysussi\/behandlinger\/#breadcrumb","itemListElement":[{"@type":"ListItem","position":1,"name":"Hjem","item":"https:\/\/niipit.dk\/massagebysussi\/"},{"@type":"ListItem","position":2,"name":"Behandlinger"}]},{"@type":"WebSite","@id":"https:\/\/niipit.dk\/massagebysussi\/#website","url":"https:\/\/niipit.dk\/massagebysussi\/","name":"Massage by Sussi","description":"F\u00e5 din virksomhed p\u00e5 niipit","potentialAction":[{"@type":"SearchAction","target":{"@type":"EntryPoint","urlTemplate":"https:\/\/niipit.dk\/massagebysussi\/?s={search_term_string}"},"query-input":{"@type":"PropertyValueSpecification","valueRequired":true,"valueName":"search_term_string"}}],"inLanguage":"da-DK"}]}},"_links":{"self":[{"href":"https:\/\/niipit.dk\/massagebysussi\/wp-json\/wp\/v2\/pages\/5770","targetHints":{"allow":["GET"]}}],"collection":[{"href":"https:\/\/niipit.dk\/massagebysussi\/wp-json\/wp\/v2\/pages"}],"about":[{"href":"https:\/\/niipit.dk\/massagebysussi\/wp-json\/wp\/v2\/types\/page"}],"author":[{"embeddable":true,"href":"https:\/\/niipit.dk\/massagebysussi\/wp-json\/wp\/v2\/users\/842"}],"replies":[{"embeddable":true,"href":"https:\/\/niipit.dk\/massagebysussi\/wp-json\/wp\/v2\/comments?post=5770"}],"version-history":[{"count":1,"href":"https:\/\/niipit.dk\/massagebysussi\/wp-json\/wp\/v2\/pages\/5770\/revisions"}],"predecessor-version":[{"id":6996,"href":"https:\/\/niipit.dk\/massagebysussi\/wp-json\/wp\/v2\/pages\/5770\/revisions\/6996"}],"wp:attachment":[{"href":"https:\/\/niipit.dk\/massagebysussi\/wp-json\/wp\/v2\/media?parent=5770"}],"curies":[{"name":"wp","href":"https:\/\/api.w.org\/{rel}","templated":true}]}}