{"id":5105,"date":"2018-08-15T22:02:47","date_gmt":"2018-08-15T20:02:47","guid":{"rendered":"https:\/\/niipit.dk\/nv2-QogM\/?page_id=5105"},"modified":"2020-07-04T14:19:49","modified_gmt":"2020-07-04T12:19:49","slug":"om","status":"publish","type":"page","link":"https:\/\/niipit.dk\/massagebysussi\/om\/","title":{"rendered":"Om"},"content":{"rendered":"<div class=\"thrv_wrapper thrv_heading\" data-tag=\"h1\" data-css=\"tve-u-163a601a1f4\">\n<h1 data-css=\"tve-u-163a60192ea\">Mit navn er Sussi Schur<\/h1>\n<p>Jeg har en passion for at hj\u00e6lpe andre, specielt med healing, massage og meditation.<\/p>\n<p>Jeg startede min rejse inden for disse omr\u00e5der, da jeg stiftede bekendskab med meditation, hvor jeg fandt ud af hvad det kunne g\u00f8re for mit velv\u00e6re og indre ro.<\/p>\n<p>Reiki healing var s\u00e5 begyndelsen til healings delen, og herefter kom healingsmassage og samtaleterapeut, der blev bygget flere ting p\u00e5 og meget mere st\u00e5r p\u00e5 \u00f8nskelisten.<\/p>\n<p>mine kurser og uddannelser:<\/p>\n<h3>Reiki 1<\/h3>\n<h3>Reiki 2<\/h3>\n<h3>Reiki 3<\/h3>\n<h3>Hotstone massage<\/h3>\n<h3>Healingsmassage og samtaleterapi<\/h3>\n<h3>Angsth\u00e5ndtering og behandling<\/h3>\n<h3>Coaching, NLP og Terapeutisk youga<\/h3>\n<h3>Spektralhealing og dr\u00f8mme<\/h3>\n<h3>Yoga og konstruktiv kommunikation<\/h3>\n<h3>Massage og chakra<\/h3>\n<h3>Psykisk massage<\/h3>\n<h3>Frig\u00f8rende massage<\/h3>\n<h3>Polaritetsmassage<\/h3>\n<h3>2 \u00e5rig uddannelse med healing og selvudvikling<\/h3>\n<\/div>\n<div class=\"thrv_wrapper thrv_text_element tve_empty_dropzone\" data-css=\"tve-u-163a60acbcb\">\n<div class=\"thrv_wrapper thrv_text_element tve_empty_dropzone\" data-css=\"tve-u-163a3bcdd15\">\n<p data-css=\"tve-u-163a3bcdd13\">\u00a0<\/p>\n<\/div>\n<\/div>\n\n\n<div class=\"wp-block-image\"><figure class=\"aligncenter\"><img loading=\"lazy\" decoding=\"async\" width=\"300\" height=\"138\" src=\"https:\/\/niipit.dk\/massagebysussi\/wp-content\/uploads\/sites\/242\/2019\/08\/massage-by-sussi-logo-2-300x138.jpg\" alt=\"massage by Sussi S\u00f8nderborg\" class=\"wp-image-5909\" srcset=\"https:\/\/niipit.dk\/massagebysussi\/wp-content\/uploads\/sites\/242\/2019\/08\/massage-by-sussi-logo-2-300x138.jpg 300w, https:\/\/niipit.dk\/massagebysussi\/wp-content\/uploads\/sites\/242\/2019\/08\/massage-by-sussi-logo-2-768x353.jpg 768w, https:\/\/niipit.dk\/massagebysussi\/wp-content\/uploads\/sites\/242\/2019\/08\/massage-by-sussi-logo-2-1024x470.jpg 1024w, https:\/\/niipit.dk\/massagebysussi\/wp-content\/uploads\/sites\/242\/2019\/08\/massage-by-sussi-logo-2-600x276.jpg 600w, https:\/\/niipit.dk\/massagebysussi\/wp-content\/uploads\/sites\/242\/2019\/08\/massage-by-sussi-logo-2.jpg 1291w\" sizes=\"auto, (max-width: 300px) 100vw, 300px\" \/><\/figure><\/div>\n","protected":false},"excerpt":{"rendered":"<p>Mit navn er Sussi Schur Jeg har en passion for at hj\u00e6lpe andre, specielt med healing, massage og meditation. Jeg startede min rejse inden for disse omr\u00e5der, da jeg stiftede bekendskab med meditation, hvor jeg fandt ud af hvad det kunne g\u00f8re for mit velv\u00e6re og indre ro. Reiki healing var s\u00e5 begyndelsen til healings <a class=\"moretag btn btn-primary\" href=\"https:\/\/niipit.dk\/massagebysussi\/om\/\">L\u00e6s mere<\/a><\/p>\n","protected":false},"author":842,"featured_media":0,"parent":0,"menu_order":0,"comment_status":"closed","ping_status":"closed","template":"","meta":{"_exactmetrics_skip_tracking":false,"_exactmetrics_sitenote_active":false,"_exactmetrics_sitenote_note":"","_exactmetrics_sitenote_category":0,"_monsterinsights_skip_tracking":false,"_monsterinsights_sitenote_active":false,"_monsterinsights_sitenote_note":"","_monsterinsights_sitenote_category":0,"footnotes":""},"class_list":["post-5105","page","type-page","status-publish","hentry"],"yoast_head":"<!-- This site is optimized with the Yoast SEO Premium plugin v16.3 (Yoast SEO v27.3) - https:\/\/yoast.com\/product\/yoast-seo-premium-wordpress\/ -->\n<title>Om - Massage by Sussi<\/title>\n<meta name=\"robots\" content=\"index, follow, max-snippet:-1, max-image-preview:large, max-video-preview:-1\" \/>\n<link rel=\"canonical\" href=\"https:\/\/niipit.dk\/massagebysussi\/om\/\" \/>\n<meta property=\"og:locale\" content=\"da_DK\" \/>\n<meta property=\"og:type\" content=\"article\" \/>\n<meta property=\"og:title\" content=\"Om - Massage by Sussi\" \/>\n<meta property=\"og:description\" content=\"Mit navn er Sussi Schur Jeg har en passion for at hj\u00e6lpe andre, specielt med healing, massage og meditation. Jeg startede min rejse inden for disse omr\u00e5der, da jeg stiftede bekendskab med meditation, hvor jeg fandt ud af hvad det kunne g\u00f8re for mit velv\u00e6re og indre ro. Reiki healing var s\u00e5 begyndelsen til healings L\u00e6s mere\" \/>\n<meta property=\"og:url\" content=\"https:\/\/niipit.dk\/massagebysussi\/om\/\" \/>\n<meta property=\"og:site_name\" content=\"Massage by Sussi\" \/>\n<meta property=\"article:modified_time\" content=\"2020-07-04T12:19:49+00:00\" \/>\n<meta property=\"og:image\" content=\"https:\/\/niipit.dk\/massagebysussi\/wp-content\/uploads\/sites\/242\/2019\/08\/massage-by-sussi-logo-2-300x138.jpg\" \/>\n<meta name=\"twitter:card\" content=\"summary_large_image\" \/>\n<meta name=\"twitter:label1\" content=\"Estimeret l\u00e6setid\" \/>\n\t<meta name=\"twitter:data1\" content=\"1 minut\" \/>\n<script type=\"application\/ld+json\" class=\"yoast-schema-graph\">{\"@context\":\"https:\\\/\\\/schema.org\",\"@graph\":[{\"@type\":\"WebPage\",\"@id\":\"https:\\\/\\\/niipit.dk\\\/massagebysussi\\\/om\\\/\",\"url\":\"https:\\\/\\\/niipit.dk\\\/massagebysussi\\\/om\\\/\",\"name\":\"Om - Massage by Sussi\",\"isPartOf\":{\"@id\":\"https:\\\/\\\/niipit.dk\\\/massagebysussi\\\/#website\"},\"primaryImageOfPage\":{\"@id\":\"https:\\\/\\\/niipit.dk\\\/massagebysussi\\\/om\\\/#primaryimage\"},\"image\":{\"@id\":\"https:\\\/\\\/niipit.dk\\\/massagebysussi\\\/om\\\/#primaryimage\"},\"thumbnailUrl\":\"https:\\\/\\\/niipit.dk\\\/massagebysussi\\\/wp-content\\\/uploads\\\/sites\\\/242\\\/2019\\\/08\\\/massage-by-sussi-logo-2-300x138.jpg\",\"datePublished\":\"2018-08-15T20:02:47+00:00\",\"dateModified\":\"2020-07-04T12:19:49+00:00\",\"breadcrumb\":{\"@id\":\"https:\\\/\\\/niipit.dk\\\/massagebysussi\\\/om\\\/#breadcrumb\"},\"inLanguage\":\"da-DK\",\"potentialAction\":[{\"@type\":\"ReadAction\",\"target\":[\"https:\\\/\\\/niipit.dk\\\/massagebysussi\\\/om\\\/\"]}]},{\"@type\":\"ImageObject\",\"inLanguage\":\"da-DK\",\"@id\":\"https:\\\/\\\/niipit.dk\\\/massagebysussi\\\/om\\\/#primaryimage\",\"url\":\"https:\\\/\\\/niipit.dk\\\/massagebysussi\\\/wp-content\\\/uploads\\\/sites\\\/242\\\/2019\\\/08\\\/massage-by-sussi-logo-2.jpg\",\"contentUrl\":\"https:\\\/\\\/niipit.dk\\\/massagebysussi\\\/wp-content\\\/uploads\\\/sites\\\/242\\\/2019\\\/08\\\/massage-by-sussi-logo-2.jpg\",\"width\":1291,\"height\":593,\"caption\":\"massage by Sussi S\u00f8nderborg\"},{\"@type\":\"BreadcrumbList\",\"@id\":\"https:\\\/\\\/niipit.dk\\\/massagebysussi\\\/om\\\/#breadcrumb\",\"itemListElement\":[{\"@type\":\"ListItem\",\"position\":1,\"name\":\"Hjem\",\"item\":\"https:\\\/\\\/niipit.dk\\\/massagebysussi\\\/\"},{\"@type\":\"ListItem\",\"position\":2,\"name\":\"Om\"}]},{\"@type\":\"WebSite\",\"@id\":\"https:\\\/\\\/niipit.dk\\\/massagebysussi\\\/#website\",\"url\":\"https:\\\/\\\/niipit.dk\\\/massagebysussi\\\/\",\"name\":\"Massage by Sussi\",\"description\":\"F\u00e5 din virksomhed p\u00e5 niipit\",\"potentialAction\":[{\"@type\":\"SearchAction\",\"target\":{\"@type\":\"EntryPoint\",\"urlTemplate\":\"https:\\\/\\\/niipit.dk\\\/massagebysussi\\\/?s={search_term_string}\"},\"query-input\":{\"@type\":\"PropertyValueSpecification\",\"valueRequired\":true,\"valueName\":\"search_term_string\"}}],\"inLanguage\":\"da-DK\"}]}<\/script>\n<!-- \/ Yoast SEO Premium plugin. -->","yoast_head_json":{"title":"Om - Massage by Sussi","robots":{"index":"index","follow":"follow","max-snippet":"max-snippet:-1","max-image-preview":"max-image-preview:large","max-video-preview":"max-video-preview:-1"},"canonical":"https:\/\/niipit.dk\/massagebysussi\/om\/","og_locale":"da_DK","og_type":"article","og_title":"Om - Massage by Sussi","og_description":"Mit navn er Sussi Schur Jeg har en passion for at hj\u00e6lpe andre, specielt med healing, massage og meditation. Jeg startede min rejse inden for disse omr\u00e5der, da jeg stiftede bekendskab med meditation, hvor jeg fandt ud af hvad det kunne g\u00f8re for mit velv\u00e6re og indre ro. Reiki healing var s\u00e5 begyndelsen til healings L\u00e6s mere","og_url":"https:\/\/niipit.dk\/massagebysussi\/om\/","og_site_name":"Massage by Sussi","article_modified_time":"2020-07-04T12:19:49+00:00","og_image":[{"url":"https:\/\/niipit.dk\/massagebysussi\/wp-content\/uploads\/sites\/242\/2019\/08\/massage-by-sussi-logo-2-300x138.jpg","type":"","width":"","height":""}],"twitter_card":"summary_large_image","twitter_misc":{"Estimeret l\u00e6setid":"1 minut"},"schema":{"@context":"https:\/\/schema.org","@graph":[{"@type":"WebPage","@id":"https:\/\/niipit.dk\/massagebysussi\/om\/","url":"https:\/\/niipit.dk\/massagebysussi\/om\/","name":"Om - Massage by Sussi","isPartOf":{"@id":"https:\/\/niipit.dk\/massagebysussi\/#website"},"primaryImageOfPage":{"@id":"https:\/\/niipit.dk\/massagebysussi\/om\/#primaryimage"},"image":{"@id":"https:\/\/niipit.dk\/massagebysussi\/om\/#primaryimage"},"thumbnailUrl":"https:\/\/niipit.dk\/massagebysussi\/wp-content\/uploads\/sites\/242\/2019\/08\/massage-by-sussi-logo-2-300x138.jpg","datePublished":"2018-08-15T20:02:47+00:00","dateModified":"2020-07-04T12:19:49+00:00","breadcrumb":{"@id":"https:\/\/niipit.dk\/massagebysussi\/om\/#breadcrumb"},"inLanguage":"da-DK","potentialAction":[{"@type":"ReadAction","target":["https:\/\/niipit.dk\/massagebysussi\/om\/"]}]},{"@type":"ImageObject","inLanguage":"da-DK","@id":"https:\/\/niipit.dk\/massagebysussi\/om\/#primaryimage","url":"https:\/\/niipit.dk\/massagebysussi\/wp-content\/uploads\/sites\/242\/2019\/08\/massage-by-sussi-logo-2.jpg","contentUrl":"https:\/\/niipit.dk\/massagebysussi\/wp-content\/uploads\/sites\/242\/2019\/08\/massage-by-sussi-logo-2.jpg","width":1291,"height":593,"caption":"massage by Sussi S\u00f8nderborg"},{"@type":"BreadcrumbList","@id":"https:\/\/niipit.dk\/massagebysussi\/om\/#breadcrumb","itemListElement":[{"@type":"ListItem","position":1,"name":"Hjem","item":"https:\/\/niipit.dk\/massagebysussi\/"},{"@type":"ListItem","position":2,"name":"Om"}]},{"@type":"WebSite","@id":"https:\/\/niipit.dk\/massagebysussi\/#website","url":"https:\/\/niipit.dk\/massagebysussi\/","name":"Massage by Sussi","description":"F\u00e5 din virksomhed p\u00e5 niipit","potentialAction":[{"@type":"SearchAction","target":{"@type":"EntryPoint","urlTemplate":"https:\/\/niipit.dk\/massagebysussi\/?s={search_term_string}"},"query-input":{"@type":"PropertyValueSpecification","valueRequired":true,"valueName":"search_term_string"}}],"inLanguage":"da-DK"}]}},"_links":{"self":[{"href":"https:\/\/niipit.dk\/massagebysussi\/wp-json\/wp\/v2\/pages\/5105","targetHints":{"allow":["GET"]}}],"collection":[{"href":"https:\/\/niipit.dk\/massagebysussi\/wp-json\/wp\/v2\/pages"}],"about":[{"href":"https:\/\/niipit.dk\/massagebysussi\/wp-json\/wp\/v2\/types\/page"}],"author":[{"embeddable":true,"href":"https:\/\/niipit.dk\/massagebysussi\/wp-json\/wp\/v2\/users\/842"}],"replies":[{"embeddable":true,"href":"https:\/\/niipit.dk\/massagebysussi\/wp-json\/wp\/v2\/comments?post=5105"}],"version-history":[{"count":0,"href":"https:\/\/niipit.dk\/massagebysussi\/wp-json\/wp\/v2\/pages\/5105\/revisions"}],"wp:attachment":[{"href":"https:\/\/niipit.dk\/massagebysussi\/wp-json\/wp\/v2\/media?parent=5105"}],"curies":[{"name":"wp","href":"https:\/\/api.w.org\/{rel}","templated":true}]}}