{"id":5064,"date":"2018-08-10T22:29:34","date_gmt":"2018-08-10T20:29:34","guid":{"rendered":"https:\/\/niipit.dk\/massagebysussi\/?page_id=5064"},"modified":"2020-12-17T23:38:57","modified_gmt":"2020-12-17T22:38:57","slug":"forside","status":"publish","type":"page","link":"https:\/\/niipit.dk\/massagebysussi\/","title":{"rendered":"Massage S\u00f8nderborg"},"content":{"rendered":"\n<hr class=\"wp-block-separator\" \/>\n\n\n\n<p>Massage by Sussi I S\u00f8nderborg. Din lokale mass\u00f8r.<\/p>\n\n\n\n<h3 class=\"wp-block-heading\" id=\"h-hvad-kan-omsorgsmassagen-g-re-for-dig\">Hvad kan Omsorgsmassagen g\u00f8re for dig?<\/h3>\n\n\n\n<p>Det er vigtigt, at du f\u00f8ler dig tryg og i gode h\u00e6nder under mine behandlinger.<br>Omsorgsmassagen omfatter det HELE menneske. krop, sj\u00e6l og \u00e5nd. Da massageformen indeholder n\u00e6rv\u00e6r og omsorg, sammen med massagen, vil du kunne opleve at f\u00e5 kontakt med kroppen, f\u00f8le dig hel og i samklang med dig selv.<\/p>\n\n\n\n<h3 class=\"wp-block-heading\" id=\"h-hvad-kan-hotstone-massage-g-re-for-dig\">Hvad kan Hotstone massage g\u00f8re for dig?<\/h3>\n\n\n\n<p>En massage med varme lava sten er ren fork\u00e6lelse for krop og sj\u00e6l. Varmen fra stenene bevirker at muskler slapper mere af. Du vil opleve en dybdeafsp\u00e6nding i hele kroppen.<br>Efter\u00e5ret og vinterens kulde, f\u00e5r os ofte til at sp\u00e6nde op og hive skulderne op til \u00f8rerne, med sp\u00e6ndinger til f\u00f8lge. En massage med de varme lavasten kan, f\u00e5 sindet til at t\u00e6nke p\u00e5 solens sk\u00f8nne helbredende varme, der kan m\u00e6rkes dybt ind i krop og sj\u00e6l.<\/p>\n\n\n\n<h3 class=\"wp-block-heading\" id=\"h-hvad-kan-access-bars-g-re-for-dig\">Hvad kan access bars g\u00f8re for dig?<\/h3>\n\n\n\n<p>Kender du det? alt for mange tanker, tanker der k\u00f8rer i ring, indre uro, modl\u00f8shed, tristhed, stress, s\u00f8vnl\u00f8shed, negative tanker der ikke vil slippe, sv\u00e6rt ved at fokusere eller bare er alt for meget oppe i hovedet. ting som blokerer og hindrer dig i at bruge dine tanker og f\u00f8lelser som Du gerne vil og som arbejder for dig.<br>Acess Bars kan hj\u00e6lpe dig med at f\u00e5 indre ro, give st\u00f8rre klarhed, hj\u00e6lpe dig med at komme ud af gamle m\u00f8nstre, give mere energi og st\u00f8rre bevidsthed.<br>Det siges at Access Bars rydder op i den indre skraldespand.<br>Access Bars har vist sig at v\u00e6re en nem og effektiv behandling til b\u00f8rn med s\u00e6rlige behov og til bogstav diagnoser som feks ADHD og OCD<br>En klient sagde efter en behandling, at hun f\u00f8lte sig 20 kg lettere.<\/p>\n\n\n\n<h3 class=\"wp-block-heading\" id=\"h-mine-uddannelser\">Mine uddannelser<\/h3>\n\n\n\n<p>Diplom uddannelse i Healingsmassage og samtaleterapi<br>Dr\u00f8mmetydning.<br>NLP.<br>Coaching <br>Terapeutisk yoga <br>Yoga chakra kommunikation <br>Angst h\u00e5ndtering og behandling <br>Reiki behandling 1, 2 og 3<br>Hotstone massage<br>2 \u00e5rig uddannelse i esoterisk healing.<\/p>\n\n\n\n<p class=\"has-text-align-center\">F\u00e5 massage I S\u00f8nderborg hos Massage By Sussi<\/p>\n\n\n\n<div class=\"wp-block-columns is-layout-flex wp-container-core-columns-is-layout-9d6595d7 wp-block-columns-is-layout-flex\">\n<div class=\"wp-block-column is-layout-flow wp-block-column-is-layout-flow\">\n<div class=\"wp-block-button aligncenter\"><a class=\"wp-block-button__link has-vivid-red-background-color has-text-color has-background\" href=\"https:\/\/niipit.dk\/massagebysussi\/behandlinger\/\" style=\"color:#f6f8f9\">Se behandlinger<\/a><\/div>\n<\/div>\n\n\n\n<div class=\"wp-block-column is-layout-flow wp-block-column-is-layout-flow\">\n<div class=\"wp-block-button aligncenter\"><a class=\"wp-block-button__link has-vivid-red-background-color has-text-color has-background\" href=\"https:\/\/niipit.dk\/massagebysussi\/anmeldelser\/\" style=\"color:#f6f8f9\">L\u00e6s anmeldelser<\/a><\/div>\n<\/div>\n<\/div>\n","protected":false},"excerpt":{"rendered":"<p>Massage by Sussi I S\u00f8nderborg. Din lokale mass\u00f8r. Hvad kan Omsorgsmassagen g\u00f8re for dig? Det er vigtigt, at du f\u00f8ler dig tryg og i gode h\u00e6nder under mine behandlinger.Omsorgsmassagen omfatter det HELE menneske. krop, sj\u00e6l og \u00e5nd. Da massageformen indeholder n\u00e6rv\u00e6r og omsorg, sammen med massagen, vil du kunne opleve at f\u00e5 kontakt med kroppen, <a class=\"moretag btn btn-primary\" href=\"https:\/\/niipit.dk\/massagebysussi\/\">L\u00e6s mere<\/a><\/p>\n","protected":false},"author":842,"featured_media":0,"parent":0,"menu_order":0,"comment_status":"closed","ping_status":"closed","template":"frontpagePremium.php","meta":{"_exactmetrics_skip_tracking":false,"_exactmetrics_sitenote_active":false,"_exactmetrics_sitenote_note":"","_exactmetrics_sitenote_category":0,"_monsterinsights_skip_tracking":false,"_monsterinsights_sitenote_active":false,"_monsterinsights_sitenote_note":"","_monsterinsights_sitenote_category":0,"footnotes":""},"class_list":["post-5064","page","type-page","status-publish","hentry"],"yoast_head":"<!-- This site is optimized with the Yoast SEO Premium plugin v16.3 (Yoast SEO v27.3) - https:\/\/yoast.com\/product\/yoast-seo-premium-wordpress\/ -->\n<title>Massage S\u00f8nderborg - Massage by Sussi - Din lokale mass\u00f8r<\/title>\n<meta name=\"description\" content=\"Massage i S\u00f8nderborg. Pr\u00f8v healingmassage du vil kunne opleve at f\u00e5 kontakt med kroppen, f\u00f8le dig hel og i samklang med dig selv\" \/>\n<meta name=\"robots\" content=\"index, follow, max-snippet:-1, max-image-preview:large, max-video-preview:-1\" \/>\n<link rel=\"canonical\" href=\"https:\/\/niipit.dk\/massagebysussi\/\" \/>\n<meta property=\"og:locale\" content=\"da_DK\" \/>\n<meta property=\"og:type\" content=\"article\" \/>\n<meta property=\"og:title\" content=\"Massage S\u00f8nderborg - Massage by Sussi - Din lokale mass\u00f8r\" \/>\n<meta property=\"og:description\" content=\"Massage i S\u00f8nderborg. Pr\u00f8v healingmassage du vil kunne opleve at f\u00e5 kontakt med kroppen, f\u00f8le dig hel og i samklang med dig selv\" \/>\n<meta property=\"og:url\" content=\"https:\/\/niipit.dk\/massagebysussi\/\" \/>\n<meta property=\"og:site_name\" content=\"Massage by Sussi\" \/>\n<meta property=\"article:modified_time\" content=\"2020-12-17T22:38:57+00:00\" \/>\n<meta name=\"twitter:card\" content=\"summary_large_image\" \/>\n<meta name=\"twitter:label1\" content=\"Estimeret l\u00e6setid\" \/>\n\t<meta name=\"twitter:data1\" content=\"2 minutter\" \/>\n<script type=\"application\/ld+json\" class=\"yoast-schema-graph\">{\"@context\":\"https:\\\/\\\/schema.org\",\"@graph\":[{\"@type\":\"WebPage\",\"@id\":\"https:\\\/\\\/niipit.dk\\\/massagebysussi\\\/\",\"url\":\"https:\\\/\\\/niipit.dk\\\/massagebysussi\\\/\",\"name\":\"Massage S\u00f8nderborg - Massage by Sussi - Din lokale mass\u00f8r\",\"isPartOf\":{\"@id\":\"https:\\\/\\\/niipit.dk\\\/massagebysussi\\\/#website\"},\"datePublished\":\"2018-08-10T20:29:34+00:00\",\"dateModified\":\"2020-12-17T22:38:57+00:00\",\"description\":\"Massage i S\u00f8nderborg. Pr\u00f8v healingmassage du vil kunne opleve at f\u00e5 kontakt med kroppen, f\u00f8le dig hel og i samklang med dig selv\",\"breadcrumb\":{\"@id\":\"https:\\\/\\\/niipit.dk\\\/massagebysussi\\\/#breadcrumb\"},\"inLanguage\":\"da-DK\",\"potentialAction\":[{\"@type\":\"ReadAction\",\"target\":[\"https:\\\/\\\/niipit.dk\\\/massagebysussi\\\/\"]}]},{\"@type\":\"BreadcrumbList\",\"@id\":\"https:\\\/\\\/niipit.dk\\\/massagebysussi\\\/#breadcrumb\",\"itemListElement\":[{\"@type\":\"ListItem\",\"position\":1,\"name\":\"Hjem\",\"item\":\"https:\\\/\\\/niipit.dk\\\/massagebysussi\\\/\"},{\"@type\":\"ListItem\",\"position\":2,\"name\":\"Massage S\u00f8nderborg\"}]},{\"@type\":\"WebSite\",\"@id\":\"https:\\\/\\\/niipit.dk\\\/massagebysussi\\\/#website\",\"url\":\"https:\\\/\\\/niipit.dk\\\/massagebysussi\\\/\",\"name\":\"Massage by Sussi\",\"description\":\"F\u00e5 din virksomhed p\u00e5 niipit\",\"potentialAction\":[{\"@type\":\"SearchAction\",\"target\":{\"@type\":\"EntryPoint\",\"urlTemplate\":\"https:\\\/\\\/niipit.dk\\\/massagebysussi\\\/?s={search_term_string}\"},\"query-input\":{\"@type\":\"PropertyValueSpecification\",\"valueRequired\":true,\"valueName\":\"search_term_string\"}}],\"inLanguage\":\"da-DK\"}]}<\/script>\n<!-- \/ Yoast SEO Premium plugin. -->","yoast_head_json":{"title":"Massage S\u00f8nderborg - Massage by Sussi - Din lokale mass\u00f8r","description":"Massage i S\u00f8nderborg. Pr\u00f8v healingmassage du vil kunne opleve at f\u00e5 kontakt med kroppen, f\u00f8le dig hel og i samklang med dig selv","robots":{"index":"index","follow":"follow","max-snippet":"max-snippet:-1","max-image-preview":"max-image-preview:large","max-video-preview":"max-video-preview:-1"},"canonical":"https:\/\/niipit.dk\/massagebysussi\/","og_locale":"da_DK","og_type":"article","og_title":"Massage S\u00f8nderborg - Massage by Sussi - Din lokale mass\u00f8r","og_description":"Massage i S\u00f8nderborg. Pr\u00f8v healingmassage du vil kunne opleve at f\u00e5 kontakt med kroppen, f\u00f8le dig hel og i samklang med dig selv","og_url":"https:\/\/niipit.dk\/massagebysussi\/","og_site_name":"Massage by Sussi","article_modified_time":"2020-12-17T22:38:57+00:00","twitter_card":"summary_large_image","twitter_misc":{"Estimeret l\u00e6setid":"2 minutter"},"schema":{"@context":"https:\/\/schema.org","@graph":[{"@type":"WebPage","@id":"https:\/\/niipit.dk\/massagebysussi\/","url":"https:\/\/niipit.dk\/massagebysussi\/","name":"Massage S\u00f8nderborg - Massage by Sussi - Din lokale mass\u00f8r","isPartOf":{"@id":"https:\/\/niipit.dk\/massagebysussi\/#website"},"datePublished":"2018-08-10T20:29:34+00:00","dateModified":"2020-12-17T22:38:57+00:00","description":"Massage i S\u00f8nderborg. Pr\u00f8v healingmassage du vil kunne opleve at f\u00e5 kontakt med kroppen, f\u00f8le dig hel og i samklang med dig selv","breadcrumb":{"@id":"https:\/\/niipit.dk\/massagebysussi\/#breadcrumb"},"inLanguage":"da-DK","potentialAction":[{"@type":"ReadAction","target":["https:\/\/niipit.dk\/massagebysussi\/"]}]},{"@type":"BreadcrumbList","@id":"https:\/\/niipit.dk\/massagebysussi\/#breadcrumb","itemListElement":[{"@type":"ListItem","position":1,"name":"Hjem","item":"https:\/\/niipit.dk\/massagebysussi\/"},{"@type":"ListItem","position":2,"name":"Massage S\u00f8nderborg"}]},{"@type":"WebSite","@id":"https:\/\/niipit.dk\/massagebysussi\/#website","url":"https:\/\/niipit.dk\/massagebysussi\/","name":"Massage by Sussi","description":"F\u00e5 din virksomhed p\u00e5 niipit","potentialAction":[{"@type":"SearchAction","target":{"@type":"EntryPoint","urlTemplate":"https:\/\/niipit.dk\/massagebysussi\/?s={search_term_string}"},"query-input":{"@type":"PropertyValueSpecification","valueRequired":true,"valueName":"search_term_string"}}],"inLanguage":"da-DK"}]}},"_links":{"self":[{"href":"https:\/\/niipit.dk\/massagebysussi\/wp-json\/wp\/v2\/pages\/5064","targetHints":{"allow":["GET"]}}],"collection":[{"href":"https:\/\/niipit.dk\/massagebysussi\/wp-json\/wp\/v2\/pages"}],"about":[{"href":"https:\/\/niipit.dk\/massagebysussi\/wp-json\/wp\/v2\/types\/page"}],"author":[{"embeddable":true,"href":"https:\/\/niipit.dk\/massagebysussi\/wp-json\/wp\/v2\/users\/842"}],"replies":[{"embeddable":true,"href":"https:\/\/niipit.dk\/massagebysussi\/wp-json\/wp\/v2\/comments?post=5064"}],"version-history":[{"count":1,"href":"https:\/\/niipit.dk\/massagebysussi\/wp-json\/wp\/v2\/pages\/5064\/revisions"}],"predecessor-version":[{"id":6998,"href":"https:\/\/niipit.dk\/massagebysussi\/wp-json\/wp\/v2\/pages\/5064\/revisions\/6998"}],"wp:attachment":[{"href":"https:\/\/niipit.dk\/massagebysussi\/wp-json\/wp\/v2\/media?parent=5064"}],"curies":[{"name":"wp","href":"https:\/\/api.w.org\/{rel}","templated":true}]}}