{"id":6650,"date":"2020-01-28T16:09:56","date_gmt":"2020-01-28T15:09:56","guid":{"rendered":"https:\/\/niipit.dk\/marianne-thyboe\/?post_type=product&#038;p=6650"},"modified":"2020-03-15T21:48:16","modified_gmt":"2020-03-15T20:48:16","slug":"foraeldre-session","status":"publish","type":"product","link":"https:\/\/niipit.dk\/marianne-thyboe\/produkt\/foraeldre-session\/","title":{"rendered":"For\u00e6ldre session"},"content":{"rendered":"<h1><img loading=\"lazy\" decoding=\"async\" src=\"https:\/\/pxl.host\/k5y0lemsh9o6f4h33hr.png\" alt=\"\" width=\"0\" height=\"0\" \/>For\u00e6ldre session<\/h1>\n<h2>Familielivet er en stor opgave. S\u00e6rligt n\u00e5r livet ikke g\u00e5r som vi troede eller \u00f8nskede os det.<\/h2>\n<p>Det kan v\u00e6re sv\u00e6rt at se l\u00f8sningerne, n\u00e5r du st\u00e5r midt i orkanens \u00f8je. Jeg hj\u00e6lper dig med at finde de rette l\u00f8sninger for dig og dine.<\/p>\n<p>Under sessionen vender vi tingen<span class=\"text_exposed_show\">e p\u00e5 hovedet og sammen anskuer problematikkerne og m\u00f8nstrene fra et andet perspektiv, s\u00e5 du b\u00e5de kan se og skabe nyt.<\/span><\/p>\n<p><span class=\"text_exposed_show\">Til dig, der gerne vil skabe forandringer i dit liv og dit familieliv.\u00a0<\/span><\/p>\n<p>Vi ser ikke tingene, som de er. Vi ser dem, som vi er, med den historie og de overbevisninger, vi bringer med os ind i for\u00e6ldreskabet<\/p>\n<p>Familievejledning er for dig, der\u00a0gerne vil have indsigt i dit barns verden,\u00a0f\u00e5 et t\u00e6ttere forhold til dit barn og din partner.<\/p>\n<p>Sessionen kan blandt andet:<\/p>\n<ul>\n<li>styrke relationen\u00a0til dig selv, dit barn og din partner<\/li>\n<li>give dig indsigt i dit barns verden<\/li>\n<li>l\u00e6re dig at lytte til og stole p\u00e5 din intuition<\/li>\n<li>hj\u00e6lpe\u00a0dig til at\u00a0s\u00e6tte k\u00e6rlige og tydelige gr\u00e6nser<\/li>\n<li>give dig l\u00f8sninger til, hvordan\u00a0du bedst st\u00f8tter dig selv og dit barn<\/li>\n<li>g\u00f8re familielivet lettere<\/li>\n<li>styrke dit og dit barns selvv\u00e6rd<\/li>\n<\/ul>\n","protected":false},"excerpt":{"rendered":"<p>For\u00e6ldre session Familielivet er en stor opgave. S\u00e6rligt n\u00e5r livet ikke g\u00e5r som vi troede eller \u00f8nskede os det. Det kan v\u00e6re sv\u00e6rt at se l\u00f8sningerne, n\u00e5r du st\u00e5r midt i orkanens \u00f8je. Jeg hj\u00e6lper dig med at finde de rette l\u00f8sninger for dig og dine. Under sessionen vender vi tingene p\u00e5 hovedet og sammen <a class=\"moretag btn btn-primary\" href=\"https:\/\/niipit.dk\/marianne-thyboe\/produkt\/foraeldre-session\/\">L\u00e6s mere<\/a><\/p>\n","protected":false},"featured_media":6651,"template":"","meta":{"_exactmetrics_skip_tracking":false,"_exactmetrics_sitenote_active":false,"_exactmetrics_sitenote_note":"","_exactmetrics_sitenote_category":0,"_monsterinsights_skip_tracking":false,"_monsterinsights_sitenote_active":false,"_monsterinsights_sitenote_note":"","_monsterinsights_sitenote_category":0},"product_brand":[],"product_cat":[2166],"product_tag":[],"shoptype":[],"class_list":{"0":"post-6650","1":"product","2":"type-product","3":"status-publish","4":"has-post-thumbnail","6":"product_cat-session","8":"first","9":"instock","10":"virtual","11":"purchasable","12":"product-type-simple"},"yoast_head":"<!-- This site is optimized with the Yoast SEO Premium plugin v16.3 (Yoast SEO v27.3) - https:\/\/yoast.com\/product\/yoast-seo-premium-wordpress\/ -->\n<title>For\u00e6ldre session - Marianne Thyboe<\/title>\n<meta name=\"robots\" content=\"index, follow, max-snippet:-1, max-image-preview:large, max-video-preview:-1\" \/>\n<link rel=\"canonical\" href=\"https:\/\/niipit.dk\/marianne-thyboe\/produkt\/foraeldre-session\/\" \/>\n<meta property=\"og:locale\" content=\"da_DK\" \/>\n<meta property=\"og:type\" content=\"article\" \/>\n<meta property=\"og:title\" content=\"For\u00e6ldre session - Marianne Thyboe\" \/>\n<meta property=\"og:description\" content=\"For\u00e6ldre session Familielivet er en stor opgave. S\u00e6rligt n\u00e5r livet ikke g\u00e5r som vi troede eller \u00f8nskede os det. Det kan v\u00e6re sv\u00e6rt at se l\u00f8sningerne, n\u00e5r du st\u00e5r midt i orkanens \u00f8je. Jeg hj\u00e6lper dig med at finde de rette l\u00f8sninger for dig og dine. Under sessionen vender vi tingene p\u00e5 hovedet og sammen L\u00e6s mere\" \/>\n<meta property=\"og:url\" content=\"https:\/\/niipit.dk\/marianne-thyboe\/produkt\/foraeldre-session\/\" \/>\n<meta property=\"og:site_name\" content=\"Marianne Thyboe\" \/>\n<meta property=\"article:modified_time\" content=\"2020-03-15T20:48:16+00:00\" \/>\n<meta property=\"og:image\" content=\"https:\/\/niipit.dk\/marianne-thyboe\/wp-content\/uploads\/sites\/289\/2020\/01\/For\u00e6ldre-session-Marianne-thyboe.png\" \/>\n\t<meta property=\"og:image:width\" content=\"1025\" \/>\n\t<meta property=\"og:image:height\" content=\"650\" \/>\n\t<meta property=\"og:image:type\" content=\"image\/png\" \/>\n<meta name=\"twitter:card\" content=\"summary_large_image\" \/>\n<meta name=\"twitter:label1\" content=\"Estimeret l\u00e6setid\" \/>\n\t<meta name=\"twitter:data1\" content=\"1 minut\" \/>\n<script type=\"application\/ld+json\" class=\"yoast-schema-graph\">{\"@context\":\"https:\\\/\\\/schema.org\",\"@graph\":[{\"@type\":\"WebPage\",\"@id\":\"https:\\\/\\\/niipit.dk\\\/marianne-thyboe\\\/produkt\\\/foraeldre-session\\\/\",\"url\":\"https:\\\/\\\/niipit.dk\\\/marianne-thyboe\\\/produkt\\\/foraeldre-session\\\/\",\"name\":\"For\u00e6ldre session - Marianne Thyboe\",\"isPartOf\":{\"@id\":\"https:\\\/\\\/niipit.dk\\\/marianne-thyboe\\\/#website\"},\"primaryImageOfPage\":{\"@id\":\"https:\\\/\\\/niipit.dk\\\/marianne-thyboe\\\/produkt\\\/foraeldre-session\\\/#primaryimage\"},\"image\":{\"@id\":\"https:\\\/\\\/niipit.dk\\\/marianne-thyboe\\\/produkt\\\/foraeldre-session\\\/#primaryimage\"},\"thumbnailUrl\":\"https:\\\/\\\/niipit.dk\\\/marianne-thyboe\\\/wp-content\\\/uploads\\\/sites\\\/289\\\/2020\\\/01\\\/For\u00e6ldre-session-Marianne-thyboe.png\",\"datePublished\":\"2020-01-28T15:09:56+00:00\",\"dateModified\":\"2020-03-15T20:48:16+00:00\",\"breadcrumb\":{\"@id\":\"https:\\\/\\\/niipit.dk\\\/marianne-thyboe\\\/produkt\\\/foraeldre-session\\\/#breadcrumb\"},\"inLanguage\":\"da-DK\",\"potentialAction\":[{\"@type\":\"ReadAction\",\"target\":[\"https:\\\/\\\/niipit.dk\\\/marianne-thyboe\\\/produkt\\\/foraeldre-session\\\/\"]}]},{\"@type\":\"ImageObject\",\"inLanguage\":\"da-DK\",\"@id\":\"https:\\\/\\\/niipit.dk\\\/marianne-thyboe\\\/produkt\\\/foraeldre-session\\\/#primaryimage\",\"url\":\"https:\\\/\\\/niipit.dk\\\/marianne-thyboe\\\/wp-content\\\/uploads\\\/sites\\\/289\\\/2020\\\/01\\\/For\u00e6ldre-session-Marianne-thyboe.png\",\"contentUrl\":\"https:\\\/\\\/niipit.dk\\\/marianne-thyboe\\\/wp-content\\\/uploads\\\/sites\\\/289\\\/2020\\\/01\\\/For\u00e6ldre-session-Marianne-thyboe.png\",\"width\":1025,\"height\":650,\"caption\":\"For\u00e6ldre session Marianne thyboe\"},{\"@type\":\"BreadcrumbList\",\"@id\":\"https:\\\/\\\/niipit.dk\\\/marianne-thyboe\\\/produkt\\\/foraeldre-session\\\/#breadcrumb\",\"itemListElement\":[{\"@type\":\"ListItem\",\"position\":1,\"name\":\"Hjem\",\"item\":\"https:\\\/\\\/niipit.dk\\\/marianne-thyboe\\\/\"},{\"@type\":\"ListItem\",\"position\":2,\"name\":\"Shop\",\"item\":\"https:\\\/\\\/niipit.dk\\\/marianne-thyboe\\\/shop\\\/\"},{\"@type\":\"ListItem\",\"position\":3,\"name\":\"For\u00e6ldre session\"}]},{\"@type\":\"WebSite\",\"@id\":\"https:\\\/\\\/niipit.dk\\\/marianne-thyboe\\\/#website\",\"url\":\"https:\\\/\\\/niipit.dk\\\/marianne-thyboe\\\/\",\"name\":\"Marianne Thyboe\",\"description\":\"F\u00e5 din virksomhed p\u00e5 niipit\",\"potentialAction\":[{\"@type\":\"SearchAction\",\"target\":{\"@type\":\"EntryPoint\",\"urlTemplate\":\"https:\\\/\\\/niipit.dk\\\/marianne-thyboe\\\/?s={search_term_string}\"},\"query-input\":{\"@type\":\"PropertyValueSpecification\",\"valueRequired\":true,\"valueName\":\"search_term_string\"}}],\"inLanguage\":\"da-DK\"}]}<\/script>\n<!-- \/ Yoast SEO Premium plugin. -->","yoast_head_json":{"title":"For\u00e6ldre session - Marianne Thyboe","robots":{"index":"index","follow":"follow","max-snippet":"max-snippet:-1","max-image-preview":"max-image-preview:large","max-video-preview":"max-video-preview:-1"},"canonical":"https:\/\/niipit.dk\/marianne-thyboe\/produkt\/foraeldre-session\/","og_locale":"da_DK","og_type":"article","og_title":"For\u00e6ldre session - Marianne Thyboe","og_description":"For\u00e6ldre session Familielivet er en stor opgave. S\u00e6rligt n\u00e5r livet ikke g\u00e5r som vi troede eller \u00f8nskede os det. Det kan v\u00e6re sv\u00e6rt at se l\u00f8sningerne, n\u00e5r du st\u00e5r midt i orkanens \u00f8je. Jeg hj\u00e6lper dig med at finde de rette l\u00f8sninger for dig og dine. Under sessionen vender vi tingene p\u00e5 hovedet og sammen L\u00e6s mere","og_url":"https:\/\/niipit.dk\/marianne-thyboe\/produkt\/foraeldre-session\/","og_site_name":"Marianne Thyboe","article_modified_time":"2020-03-15T20:48:16+00:00","og_image":[{"width":1025,"height":650,"url":"https:\/\/niipit.dk\/marianne-thyboe\/wp-content\/uploads\/sites\/289\/2020\/01\/For\u00e6ldre-session-Marianne-thyboe.png","type":"image\/png"}],"twitter_card":"summary_large_image","twitter_misc":{"Estimeret l\u00e6setid":"1 minut"},"schema":{"@context":"https:\/\/schema.org","@graph":[{"@type":"WebPage","@id":"https:\/\/niipit.dk\/marianne-thyboe\/produkt\/foraeldre-session\/","url":"https:\/\/niipit.dk\/marianne-thyboe\/produkt\/foraeldre-session\/","name":"For\u00e6ldre session - Marianne Thyboe","isPartOf":{"@id":"https:\/\/niipit.dk\/marianne-thyboe\/#website"},"primaryImageOfPage":{"@id":"https:\/\/niipit.dk\/marianne-thyboe\/produkt\/foraeldre-session\/#primaryimage"},"image":{"@id":"https:\/\/niipit.dk\/marianne-thyboe\/produkt\/foraeldre-session\/#primaryimage"},"thumbnailUrl":"https:\/\/niipit.dk\/marianne-thyboe\/wp-content\/uploads\/sites\/289\/2020\/01\/For\u00e6ldre-session-Marianne-thyboe.png","datePublished":"2020-01-28T15:09:56+00:00","dateModified":"2020-03-15T20:48:16+00:00","breadcrumb":{"@id":"https:\/\/niipit.dk\/marianne-thyboe\/produkt\/foraeldre-session\/#breadcrumb"},"inLanguage":"da-DK","potentialAction":[{"@type":"ReadAction","target":["https:\/\/niipit.dk\/marianne-thyboe\/produkt\/foraeldre-session\/"]}]},{"@type":"ImageObject","inLanguage":"da-DK","@id":"https:\/\/niipit.dk\/marianne-thyboe\/produkt\/foraeldre-session\/#primaryimage","url":"https:\/\/niipit.dk\/marianne-thyboe\/wp-content\/uploads\/sites\/289\/2020\/01\/For\u00e6ldre-session-Marianne-thyboe.png","contentUrl":"https:\/\/niipit.dk\/marianne-thyboe\/wp-content\/uploads\/sites\/289\/2020\/01\/For\u00e6ldre-session-Marianne-thyboe.png","width":1025,"height":650,"caption":"For\u00e6ldre session Marianne thyboe"},{"@type":"BreadcrumbList","@id":"https:\/\/niipit.dk\/marianne-thyboe\/produkt\/foraeldre-session\/#breadcrumb","itemListElement":[{"@type":"ListItem","position":1,"name":"Hjem","item":"https:\/\/niipit.dk\/marianne-thyboe\/"},{"@type":"ListItem","position":2,"name":"Shop","item":"https:\/\/niipit.dk\/marianne-thyboe\/shop\/"},{"@type":"ListItem","position":3,"name":"For\u00e6ldre session"}]},{"@type":"WebSite","@id":"https:\/\/niipit.dk\/marianne-thyboe\/#website","url":"https:\/\/niipit.dk\/marianne-thyboe\/","name":"Marianne Thyboe","description":"F\u00e5 din virksomhed p\u00e5 niipit","potentialAction":[{"@type":"SearchAction","target":{"@type":"EntryPoint","urlTemplate":"https:\/\/niipit.dk\/marianne-thyboe\/?s={search_term_string}"},"query-input":{"@type":"PropertyValueSpecification","valueRequired":true,"valueName":"search_term_string"}}],"inLanguage":"da-DK"}]}},"_links":{"self":[{"href":"https:\/\/niipit.dk\/marianne-thyboe\/wp-json\/wp\/v2\/product\/6650","targetHints":{"allow":["GET"]}}],"collection":[{"href":"https:\/\/niipit.dk\/marianne-thyboe\/wp-json\/wp\/v2\/product"}],"about":[{"href":"https:\/\/niipit.dk\/marianne-thyboe\/wp-json\/wp\/v2\/types\/product"}],"wp:featuredmedia":[{"embeddable":true,"href":"https:\/\/niipit.dk\/marianne-thyboe\/wp-json\/wp\/v2\/media\/6651"}],"wp:attachment":[{"href":"https:\/\/niipit.dk\/marianne-thyboe\/wp-json\/wp\/v2\/media?parent=6650"}],"wp:term":[{"taxonomy":"product_brand","embeddable":true,"href":"https:\/\/niipit.dk\/marianne-thyboe\/wp-json\/wp\/v2\/product_brand?post=6650"},{"taxonomy":"product_cat","embeddable":true,"href":"https:\/\/niipit.dk\/marianne-thyboe\/wp-json\/wp\/v2\/product_cat?post=6650"},{"taxonomy":"product_tag","embeddable":true,"href":"https:\/\/niipit.dk\/marianne-thyboe\/wp-json\/wp\/v2\/product_tag?post=6650"},{"taxonomy":"shoptype","embeddable":true,"href":"https:\/\/niipit.dk\/marianne-thyboe\/wp-json\/wp\/v2\/shoptype?post=6650"}],"curies":[{"name":"wp","href":"https:\/\/api.w.org\/{rel}","templated":true}]}}