{"id":6637,"date":"2020-01-27T15:17:48","date_gmt":"2020-01-27T14:17:48","guid":{"rendered":"https:\/\/niipit.dk\/marianne-thyboe\/?post_type=product&#038;p=6637"},"modified":"2020-03-15T21:47:30","modified_gmt":"2020-03-15T20:47:30","slug":"loes-konflikter-og-hjaelp-dit-barn","status":"publish","type":"product","link":"https:\/\/niipit.dk\/marianne-thyboe\/produkt\/loes-konflikter-og-hjaelp-dit-barn\/","title":{"rendered":"L\u00f8s konflikter og hj\u00e6lp dit barn"},"content":{"rendered":"<h1>L\u00f8s konflikter og hj\u00e6lp dit barn<\/h1>\n<h2>8 ugers kursus<\/h2>\n<h3>S\u00e5dan l\u00f8ser du konflikterne og hj\u00e6lper dit barn igennem de sv\u00e6re f\u00f8lelser p\u00e5 en god m\u00e5de<\/h3>\n<p>L\u00f8s konflikter og hj\u00e6lp dit barn er kurset der p\u00e5 kun 8 uger l\u00e6re dig og dit barn at samarbejde.<\/p>\n<p><strong>Savner du (ogs\u00e5) en hverdag med mere overskud, k\u00e6rlighed, n\u00e6rv\u00e6r og gl\u00e6de i familien?<\/strong><\/p>\n<p>Har du oplevet at dine b\u00f8rn ikke h\u00f8re efter?<\/p>\n<p>Har du set dit barn straffe andre under et raseriudbrud?<\/p>\n<p>Har du set konflikterne\u00a0p\u00e5virker relationen i negativ grad?<\/p>\n<h2>N\u00e6ste kursus start 31.Januar 2020<\/h2>\n<p>P\u00e5 det 8 ugers kursus l\u00e6re du k\u00e6rlighedsbaseret opdragelse, hvordan du h\u00e6ver barnets selvv\u00e6rd. Du l\u00e6re teknikker der g\u00f8r at du kan bevare roen i pressede situationer. Du l\u00e6re at slippe gamle m\u00f8nstre der holder b\u00e5de dig og barnet i den negative udvikling der sker lige nu. Du l\u00e6re at m\u00f8de og forst\u00e5 dit barn som det er lige nu og her. Du f\u00e5r v\u00e6rkt\u00f8jer til at kn\u00e6kke koden for hvorfor barnets opf\u00f8rsel er som den er. Hele familien opn\u00e5r mere overskud og energi. Dit barn vil l\u00e6re at samarbejde med dig. Du vil lytte og stole p\u00e5 din intuition og konflikter vil blive en mindre del af dit liv samtidig med at k\u00e6rlighed og hygge vil blive en meget st\u00f8rre del af jeres liv.<\/p>\n<h2>Mere end 600 for\u00e6ldre har gennemf\u00f8rt kurset &#8220;L\u00f8s konflikter og hj\u00e6lp dit barn&#8221; f\u00f8r dig.<br \/>\nL\u00e6s flere af anmeldelserne <a href=\"https:\/\/niipit.dk\/marianne-thyboe\/anmeldelser\/\">her<\/a><\/h2>\n<p>Skal du have en letterer hverdag?<br \/>\nVil du have mere overskud?<br \/>\nF\u00e5 dit k\u00e6rlige barn tilbage?<\/p>\n<h2>Tilmeld dig kurset her s\u00e5 er du automatisk med.<\/h2>\n<p>F\u00f8lg mig p\u00e5 <a href=\"https:\/\/www.facebook.com\/mariannethyboe.dk\/\">Facebook<\/a><\/p>\n<p>L\u00e6s om hele kurset <a href=\"https:\/\/mariannethyboe.dk\/saadan-skaber-du-et-harmonisk-familieliv\/\">her\u00a0<\/a><\/p>\n","protected":false},"excerpt":{"rendered":"<p>L\u00f8s konflikter og hj\u00e6lp dit barn 8 ugers kursus S\u00e5dan l\u00f8ser du konflikterne og hj\u00e6lper dit barn igennem de sv\u00e6re f\u00f8lelser p\u00e5 en god m\u00e5de L\u00f8s konflikter og hj\u00e6lp dit barn er kurset der p\u00e5 kun 8 uger l\u00e6re dig og dit barn at samarbejde. Savner du (ogs\u00e5) en hverdag med mere overskud, k\u00e6rlighed, n\u00e6rv\u00e6r <a class=\"moretag btn btn-primary\" href=\"https:\/\/niipit.dk\/marianne-thyboe\/produkt\/loes-konflikter-og-hjaelp-dit-barn\/\">L\u00e6s mere<\/a><\/p>\n","protected":false},"featured_media":6638,"template":"","meta":{"_exactmetrics_skip_tracking":false,"_exactmetrics_sitenote_active":false,"_exactmetrics_sitenote_note":"","_exactmetrics_sitenote_category":0,"_monsterinsights_skip_tracking":false,"_monsterinsights_sitenote_active":false,"_monsterinsights_sitenote_note":"","_monsterinsights_sitenote_category":0},"product_brand":[],"product_cat":[2165],"product_tag":[],"shoptype":[],"class_list":{"0":"post-6637","1":"product","2":"type-product","3":"status-publish","4":"has-post-thumbnail","6":"product_cat-kurser","8":"first","9":"instock","10":"shipping-taxable","11":"purchasable","12":"product-type-simple"},"yoast_head":"<!-- This site is optimized with the Yoast SEO Premium plugin v16.3 (Yoast SEO v27.3) - https:\/\/yoast.com\/product\/yoast-seo-premium-wordpress\/ -->\n<title>L\u00f8s konflikter og hj\u00e6lp dit barn - 8 ugers kursus starter snart.<\/title>\n<meta name=\"description\" content=\"Skal du med p\u00e5 kurset - L\u00f8s konflikter og hj\u00e6lp dit barn \u2502Pris 1975 kr. for alle 8 uger\u2502 Kontakt os p\u00e5 \u260e 20 46 88 47 eller klik her \u27a4\" \/>\n<meta name=\"robots\" content=\"index, follow, max-snippet:-1, max-image-preview:large, max-video-preview:-1\" \/>\n<link rel=\"canonical\" href=\"https:\/\/niipit.dk\/marianne-thyboe\/produkt\/loes-konflikter-og-hjaelp-dit-barn\/\" \/>\n<meta property=\"og:locale\" content=\"da_DK\" \/>\n<meta property=\"og:type\" content=\"article\" \/>\n<meta property=\"og:title\" content=\"L\u00f8s konflikter og hj\u00e6lp dit barn - 8 ugers kursus starter snart.\" \/>\n<meta property=\"og:description\" content=\"Skal du med p\u00e5 kurset - L\u00f8s konflikter og hj\u00e6lp dit barn \u2502Pris 1975 kr. for alle 8 uger\u2502 Kontakt os p\u00e5 \u260e 20 46 88 47 eller klik her \u27a4\" \/>\n<meta property=\"og:url\" content=\"https:\/\/niipit.dk\/marianne-thyboe\/produkt\/loes-konflikter-og-hjaelp-dit-barn\/\" \/>\n<meta property=\"og:site_name\" content=\"Marianne Thyboe\" \/>\n<meta property=\"article:modified_time\" content=\"2020-03-15T20:47:30+00:00\" \/>\n<meta property=\"og:image\" content=\"https:\/\/niipit.dk\/marianne-thyboe\/wp-content\/uploads\/sites\/289\/2020\/01\/L\u00f8s-konflikter-og-hj\u00e6lp-dit-barn-p\u00e5-8-ugers-kursus.png\" \/>\n\t<meta property=\"og:image:width\" content=\"1025\" \/>\n\t<meta property=\"og:image:height\" content=\"650\" \/>\n\t<meta property=\"og:image:type\" content=\"image\/png\" \/>\n<meta name=\"twitter:card\" content=\"summary_large_image\" \/>\n<meta name=\"twitter:label1\" content=\"Estimeret l\u00e6setid\" \/>\n\t<meta name=\"twitter:data1\" content=\"2 minutter\" \/>\n<script type=\"application\/ld+json\" class=\"yoast-schema-graph\">{\"@context\":\"https:\\\/\\\/schema.org\",\"@graph\":[{\"@type\":\"WebPage\",\"@id\":\"https:\\\/\\\/niipit.dk\\\/marianne-thyboe\\\/produkt\\\/loes-konflikter-og-hjaelp-dit-barn\\\/\",\"url\":\"https:\\\/\\\/niipit.dk\\\/marianne-thyboe\\\/produkt\\\/loes-konflikter-og-hjaelp-dit-barn\\\/\",\"name\":\"L\u00f8s konflikter og hj\u00e6lp dit barn - 8 ugers kursus starter snart.\",\"isPartOf\":{\"@id\":\"https:\\\/\\\/niipit.dk\\\/marianne-thyboe\\\/#website\"},\"primaryImageOfPage\":{\"@id\":\"https:\\\/\\\/niipit.dk\\\/marianne-thyboe\\\/produkt\\\/loes-konflikter-og-hjaelp-dit-barn\\\/#primaryimage\"},\"image\":{\"@id\":\"https:\\\/\\\/niipit.dk\\\/marianne-thyboe\\\/produkt\\\/loes-konflikter-og-hjaelp-dit-barn\\\/#primaryimage\"},\"thumbnailUrl\":\"https:\\\/\\\/niipit.dk\\\/marianne-thyboe\\\/wp-content\\\/uploads\\\/sites\\\/289\\\/2020\\\/01\\\/L\u00f8s-konflikter-og-hj\u00e6lp-dit-barn-p\u00e5-8-ugers-kursus.png\",\"datePublished\":\"2020-01-27T14:17:48+00:00\",\"dateModified\":\"2020-03-15T20:47:30+00:00\",\"description\":\"Skal du med p\u00e5 kurset - L\u00f8s konflikter og hj\u00e6lp dit barn \u2502Pris 1975 kr. for alle 8 uger\u2502 Kontakt os p\u00e5 \u260e 20 46 88 47 eller klik her \u27a4\",\"breadcrumb\":{\"@id\":\"https:\\\/\\\/niipit.dk\\\/marianne-thyboe\\\/produkt\\\/loes-konflikter-og-hjaelp-dit-barn\\\/#breadcrumb\"},\"inLanguage\":\"da-DK\",\"potentialAction\":[{\"@type\":\"ReadAction\",\"target\":[\"https:\\\/\\\/niipit.dk\\\/marianne-thyboe\\\/produkt\\\/loes-konflikter-og-hjaelp-dit-barn\\\/\"]}]},{\"@type\":\"ImageObject\",\"inLanguage\":\"da-DK\",\"@id\":\"https:\\\/\\\/niipit.dk\\\/marianne-thyboe\\\/produkt\\\/loes-konflikter-og-hjaelp-dit-barn\\\/#primaryimage\",\"url\":\"https:\\\/\\\/niipit.dk\\\/marianne-thyboe\\\/wp-content\\\/uploads\\\/sites\\\/289\\\/2020\\\/01\\\/L\u00f8s-konflikter-og-hj\u00e6lp-dit-barn-p\u00e5-8-ugers-kursus.png\",\"contentUrl\":\"https:\\\/\\\/niipit.dk\\\/marianne-thyboe\\\/wp-content\\\/uploads\\\/sites\\\/289\\\/2020\\\/01\\\/L\u00f8s-konflikter-og-hj\u00e6lp-dit-barn-p\u00e5-8-ugers-kursus.png\",\"width\":1025,\"height\":650,\"caption\":\"L\u00f8s konflikter og hj\u00e6lp dit barn p\u00e5 8 ugers kursus\"},{\"@type\":\"BreadcrumbList\",\"@id\":\"https:\\\/\\\/niipit.dk\\\/marianne-thyboe\\\/produkt\\\/loes-konflikter-og-hjaelp-dit-barn\\\/#breadcrumb\",\"itemListElement\":[{\"@type\":\"ListItem\",\"position\":1,\"name\":\"Hjem\",\"item\":\"https:\\\/\\\/niipit.dk\\\/marianne-thyboe\\\/\"},{\"@type\":\"ListItem\",\"position\":2,\"name\":\"Shop\",\"item\":\"https:\\\/\\\/niipit.dk\\\/marianne-thyboe\\\/shop\\\/\"},{\"@type\":\"ListItem\",\"position\":3,\"name\":\"L\u00f8s konflikter og hj\u00e6lp dit barn\"}]},{\"@type\":\"WebSite\",\"@id\":\"https:\\\/\\\/niipit.dk\\\/marianne-thyboe\\\/#website\",\"url\":\"https:\\\/\\\/niipit.dk\\\/marianne-thyboe\\\/\",\"name\":\"Marianne Thyboe\",\"description\":\"F\u00e5 din virksomhed p\u00e5 niipit\",\"potentialAction\":[{\"@type\":\"SearchAction\",\"target\":{\"@type\":\"EntryPoint\",\"urlTemplate\":\"https:\\\/\\\/niipit.dk\\\/marianne-thyboe\\\/?s={search_term_string}\"},\"query-input\":{\"@type\":\"PropertyValueSpecification\",\"valueRequired\":true,\"valueName\":\"search_term_string\"}}],\"inLanguage\":\"da-DK\"}]}<\/script>\n<!-- \/ Yoast SEO Premium plugin. -->","yoast_head_json":{"title":"L\u00f8s konflikter og hj\u00e6lp dit barn - 8 ugers kursus starter snart.","description":"Skal du med p\u00e5 kurset - L\u00f8s konflikter og hj\u00e6lp dit barn \u2502Pris 1975 kr. for alle 8 uger\u2502 Kontakt os p\u00e5 \u260e 20 46 88 47 eller klik her \u27a4","robots":{"index":"index","follow":"follow","max-snippet":"max-snippet:-1","max-image-preview":"max-image-preview:large","max-video-preview":"max-video-preview:-1"},"canonical":"https:\/\/niipit.dk\/marianne-thyboe\/produkt\/loes-konflikter-og-hjaelp-dit-barn\/","og_locale":"da_DK","og_type":"article","og_title":"L\u00f8s konflikter og hj\u00e6lp dit barn - 8 ugers kursus starter snart.","og_description":"Skal du med p\u00e5 kurset - L\u00f8s konflikter og hj\u00e6lp dit barn \u2502Pris 1975 kr. for alle 8 uger\u2502 Kontakt os p\u00e5 \u260e 20 46 88 47 eller klik her \u27a4","og_url":"https:\/\/niipit.dk\/marianne-thyboe\/produkt\/loes-konflikter-og-hjaelp-dit-barn\/","og_site_name":"Marianne Thyboe","article_modified_time":"2020-03-15T20:47:30+00:00","og_image":[{"width":1025,"height":650,"url":"https:\/\/niipit.dk\/marianne-thyboe\/wp-content\/uploads\/sites\/289\/2020\/01\/L\u00f8s-konflikter-og-hj\u00e6lp-dit-barn-p\u00e5-8-ugers-kursus.png","type":"image\/png"}],"twitter_card":"summary_large_image","twitter_misc":{"Estimeret l\u00e6setid":"2 minutter"},"schema":{"@context":"https:\/\/schema.org","@graph":[{"@type":"WebPage","@id":"https:\/\/niipit.dk\/marianne-thyboe\/produkt\/loes-konflikter-og-hjaelp-dit-barn\/","url":"https:\/\/niipit.dk\/marianne-thyboe\/produkt\/loes-konflikter-og-hjaelp-dit-barn\/","name":"L\u00f8s konflikter og hj\u00e6lp dit barn - 8 ugers kursus starter snart.","isPartOf":{"@id":"https:\/\/niipit.dk\/marianne-thyboe\/#website"},"primaryImageOfPage":{"@id":"https:\/\/niipit.dk\/marianne-thyboe\/produkt\/loes-konflikter-og-hjaelp-dit-barn\/#primaryimage"},"image":{"@id":"https:\/\/niipit.dk\/marianne-thyboe\/produkt\/loes-konflikter-og-hjaelp-dit-barn\/#primaryimage"},"thumbnailUrl":"https:\/\/niipit.dk\/marianne-thyboe\/wp-content\/uploads\/sites\/289\/2020\/01\/L\u00f8s-konflikter-og-hj\u00e6lp-dit-barn-p\u00e5-8-ugers-kursus.png","datePublished":"2020-01-27T14:17:48+00:00","dateModified":"2020-03-15T20:47:30+00:00","description":"Skal du med p\u00e5 kurset - L\u00f8s konflikter og hj\u00e6lp dit barn \u2502Pris 1975 kr. for alle 8 uger\u2502 Kontakt os p\u00e5 \u260e 20 46 88 47 eller klik her \u27a4","breadcrumb":{"@id":"https:\/\/niipit.dk\/marianne-thyboe\/produkt\/loes-konflikter-og-hjaelp-dit-barn\/#breadcrumb"},"inLanguage":"da-DK","potentialAction":[{"@type":"ReadAction","target":["https:\/\/niipit.dk\/marianne-thyboe\/produkt\/loes-konflikter-og-hjaelp-dit-barn\/"]}]},{"@type":"ImageObject","inLanguage":"da-DK","@id":"https:\/\/niipit.dk\/marianne-thyboe\/produkt\/loes-konflikter-og-hjaelp-dit-barn\/#primaryimage","url":"https:\/\/niipit.dk\/marianne-thyboe\/wp-content\/uploads\/sites\/289\/2020\/01\/L\u00f8s-konflikter-og-hj\u00e6lp-dit-barn-p\u00e5-8-ugers-kursus.png","contentUrl":"https:\/\/niipit.dk\/marianne-thyboe\/wp-content\/uploads\/sites\/289\/2020\/01\/L\u00f8s-konflikter-og-hj\u00e6lp-dit-barn-p\u00e5-8-ugers-kursus.png","width":1025,"height":650,"caption":"L\u00f8s konflikter og hj\u00e6lp dit barn p\u00e5 8 ugers kursus"},{"@type":"BreadcrumbList","@id":"https:\/\/niipit.dk\/marianne-thyboe\/produkt\/loes-konflikter-og-hjaelp-dit-barn\/#breadcrumb","itemListElement":[{"@type":"ListItem","position":1,"name":"Hjem","item":"https:\/\/niipit.dk\/marianne-thyboe\/"},{"@type":"ListItem","position":2,"name":"Shop","item":"https:\/\/niipit.dk\/marianne-thyboe\/shop\/"},{"@type":"ListItem","position":3,"name":"L\u00f8s konflikter og hj\u00e6lp dit barn"}]},{"@type":"WebSite","@id":"https:\/\/niipit.dk\/marianne-thyboe\/#website","url":"https:\/\/niipit.dk\/marianne-thyboe\/","name":"Marianne Thyboe","description":"F\u00e5 din virksomhed p\u00e5 niipit","potentialAction":[{"@type":"SearchAction","target":{"@type":"EntryPoint","urlTemplate":"https:\/\/niipit.dk\/marianne-thyboe\/?s={search_term_string}"},"query-input":{"@type":"PropertyValueSpecification","valueRequired":true,"valueName":"search_term_string"}}],"inLanguage":"da-DK"}]}},"_links":{"self":[{"href":"https:\/\/niipit.dk\/marianne-thyboe\/wp-json\/wp\/v2\/product\/6637","targetHints":{"allow":["GET"]}}],"collection":[{"href":"https:\/\/niipit.dk\/marianne-thyboe\/wp-json\/wp\/v2\/product"}],"about":[{"href":"https:\/\/niipit.dk\/marianne-thyboe\/wp-json\/wp\/v2\/types\/product"}],"wp:featuredmedia":[{"embeddable":true,"href":"https:\/\/niipit.dk\/marianne-thyboe\/wp-json\/wp\/v2\/media\/6638"}],"wp:attachment":[{"href":"https:\/\/niipit.dk\/marianne-thyboe\/wp-json\/wp\/v2\/media?parent=6637"}],"wp:term":[{"taxonomy":"product_brand","embeddable":true,"href":"https:\/\/niipit.dk\/marianne-thyboe\/wp-json\/wp\/v2\/product_brand?post=6637"},{"taxonomy":"product_cat","embeddable":true,"href":"https:\/\/niipit.dk\/marianne-thyboe\/wp-json\/wp\/v2\/product_cat?post=6637"},{"taxonomy":"product_tag","embeddable":true,"href":"https:\/\/niipit.dk\/marianne-thyboe\/wp-json\/wp\/v2\/product_tag?post=6637"},{"taxonomy":"shoptype","embeddable":true,"href":"https:\/\/niipit.dk\/marianne-thyboe\/wp-json\/wp\/v2\/shoptype?post=6637"}],"curies":[{"name":"wp","href":"https:\/\/api.w.org\/{rel}","templated":true}]}}