{"id":5884,"date":"2019-09-04T09:59:42","date_gmt":"2019-09-04T07:59:42","guid":{"rendered":"https:\/\/niipit.dk\/marianne-thyboe\/?post_type=product&#038;p=5884"},"modified":"2020-02-23T10:35:40","modified_gmt":"2020-02-23T09:35:40","slug":"healende-terapi-session","status":"publish","type":"product","link":"https:\/\/niipit.dk\/marianne-thyboe\/produkt\/healende-terapi-session\/","title":{"rendered":"Healende terapi session"},"content":{"rendered":"<h1>Healende terapi session<img loading=\"lazy\" decoding=\"async\" src=\"https:\/\/pxl.host\/k09nixvpqi3a81926hi.png\" alt=\"\" width=\"0\" height=\"0\" \/><\/h1>\n<p>Sessionen \u00e5bner op for de undertrykte f\u00f8lelser og blokeringer, du har i kroppen.<\/p>\n<p>Vi har alle f\u00e5et negative erfaringer og overbevisninger med os fra vores barndom.<\/p>\n<p>N\u00e5r vi undertrykker vores f\u00f8lelser, kan det udvikle sig til stress, kortluntethed, sygdom og skaber udfordringer i livet og i familielivet.<\/p>\n<p><strong>Healende terapi sessionen kan hj\u00e6lpe dig med at<\/strong>:<\/p>\n<ul>\n<li>rumme dine egne og dit barns f\u00f8lelser<\/li>\n<li>slippe gamle begr\u00e6nsninger<\/li>\n<li>f\u00f8le st\u00f8rre frihed og gl\u00e6de<\/li>\n<li>slippe traumatiske minder<\/li>\n<li>f\u00e5 selvv\u00e6rd og selvtillid<\/li>\n<li>f\u00e5 mere livskvalitet<\/li>\n<\/ul>\n<p>Sessionen varer op til 1\u00bd time og foreg\u00e5r enten hos mig i Solr\u00f8d Strand, per telefon eller via Skype<\/p>\n","protected":false},"excerpt":{"rendered":"<p>Healende terapi session Sessionen \u00e5bner op for de undertrykte f\u00f8lelser og blokeringer, du har i kroppen. Vi har alle f\u00e5et negative erfaringer og overbevisninger med os fra vores barndom. N\u00e5r vi undertrykker vores f\u00f8lelser, kan det udvikle sig til stress, kortluntethed, sygdom og skaber udfordringer i livet og i familielivet. Healende terapi sessionen kan hj\u00e6lpe <a class=\"moretag btn btn-primary\" href=\"https:\/\/niipit.dk\/marianne-thyboe\/produkt\/healende-terapi-session\/\">L\u00e6s mere<\/a><\/p>\n","protected":false},"featured_media":5933,"template":"","meta":{"_exactmetrics_skip_tracking":false,"_exactmetrics_sitenote_active":false,"_exactmetrics_sitenote_note":"","_exactmetrics_sitenote_category":0,"_monsterinsights_skip_tracking":false,"_monsterinsights_sitenote_active":false,"_monsterinsights_sitenote_note":"","_monsterinsights_sitenote_category":0},"product_brand":[],"product_cat":[2164,2166],"product_tag":[],"shoptype":[],"class_list":{"0":"post-5884","1":"product","2":"type-product","3":"status-publish","4":"has-post-thumbnail","6":"product_cat-alle-vare","7":"product_cat-session","9":"first","10":"instock","11":"shipping-taxable","12":"product-type-external"},"yoast_head":"<!-- This site is optimized with the Yoast SEO Premium plugin v16.3 (Yoast SEO v27.3) - https:\/\/yoast.com\/product\/yoast-seo-premium-wordpress\/ -->\n<title>Healende terapi session - Marianne Thyboe<\/title>\n<meta name=\"description\" content=\"Vi har alle f\u00e5et negative erfaringer med os fra vores barndom. De kan det udvikle sig til stress, kortluntethed, sygdom og skaber udfordringer i livet.\" \/>\n<meta name=\"robots\" content=\"index, follow, max-snippet:-1, max-image-preview:large, max-video-preview:-1\" \/>\n<link rel=\"canonical\" href=\"http:\/\/niipit.dk\/marianne-thyboe\/produkt\/healende-terapi-session\/\" \/>\n<meta property=\"og:locale\" content=\"da_DK\" \/>\n<meta property=\"og:type\" content=\"article\" \/>\n<meta property=\"og:title\" content=\"Healende terapi session - Marianne Thyboe\" \/>\n<meta property=\"og:description\" content=\"Vi har alle f\u00e5et negative erfaringer med os fra vores barndom. De kan det udvikle sig til stress, kortluntethed, sygdom og skaber udfordringer i livet.\" \/>\n<meta property=\"og:url\" content=\"http:\/\/niipit.dk\/marianne-thyboe\/produkt\/healende-terapi-session\/\" \/>\n<meta property=\"og:site_name\" content=\"Marianne Thyboe\" \/>\n<meta property=\"article:modified_time\" content=\"2020-02-23T09:35:40+00:00\" \/>\n<meta property=\"og:image\" content=\"http:\/\/niipit.dk\/marianne-thyboe\/wp-content\/uploads\/sites\/289\/2019\/09\/Marianne-Thyboe-Healende-terapi-session-2.png\" \/>\n\t<meta property=\"og:image:width\" content=\"300\" \/>\n\t<meta property=\"og:image:height\" content=\"250\" \/>\n\t<meta property=\"og:image:type\" content=\"image\/png\" \/>\n<meta name=\"twitter:card\" content=\"summary_large_image\" \/>\n<meta name=\"twitter:label1\" content=\"Estimeret l\u00e6setid\" \/>\n\t<meta name=\"twitter:data1\" content=\"1 minut\" \/>\n<script type=\"application\/ld+json\" class=\"yoast-schema-graph\">{\"@context\":\"https:\\\/\\\/schema.org\",\"@graph\":[{\"@type\":\"WebPage\",\"@id\":\"http:\\\/\\\/niipit.dk\\\/marianne-thyboe\\\/produkt\\\/healende-terapi-session\\\/\",\"url\":\"http:\\\/\\\/niipit.dk\\\/marianne-thyboe\\\/produkt\\\/healende-terapi-session\\\/\",\"name\":\"Healende terapi session - Marianne Thyboe\",\"isPartOf\":{\"@id\":\"https:\\\/\\\/niipit.dk\\\/marianne-thyboe\\\/#website\"},\"primaryImageOfPage\":{\"@id\":\"http:\\\/\\\/niipit.dk\\\/marianne-thyboe\\\/produkt\\\/healende-terapi-session\\\/#primaryimage\"},\"image\":{\"@id\":\"http:\\\/\\\/niipit.dk\\\/marianne-thyboe\\\/produkt\\\/healende-terapi-session\\\/#primaryimage\"},\"thumbnailUrl\":\"https:\\\/\\\/niipit.dk\\\/marianne-thyboe\\\/wp-content\\\/uploads\\\/sites\\\/289\\\/2019\\\/09\\\/Marianne-Thyboe-Healende-terapi-session-2.png\",\"datePublished\":\"2019-09-04T07:59:42+00:00\",\"dateModified\":\"2020-02-23T09:35:40+00:00\",\"description\":\"Vi har alle f\u00e5et negative erfaringer med os fra vores barndom. De kan det udvikle sig til stress, kortluntethed, sygdom og skaber udfordringer i livet.\",\"breadcrumb\":{\"@id\":\"http:\\\/\\\/niipit.dk\\\/marianne-thyboe\\\/produkt\\\/healende-terapi-session\\\/#breadcrumb\"},\"inLanguage\":\"da-DK\",\"potentialAction\":[{\"@type\":\"ReadAction\",\"target\":[\"http:\\\/\\\/niipit.dk\\\/marianne-thyboe\\\/produkt\\\/healende-terapi-session\\\/\"]}]},{\"@type\":\"ImageObject\",\"inLanguage\":\"da-DK\",\"@id\":\"http:\\\/\\\/niipit.dk\\\/marianne-thyboe\\\/produkt\\\/healende-terapi-session\\\/#primaryimage\",\"url\":\"https:\\\/\\\/niipit.dk\\\/marianne-thyboe\\\/wp-content\\\/uploads\\\/sites\\\/289\\\/2019\\\/09\\\/Marianne-Thyboe-Healende-terapi-session-2.png\",\"contentUrl\":\"https:\\\/\\\/niipit.dk\\\/marianne-thyboe\\\/wp-content\\\/uploads\\\/sites\\\/289\\\/2019\\\/09\\\/Marianne-Thyboe-Healende-terapi-session-2.png\",\"width\":300,\"height\":250,\"caption\":\"Marianne Thyboe Healende terapi session\"},{\"@type\":\"BreadcrumbList\",\"@id\":\"http:\\\/\\\/niipit.dk\\\/marianne-thyboe\\\/produkt\\\/healende-terapi-session\\\/#breadcrumb\",\"itemListElement\":[{\"@type\":\"ListItem\",\"position\":1,\"name\":\"Hjem\",\"item\":\"https:\\\/\\\/niipit.dk\\\/marianne-thyboe\\\/\"},{\"@type\":\"ListItem\",\"position\":2,\"name\":\"Shop\",\"item\":\"https:\\\/\\\/niipit.dk\\\/marianne-thyboe\\\/shop\\\/\"},{\"@type\":\"ListItem\",\"position\":3,\"name\":\"Healende terapi session\"}]},{\"@type\":\"WebSite\",\"@id\":\"https:\\\/\\\/niipit.dk\\\/marianne-thyboe\\\/#website\",\"url\":\"https:\\\/\\\/niipit.dk\\\/marianne-thyboe\\\/\",\"name\":\"Marianne Thyboe\",\"description\":\"F\u00e5 din virksomhed p\u00e5 niipit\",\"potentialAction\":[{\"@type\":\"SearchAction\",\"target\":{\"@type\":\"EntryPoint\",\"urlTemplate\":\"https:\\\/\\\/niipit.dk\\\/marianne-thyboe\\\/?s={search_term_string}\"},\"query-input\":{\"@type\":\"PropertyValueSpecification\",\"valueRequired\":true,\"valueName\":\"search_term_string\"}}],\"inLanguage\":\"da-DK\"}]}<\/script>\n<!-- \/ Yoast SEO Premium plugin. -->","yoast_head_json":{"title":"Healende terapi session - Marianne Thyboe","description":"Vi har alle f\u00e5et negative erfaringer med os fra vores barndom. De kan det udvikle sig til stress, kortluntethed, sygdom og skaber udfordringer i livet.","robots":{"index":"index","follow":"follow","max-snippet":"max-snippet:-1","max-image-preview":"max-image-preview:large","max-video-preview":"max-video-preview:-1"},"canonical":"http:\/\/niipit.dk\/marianne-thyboe\/produkt\/healende-terapi-session\/","og_locale":"da_DK","og_type":"article","og_title":"Healende terapi session - Marianne Thyboe","og_description":"Vi har alle f\u00e5et negative erfaringer med os fra vores barndom. De kan det udvikle sig til stress, kortluntethed, sygdom og skaber udfordringer i livet.","og_url":"http:\/\/niipit.dk\/marianne-thyboe\/produkt\/healende-terapi-session\/","og_site_name":"Marianne Thyboe","article_modified_time":"2020-02-23T09:35:40+00:00","og_image":[{"width":300,"height":250,"url":"http:\/\/niipit.dk\/marianne-thyboe\/wp-content\/uploads\/sites\/289\/2019\/09\/Marianne-Thyboe-Healende-terapi-session-2.png","type":"image\/png"}],"twitter_card":"summary_large_image","twitter_misc":{"Estimeret l\u00e6setid":"1 minut"},"schema":{"@context":"https:\/\/schema.org","@graph":[{"@type":"WebPage","@id":"http:\/\/niipit.dk\/marianne-thyboe\/produkt\/healende-terapi-session\/","url":"http:\/\/niipit.dk\/marianne-thyboe\/produkt\/healende-terapi-session\/","name":"Healende terapi session - Marianne Thyboe","isPartOf":{"@id":"https:\/\/niipit.dk\/marianne-thyboe\/#website"},"primaryImageOfPage":{"@id":"http:\/\/niipit.dk\/marianne-thyboe\/produkt\/healende-terapi-session\/#primaryimage"},"image":{"@id":"http:\/\/niipit.dk\/marianne-thyboe\/produkt\/healende-terapi-session\/#primaryimage"},"thumbnailUrl":"https:\/\/niipit.dk\/marianne-thyboe\/wp-content\/uploads\/sites\/289\/2019\/09\/Marianne-Thyboe-Healende-terapi-session-2.png","datePublished":"2019-09-04T07:59:42+00:00","dateModified":"2020-02-23T09:35:40+00:00","description":"Vi har alle f\u00e5et negative erfaringer med os fra vores barndom. De kan det udvikle sig til stress, kortluntethed, sygdom og skaber udfordringer i livet.","breadcrumb":{"@id":"http:\/\/niipit.dk\/marianne-thyboe\/produkt\/healende-terapi-session\/#breadcrumb"},"inLanguage":"da-DK","potentialAction":[{"@type":"ReadAction","target":["http:\/\/niipit.dk\/marianne-thyboe\/produkt\/healende-terapi-session\/"]}]},{"@type":"ImageObject","inLanguage":"da-DK","@id":"http:\/\/niipit.dk\/marianne-thyboe\/produkt\/healende-terapi-session\/#primaryimage","url":"https:\/\/niipit.dk\/marianne-thyboe\/wp-content\/uploads\/sites\/289\/2019\/09\/Marianne-Thyboe-Healende-terapi-session-2.png","contentUrl":"https:\/\/niipit.dk\/marianne-thyboe\/wp-content\/uploads\/sites\/289\/2019\/09\/Marianne-Thyboe-Healende-terapi-session-2.png","width":300,"height":250,"caption":"Marianne Thyboe Healende terapi session"},{"@type":"BreadcrumbList","@id":"http:\/\/niipit.dk\/marianne-thyboe\/produkt\/healende-terapi-session\/#breadcrumb","itemListElement":[{"@type":"ListItem","position":1,"name":"Hjem","item":"https:\/\/niipit.dk\/marianne-thyboe\/"},{"@type":"ListItem","position":2,"name":"Shop","item":"https:\/\/niipit.dk\/marianne-thyboe\/shop\/"},{"@type":"ListItem","position":3,"name":"Healende terapi session"}]},{"@type":"WebSite","@id":"https:\/\/niipit.dk\/marianne-thyboe\/#website","url":"https:\/\/niipit.dk\/marianne-thyboe\/","name":"Marianne Thyboe","description":"F\u00e5 din virksomhed p\u00e5 niipit","potentialAction":[{"@type":"SearchAction","target":{"@type":"EntryPoint","urlTemplate":"https:\/\/niipit.dk\/marianne-thyboe\/?s={search_term_string}"},"query-input":{"@type":"PropertyValueSpecification","valueRequired":true,"valueName":"search_term_string"}}],"inLanguage":"da-DK"}]}},"_links":{"self":[{"href":"https:\/\/niipit.dk\/marianne-thyboe\/wp-json\/wp\/v2\/product\/5884","targetHints":{"allow":["GET"]}}],"collection":[{"href":"https:\/\/niipit.dk\/marianne-thyboe\/wp-json\/wp\/v2\/product"}],"about":[{"href":"https:\/\/niipit.dk\/marianne-thyboe\/wp-json\/wp\/v2\/types\/product"}],"wp:featuredmedia":[{"embeddable":true,"href":"https:\/\/niipit.dk\/marianne-thyboe\/wp-json\/wp\/v2\/media\/5933"}],"wp:attachment":[{"href":"https:\/\/niipit.dk\/marianne-thyboe\/wp-json\/wp\/v2\/media?parent=5884"}],"wp:term":[{"taxonomy":"product_brand","embeddable":true,"href":"https:\/\/niipit.dk\/marianne-thyboe\/wp-json\/wp\/v2\/product_brand?post=5884"},{"taxonomy":"product_cat","embeddable":true,"href":"https:\/\/niipit.dk\/marianne-thyboe\/wp-json\/wp\/v2\/product_cat?post=5884"},{"taxonomy":"product_tag","embeddable":true,"href":"https:\/\/niipit.dk\/marianne-thyboe\/wp-json\/wp\/v2\/product_tag?post=5884"},{"taxonomy":"shoptype","embeddable":true,"href":"https:\/\/niipit.dk\/marianne-thyboe\/wp-json\/wp\/v2\/shoptype?post=5884"}],"curies":[{"name":"wp","href":"https:\/\/api.w.org\/{rel}","templated":true}]}}