{"id":5729,"date":"2019-05-14T14:35:10","date_gmt":"2019-05-14T12:35:10","guid":{"rendered":"https:\/\/niipit.dk\/marianne-thyboe\/?page_id=5729"},"modified":"2020-07-04T14:26:47","modified_gmt":"2020-07-04T12:26:47","slug":"video","status":"publish","type":"page","link":"https:\/\/niipit.dk\/marianne-thyboe\/video\/","title":{"rendered":"Video"},"content":{"rendered":"\n<h1 class=\"wp-block-heading\">Se videoer fra Marianne Thyboe<\/h1>\n\n\n\n<figure class=\"wp-block-embed-youtube wp-block-embed is-type-video is-provider-youtube wp-embed-aspect-4-3 wp-has-aspect-ratio\"><div class=\"wp-block-embed__wrapper\">\n<iframe loading=\"lazy\" title=\"S\u00e5dan hj\u00e6lper du dit barn igennem sv\u00e6re f\u00f8lelser p\u00e5 en god m\u00e5de\" width=\"1170\" height=\"878\" src=\"https:\/\/www.youtube.com\/embed\/CcmORrksXrU?feature=oembed\" frameborder=\"0\" allow=\"accelerometer; autoplay; clipboard-write; encrypted-media; gyroscope; picture-in-picture\" allowfullscreen><\/iframe>\n<\/div><\/figure>\n\n\n\n<figure class=\"wp-block-embed-youtube wp-block-embed is-type-video is-provider-youtube wp-embed-aspect-16-9 wp-has-aspect-ratio\"><div class=\"wp-block-embed__wrapper\">\n<iframe loading=\"lazy\" title=\"S\u00e5dan hj\u00e6lper du dit barn igennem et sk\u00e6nderi\" width=\"1170\" height=\"658\" src=\"https:\/\/www.youtube.com\/embed\/PvKq3Q0zXec?feature=oembed\" frameborder=\"0\" allow=\"accelerometer; autoplay; clipboard-write; encrypted-media; gyroscope; picture-in-picture\" allowfullscreen><\/iframe>\n<\/div><figcaption>Gratis hj\u00e6lp til raserianfald<\/figcaption><\/figure>\n","protected":false},"excerpt":{"rendered":"<p>Se videoer fra Marianne Thyboe<\/p>\n","protected":false},"author":1047,"featured_media":0,"parent":0,"menu_order":0,"comment_status":"closed","ping_status":"closed","template":"","meta":{"_exactmetrics_skip_tracking":false,"_exactmetrics_sitenote_active":false,"_exactmetrics_sitenote_note":"","_exactmetrics_sitenote_category":0,"_monsterinsights_skip_tracking":false,"_monsterinsights_sitenote_active":false,"_monsterinsights_sitenote_note":"","_monsterinsights_sitenote_category":0,"footnotes":""},"class_list":["post-5729","page","type-page","status-publish","hentry"],"yoast_head":"<!-- This site is optimized with the Yoast SEO Premium plugin v16.3 (Yoast SEO v27.3) - https:\/\/yoast.com\/product\/yoast-seo-premium-wordpress\/ -->\n<title>Video - Se film fra Marianne Thyboe p\u00e5 vores Niipit Virksomhedsprofil<\/title>\n<meta name=\"description\" content=\"Video omr\u00e5det fra Marianne Thyboe viser dig nogle af vores film - se med her og blive klogere p\u00e5 hvem Marianne Thyboe er og hvordan jeg kan hj\u00e6lpe dig\" \/>\n<meta name=\"robots\" content=\"index, follow, max-snippet:-1, max-image-preview:large, max-video-preview:-1\" \/>\n<link rel=\"canonical\" href=\"https:\/\/niipit.dk\/marianne-thyboe\/video\/\" \/>\n<meta property=\"og:locale\" content=\"da_DK\" \/>\n<meta property=\"og:type\" content=\"article\" \/>\n<meta property=\"og:title\" content=\"Video - Se film fra Marianne Thyboe p\u00e5 vores Niipit Virksomhedsprofil\" \/>\n<meta property=\"og:description\" content=\"Video omr\u00e5det fra Marianne Thyboe viser dig nogle af vores film - se med her og blive klogere p\u00e5 hvem Marianne Thyboe er og hvordan jeg kan hj\u00e6lpe dig\" \/>\n<meta property=\"og:url\" content=\"https:\/\/niipit.dk\/marianne-thyboe\/video\/\" \/>\n<meta property=\"og:site_name\" content=\"Marianne Thyboe\" \/>\n<meta property=\"article:modified_time\" content=\"2020-07-04T12:26:47+00:00\" \/>\n<meta name=\"twitter:card\" content=\"summary_large_image\" \/>\n<script type=\"application\/ld+json\" class=\"yoast-schema-graph\">{\"@context\":\"https:\\\/\\\/schema.org\",\"@graph\":[{\"@type\":\"WebPage\",\"@id\":\"https:\\\/\\\/niipit.dk\\\/marianne-thyboe\\\/video\\\/\",\"url\":\"https:\\\/\\\/niipit.dk\\\/marianne-thyboe\\\/video\\\/\",\"name\":\"Video - Se film fra Marianne Thyboe p\u00e5 vores Niipit Virksomhedsprofil\",\"isPartOf\":{\"@id\":\"https:\\\/\\\/niipit.dk\\\/marianne-thyboe\\\/#website\"},\"datePublished\":\"2019-05-14T12:35:10+00:00\",\"dateModified\":\"2020-07-04T12:26:47+00:00\",\"description\":\"Video omr\u00e5det fra Marianne Thyboe viser dig nogle af vores film - se med her og blive klogere p\u00e5 hvem Marianne Thyboe er og hvordan jeg kan hj\u00e6lpe dig\",\"breadcrumb\":{\"@id\":\"https:\\\/\\\/niipit.dk\\\/marianne-thyboe\\\/video\\\/#breadcrumb\"},\"inLanguage\":\"da-DK\",\"potentialAction\":[{\"@type\":\"ReadAction\",\"target\":[\"https:\\\/\\\/niipit.dk\\\/marianne-thyboe\\\/video\\\/\"]}]},{\"@type\":\"BreadcrumbList\",\"@id\":\"https:\\\/\\\/niipit.dk\\\/marianne-thyboe\\\/video\\\/#breadcrumb\",\"itemListElement\":[{\"@type\":\"ListItem\",\"position\":1,\"name\":\"Hjem\",\"item\":\"https:\\\/\\\/niipit.dk\\\/marianne-thyboe\\\/\"},{\"@type\":\"ListItem\",\"position\":2,\"name\":\"Video\"}]},{\"@type\":\"WebSite\",\"@id\":\"https:\\\/\\\/niipit.dk\\\/marianne-thyboe\\\/#website\",\"url\":\"https:\\\/\\\/niipit.dk\\\/marianne-thyboe\\\/\",\"name\":\"Marianne Thyboe\",\"description\":\"F\u00e5 din virksomhed p\u00e5 niipit\",\"potentialAction\":[{\"@type\":\"SearchAction\",\"target\":{\"@type\":\"EntryPoint\",\"urlTemplate\":\"https:\\\/\\\/niipit.dk\\\/marianne-thyboe\\\/?s={search_term_string}\"},\"query-input\":{\"@type\":\"PropertyValueSpecification\",\"valueRequired\":true,\"valueName\":\"search_term_string\"}}],\"inLanguage\":\"da-DK\"}]}<\/script>\n<!-- \/ Yoast SEO Premium plugin. -->","yoast_head_json":{"title":"Video - Se film fra Marianne Thyboe p\u00e5 vores Niipit Virksomhedsprofil","description":"Video omr\u00e5det fra Marianne Thyboe viser dig nogle af vores film - se med her og blive klogere p\u00e5 hvem Marianne Thyboe er og hvordan jeg kan hj\u00e6lpe dig","robots":{"index":"index","follow":"follow","max-snippet":"max-snippet:-1","max-image-preview":"max-image-preview:large","max-video-preview":"max-video-preview:-1"},"canonical":"https:\/\/niipit.dk\/marianne-thyboe\/video\/","og_locale":"da_DK","og_type":"article","og_title":"Video - Se film fra Marianne Thyboe p\u00e5 vores Niipit Virksomhedsprofil","og_description":"Video omr\u00e5det fra Marianne Thyboe viser dig nogle af vores film - se med her og blive klogere p\u00e5 hvem Marianne Thyboe er og hvordan jeg kan hj\u00e6lpe dig","og_url":"https:\/\/niipit.dk\/marianne-thyboe\/video\/","og_site_name":"Marianne Thyboe","article_modified_time":"2020-07-04T12:26:47+00:00","twitter_card":"summary_large_image","schema":{"@context":"https:\/\/schema.org","@graph":[{"@type":"WebPage","@id":"https:\/\/niipit.dk\/marianne-thyboe\/video\/","url":"https:\/\/niipit.dk\/marianne-thyboe\/video\/","name":"Video - Se film fra Marianne Thyboe p\u00e5 vores Niipit Virksomhedsprofil","isPartOf":{"@id":"https:\/\/niipit.dk\/marianne-thyboe\/#website"},"datePublished":"2019-05-14T12:35:10+00:00","dateModified":"2020-07-04T12:26:47+00:00","description":"Video omr\u00e5det fra Marianne Thyboe viser dig nogle af vores film - se med her og blive klogere p\u00e5 hvem Marianne Thyboe er og hvordan jeg kan hj\u00e6lpe dig","breadcrumb":{"@id":"https:\/\/niipit.dk\/marianne-thyboe\/video\/#breadcrumb"},"inLanguage":"da-DK","potentialAction":[{"@type":"ReadAction","target":["https:\/\/niipit.dk\/marianne-thyboe\/video\/"]}]},{"@type":"BreadcrumbList","@id":"https:\/\/niipit.dk\/marianne-thyboe\/video\/#breadcrumb","itemListElement":[{"@type":"ListItem","position":1,"name":"Hjem","item":"https:\/\/niipit.dk\/marianne-thyboe\/"},{"@type":"ListItem","position":2,"name":"Video"}]},{"@type":"WebSite","@id":"https:\/\/niipit.dk\/marianne-thyboe\/#website","url":"https:\/\/niipit.dk\/marianne-thyboe\/","name":"Marianne Thyboe","description":"F\u00e5 din virksomhed p\u00e5 niipit","potentialAction":[{"@type":"SearchAction","target":{"@type":"EntryPoint","urlTemplate":"https:\/\/niipit.dk\/marianne-thyboe\/?s={search_term_string}"},"query-input":{"@type":"PropertyValueSpecification","valueRequired":true,"valueName":"search_term_string"}}],"inLanguage":"da-DK"}]}},"_links":{"self":[{"href":"https:\/\/niipit.dk\/marianne-thyboe\/wp-json\/wp\/v2\/pages\/5729","targetHints":{"allow":["GET"]}}],"collection":[{"href":"https:\/\/niipit.dk\/marianne-thyboe\/wp-json\/wp\/v2\/pages"}],"about":[{"href":"https:\/\/niipit.dk\/marianne-thyboe\/wp-json\/wp\/v2\/types\/page"}],"author":[{"embeddable":true,"href":"https:\/\/niipit.dk\/marianne-thyboe\/wp-json\/wp\/v2\/users\/1047"}],"replies":[{"embeddable":true,"href":"https:\/\/niipit.dk\/marianne-thyboe\/wp-json\/wp\/v2\/comments?post=5729"}],"version-history":[{"count":0,"href":"https:\/\/niipit.dk\/marianne-thyboe\/wp-json\/wp\/v2\/pages\/5729\/revisions"}],"wp:attachment":[{"href":"https:\/\/niipit.dk\/marianne-thyboe\/wp-json\/wp\/v2\/media?parent=5729"}],"curies":[{"name":"wp","href":"https:\/\/api.w.org\/{rel}","templated":true}]}}