{"id":5119,"date":"2018-08-15T22:06:08","date_gmt":"2018-08-15T20:06:08","guid":{"rendered":"https:\/\/niipit.dk\/nv2-QogM\/?page_id=5119"},"modified":"2020-07-04T14:29:52","modified_gmt":"2020-07-04T12:29:52","slug":"handelsbetingelser","status":"publish","type":"page","link":"https:\/\/niipit.dk\/marianne-thyboe\/handelsbetingelser\/","title":{"rendered":"Handelsbetingelser"},"content":{"rendered":"<h1>Handelsbetingelser for Marianne Thyboe<\/h1>\n\n\n<h3 class=\"wp-block-heading\">Produkterne udbydes af Marianne Thyboe, Karlstrupvej 57, 2680 Solr\u00f8d strand CVR 34575290<\/h3>\n\n\n\n<p>Alle priser er i danske kroner inklusive moms.<\/p>\n\n\n\n<p>Levering<br>Online-produkter bliver leveret digitalt via e-mail. Levering af online-produkter sker som oftest i l\u00f8bet af f\u00e5 minutter eller p\u00e5 en fastsat dato.<\/p>\n\n\n\n<p>Vilk\u00e5r og betalingsbetingelser ved sessioner<br>Ved mindre end 24 timers afbud f\u00f8r afholdelse af en session, gives bel\u00f8bet ikke retur. Du er selv ansvarlig for at have en velfungerende telefon\/internetforbindelse p\u00e5 det aftalte tidspunkt. Ubenyttede betalte sessioner refunderes ikke efter et \u00e5r efter k\u00f8bs datoen.<br>Vilk\u00e5r og betalingsbetingelser ved gavekort<br>Gavekort refunderes ikke til kontanter. Gavekortet er gyldigt i 2 \u00e5r efter udstedelsesdato.<\/p>\n\n\n\n<p>Vilk\u00e5r og betalingsbetingelser ved kurser og forl\u00f8b<br>Kurser, forl\u00f8b og workshops afvikles p\u00e5 de angivne tidspunkter. I tilf\u00e6lde af \u00e6ndringer bliver k\u00f8ber orienteret hurtigst muligt. Hvis kurser eller workshops skulle blive aflyst, f\u00e5r k\u00f8ber det fulde indbetalte bel\u00f8b retur. Aflyses en dag p\u00e5 kurset eller p\u00e5 forl\u00f8bet, bliver dagen erstattet med en ny dato.<\/p>\n\n\n\n<p>Tilmelding er bindende. Hvis du afbestiller din deltagelse inden 14 dage f\u00f8r kursusstart, bliver du faktureret et administrationsgebyr p\u00e5 10 % af kursusprisen inklusive moms. N\u00e5r der er 14 dage eller under til kursusstart, kan du ikke l\u00e6ngere f\u00e5 pengene retur.<\/p>\n\n\n\n<p>100% tilfredshedsgaranti p\u00e5 forl\u00f8b<br>Jeg har stor respekt for dem, der investerer i hj\u00e6lp, n\u00e5r de har brug for det. Derfor ville jeg v\u00e6re meget ked af, at s\u00e6lge noget til dig, som ikke virker.<\/p>\n\n\n\n<p>Det jeg tilbyder, er designet til at hj\u00e6lpe dig og din familie med at skabe et balanceret liv. Jeg er derfor ikke i tvivl om, at mine workshops og kurser vil hj\u00e6lpe dig og din familie videre. Men hvis du efter at have gennemg\u00e5et hele forl\u00f8bet ikke oplever nogen som helst forandring i din families udfordringer, giver jeg dig uden problemer alle dine penge tilbage op til 1 m\u00e5ned efter k\u00f8b. Det eneste du skal g\u00f8re er at sende mig en kopi af dine udfyldte arbejds- og refleksions ark.<br>VIGTIGT: For at benytte dig af tilfredshedsgarantien, skal du have deltaget p\u00e5 hele workshoppen, v\u00e6ret igennem alle moduler, gennemg\u00e5et og arbejdet med \u00f8velserne, redskaberne og teknikkerne som beskrevet og benyttet muligheden for at stille mig personlige sp\u00f8rgsm\u00e5l. Du sender blot en kopi af din arbejds- og reflektsions ark til mig.<\/p>\n\n\n\n<p>Rettigheder<br>Marianne Thyboe har alle rettigheder til de leverede produkter og alt materiale, s\u00e5vel trykt som digitalt, som stilles til r\u00e5dighed i relation til kurser, coaching, mentoring, og abonnementer. Ved k\u00f8b opn\u00e5s brugsret til produkter og materiale. Brugsretten er personlig. Produkter og materiale skal behandles fortroligt og m\u00e5 ikke udleveres eller videregives til tredjemand uden forudindg\u00e5et skriftlig aftale. Produkter og materiale m\u00e5 kun anvendes til eget brug.<\/p>\n\n\n\n<p>Produkter og materiale m\u00e5 ikke anvendes til andre form\u00e5l end det, hvortil de er k\u00f8bt, herunder m\u00e5 de s\u00e6rligt ikke anvendes kommercielt i direkte eller indirekte konkurrence med Marianne Thyboes virksomhed.<\/p>\n\n\n\n<p>Der gives ikke penge retur for online produkter.<\/p>\n\n\n\n<p>Medlemskab i KlubMor<br>Ved tilmelding bliver der automatisk trukket 100 kr. per m\u00e5ned p\u00e5 dit kort, indtil du udmelder dig. F\u00f8rste m\u00e5ned er gratis. Du kan altid opsige dit medlemsskab ved at skrive til m@mariannethyboe.dk , og stoppe betalingerne, men der er ingen refundering for p\u00e5begyndte m\u00e5neder.<\/p>\n\n\n\n<p>Umiddelbart efter tilmelding f\u00e5r du adgang til KlubMor via en mail med link og log-in.&nbsp;<\/p>\n\n\n\n<p>Marianne Thyboe kan ikke tage specielle forholdsregler i forhold til specielle spamfiltre eller dysfunktionelle mailadresser, s\u00e5 det er dit eget ansvar at sikre, at du modtager mails fra mig. Du er naturligvis velkommen til at kontakte os, hvis der opst\u00e5r problemer p\u00e5: m@mariannethyboe.dk<\/p>\n\n\n\n<p>Marianne Thyboe forbeholder sig ret til at pristalsregulere bel\u00f8bet med en m\u00e5neds varsel.<\/p>\n\n\n\n<p>Hvis et medlem af en eller anden grund ikke betaler sit abonnement til tiden, forbeholder Marianne Thyboe sig ret til at udmelde medlemmet med \u00f8jeblikkelig varsel fra den m\u00e5ned, der ikke er d\u00e6kning for. Husk selv at meddele, hvis du skifter kort p\u00e5 m@mariannethyboe.dk<br>Ansvar research, uddannelser og erfaringer bruger den viden,<br>Marianne Thyboes arbejde er baseret p\u00e5 research, uddannelser og personlige erfaringer. Det skal derfor betragtes som en inspiration, der stilles til r\u00e5dighed uden nogen form for garanti.<\/p>\n\n\n\n<p>Ethvert erstatningsansvar, som Marianne Thyboe m\u00e5tte p\u00e5drage sig i relation til sine produkter, coaching, kurser, mentoring og abonnementer, er begr\u00e6nset til direkte skade og tab. Marianne Thyboe er under ingen omst\u00e6ndigheder ansvarlig for indirekte skade eller tab. Ansvarsfraskrivelsen for indirekte skade og tab g\u00e6lder uanset arten af erstatningsansvar og uanset, om Marianne Thyboe har handlet simpelt uagtsomt. Marianne Thyboes erstatningsansvar for direkte skade og tab er begr\u00e6nset til 100 % af prisen p\u00e5 det produkt eller den ydelse, som erstatningsansvaret vedr\u00f8rer.<\/p>\n\n\n\n<p>Hvis du vil g\u00e5 videre med din klage<br>En klage over en vare eller tjenesteydelse k\u00f8bt hos os kan indgives til Konkurrence- og Forbrugerstyrelsens Center for Klagel\u00f8sning, Carl Jacobsens Vej 35, 2500 Valby. Du kan klage til Center for Klagel\u00f8sning via www.forbrug.dk. EU-Kommissionens online klageportal kan ogs\u00e5 anvendes ved indgivelse af en klage. Det er s\u00e6rlig relevant, hvis du er forbruger med bop\u00e6l i et andet EU-land. Klage indgives her \u2013 http:\/\/ec.europa.eu\/odr<\/p>\n","protected":false},"excerpt":{"rendered":"<p>Handelsbetingelser for Marianne Thyboe Produkterne udbydes af Marianne Thyboe, Karlstrupvej 57, 2680 Solr\u00f8d strand CVR 34575290 Alle priser er i danske kroner inklusive moms. LeveringOnline-produkter bliver leveret digitalt via e-mail. Levering af online-produkter sker som oftest i l\u00f8bet af f\u00e5 minutter eller p\u00e5 en fastsat dato. Vilk\u00e5r og betalingsbetingelser ved sessionerVed mindre end 24 timers <a class=\"moretag btn btn-primary\" href=\"https:\/\/niipit.dk\/marianne-thyboe\/handelsbetingelser\/\">L\u00e6s mere<\/a><\/p>\n","protected":false},"author":151,"featured_media":0,"parent":0,"menu_order":0,"comment_status":"closed","ping_status":"closed","template":"","meta":{"_exactmetrics_skip_tracking":false,"_exactmetrics_sitenote_active":false,"_exactmetrics_sitenote_note":"","_exactmetrics_sitenote_category":0,"_monsterinsights_skip_tracking":false,"_monsterinsights_sitenote_active":false,"_monsterinsights_sitenote_note":"","_monsterinsights_sitenote_category":0,"footnotes":""},"class_list":["post-5119","page","type-page","status-publish","hentry"],"yoast_head":"<!-- This site is optimized with the Yoast SEO Premium plugin v16.3 (Yoast SEO v27.3) - https:\/\/yoast.com\/product\/yoast-seo-premium-wordpress\/ -->\n<title>Handelsbetingelser - Marianne Thyboe<\/title>\n<meta name=\"robots\" content=\"index, follow, max-snippet:-1, max-image-preview:large, max-video-preview:-1\" \/>\n<link rel=\"canonical\" href=\"https:\/\/niipit.dk\/marianne-thyboe\/handelsbetingelser\/\" \/>\n<meta property=\"og:locale\" content=\"da_DK\" \/>\n<meta property=\"og:type\" content=\"article\" \/>\n<meta property=\"og:title\" content=\"Handelsbetingelser - Marianne Thyboe\" \/>\n<meta property=\"og:description\" content=\"Handelsbetingelser for Marianne Thyboe Produkterne udbydes af Marianne Thyboe, Karlstrupvej 57, 2680 Solr\u00f8d strand CVR 34575290 Alle priser er i danske kroner inklusive moms. LeveringOnline-produkter bliver leveret digitalt via e-mail. Levering af online-produkter sker som oftest i l\u00f8bet af f\u00e5 minutter eller p\u00e5 en fastsat dato. Vilk\u00e5r og betalingsbetingelser ved sessionerVed mindre end 24 timers L\u00e6s mere\" \/>\n<meta property=\"og:url\" content=\"https:\/\/niipit.dk\/marianne-thyboe\/handelsbetingelser\/\" \/>\n<meta property=\"og:site_name\" content=\"Marianne Thyboe\" \/>\n<meta property=\"article:modified_time\" content=\"2020-07-04T12:29:52+00:00\" \/>\n<meta name=\"twitter:card\" content=\"summary_large_image\" \/>\n<meta name=\"twitter:label1\" content=\"Estimeret l\u00e6setid\" \/>\n\t<meta name=\"twitter:data1\" content=\"4 minutter\" \/>\n<script type=\"application\/ld+json\" class=\"yoast-schema-graph\">{\"@context\":\"https:\\\/\\\/schema.org\",\"@graph\":[{\"@type\":\"WebPage\",\"@id\":\"https:\\\/\\\/niipit.dk\\\/marianne-thyboe\\\/handelsbetingelser\\\/\",\"url\":\"https:\\\/\\\/niipit.dk\\\/marianne-thyboe\\\/handelsbetingelser\\\/\",\"name\":\"Handelsbetingelser - Marianne Thyboe\",\"isPartOf\":{\"@id\":\"https:\\\/\\\/niipit.dk\\\/marianne-thyboe\\\/#website\"},\"datePublished\":\"2018-08-15T20:06:08+00:00\",\"dateModified\":\"2020-07-04T12:29:52+00:00\",\"breadcrumb\":{\"@id\":\"https:\\\/\\\/niipit.dk\\\/marianne-thyboe\\\/handelsbetingelser\\\/#breadcrumb\"},\"inLanguage\":\"da-DK\",\"potentialAction\":[{\"@type\":\"ReadAction\",\"target\":[\"https:\\\/\\\/niipit.dk\\\/marianne-thyboe\\\/handelsbetingelser\\\/\"]}]},{\"@type\":\"BreadcrumbList\",\"@id\":\"https:\\\/\\\/niipit.dk\\\/marianne-thyboe\\\/handelsbetingelser\\\/#breadcrumb\",\"itemListElement\":[{\"@type\":\"ListItem\",\"position\":1,\"name\":\"Hjem\",\"item\":\"https:\\\/\\\/niipit.dk\\\/marianne-thyboe\\\/\"},{\"@type\":\"ListItem\",\"position\":2,\"name\":\"Handelsbetingelser\"}]},{\"@type\":\"WebSite\",\"@id\":\"https:\\\/\\\/niipit.dk\\\/marianne-thyboe\\\/#website\",\"url\":\"https:\\\/\\\/niipit.dk\\\/marianne-thyboe\\\/\",\"name\":\"Marianne Thyboe\",\"description\":\"F\u00e5 din virksomhed p\u00e5 niipit\",\"potentialAction\":[{\"@type\":\"SearchAction\",\"target\":{\"@type\":\"EntryPoint\",\"urlTemplate\":\"https:\\\/\\\/niipit.dk\\\/marianne-thyboe\\\/?s={search_term_string}\"},\"query-input\":{\"@type\":\"PropertyValueSpecification\",\"valueRequired\":true,\"valueName\":\"search_term_string\"}}],\"inLanguage\":\"da-DK\"}]}<\/script>\n<!-- \/ Yoast SEO Premium plugin. -->","yoast_head_json":{"title":"Handelsbetingelser - Marianne Thyboe","robots":{"index":"index","follow":"follow","max-snippet":"max-snippet:-1","max-image-preview":"max-image-preview:large","max-video-preview":"max-video-preview:-1"},"canonical":"https:\/\/niipit.dk\/marianne-thyboe\/handelsbetingelser\/","og_locale":"da_DK","og_type":"article","og_title":"Handelsbetingelser - Marianne Thyboe","og_description":"Handelsbetingelser for Marianne Thyboe Produkterne udbydes af Marianne Thyboe, Karlstrupvej 57, 2680 Solr\u00f8d strand CVR 34575290 Alle priser er i danske kroner inklusive moms. LeveringOnline-produkter bliver leveret digitalt via e-mail. Levering af online-produkter sker som oftest i l\u00f8bet af f\u00e5 minutter eller p\u00e5 en fastsat dato. Vilk\u00e5r og betalingsbetingelser ved sessionerVed mindre end 24 timers L\u00e6s mere","og_url":"https:\/\/niipit.dk\/marianne-thyboe\/handelsbetingelser\/","og_site_name":"Marianne Thyboe","article_modified_time":"2020-07-04T12:29:52+00:00","twitter_card":"summary_large_image","twitter_misc":{"Estimeret l\u00e6setid":"4 minutter"},"schema":{"@context":"https:\/\/schema.org","@graph":[{"@type":"WebPage","@id":"https:\/\/niipit.dk\/marianne-thyboe\/handelsbetingelser\/","url":"https:\/\/niipit.dk\/marianne-thyboe\/handelsbetingelser\/","name":"Handelsbetingelser - Marianne Thyboe","isPartOf":{"@id":"https:\/\/niipit.dk\/marianne-thyboe\/#website"},"datePublished":"2018-08-15T20:06:08+00:00","dateModified":"2020-07-04T12:29:52+00:00","breadcrumb":{"@id":"https:\/\/niipit.dk\/marianne-thyboe\/handelsbetingelser\/#breadcrumb"},"inLanguage":"da-DK","potentialAction":[{"@type":"ReadAction","target":["https:\/\/niipit.dk\/marianne-thyboe\/handelsbetingelser\/"]}]},{"@type":"BreadcrumbList","@id":"https:\/\/niipit.dk\/marianne-thyboe\/handelsbetingelser\/#breadcrumb","itemListElement":[{"@type":"ListItem","position":1,"name":"Hjem","item":"https:\/\/niipit.dk\/marianne-thyboe\/"},{"@type":"ListItem","position":2,"name":"Handelsbetingelser"}]},{"@type":"WebSite","@id":"https:\/\/niipit.dk\/marianne-thyboe\/#website","url":"https:\/\/niipit.dk\/marianne-thyboe\/","name":"Marianne Thyboe","description":"F\u00e5 din virksomhed p\u00e5 niipit","potentialAction":[{"@type":"SearchAction","target":{"@type":"EntryPoint","urlTemplate":"https:\/\/niipit.dk\/marianne-thyboe\/?s={search_term_string}"},"query-input":{"@type":"PropertyValueSpecification","valueRequired":true,"valueName":"search_term_string"}}],"inLanguage":"da-DK"}]}},"_links":{"self":[{"href":"https:\/\/niipit.dk\/marianne-thyboe\/wp-json\/wp\/v2\/pages\/5119","targetHints":{"allow":["GET"]}}],"collection":[{"href":"https:\/\/niipit.dk\/marianne-thyboe\/wp-json\/wp\/v2\/pages"}],"about":[{"href":"https:\/\/niipit.dk\/marianne-thyboe\/wp-json\/wp\/v2\/types\/page"}],"author":[{"embeddable":true,"href":"https:\/\/niipit.dk\/marianne-thyboe\/wp-json\/wp\/v2\/users\/151"}],"replies":[{"embeddable":true,"href":"https:\/\/niipit.dk\/marianne-thyboe\/wp-json\/wp\/v2\/comments?post=5119"}],"version-history":[{"count":0,"href":"https:\/\/niipit.dk\/marianne-thyboe\/wp-json\/wp\/v2\/pages\/5119\/revisions"}],"wp:attachment":[{"href":"https:\/\/niipit.dk\/marianne-thyboe\/wp-json\/wp\/v2\/media?parent=5119"}],"curies":[{"name":"wp","href":"https:\/\/api.w.org\/{rel}","templated":true}]}}