{"id":5064,"date":"2020-04-10T22:29:34","date_gmt":"2020-04-10T20:29:34","guid":{"rendered":"https:\/\/niipit.dk\/malermester-sebastian-petterson-shop\/?page_id=5064"},"modified":"2020-07-04T12:16:33","modified_gmt":"2020-07-04T10:16:33","slug":"frontpage","status":"publish","type":"page","link":"https:\/\/niipit.dk\/malermester-sebastian-petterson\/","title":{"rendered":"Forside"},"content":{"rendered":"\n<hr class=\"wp-block-separator\"\/>\n\n\n\n<h2 class=\"wp-block-heading\">Landets nok bedste malermester<\/h2>\n\n\n\n<p>Uanset om du s\u00f8ger bygningsmalerarbejde, m\u00f8belmalerarbejde eller en af landets f\u00e5 eksperter i gamle malereknikker, kan Malermester SP udf\u00f8re opgaven for dig. Firmaet er startet af Malermester Sebastian Petterson, der er udl\u00e6rt af en af landets dygtigste malermestre. <br>Malermester Sebastian Petterson er et professionelt og alsidigt malerfirma, hvor god kvalitet, flot finish og ikke mindst overholdelse af aftaler er essentielt. Firmaet samarbejder med en n\u00f8je udvalgt gruppe af udl\u00e6rte og topprofessionelle malermestre, s\u00e5 n\u00e6sten uanset st\u00f8rrelsen p\u00e5 dit malerarbejde kan vi hj\u00e6lpe dig. <br>Derudover l\u00e6gger vi stor v\u00e6gt p\u00e5 b\u00e6redygtighed, s\u00e5 du kan vide dig sikker p\u00e5, at malerarbejde udf\u00f8rt af os holder i mange \u00e5r. Vi bruger kun dygtige uddannede malere, som kan deres fag ud til fingerspidserne. <br>Kontakt os for at f\u00e5 et gratis uforpligtende tilbud p\u00e5 dit projekt.<\/p>\n","protected":false},"excerpt":{"rendered":"<p>Landets nok bedste malermester Uanset om du s\u00f8ger bygningsmalerarbejde, m\u00f8belmalerarbejde eller en af landets f\u00e5 eksperter i gamle malereknikker, kan Malermester SP udf\u00f8re opgaven for dig. Firmaet er startet af Malermester Sebastian Petterson, der er udl\u00e6rt af en af landets dygtigste malermestre. Malermester Sebastian Petterson er et professionelt og alsidigt malerfirma, hvor god kvalitet, flot <a class=\"moretag btn btn-primary\" href=\"https:\/\/niipit.dk\/malermester-sebastian-petterson\/\">L\u00e6s mere<\/a><\/p>\n","protected":false},"author":1,"featured_media":0,"parent":0,"menu_order":0,"comment_status":"closed","ping_status":"closed","template":"frontpagePremium.php","meta":{"_exactmetrics_skip_tracking":false,"_exactmetrics_sitenote_active":false,"_exactmetrics_sitenote_note":"","_exactmetrics_sitenote_category":0,"_monsterinsights_skip_tracking":false,"_monsterinsights_sitenote_active":false,"_monsterinsights_sitenote_note":"","_monsterinsights_sitenote_category":0,"footnotes":""},"class_list":["post-5064","page","type-page","status-publish","hentry"],"yoast_head":"<!-- This site is optimized with the Yoast SEO Premium plugin v16.3 (Yoast SEO v27.3) - https:\/\/yoast.com\/product\/yoast-seo-premium-wordpress\/ -->\n<title>Malermester Sebastian Petterson kan deres fag ud til fingerspidserne<\/title>\n<meta name=\"description\" content=\"Malermester Sebastian Petterson - bygningsmalerarbejde, m\u00f8belmalerarbejde eller en af landets f\u00e5 eksperter i gamle malereknikker\" \/>\n<meta name=\"robots\" content=\"index, follow, max-snippet:-1, max-image-preview:large, max-video-preview:-1\" \/>\n<link rel=\"canonical\" href=\"https:\/\/niipit.dk\/malermester-sebastian-petterson\/\" \/>\n<meta property=\"og:locale\" content=\"da_DK\" \/>\n<meta property=\"og:type\" content=\"article\" \/>\n<meta property=\"og:title\" content=\"Malermester Sebastian Petterson kan deres fag ud til fingerspidserne\" \/>\n<meta property=\"og:description\" content=\"Malermester Sebastian Petterson - bygningsmalerarbejde, m\u00f8belmalerarbejde eller en af landets f\u00e5 eksperter i gamle malereknikker\" \/>\n<meta property=\"og:url\" content=\"https:\/\/niipit.dk\/malermester-sebastian-petterson\/\" \/>\n<meta property=\"og:site_name\" content=\"Malermester Sebastian Petterson\" \/>\n<meta property=\"article:modified_time\" content=\"2020-07-04T10:16:33+00:00\" \/>\n<meta name=\"twitter:card\" content=\"summary_large_image\" \/>\n<meta name=\"twitter:label1\" content=\"Estimeret l\u00e6setid\" \/>\n\t<meta name=\"twitter:data1\" content=\"1 minut\" \/>\n<script type=\"application\/ld+json\" class=\"yoast-schema-graph\">{\"@context\":\"https:\\\/\\\/schema.org\",\"@graph\":[{\"@type\":\"WebPage\",\"@id\":\"https:\\\/\\\/niipit.dk\\\/malermester-sebastian-petterson\\\/\",\"url\":\"https:\\\/\\\/niipit.dk\\\/malermester-sebastian-petterson\\\/\",\"name\":\"Malermester Sebastian Petterson kan deres fag ud til fingerspidserne\",\"isPartOf\":{\"@id\":\"https:\\\/\\\/niipit.dk\\\/malermester-sebastian-petterson\\\/#website\"},\"datePublished\":\"2020-04-10T20:29:34+00:00\",\"dateModified\":\"2020-07-04T10:16:33+00:00\",\"description\":\"Malermester Sebastian Petterson - bygningsmalerarbejde, m\u00f8belmalerarbejde eller en af landets f\u00e5 eksperter i gamle malereknikker\",\"breadcrumb\":{\"@id\":\"https:\\\/\\\/niipit.dk\\\/malermester-sebastian-petterson\\\/#breadcrumb\"},\"inLanguage\":\"da-DK\",\"potentialAction\":[{\"@type\":\"ReadAction\",\"target\":[\"https:\\\/\\\/niipit.dk\\\/malermester-sebastian-petterson\\\/\"]}]},{\"@type\":\"BreadcrumbList\",\"@id\":\"https:\\\/\\\/niipit.dk\\\/malermester-sebastian-petterson\\\/#breadcrumb\",\"itemListElement\":[{\"@type\":\"ListItem\",\"position\":1,\"name\":\"Hjem\",\"item\":\"https:\\\/\\\/niipit.dk\\\/malermester-sebastian-petterson\\\/\"},{\"@type\":\"ListItem\",\"position\":2,\"name\":\"Forside\"}]},{\"@type\":\"WebSite\",\"@id\":\"https:\\\/\\\/niipit.dk\\\/malermester-sebastian-petterson\\\/#website\",\"url\":\"https:\\\/\\\/niipit.dk\\\/malermester-sebastian-petterson\\\/\",\"name\":\"Malermester Sebastian Petterson\",\"description\":\"Landets nok bedste malermester\",\"potentialAction\":[{\"@type\":\"SearchAction\",\"target\":{\"@type\":\"EntryPoint\",\"urlTemplate\":\"https:\\\/\\\/niipit.dk\\\/malermester-sebastian-petterson\\\/?s={search_term_string}\"},\"query-input\":{\"@type\":\"PropertyValueSpecification\",\"valueRequired\":true,\"valueName\":\"search_term_string\"}}],\"inLanguage\":\"da-DK\"}]}<\/script>\n<!-- \/ Yoast SEO Premium plugin. -->","yoast_head_json":{"title":"Malermester Sebastian Petterson kan deres fag ud til fingerspidserne","description":"Malermester Sebastian Petterson - bygningsmalerarbejde, m\u00f8belmalerarbejde eller en af landets f\u00e5 eksperter i gamle malereknikker","robots":{"index":"index","follow":"follow","max-snippet":"max-snippet:-1","max-image-preview":"max-image-preview:large","max-video-preview":"max-video-preview:-1"},"canonical":"https:\/\/niipit.dk\/malermester-sebastian-petterson\/","og_locale":"da_DK","og_type":"article","og_title":"Malermester Sebastian Petterson kan deres fag ud til fingerspidserne","og_description":"Malermester Sebastian Petterson - bygningsmalerarbejde, m\u00f8belmalerarbejde eller en af landets f\u00e5 eksperter i gamle malereknikker","og_url":"https:\/\/niipit.dk\/malermester-sebastian-petterson\/","og_site_name":"Malermester Sebastian Petterson","article_modified_time":"2020-07-04T10:16:33+00:00","twitter_card":"summary_large_image","twitter_misc":{"Estimeret l\u00e6setid":"1 minut"},"schema":{"@context":"https:\/\/schema.org","@graph":[{"@type":"WebPage","@id":"https:\/\/niipit.dk\/malermester-sebastian-petterson\/","url":"https:\/\/niipit.dk\/malermester-sebastian-petterson\/","name":"Malermester Sebastian Petterson kan deres fag ud til fingerspidserne","isPartOf":{"@id":"https:\/\/niipit.dk\/malermester-sebastian-petterson\/#website"},"datePublished":"2020-04-10T20:29:34+00:00","dateModified":"2020-07-04T10:16:33+00:00","description":"Malermester Sebastian Petterson - bygningsmalerarbejde, m\u00f8belmalerarbejde eller en af landets f\u00e5 eksperter i gamle malereknikker","breadcrumb":{"@id":"https:\/\/niipit.dk\/malermester-sebastian-petterson\/#breadcrumb"},"inLanguage":"da-DK","potentialAction":[{"@type":"ReadAction","target":["https:\/\/niipit.dk\/malermester-sebastian-petterson\/"]}]},{"@type":"BreadcrumbList","@id":"https:\/\/niipit.dk\/malermester-sebastian-petterson\/#breadcrumb","itemListElement":[{"@type":"ListItem","position":1,"name":"Hjem","item":"https:\/\/niipit.dk\/malermester-sebastian-petterson\/"},{"@type":"ListItem","position":2,"name":"Forside"}]},{"@type":"WebSite","@id":"https:\/\/niipit.dk\/malermester-sebastian-petterson\/#website","url":"https:\/\/niipit.dk\/malermester-sebastian-petterson\/","name":"Malermester Sebastian Petterson","description":"Landets nok bedste malermester","potentialAction":[{"@type":"SearchAction","target":{"@type":"EntryPoint","urlTemplate":"https:\/\/niipit.dk\/malermester-sebastian-petterson\/?s={search_term_string}"},"query-input":{"@type":"PropertyValueSpecification","valueRequired":true,"valueName":"search_term_string"}}],"inLanguage":"da-DK"}]}},"_links":{"self":[{"href":"https:\/\/niipit.dk\/malermester-sebastian-petterson\/wp-json\/wp\/v2\/pages\/5064","targetHints":{"allow":["GET"]}}],"collection":[{"href":"https:\/\/niipit.dk\/malermester-sebastian-petterson\/wp-json\/wp\/v2\/pages"}],"about":[{"href":"https:\/\/niipit.dk\/malermester-sebastian-petterson\/wp-json\/wp\/v2\/types\/page"}],"author":[{"embeddable":true,"href":"https:\/\/niipit.dk\/malermester-sebastian-petterson\/wp-json\/wp\/v2\/users\/1"}],"replies":[{"embeddable":true,"href":"https:\/\/niipit.dk\/malermester-sebastian-petterson\/wp-json\/wp\/v2\/comments?post=5064"}],"version-history":[{"count":0,"href":"https:\/\/niipit.dk\/malermester-sebastian-petterson\/wp-json\/wp\/v2\/pages\/5064\/revisions"}],"wp:attachment":[{"href":"https:\/\/niipit.dk\/malermester-sebastian-petterson\/wp-json\/wp\/v2\/media?parent=5064"}],"curies":[{"name":"wp","href":"https:\/\/api.w.org\/{rel}","templated":true}]}}