{"id":6727,"date":"2020-05-17T13:38:58","date_gmt":"2020-05-17T11:38:58","guid":{"rendered":"https:\/\/niipit.dk\/maja-graae\/?post_type=product&#038;p=6727"},"modified":"2021-09-26T10:45:12","modified_gmt":"2021-09-26T08:45:12","slug":"ekstra-personlig-traenings-time-ved-forloeb","status":"publish","type":"product","link":"https:\/\/niipit.dk\/maja-graae\/produkt\/ekstra-personlig-traenings-time-ved-forloeb\/","title":{"rendered":"Tilk\u00f8b af timer"},"content":{"rendered":"<h1><span style=\"vertical-align: inherit\"><span style=\"vertical-align: inherit\">Tilk\u00f8b af timer<\/span><\/span><\/h1>\n<h3><span style=\"vertical-align: inherit\"><span style=\"vertical-align: inherit\">Her kan du k\u00f8be flere timer hvis du er i et forl\u00f8b<\/span><\/span><\/h3>\n<p><span style=\"vertical-align: inherit\"><span style=\"vertical-align: inherit\">Har man forl\u00f8b med en pakkel\u00f8sning men \u00f8nsker ekstra personlig tid\/timer<\/span><\/span><\/p>\n<p><span style=\"vertical-align: inherit\"><span style=\"vertical-align: inherit\">da vi alle er forskellige og har forskellige behov<\/span><\/span><\/p>\n<p>&nbsp;<\/p>\n","protected":false},"excerpt":{"rendered":"<p><span style=\"vertical-align: inherit\"><span style=\"vertical-align: inherit\">pr ekstra tid<\/span><\/span><\/p>\n","protected":false},"featured_media":6729,"template":"","meta":{"_exactmetrics_skip_tracking":false,"_exactmetrics_sitenote_active":false,"_exactmetrics_sitenote_note":"","_exactmetrics_sitenote_category":0,"_monsterinsights_skip_tracking":false,"_monsterinsights_sitenote_active":false,"_monsterinsights_sitenote_note":"","_monsterinsights_sitenote_category":0},"product_brand":[],"product_cat":[2093],"product_tag":[],"shoptype":[],"class_list":{"0":"post-6727","1":"product","2":"type-product","3":"status-publish","4":"has-post-thumbnail","6":"product_cat-ukategoriseret","8":"first","9":"instock","10":"virtual","11":"purchasable","12":"product-type-simple"},"_links":{"self":[{"href":"https:\/\/niipit.dk\/maja-graae\/wp-json\/wp\/v2\/product\/6727","targetHints":{"allow":["GET"]}}],"collection":[{"href":"https:\/\/niipit.dk\/maja-graae\/wp-json\/wp\/v2\/product"}],"about":[{"href":"https:\/\/niipit.dk\/maja-graae\/wp-json\/wp\/v2\/types\/product"}],"wp:featuredmedia":[{"embeddable":true,"href":"https:\/\/niipit.dk\/maja-graae\/wp-json\/wp\/v2\/media\/6729"}],"wp:attachment":[{"href":"https:\/\/niipit.dk\/maja-graae\/wp-json\/wp\/v2\/media?parent=6727"}],"wp:term":[{"taxonomy":"product_brand","embeddable":true,"href":"https:\/\/niipit.dk\/maja-graae\/wp-json\/wp\/v2\/product_brand?post=6727"},{"taxonomy":"product_cat","embeddable":true,"href":"https:\/\/niipit.dk\/maja-graae\/wp-json\/wp\/v2\/product_cat?post=6727"},{"taxonomy":"product_tag","embeddable":true,"href":"https:\/\/niipit.dk\/maja-graae\/wp-json\/wp\/v2\/product_tag?post=6727"},{"taxonomy":"shoptype","embeddable":true,"href":"https:\/\/niipit.dk\/maja-graae\/wp-json\/wp\/v2\/shoptype?post=6727"}],"curies":[{"name":"wp","href":"https:\/\/api.w.org\/{rel}","templated":true}]}}