{"id":6726,"date":"2020-05-17T13:31:10","date_gmt":"2020-05-17T11:31:10","guid":{"rendered":"https:\/\/niipit.dk\/maja-graae\/?post_type=product&#038;p=6726"},"modified":"2020-09-24T10:01:37","modified_gmt":"2020-09-24T08:01:37","slug":"koerselstillaeg","status":"publish","type":"product","link":"https:\/\/niipit.dk\/maja-graae\/produkt\/koerselstillaeg\/","title":{"rendered":"k\u00f8rselstill\u00e6g"},"content":{"rendered":"<h1>K\u00f8rselstill\u00e6g<\/h1>\n<h3>K\u00f8b k\u00f8rselstill\u00e6g her<\/h3>\n<p>till\u00e6g for k\u00f8rsel ved 55-100km ved forl\u00f8b hos MG Tr\u00e6ning n\u00e5r det foreg\u00e5r i eller omkring eget hjem.<\/p>\n<p>det betales pr m\u00e5ned<\/p>\n","protected":false},"excerpt":{"rendered":"<p>k\u00f8rselstill\u00e6g pr m\u00e5ned ved lisstils \u00e6ndring forl\u00f8b<\/p>\n","protected":false},"featured_media":6732,"template":"","meta":{"_exactmetrics_skip_tracking":false,"_exactmetrics_sitenote_active":false,"_exactmetrics_sitenote_note":"","_exactmetrics_sitenote_category":0,"_monsterinsights_skip_tracking":false,"_monsterinsights_sitenote_active":false,"_monsterinsights_sitenote_note":"","_monsterinsights_sitenote_category":0},"product_brand":[],"product_cat":[2093],"product_tag":[],"shoptype":[],"class_list":{"0":"post-6726","1":"product","2":"type-product","3":"status-publish","4":"has-post-thumbnail","6":"product_cat-ukategoriseret","8":"first","9":"instock","10":"virtual","11":"purchasable","12":"product-type-subscription"},"_links":{"self":[{"href":"https:\/\/niipit.dk\/maja-graae\/wp-json\/wp\/v2\/product\/6726","targetHints":{"allow":["GET"]}}],"collection":[{"href":"https:\/\/niipit.dk\/maja-graae\/wp-json\/wp\/v2\/product"}],"about":[{"href":"https:\/\/niipit.dk\/maja-graae\/wp-json\/wp\/v2\/types\/product"}],"wp:featuredmedia":[{"embeddable":true,"href":"https:\/\/niipit.dk\/maja-graae\/wp-json\/wp\/v2\/media\/6732"}],"wp:attachment":[{"href":"https:\/\/niipit.dk\/maja-graae\/wp-json\/wp\/v2\/media?parent=6726"}],"wp:term":[{"taxonomy":"product_brand","embeddable":true,"href":"https:\/\/niipit.dk\/maja-graae\/wp-json\/wp\/v2\/product_brand?post=6726"},{"taxonomy":"product_cat","embeddable":true,"href":"https:\/\/niipit.dk\/maja-graae\/wp-json\/wp\/v2\/product_cat?post=6726"},{"taxonomy":"product_tag","embeddable":true,"href":"https:\/\/niipit.dk\/maja-graae\/wp-json\/wp\/v2\/product_tag?post=6726"},{"taxonomy":"shoptype","embeddable":true,"href":"https:\/\/niipit.dk\/maja-graae\/wp-json\/wp\/v2\/shoptype?post=6726"}],"curies":[{"name":"wp","href":"https:\/\/api.w.org\/{rel}","templated":true}]}}