{"id":6725,"date":"2020-05-17T13:28:10","date_gmt":"2020-05-17T11:28:10","guid":{"rendered":"https:\/\/niipit.dk\/maja-graae\/?post_type=product&#038;p=6725"},"modified":"2020-09-24T10:01:03","modified_gmt":"2020-09-24T08:01:03","slug":"koerselv-ved-livsstilsaendrings-forloeb-20-50km","status":"publish","type":"product","link":"https:\/\/niipit.dk\/maja-graae\/produkt\/koerselv-ved-livsstilsaendrings-forloeb-20-50km\/","title":{"rendered":"k\u00f8rselstill\u00e6g"},"content":{"rendered":"<h1>K\u00f8rselstill\u00e6g<\/h1>\n<h3>K\u00f8b k\u00f8rselstill\u00e6g her<\/h3>\n<p>&nbsp;<\/p>\n<p>k\u00f8rselstill\u00e6g ved forl\u00f8b\u00a0 20-50km ved personlig fremm\u00f8de i eget hjem eller n\u00e6rheden.\u00a0 pr m\u00e5ned<\/p>\n","protected":false},"excerpt":{"rendered":"<p>k\u00f8rselstill\u00e6g efter aftale ved livsstils \u00e6ndring pr m\u00e5ned<\/p>\n","protected":false},"featured_media":6732,"template":"","meta":{"_exactmetrics_skip_tracking":false,"_exactmetrics_sitenote_active":false,"_exactmetrics_sitenote_note":"","_exactmetrics_sitenote_category":0,"_monsterinsights_skip_tracking":false,"_monsterinsights_sitenote_active":false,"_monsterinsights_sitenote_note":"","_monsterinsights_sitenote_category":0},"product_brand":[],"product_cat":[2093],"product_tag":[],"shoptype":[],"class_list":{"0":"post-6725","1":"product","2":"type-product","3":"status-publish","4":"has-post-thumbnail","6":"product_cat-ukategoriseret","8":"first","9":"instock","10":"virtual","11":"purchasable","12":"product-type-subscription"},"_links":{"self":[{"href":"https:\/\/niipit.dk\/maja-graae\/wp-json\/wp\/v2\/product\/6725","targetHints":{"allow":["GET"]}}],"collection":[{"href":"https:\/\/niipit.dk\/maja-graae\/wp-json\/wp\/v2\/product"}],"about":[{"href":"https:\/\/niipit.dk\/maja-graae\/wp-json\/wp\/v2\/types\/product"}],"wp:featuredmedia":[{"embeddable":true,"href":"https:\/\/niipit.dk\/maja-graae\/wp-json\/wp\/v2\/media\/6732"}],"wp:attachment":[{"href":"https:\/\/niipit.dk\/maja-graae\/wp-json\/wp\/v2\/media?parent=6725"}],"wp:term":[{"taxonomy":"product_brand","embeddable":true,"href":"https:\/\/niipit.dk\/maja-graae\/wp-json\/wp\/v2\/product_brand?post=6725"},{"taxonomy":"product_cat","embeddable":true,"href":"https:\/\/niipit.dk\/maja-graae\/wp-json\/wp\/v2\/product_cat?post=6725"},{"taxonomy":"product_tag","embeddable":true,"href":"https:\/\/niipit.dk\/maja-graae\/wp-json\/wp\/v2\/product_tag?post=6725"},{"taxonomy":"shoptype","embeddable":true,"href":"https:\/\/niipit.dk\/maja-graae\/wp-json\/wp\/v2\/shoptype?post=6725"}],"curies":[{"name":"wp","href":"https:\/\/api.w.org\/{rel}","templated":true}]}}