{"id":6691,"date":"2020-04-15T11:28:14","date_gmt":"2020-04-15T09:28:14","guid":{"rendered":"https:\/\/niipit.dk\/maja-graae\/?post_type=product&#038;p=6691"},"modified":"2020-08-24T07:50:25","modified_gmt":"2020-08-24T05:50:25","slug":"loeb-alle-niveauer","status":"publish","type":"product","link":"https:\/\/niipit.dk\/maja-graae\/produkt\/loeb-alle-niveauer\/","title":{"rendered":"L\u00f8b alle niveauer Slagelse og omegn"},"content":{"rendered":"<h1>L\u00f8b alle niveauer Slagelse og omegn<\/h1>\n<p>l\u00f8b alle niveauer . du l\u00f8ber med mig s\u00e5 du f\u00e5r coaching ligemeget hvilket niveau du er p\u00e5. det er for Dig der gerne vil starte op med l\u00f8b, er du nybegynder eller l\u00f8ber men har sat nye m\u00e5l med l\u00f8betr\u00e6ning med coaching har du alle muligheder for at n\u00e5 dine m\u00e5l.<\/p>\n<h3>Nybegynder<\/h3>\n<p>Vil du gerne starte op med l\u00f8b eller er du nybegynder. Har du her muligheden, For at f\u00e5 startet rigtig op p\u00e5 l\u00f8b.\u00a0 Undg\u00e5 mange starts skader. Er det ikke bare at l\u00f8be ? jo men der er mange ting der spiller ind og mange oplever l\u00f8beskader efter ca 6 m\u00e5neder.\u00a0 s\u00e5 vil du undg\u00e5 dette s\u00e5 lad os starte op sammen.<\/p>\n<h3>L\u00f8ber<\/h3>\n<p>Er du l\u00f8ber men gerne vil v\u00e6re hurtigere eller l\u00f8be l\u00e6ngere , s\u00e5 har du alle muligheder for at f\u00e5 motivation og coaching til at n\u00e5 dit m\u00e5l. Om det er 5km 10km\u00a0 halv marathon eller marathon du har sat som m\u00e5l<\/p>\n<p>&nbsp;<\/p>\n<h3>Alt dette f\u00e5r du<\/h3>\n<p>personlig tr\u00e6ning. 4 personlige l\u00f8be sessioner.<\/p>\n<p>program til at l\u00f8be efter.<\/p>\n<p>mulighed for at samtale hver dag mellem 9-21:30<\/p>\n<p>videoer med \u00f8velser<\/p>\n<p>&nbsp;<\/p>\n<h3>Der arbejdes med<\/h3>\n<p>l\u00f8bestil<\/p>\n<p>vejrtr\u00e6kning<\/p>\n<p>\u00f8velser til forbedring af l\u00f8b.<\/p>\n<p>&nbsp;<\/p>\n<p>l\u00f8betr\u00e6ningen foreg\u00e5r i eller omkring Slagelse.<\/p>\n<p>&nbsp;<\/p>\n<p>&nbsp;<\/p>\n<p>tidligere kundes anbefaling<\/p>\n<p>l\u00e6s her <a href=\"https:\/\/niipit.dk\/maja-graae\/anmeldelser\/\">Anmeldelser<\/a><\/p>\n<p>&nbsp;<\/p>\n<figure id=\"attachment_6694\" aria-describedby=\"caption-attachment-6694\" style=\"width: 224px\" class=\"wp-caption alignnone\"><img loading=\"lazy\" decoding=\"async\" class=\"wp-image-6694 size-medium\" title=\"l\u00f8b, l\u00f8bestil, tempo, marathon, ironman, \" src=\"https:\/\/niipit.dk\/maja-graae\/wp-content\/uploads\/sites\/356\/2020\/04\/93852213_2796217197143223_2759438010037567488_n-224x300.jpg\" alt=\"l\u00f8b alle niveauer slagelse og omegn\" width=\"224\" height=\"300\" srcset=\"https:\/\/niipit.dk\/maja-graae\/wp-content\/uploads\/sites\/356\/2020\/04\/93852213_2796217197143223_2759438010037567488_n-224x300.jpg 224w, https:\/\/niipit.dk\/maja-graae\/wp-content\/uploads\/sites\/356\/2020\/04\/93852213_2796217197143223_2759438010037567488_n-764x1024.jpg 764w, https:\/\/niipit.dk\/maja-graae\/wp-content\/uploads\/sites\/356\/2020\/04\/93852213_2796217197143223_2759438010037567488_n-768x1029.jpg 768w, https:\/\/niipit.dk\/maja-graae\/wp-content\/uploads\/sites\/356\/2020\/04\/93852213_2796217197143223_2759438010037567488_n-1146x1536.jpg 1146w, https:\/\/niipit.dk\/maja-graae\/wp-content\/uploads\/sites\/356\/2020\/04\/93852213_2796217197143223_2759438010037567488_n-600x804.jpg 600w, https:\/\/niipit.dk\/maja-graae\/wp-content\/uploads\/sites\/356\/2020\/04\/93852213_2796217197143223_2759438010037567488_n.jpg 1504w\" sizes=\"auto, (max-width: 224px) 100vw, 224px\" \/><figcaption id=\"caption-attachment-6694\" class=\"wp-caption-text\">l\u00f8b alle niveauer<\/figcaption><\/figure>\n","protected":false},"excerpt":{"rendered":"<p>l\u00f8betr\u00e6ningen foreg\u00e5r i eller i omengen af Slagelse. efter aftale s\u00e5 det passer ind i dine planer<\/p>\n","protected":false},"featured_media":6695,"template":"","meta":{"_exactmetrics_skip_tracking":false,"_exactmetrics_sitenote_active":false,"_exactmetrics_sitenote_note":"","_exactmetrics_sitenote_category":0,"_monsterinsights_skip_tracking":false,"_monsterinsights_sitenote_active":false,"_monsterinsights_sitenote_note":"","_monsterinsights_sitenote_category":0},"product_brand":[],"product_cat":[2164],"product_tag":[2196,2198,2199,2197,2200,2201],"shoptype":[],"class_list":{"0":"post-6691","1":"product","2":"type-product","3":"status-publish","4":"has-post-thumbnail","6":"product_cat-alle-vare","7":"product_tag-loeb","8":"product_tag-loeber","9":"product_tag-nybegynder","10":"product_tag-personligforloeb","11":"product_tag-program","12":"product_tag-slagelse-og-omegn","14":"first","15":"instock","16":"featured","17":"shipping-taxable","18":"purchasable","19":"product-type-simple"},"_links":{"self":[{"href":"https:\/\/niipit.dk\/maja-graae\/wp-json\/wp\/v2\/product\/6691","targetHints":{"allow":["GET"]}}],"collection":[{"href":"https:\/\/niipit.dk\/maja-graae\/wp-json\/wp\/v2\/product"}],"about":[{"href":"https:\/\/niipit.dk\/maja-graae\/wp-json\/wp\/v2\/types\/product"}],"wp:featuredmedia":[{"embeddable":true,"href":"https:\/\/niipit.dk\/maja-graae\/wp-json\/wp\/v2\/media\/6695"}],"wp:attachment":[{"href":"https:\/\/niipit.dk\/maja-graae\/wp-json\/wp\/v2\/media?parent=6691"}],"wp:term":[{"taxonomy":"product_brand","embeddable":true,"href":"https:\/\/niipit.dk\/maja-graae\/wp-json\/wp\/v2\/product_brand?post=6691"},{"taxonomy":"product_cat","embeddable":true,"href":"https:\/\/niipit.dk\/maja-graae\/wp-json\/wp\/v2\/product_cat?post=6691"},{"taxonomy":"product_tag","embeddable":true,"href":"https:\/\/niipit.dk\/maja-graae\/wp-json\/wp\/v2\/product_tag?post=6691"},{"taxonomy":"shoptype","embeddable":true,"href":"https:\/\/niipit.dk\/maja-graae\/wp-json\/wp\/v2\/shoptype?post=6691"}],"curies":[{"name":"wp","href":"https:\/\/api.w.org\/{rel}","templated":true}]}}