{"id":6072,"date":"2019-12-10T11:11:17","date_gmt":"2019-12-10T10:11:17","guid":{"rendered":"https:\/\/niipit.dk\/maja-graae\/?post_type=product&#038;p=6072"},"modified":"2020-03-07T16:54:21","modified_gmt":"2020-03-07T15:54:21","slug":"gratis-30-minutters-samtale-om-vaegttab","status":"publish","type":"product","link":"https:\/\/niipit.dk\/maja-graae\/produkt\/gratis-30-minutters-samtale-om-vaegttab\/","title":{"rendered":"Gratis 30 minutters samtale  om v\u00e6gttab"},"content":{"rendered":"<h1>Gratis 30 minutters samtale om v\u00e6gttab<\/h1>\n<h2>F\u00e5 30 minutter samtale om v\u00e6gttab.<\/h2>\n<p>Vil du gerne igang med et v\u00e6gttab, har du en masse sp\u00f8rgsm\u00e5l, er du g\u00e5et i st\u00e5 i dit v\u00e6gttab.<\/p>\n<p>S\u00e5 f\u00e5r du her 30 minutter hvor du kan f\u00e5 et par r\u00e5d og tips.<\/p>\n<p>&nbsp;<\/p>\n<p>Kender du det at s\u00e5 foran spejlet, <a href=\"https:\/\/niipit.dk\/maja-graae\/spejlet\/\">l\u00e6s her<\/a><\/p>\n<p>&nbsp;<\/p>\n","protected":false},"excerpt":{"rendered":"<p>Samtale om v\u00e6gt og sundhed<\/p>\n","protected":false},"featured_media":6134,"template":"","meta":{"_exactmetrics_skip_tracking":false,"_exactmetrics_sitenote_active":false,"_exactmetrics_sitenote_note":"","_exactmetrics_sitenote_category":0,"_monsterinsights_skip_tracking":false,"_monsterinsights_sitenote_active":false,"_monsterinsights_sitenote_note":"","_monsterinsights_sitenote_category":0},"product_brand":[],"product_cat":[2164,2178],"product_tag":[],"shoptype":[],"class_list":{"0":"post-6072","1":"product","2":"type-product","3":"status-publish","4":"has-post-thumbnail","6":"product_cat-alle-vare","7":"product_cat-freebee","9":"first","10":"instock","11":"sale","12":"shipping-taxable","13":"purchasable","14":"product-type-simple"},"_links":{"self":[{"href":"https:\/\/niipit.dk\/maja-graae\/wp-json\/wp\/v2\/product\/6072","targetHints":{"allow":["GET"]}}],"collection":[{"href":"https:\/\/niipit.dk\/maja-graae\/wp-json\/wp\/v2\/product"}],"about":[{"href":"https:\/\/niipit.dk\/maja-graae\/wp-json\/wp\/v2\/types\/product"}],"wp:featuredmedia":[{"embeddable":true,"href":"https:\/\/niipit.dk\/maja-graae\/wp-json\/wp\/v2\/media\/6134"}],"wp:attachment":[{"href":"https:\/\/niipit.dk\/maja-graae\/wp-json\/wp\/v2\/media?parent=6072"}],"wp:term":[{"taxonomy":"product_brand","embeddable":true,"href":"https:\/\/niipit.dk\/maja-graae\/wp-json\/wp\/v2\/product_brand?post=6072"},{"taxonomy":"product_cat","embeddable":true,"href":"https:\/\/niipit.dk\/maja-graae\/wp-json\/wp\/v2\/product_cat?post=6072"},{"taxonomy":"product_tag","embeddable":true,"href":"https:\/\/niipit.dk\/maja-graae\/wp-json\/wp\/v2\/product_tag?post=6072"},{"taxonomy":"shoptype","embeddable":true,"href":"https:\/\/niipit.dk\/maja-graae\/wp-json\/wp\/v2\/shoptype?post=6072"}],"curies":[{"name":"wp","href":"https:\/\/api.w.org\/{rel}","templated":true}]}}