{"id":5732,"date":"2019-05-14T14:35:21","date_gmt":"2019-05-14T12:35:21","guid":{"rendered":"https:\/\/niipit.dk\/maja-graae\/?page_id=5732"},"modified":"2020-04-28T15:14:48","modified_gmt":"2020-04-28T13:14:48","slug":"galleriet","status":"publish","type":"page","link":"https:\/\/niipit.dk\/maja-graae\/galleriet\/","title":{"rendered":"Galleriet"},"content":{"rendered":"\n<h3 class=\"wp-block-heading\">Galleriet<\/h3>\n\n\n\n<p>I galleriet vil man kunne se nogle af de aktiviteter der sker i og sammen med MG Tr\u00e6ning.  Billeder lagt i galleriet er alle godkendt af personer p\u00e5 billedet.  <\/p>\n\n\n\n<figure class=\"wp-block-image size-large\"><img loading=\"lazy\" decoding=\"async\" width=\"1024\" height=\"1024\" src=\"https:\/\/niipit.dk\/maja-graae\/wp-content\/uploads\/sites\/356\/2020\/04\/triatlet-MG-Tr\u00e6ning-1-1024x1024.jpg\" alt=\"Nyt m\u00e5l, personligtr\u00e6ning, tr\u00e6ningsprogram \" class=\"wp-image-6706\" srcset=\"https:\/\/niipit.dk\/maja-graae\/wp-content\/uploads\/sites\/356\/2020\/04\/triatlet-MG-Tr\u00e6ning-1-1024x1024.jpg 1024w, https:\/\/niipit.dk\/maja-graae\/wp-content\/uploads\/sites\/356\/2020\/04\/triatlet-MG-Tr\u00e6ning-1-300x300.jpg 300w, https:\/\/niipit.dk\/maja-graae\/wp-content\/uploads\/sites\/356\/2020\/04\/triatlet-MG-Tr\u00e6ning-1-150x150.jpg 150w, https:\/\/niipit.dk\/maja-graae\/wp-content\/uploads\/sites\/356\/2020\/04\/triatlet-MG-Tr\u00e6ning-1-768x768.jpg 768w, https:\/\/niipit.dk\/maja-graae\/wp-content\/uploads\/sites\/356\/2020\/04\/triatlet-MG-Tr\u00e6ning-1-1536x1536.jpg 1536w, https:\/\/niipit.dk\/maja-graae\/wp-content\/uploads\/sites\/356\/2020\/04\/triatlet-MG-Tr\u00e6ning-1-600x600.jpg 600w, https:\/\/niipit.dk\/maja-graae\/wp-content\/uploads\/sites\/356\/2020\/04\/triatlet-MG-Tr\u00e6ning-1-100x100.jpg 100w, https:\/\/niipit.dk\/maja-graae\/wp-content\/uploads\/sites\/356\/2020\/04\/triatlet-MG-Tr\u00e6ning-1.jpg 1890w\" sizes=\"auto, (max-width: 1024px) 100vw, 1024px\" \/><\/figure>\n\n\n\n<h3 class=\"wp-block-heading\">Lars Springgymnast og nu Ironman<\/h3>\n\n\n\n<p>Lars er springgymnast, men satte sig et nyt m\u00e5l. han ville lave en Ironman. s\u00e5 han tog fat i MG Tr\u00e6ning og fik et personlig tr\u00e6ningsprogrammer, personligtr\u00e6ning, motivation og r\u00e5d omkring kost. Lars tr\u00e6nede m\u00e5lrette mod Ironman Copenhagen p\u00e5 vejen testede han formen p\u00e5 en 1\/2 Ironman i Helsing\u00f8r. Lars kom i m\u00e5l og gennemf\u00f8rte Ironman Copenhagen. <\/p>\n\n\n\n<figure class=\"wp-block-gallery columns-2 is-cropped wp-block-gallery-1 is-layout-flex wp-block-gallery-is-layout-flex\"><ul class=\"blocks-gallery-grid\"><li class=\"blocks-gallery-item\"><figure><img loading=\"lazy\" decoding=\"async\" width=\"1024\" height=\"768\" src=\"https:\/\/niipit.dk\/maja-graae\/wp-content\/uploads\/sites\/356\/2020\/04\/l\u00f8besko-hele-familien-1024x768.jpg\" alt=\"L\u00f8b, m\u00e5l, resultater, familie, \" data-id=\"6707\" class=\"wp-image-6707\" srcset=\"https:\/\/niipit.dk\/maja-graae\/wp-content\/uploads\/sites\/356\/2020\/04\/l\u00f8besko-hele-familien-1024x768.jpg 1024w, https:\/\/niipit.dk\/maja-graae\/wp-content\/uploads\/sites\/356\/2020\/04\/l\u00f8besko-hele-familien-300x225.jpg 300w, https:\/\/niipit.dk\/maja-graae\/wp-content\/uploads\/sites\/356\/2020\/04\/l\u00f8besko-hele-familien-768x576.jpg 768w, https:\/\/niipit.dk\/maja-graae\/wp-content\/uploads\/sites\/356\/2020\/04\/l\u00f8besko-hele-familien-1536x1152.jpg 1536w, https:\/\/niipit.dk\/maja-graae\/wp-content\/uploads\/sites\/356\/2020\/04\/l\u00f8besko-hele-familien-600x450.jpg 600w, https:\/\/niipit.dk\/maja-graae\/wp-content\/uploads\/sites\/356\/2020\/04\/l\u00f8besko-hele-familien.jpg 2016w\" sizes=\"auto, (max-width: 1024px) 100vw, 1024px\" \/><\/figure><\/li><li class=\"blocks-gallery-item\"><figure><img loading=\"lazy\" decoding=\"async\" width=\"352\" height=\"480\" src=\"https:\/\/niipit.dk\/maja-graae\/wp-content\/uploads\/sites\/356\/2020\/04\/lp-vinder.jpg\" alt=\"\" data-id=\"6708\" data-full-url=\"https:\/\/niipit.dk\/maja-graae\/wp-content\/uploads\/sites\/356\/2020\/04\/lp-vinder.jpg\" data-link=\"https:\/\/niipit.dk\/maja-graae\/?attachment_id=6708\" class=\"wp-image-6708\" srcset=\"https:\/\/niipit.dk\/maja-graae\/wp-content\/uploads\/sites\/356\/2020\/04\/lp-vinder.jpg 352w, https:\/\/niipit.dk\/maja-graae\/wp-content\/uploads\/sites\/356\/2020\/04\/lp-vinder-220x300.jpg 220w\" sizes=\"auto, (max-width: 352px) 100vw, 352px\" \/><\/figure><\/li><\/ul><\/figure>\n\n\n\n<h3 class=\"wp-block-heading\">MG Tr\u00e6ning til Brol\u00f8b <\/h3>\n\n\n\n<p>MG Tr\u00e6ning til Brol\u00f8b i Frederikssund hvor vi l\u00f8b med Realm\u00e6glerne Staal og N\u00f6hrlind Frederikssund <a href=\"https:\/\/www.realmaeglerne.dk\/334\">https:\/\/www.realmaeglerne.dk\/334<\/a> her l\u00f8b Lars peter sig ind p\u00e5 en 1 plads p\u00e5 10km for m\u00e6nd.<\/p>\n\n\n\n<figure class=\"wp-block-image size-full is-resized\"><img loading=\"lazy\" decoding=\"async\" src=\"https:\/\/niipit.dk\/maja-graae\/wp-content\/uploads\/sites\/356\/2020\/04\/spejl-lille.jpg\" alt=\"foredrag, personlig udvikling, \" class=\"wp-image-6710\" width=\"1004\" height=\"699\" srcset=\"https:\/\/niipit.dk\/maja-graae\/wp-content\/uploads\/sites\/356\/2020\/04\/spejl-lille.jpg 559w, https:\/\/niipit.dk\/maja-graae\/wp-content\/uploads\/sites\/356\/2020\/04\/spejl-lille-300x209.jpg 300w\" sizes=\"auto, (max-width: 1004px) 100vw, 1004px\" \/><\/figure>\n\n\n\n<h3 class=\"wp-block-heading\">Foredrag<\/h3>\n\n\n\n<p>Vi gl\u00e6der os til at komme ud og holde foredrag. Var lige startet da carona lagde verden ned. gl\u00e6der os til at se jer ude i hele Danmark pt er listen. Haderslev, Aalborg, Odense, Randers, S\u00f8nderborg, k\u00f8benhavn. Et foredrag om en personlig udvikling fra levende d\u00f8d p\u00e5 en masse medicin opgivet af l\u00e6ger. til ingen medicin og gennemf\u00f8rt ironman en fort\u00e6lling om en mental og fysisk udvikling.  hvor du f\u00e5r lidt teori omkring forandring. Hvis du har dr\u00f8mmen s\u00e5 giver vi dig inspirationen til at n\u00e5 den.<\/p>\n\n\n\n<p><\/p>\n\n\n\n<p><\/p>\n\n\n\n<p>Fandt du inspiration. Start dit m\u00e5l med en samtale her <a href=\"https:\/\/niipit.dk\/maja-graae\/produkt-kategori\/freebee\/\">https:\/\/niipit.dk\/maja-graae\/produkt-kategori\/freebee\/<\/a><\/p>\n\n\n\n<p><\/p>\n","protected":false},"excerpt":{"rendered":"<p>Galleriet I galleriet vil man kunne se nogle af de aktiviteter der sker i og sammen med MG Tr\u00e6ning. Billeder lagt i galleriet er alle godkendt af personer p\u00e5 billedet. Lars Springgymnast og nu Ironman Lars er springgymnast, men satte sig et nyt m\u00e5l. han ville lave en Ironman. s\u00e5 han tog fat i MG <a class=\"moretag btn btn-primary\" href=\"https:\/\/niipit.dk\/maja-graae\/galleriet\/\">L\u00e6s mere<\/a><\/p>\n","protected":false},"author":1072,"featured_media":0,"parent":0,"menu_order":0,"comment_status":"closed","ping_status":"closed","template":"","meta":{"_exactmetrics_skip_tracking":false,"_exactmetrics_sitenote_active":false,"_exactmetrics_sitenote_note":"","_exactmetrics_sitenote_category":0,"_monsterinsights_skip_tracking":false,"_monsterinsights_sitenote_active":false,"_monsterinsights_sitenote_note":"","_monsterinsights_sitenote_category":0,"footnotes":""},"class_list":["post-5732","page","type-page","status-publish","hentry"],"_links":{"self":[{"href":"https:\/\/niipit.dk\/maja-graae\/wp-json\/wp\/v2\/pages\/5732","targetHints":{"allow":["GET"]}}],"collection":[{"href":"https:\/\/niipit.dk\/maja-graae\/wp-json\/wp\/v2\/pages"}],"about":[{"href":"https:\/\/niipit.dk\/maja-graae\/wp-json\/wp\/v2\/types\/page"}],"author":[{"embeddable":true,"href":"https:\/\/niipit.dk\/maja-graae\/wp-json\/wp\/v2\/users\/1072"}],"replies":[{"embeddable":true,"href":"https:\/\/niipit.dk\/maja-graae\/wp-json\/wp\/v2\/comments?post=5732"}],"version-history":[{"count":0,"href":"https:\/\/niipit.dk\/maja-graae\/wp-json\/wp\/v2\/pages\/5732\/revisions"}],"wp:attachment":[{"href":"https:\/\/niipit.dk\/maja-graae\/wp-json\/wp\/v2\/media?parent=5732"}],"curies":[{"name":"wp","href":"https:\/\/api.w.org\/{rel}","templated":true}]}}