{"id":5119,"date":"2018-08-15T22:06:08","date_gmt":"2018-08-15T20:06:08","guid":{"rendered":"https:\/\/niipit.dk\/nv2-QogM\/?page_id=5119"},"modified":"2020-09-22T08:33:37","modified_gmt":"2020-09-22T06:33:37","slug":"handelsbetingelser","status":"publish","type":"page","link":"https:\/\/niipit.dk\/maja-graae\/handelsbetingelser\/","title":{"rendered":"Handelsbetingelser"},"content":{"rendered":"\n<h1 class=\"wp-block-heading\">Handelsbetingelser for MG Tr\u00e6ning<\/h1>\n\n\n\n<p><strong>MG Tr\u00e6ning<\/strong><br>Lindevej 9 1 sal<br>4200 Slagelse<br>TLF:&nbsp;<a href=\"tel:+45 53667731\">+45 53667731<\/a><br>CVR: 38204378<\/p>\n\n\n\n<h2 class=\"wp-block-heading\">Generelt<\/h2>\n\n\n\n<p>MG Tr\u00e6ning stiller et abonnement baseret online tjeneste til r\u00e5dighed p\u00e5 https:\/\/niipit.dk\/maja-graae\/. Vilk\u00e5rene er g\u00e6ldende mellem den enkelte bruger og MG Tr\u00e6ning.<\/p>\n\n\n\n<p>Disse vilk\u00e5r og betingelser for brug g\u00e6lder for aftaler mellem MG Tr\u00e6ning og \u00e9n fysisk person (herefter \u201cBrugeren\u201d) vedr\u00f8rende Tjenesten. Kun personer, der er 18 \u00e5r eller \u00e6ldre og bor i Danmark, kan indg\u00e5 en aftale med MG Tr\u00e6ning vedr\u00f8rende Tjenesten.<\/p>\n\n\n\n<p>Disse Betingelser udg\u00f8r samlet den aftale, der er g\u00e6ldende mellem Brugeren og MG Tr\u00e6ning.&nbsp;<\/p>\n\n\n\n<p>For at f\u00e5 adgang til Tjenesten, skal Brugeren l\u00e6se og acceptere handelsbetingelserne.<\/p>\n\n\n\n<h2 class=\"wp-block-heading\">Ydelsens omfang<\/h2>\n\n\n\n<p>Tjenesten giver Brugeren adgang til MG Tr\u00e6ning&#8217;s tjenester bestemt ved bestilling.<\/p>\n\n\n\n<h2 class=\"wp-block-heading\">Adgang til tjenesten<\/h2>\n\n\n\n<p>Brugeren skal for at f\u00e5 adgang til Tjenesten registrere en brugerkonto p\u00e5 portalen.<\/p>\n\n\n\n<h2 class=\"wp-block-heading\">Registrering og brugeradgang<\/h2>\n\n\n\n<p>Brugeren er ansvarlig for at sikre, at de angivne oplysninger er korrekte p\u00e5 registreringstidspunktet. Ved registrering m\u00e5 Brugeren kun give oplysninger vedr\u00f8rende egne betalings- og kreditkort.<\/p>\n\n\n\n<p>Ved registrering skal Brugeren angive et brugernavn og et password (herefter \u201cLogin Oplysninger\u201d). Brugerens Login Oplysninger er personlige og m\u00e5 ikke bruges af andre med mindre andet er anf\u00f8rt p\u00e5 produktet.<\/p>\n\n\n\n<p>Brugeren skal opbevare Login Oplysningerne p\u00e5 et sikkert sted, s\u00e5ledes at andre ikke kan f\u00e5 uberettiget adgang til dem. Brugeren er ansvarlig for al brug af sin brugerkonto.<\/p>\n\n\n\n<p>Hvis Brugeren f\u00e5r mistanke om ulovlig brug af Brugerens Login Oplysninger, skal Brugeren omg\u00e5ende underrette MG Tr\u00e6ning samt \u00e6ndre sit password.<\/p>\n\n\n\n<h2 class=\"wp-block-heading\">Gebyrer og Betaling<\/h2>\n\n\n\n<p>Gebyrer for brug af Tjenesten skal betales i henhold til den til enhver tid g\u00e6ldende prisliste, der er tilg\u00e6ngelig p\u00e5 hjemmesiden.<\/p>\n\n\n\n<p>Betaling for abonnementet sker forud hver m\u00e5ned.<\/p>\n\n\n\n<p>Brugeren skal udf\u00f8re betalingen for abonnementet via de af MG Tr\u00e6ning tilbudte betalingsmidler p\u00e5 hjemmesiden. Brugeren forpligter sig til ved bestillingen at overf\u00f8re pengene p\u00e5 det oplyste reg og konto nummer. Bel\u00f8bet skal betales lige s\u00e5 l\u00e6nge som aftale l\u00f8ber og hver den 1 i en kalender m\u00e5ned. At stoppe betalingen er ikke gyldig afmelding af abonnementet. <\/p>\n\n\n\n<h2 class=\"wp-block-heading\">Tilpasninger og \u00e6ndringer<\/h2>\n\n\n\n<p>MG Tr\u00e6ning forbeholder sig retten til at \u00e6ndre gebyret og andre betingelser for Tjenesten. \u00c6ndringen skal meddeles til Brugeren senest tredive (30) dage inden \u00e6ndringen tr\u00e6der i kraft. I tilf\u00e6lde af s\u00e5danne \u00e6ndringer er Brugeren berettiget til at opsige abonnementet med virkning fra den dag, hvor \u00e6ndringen tr\u00e6der i kraft. Hvis Brugeren ikke opsiger abonnementet f\u00f8r \u00e6ndringen tr\u00e6der i kraft, skal det betragtes som accept af \u00e6ndringen. \u00c6ndringer, der er til \u00e5benbar fordel for Brugeren, g\u00e6lder med det samme uden opsigelsesret for Brugeren.<\/p>\n\n\n\n<h2 class=\"wp-block-heading\">Opsigelse af abonnement<\/h2>\n\n\n\n<p>Opsigelse af abonnomentet kan ske ved udgang af betalings-perioden p\u00e5 1 m\u00e5ned fra seneste betaling, eller fra bindings-periodens udl\u00f8b. For at opsige sin aftale skal man kontakte MG Tr\u00e6ning via\u00a0<a href=\"mailto:mail@majagraae.dk\">mail@majagraae.dk<\/a> og TYDELIGT g\u00f8re opm\u00e6rksom p\u00e5 at Brugeren \u00f8nsker at opsige abonnomentet. Abonnementet kan f\u00f8rst opsiges n\u00e5r bindingsperioden er udl\u00f8bet.<\/p>\n\n\n\n<h2 class=\"wp-block-heading\">Betaling<\/h2>\n\n\n\n<p>MG Tr\u00e6ning modtager online betalinger med; Visa\/Dankort, Mastercard, Maestro.\u00a0<\/p>\n\n\n\n<p>Betaling vil f\u00f8rst blive trukket p\u00e5 din konto, n\u00e5r den fysiske vare afsendes eller det virtuelle produkt er oprettet med mindre andet er aftalt eller fremg\u00e5r af din ordre.<\/p>\n\n\n\n<p>Ved betaling med Visa Electron og Mastercard Debit, som er debitkort, vil betalingen blive reserveret p\u00e5 din konto i overensstemmelse med vilk\u00e5rene for dit kort, indtil vi tr\u00e6kker eller afviser betalingen.<\/p>\n\n\n\n<p>Alle bel\u00f8b p\u00e5 hjemmesiden er eksklusiv moms.<br>Hjemmesiden bruger f\u00f8lgende valutaer til priss\u00e6tning:<br>Denmark &#8211; Kroner (DKK)<\/p>\n\n\n\n<p>MG Tr\u00e6ning benytter en sikker betalingsserver, der krypterer alle oplysninger med SSL protokol hvilket betyder din data er sikker og ikke kan l\u00e6ses af andre udefrakommende.<\/p>\n\n\n\n<p>MG Tr\u00e6ning&#8217;s egen hjemmeside bruger ligeledes kryptering med SSL protokol.<\/p>\n\n\n\n<h2 class=\"wp-block-heading\">Fortrydelsesret<\/h2>\n\n\n\n<p>Der gives ikke fortrydelsesret p\u00e5 varer k\u00f8bt i vores webshop da varen er af s\u00e5dan art, at der i henhold til dansk lovgivning ikke kan eller b\u00f8r ydes returret.<\/p>\n\n\n\n<p><a href=\"http:\/\/www.forbrugerombudsmanden.dk\/hvad-gaelder\/markedsfoeringsloven\/webshopguide\/kundens-fortrydelsesret\/\" target=\"_blank\" rel=\"noreferrer noopener\">L\u00e6s mere p\u00e5 forbrugerombudsmandens hjemmeside.<\/a><\/p>\n\n\n\n<h2 class=\"wp-block-heading\">Reklamationsret<\/h2>\n\n\n\n<p>Der gives 2 \u00e5rs reklamationsret p\u00e5 produkter i henhold til den danske k\u00f8belov. Reklamationsretten g\u00e6lder for alle fejl i software, materiale og fabrikation.<\/p>\n\n\n\n<p>Reklamation vedr. fejl og mangler skal meddeles til MG Tr\u00e6ning i rimelig tid efter varens modtagelse.&nbsp;Her anses max. to m\u00e5neder som rimelig tid, med mindre andet er aftalt.<\/p>\n\n\n\n<p>Ved reklamation kontaktes virksomheden:<\/p>\n\n\n\n<p><strong>MG Tr\u00e6ning<\/strong><br>Lindevej 9 1 sal<br>4200 Slagelse<br>EMAIL: <a href=\"mailto:mail@majagraae.dk\">mail@majagraae.dk<\/a><\/p>\n\n\n\n<p>Reklamationer modtages&nbsp;<strong>ikke<\/strong>&nbsp;p\u00e5 telefon<\/p>\n\n\n\n<h2 class=\"wp-block-heading\">Kunde- &amp; Privatlivspolitik<\/h2>\n\n\n\n<p>Vi videres\u00e6lger ikke personlige oplysninger og videregiver ikke dine personlige oplysninger til andre, de er kun registreret i vores kundekartotek. Du kan til enhver tid f\u00e5 slettet dine oplysninger.<\/p>\n\n\n\n<p>For at du kan indg\u00e5 aftale med MG Tr\u00e6ning, har vi brug for f\u00f8lgende oplysninger:<br>. Navn<br>. Adresse<br>. Telefonnummer<br>. E-mail adresse<\/p>\n\n\n\n<p>Vi foretager registreringen af dine personoplysninger med det form\u00e5l, at kunne levere varen til dig.<\/p>\n\n\n\n<p>Personoplysningerne registreres hos MG Tr\u00e6ning\/Niipit.dk og opbevares i op til fem \u00e5r, hvorefter oplysningerne slettes.<\/p>\n\n\n\n<p>N\u00e5r der indsamles personoplysninger via vores hjemmeside, sikrer vi, at det altid sker ved afgivelse af dit udtrykkelige samtykke, s\u00e5ledes at du er informeret om pr\u00e6cis, hvilke oplysninger, der indsamles og hvorfor.<\/p>\n\n\n\n<p>Direkt\u00f8ren og de ansatte for MG Tr\u00e6ning og Niipit.dk har adgang til de oplysninger, der registreres om dig.<\/p>\n\n\n\n<p>Den dataansvarlige i MG Tr\u00e6ning er: Maja Graae<br>Den dataansvarlige i Niipit er: Niipit<\/p>\n\n\n\n<p>Vi opbevarer og transmitterer ikke kundeoplysninger krypteret.<\/p>\n\n\n\n<p>Som registreret hos MG Tr\u00e6ning\/Niipit har du altid ret til at g\u00f8re indsigelse mod registreringen. Du har ogs\u00e5 ret til indsigt i, hvilke oplysninger, der er registreret om dig. Disse rettigheder har du efter Persondataloven og henvendelse i forbindelse hermed rettes til\u00a0<a href=\"mailto:mail@majagraae.dk\" target=\"_blank\" rel=\"noreferrer noopener\">mail@majagraae.dk<\/a> samt support@niipit.com <\/p>\n\n\n\n<p><strong>Cookies<\/strong><br>P\u00e5 https:\/\/niipit.dk\/maja-graae\/ anvendes cookies med det form\u00e5l at optimere hjemmesiden og dets funktionalitet, og dermed g\u00f8re bes\u00f8get s\u00e5 nemt som muligt for dig.<\/p>\n\n\n\n<p>Du kan til enhver tid slette cookies fra din computer, se vejledningen p\u00e5&nbsp;Webshop Cookies og Privatlivspolitik.<\/p>\n\n\n\n<p><strong>Log-statistik<\/strong><br>Vi bruger en log-statistik p\u00e5 https:\/\/niipit.dk\/maja-graae\/, hvilket betyder, at et statistik-system opsamler information, som kan give et statistisk billede af, hvor mange bes\u00f8gende vi har, hvor de kommer fra og hvor p\u00e5 websitet det forlades mv.<\/p>\n\n\n\n<p>Logstatistikken anvendes kun med det form\u00e5l, at optimere MG Tr\u00e6ning&#8217;s hjemmeside.<\/p>\n\n\n\n<h2 class=\"wp-block-heading\">Forbrugerbeskyttelse<\/h2>\n\n\n\n<p>L\u00e6s mere om din beskyttelse som forbruger n\u00e5r du k\u00f8ber via en PensoPay betalingsl\u00f8sning:<br><a href=\"https:\/\/pensopay.com\/mere\/forbrugerbeskyttelse\/\" target=\"_blank\" rel=\"noreferrer noopener\">https:\/\/pensopay.com\/mere\/forbrugerbeskyttelse\/<\/a><\/p>\n\n\n\n<h2 class=\"wp-block-heading\">Klagemuligheder<\/h2>\n\n\n\n<p>Klager over produkter kan sendes til:<\/p>\n\n\n\n<p><strong>Konkurrence- og Forbrugerstyrelsens<\/strong><br>Carl Jacobsens Vej 35<br>2500 Valby<br><a href=\"http:\/\/www.forbrug.dk\/\" target=\"_blank\" rel=\"noreferrer noopener\">www.forbrug.dk<\/a><\/p>\n\n\n\n<p>For EU-borgere uden for EU skal klager sendes via EU Kommissionens online klageplatform.<br><a href=\"http:\/\/ec.europa.eu\/consumers\/odr\/\" target=\"_blank\" rel=\"noreferrer noopener\">ec.europa.eu<\/a><\/p>\n\n\n\n<p>Ved klage skal vores email adresse angives: mail@majagraae.dk samt hjemmesiden du har k\u00f8bt varen p\u00e5.<\/p>\n","protected":false},"excerpt":{"rendered":"<p>Handelsbetingelser for MG Tr\u00e6ning MG Tr\u00e6ningLindevej 9 1 sal4200 SlagelseTLF:&nbsp;+45 53667731CVR: 38204378 Generelt MG Tr\u00e6ning stiller et abonnement baseret online tjeneste til r\u00e5dighed p\u00e5 https:\/\/niipit.dk\/maja-graae\/. Vilk\u00e5rene er g\u00e6ldende mellem den enkelte bruger og MG Tr\u00e6ning. Disse vilk\u00e5r og betingelser for brug g\u00e6lder for aftaler mellem MG Tr\u00e6ning og \u00e9n fysisk person (herefter \u201cBrugeren\u201d) vedr\u00f8rende Tjenesten. <a class=\"moretag btn btn-primary\" href=\"https:\/\/niipit.dk\/maja-graae\/handelsbetingelser\/\">L\u00e6s mere<\/a><\/p>\n","protected":false},"author":151,"featured_media":0,"parent":0,"menu_order":0,"comment_status":"closed","ping_status":"closed","template":"","meta":{"_exactmetrics_skip_tracking":false,"_exactmetrics_sitenote_active":false,"_exactmetrics_sitenote_note":"","_exactmetrics_sitenote_category":0,"_monsterinsights_skip_tracking":false,"_monsterinsights_sitenote_active":false,"_monsterinsights_sitenote_note":"","_monsterinsights_sitenote_category":0,"footnotes":""},"class_list":["post-5119","page","type-page","status-publish","hentry"],"_links":{"self":[{"href":"https:\/\/niipit.dk\/maja-graae\/wp-json\/wp\/v2\/pages\/5119","targetHints":{"allow":["GET"]}}],"collection":[{"href":"https:\/\/niipit.dk\/maja-graae\/wp-json\/wp\/v2\/pages"}],"about":[{"href":"https:\/\/niipit.dk\/maja-graae\/wp-json\/wp\/v2\/types\/page"}],"author":[{"embeddable":true,"href":"https:\/\/niipit.dk\/maja-graae\/wp-json\/wp\/v2\/users\/151"}],"replies":[{"embeddable":true,"href":"https:\/\/niipit.dk\/maja-graae\/wp-json\/wp\/v2\/comments?post=5119"}],"version-history":[{"count":0,"href":"https:\/\/niipit.dk\/maja-graae\/wp-json\/wp\/v2\/pages\/5119\/revisions"}],"wp:attachment":[{"href":"https:\/\/niipit.dk\/maja-graae\/wp-json\/wp\/v2\/media?parent=5119"}],"curies":[{"name":"wp","href":"https:\/\/api.w.org\/{rel}","templated":true}]}}