{"id":5708,"date":"2019-05-13T18:07:51","date_gmt":"2019-05-13T16:07:51","guid":{"rendered":"https:\/\/niipit.dk\/magnetz\/?page_id=5708"},"modified":"2019-12-09T12:34:21","modified_gmt":"2019-12-09T11:34:21","slug":"video","status":"publish","type":"page","link":"https:\/\/niipit.dk\/magnetz\/video\/","title":{"rendered":"Video"},"content":{"rendered":"\n<figure class=\"wp-block-embed-youtube wp-block-embed is-type-video is-provider-youtube wp-embed-aspect-16-9 wp-has-aspect-ratio\"><div class=\"wp-block-embed__wrapper\">\n<iframe loading=\"lazy\" title=\"Indretning af en container bolig med magneter\" width=\"1170\" height=\"658\" src=\"https:\/\/www.youtube.com\/embed\/Sa78zIBuyRQ?feature=oembed\" frameborder=\"0\" allow=\"accelerometer; autoplay; clipboard-write; encrypted-media; gyroscope; picture-in-picture\" allowfullscreen><\/iframe>\n<\/div><\/figure>\n\n\n\n<figure class=\"wp-block-embed-youtube wp-block-embed is-type-video is-provider-youtube wp-embed-aspect-16-9 wp-has-aspect-ratio\"><div class=\"wp-block-embed__wrapper\">\n<iframe loading=\"lazy\" title=\"Oph\u00e6ng af billeder uden skruer\" width=\"1170\" height=\"658\" src=\"https:\/\/www.youtube.com\/embed\/8YZfXP7Sxls?feature=oembed\" frameborder=\"0\" allow=\"accelerometer; autoplay; clipboard-write; encrypted-media; gyroscope; picture-in-picture\" allowfullscreen><\/iframe>\n<\/div><\/figure>\n\n\n\n<figure class=\"wp-block-embed-youtube wp-block-embed is-type-video is-provider-youtube wp-embed-aspect-16-9 wp-has-aspect-ratio\"><div class=\"wp-block-embed__wrapper\">\n<iframe loading=\"lazy\" title=\"DIY: Oph\u00e6ng p\u00e5 badev\u00e6relset\" width=\"1170\" height=\"658\" src=\"https:\/\/www.youtube.com\/embed\/f2kG1Z12fZg?feature=oembed\" frameborder=\"0\" allow=\"accelerometer; autoplay; clipboard-write; encrypted-media; gyroscope; picture-in-picture\" allowfullscreen><\/iframe>\n<\/div><\/figure>\n\n\n\n<figure class=\"wp-block-embed-youtube wp-block-embed is-type-video is-provider-youtube wp-embed-aspect-16-9 wp-has-aspect-ratio\"><div class=\"wp-block-embed__wrapper\">\n<iframe loading=\"lazy\" title=\"DIY: Kapsel k\u00f8leskabsmagneter\" width=\"1170\" height=\"658\" src=\"https:\/\/www.youtube.com\/embed\/CqaLawiolNQ?feature=oembed\" frameborder=\"0\" allow=\"accelerometer; autoplay; clipboard-write; encrypted-media; gyroscope; picture-in-picture\" allowfullscreen><\/iframe>\n<\/div><\/figure>\n\n\n\n<figure class=\"wp-block-embed-youtube wp-block-embed is-type-video is-provider-youtube wp-embed-aspect-16-9 wp-has-aspect-ratio\"><div class=\"wp-block-embed__wrapper\">\n<iframe loading=\"lazy\" title=\"INSPIRATION: Krogmagneter\" width=\"1170\" height=\"658\" src=\"https:\/\/www.youtube.com\/embed\/44_94FB_NRw?feature=oembed\" frameborder=\"0\" allow=\"accelerometer; autoplay; clipboard-write; encrypted-media; gyroscope; picture-in-picture\" allowfullscreen><\/iframe>\n<\/div><\/figure>\n\n\n\n<figure class=\"wp-block-embed-youtube wp-block-embed is-type-video is-provider-youtube wp-embed-aspect-16-9 wp-has-aspect-ratio\"><div class=\"wp-block-embed__wrapper\">\n<iframe loading=\"lazy\" title=\"Insektnet med magneter til d\u00f8ren\" width=\"1170\" height=\"658\" src=\"https:\/\/www.youtube.com\/embed\/dvdxp-cSBSA?feature=oembed\" frameborder=\"0\" allow=\"accelerometer; autoplay; clipboard-write; encrypted-media; gyroscope; picture-in-picture\" allowfullscreen><\/iframe>\n<\/div><\/figure>\n\n\n\n<figure class=\"wp-block-embed-youtube wp-block-embed is-type-video is-provider-youtube wp-embed-aspect-16-9 wp-has-aspect-ratio\"><div class=\"wp-block-embed__wrapper\">\n<iframe loading=\"lazy\" title=\"DIY: P\u00e5skepynt med magneter\" width=\"1170\" height=\"658\" src=\"https:\/\/www.youtube.com\/embed\/idiiFZDo2io?feature=oembed\" frameborder=\"0\" allow=\"accelerometer; autoplay; clipboard-write; encrypted-media; gyroscope; picture-in-picture\" allowfullscreen><\/iframe>\n<\/div><\/figure>\n\n\n\n<figure class=\"wp-block-embed-youtube wp-block-embed is-type-video is-provider-youtube wp-embed-aspect-16-9 wp-has-aspect-ratio\"><div class=\"wp-block-embed__wrapper\">\n<iframe loading=\"lazy\" title=\"DIY: Magnetisk tandb\u00f8rste\" width=\"1170\" height=\"658\" src=\"https:\/\/www.youtube.com\/embed\/xrAiA2QzBJk?feature=oembed\" frameborder=\"0\" allow=\"accelerometer; autoplay; clipboard-write; encrypted-media; gyroscope; picture-in-picture\" allowfullscreen><\/iframe>\n<\/div><\/figure>\n\n\n\n<figure class=\"wp-block-embed-youtube wp-block-embed is-type-video is-provider-youtube wp-embed-aspect-16-9 wp-has-aspect-ratio\"><div class=\"wp-block-embed__wrapper\">\n<iframe loading=\"lazy\" title=\"Magballs magnetiske kugler\" width=\"1170\" height=\"658\" src=\"https:\/\/www.youtube.com\/embed\/vw4p3lBe-wk?feature=oembed\" frameborder=\"0\" allow=\"accelerometer; autoplay; clipboard-write; encrypted-media; gyroscope; picture-in-picture\" allowfullscreen><\/iframe>\n<\/div><\/figure>\n\n\n\n<figure class=\"wp-block-embed-youtube wp-block-embed is-type-video is-provider-youtube wp-embed-aspect-16-9 wp-has-aspect-ratio\"><div class=\"wp-block-embed__wrapper\">\n<iframe loading=\"lazy\" title=\"Magneter og direkte vs. indirekte tr\u00e6k\" width=\"1170\" height=\"658\" src=\"https:\/\/www.youtube.com\/embed\/sHE4tl--oVE?feature=oembed\" frameborder=\"0\" allow=\"accelerometer; autoplay; clipboard-write; encrypted-media; gyroscope; picture-in-picture\" allowfullscreen><\/iframe>\n<\/div><\/figure>\n\n\n\n<figure class=\"wp-block-embed-youtube wp-block-embed is-type-video is-provider-youtube wp-embed-aspect-16-9 wp-has-aspect-ratio\"><div class=\"wp-block-embed__wrapper\">\n<iframe loading=\"lazy\" title=\"Sjove magneter til din glastavle\" width=\"1170\" height=\"658\" src=\"https:\/\/www.youtube.com\/embed\/_nhvLSGCsk8?feature=oembed\" frameborder=\"0\" allow=\"accelerometer; autoplay; clipboard-write; encrypted-media; gyroscope; picture-in-picture\" allowfullscreen><\/iframe>\n<\/div><\/figure>\n\n\n\n<figure class=\"wp-block-embed-youtube wp-block-embed is-type-video is-provider-youtube wp-embed-aspect-16-9 wp-has-aspect-ratio\"><div class=\"wp-block-embed__wrapper\">\n<iframe loading=\"lazy\" title=\"Rullegardiner og magneter\" width=\"1170\" height=\"658\" src=\"https:\/\/www.youtube.com\/embed\/2w8mJUxbeTo?feature=oembed\" frameborder=\"0\" allow=\"accelerometer; autoplay; clipboard-write; encrypted-media; gyroscope; picture-in-picture\" allowfullscreen><\/iframe>\n<\/div><\/figure>\n\n\n\n<figure class=\"wp-block-embed-youtube wp-block-embed is-type-video is-provider-youtube wp-embed-aspect-16-9 wp-has-aspect-ratio\"><div class=\"wp-block-embed__wrapper\">\n<iframe loading=\"lazy\" title=\"Magneter til glastavler\" width=\"1170\" height=\"658\" src=\"https:\/\/www.youtube.com\/embed\/DPnYOlxEgDY?feature=oembed\" frameborder=\"0\" allow=\"accelerometer; autoplay; clipboard-write; encrypted-media; gyroscope; picture-in-picture\" allowfullscreen><\/iframe>\n<\/div><\/figure>\n\n\n\n<figure class=\"wp-block-embed-youtube wp-block-embed is-type-video is-provider-youtube wp-embed-aspect-4-3 wp-has-aspect-ratio\"><div class=\"wp-block-embed__wrapper\">\n<iframe loading=\"lazy\" title=\"Fiks din ParkOne P-skive med magneter\" width=\"1170\" height=\"658\" src=\"https:\/\/www.youtube.com\/embed\/HojPli_SehI?feature=oembed\" frameborder=\"0\" allow=\"accelerometer; autoplay; clipboard-write; encrypted-media; gyroscope; picture-in-picture\" allowfullscreen><\/iframe>\n<\/div><\/figure>\n\n\n\n<figure class=\"wp-block-embed-youtube wp-block-embed is-type-video is-provider-youtube wp-embed-aspect-16-9 wp-has-aspect-ratio\"><div class=\"wp-block-embed__wrapper\">\n<iframe loading=\"lazy\" title=\"\u00d8l og magneter - Magnetz.dk\" width=\"1170\" height=\"658\" src=\"https:\/\/www.youtube.com\/embed\/IRTAT7DGsEY?feature=oembed\" frameborder=\"0\" allow=\"accelerometer; autoplay; clipboard-write; encrypted-media; gyroscope; picture-in-picture\" allowfullscreen><\/iframe>\n<\/div><\/figure>\n\n\n\n<figure class=\"wp-block-embed-youtube wp-block-embed is-type-video is-provider-youtube wp-embed-aspect-16-9 wp-has-aspect-ratio\"><div class=\"wp-block-embed__wrapper\">\n<iframe loading=\"lazy\" title=\"Magnetic collector, strong magnet\" width=\"1170\" height=\"658\" src=\"https:\/\/www.youtube.com\/embed\/r0HU6YAFWvI?feature=oembed\" frameborder=\"0\" allow=\"accelerometer; autoplay; clipboard-write; encrypted-media; gyroscope; picture-in-picture\" allowfullscreen><\/iframe>\n<\/div><\/figure>\n\n\n\n<figure class=\"wp-block-embed-youtube wp-block-embed is-type-video is-provider-youtube wp-embed-aspect-16-9 wp-has-aspect-ratio\"><div class=\"wp-block-embed__wrapper\">\n<iframe loading=\"lazy\" title=\"Magnetpartner-power-magnets\" width=\"1170\" height=\"658\" src=\"https:\/\/www.youtube.com\/embed\/F3c-Qfpv54E?feature=oembed\" frameborder=\"0\" allow=\"accelerometer; autoplay; clipboard-write; encrypted-media; gyroscope; picture-in-picture\" allowfullscreen><\/iframe>\n<\/div><\/figure>\n\n\n\n<figure class=\"wp-block-embed-youtube wp-block-embed is-type-video is-provider-youtube wp-embed-aspect-16-9 wp-has-aspect-ratio\"><div class=\"wp-block-embed__wrapper\">\n<iframe loading=\"lazy\" title=\"Magnetic-collector-Magnetpartner\" width=\"1170\" height=\"658\" src=\"https:\/\/www.youtube.com\/embed\/onAQ5Zh02Uk?feature=oembed\" frameborder=\"0\" allow=\"accelerometer; autoplay; clipboard-write; encrypted-media; gyroscope; picture-in-picture\" allowfullscreen><\/iframe>\n<\/div><\/figure>\n\n\n\n<figure class=\"wp-block-embed-youtube wp-block-embed is-type-video is-provider-youtube wp-embed-aspect-16-9 wp-has-aspect-ratio\"><div class=\"wp-block-embed__wrapper\">\n<iframe loading=\"lazy\" title=\"iPad holder for the fridge\" width=\"1170\" height=\"658\" src=\"https:\/\/www.youtube.com\/embed\/UzLWWsNRuI4?feature=oembed\" frameborder=\"0\" allow=\"accelerometer; autoplay; clipboard-write; encrypted-media; gyroscope; picture-in-picture\" allowfullscreen><\/iframe>\n<\/div><\/figure>\n\n\n\n<figure class=\"wp-block-embed-youtube wp-block-embed is-type-video is-provider-youtube wp-embed-aspect-16-9 wp-has-aspect-ratio\"><div class=\"wp-block-embed__wrapper\">\n<iframe loading=\"lazy\" title=\"iPad stander med magneter\" width=\"1170\" height=\"658\" src=\"https:\/\/www.youtube.com\/embed\/A35G4wuWET0?feature=oembed\" frameborder=\"0\" allow=\"accelerometer; autoplay; clipboard-write; encrypted-media; gyroscope; picture-in-picture\" allowfullscreen><\/iframe>\n<\/div><\/figure>\n\n\n\n<figure class=\"wp-block-embed-youtube wp-block-embed is-type-video is-provider-youtube wp-embed-aspect-16-9 wp-has-aspect-ratio\"><div class=\"wp-block-embed__wrapper\">\n<iframe loading=\"lazy\" title=\"Magnetopsamler\" width=\"1170\" height=\"658\" src=\"https:\/\/www.youtube.com\/embed\/yFcwfCw7044?feature=oembed\" frameborder=\"0\" allow=\"accelerometer; autoplay; clipboard-write; encrypted-media; gyroscope; picture-in-picture\" allowfullscreen><\/iframe>\n<\/div><\/figure>\n\n\n\n<figure class=\"wp-block-embed-youtube wp-block-embed is-type-video is-provider-youtube wp-embed-aspect-16-9 wp-has-aspect-ratio\"><div class=\"wp-block-embed__wrapper\">\n<iframe loading=\"lazy\" title=\"Magnetopsamler-Magnetz\" width=\"1170\" height=\"658\" src=\"https:\/\/www.youtube.com\/embed\/XHRfMu9D2EU?feature=oembed\" frameborder=\"0\" allow=\"accelerometer; autoplay; clipboard-write; encrypted-media; gyroscope; picture-in-picture\" allowfullscreen><\/iframe>\n<\/div><\/figure>\n\n\n\n<figure class=\"wp-block-embed-youtube wp-block-embed is-type-video is-provider-youtube wp-embed-aspect-16-9 wp-has-aspect-ratio\"><div class=\"wp-block-embed__wrapper\">\n<iframe loading=\"lazy\" title=\"Magnetz-powermagneter\" width=\"1170\" height=\"658\" src=\"https:\/\/www.youtube.com\/embed\/YY-vnEfDN5s?feature=oembed\" frameborder=\"0\" allow=\"accelerometer; autoplay; clipboard-write; encrypted-media; gyroscope; picture-in-picture\" allowfullscreen><\/iframe>\n<\/div><\/figure>\n\n\n\n<figure class=\"wp-block-embed-youtube wp-block-embed is-type-video is-provider-youtube wp-embed-aspect-4-3 wp-has-aspect-ratio\"><div class=\"wp-block-embed__wrapper\">\n<iframe loading=\"lazy\" title=\"DIY aktivitetsbold med magnet til hund \/ kat\" width=\"1170\" height=\"878\" src=\"https:\/\/www.youtube.com\/embed\/7c0UCuPslls?feature=oembed\" frameborder=\"0\" allow=\"accelerometer; autoplay; clipboard-write; encrypted-media; gyroscope; picture-in-picture\" allowfullscreen><\/iframe>\n<\/div><\/figure>\n\n\n\n<figure class=\"wp-block-embed-youtube wp-block-embed is-type-video is-provider-youtube wp-embed-aspect-16-9 wp-has-aspect-ratio\"><div class=\"wp-block-embed__wrapper\">\n<iframe loading=\"lazy\" title=\"Tidsoptimering hos Magnetz.dk\" width=\"1170\" height=\"658\" src=\"https:\/\/www.youtube.com\/embed\/gpwTzXBbeXg?feature=oembed\" frameborder=\"0\" allow=\"accelerometer; autoplay; clipboard-write; encrypted-media; gyroscope; picture-in-picture\" allowfullscreen><\/iframe>\n<\/div><\/figure>\n\n\n\n<figure class=\"wp-block-embed-youtube wp-block-embed is-type-video is-provider-youtube wp-embed-aspect-16-9 wp-has-aspect-ratio\"><div class=\"wp-block-embed__wrapper\">\n<iframe loading=\"lazy\" title=\"DIY magnetskinne - Lav din egen knivmagnet\" width=\"1170\" height=\"658\" src=\"https:\/\/www.youtube.com\/embed\/Oj-MOsvgn_k?feature=oembed\" frameborder=\"0\" allow=\"accelerometer; autoplay; clipboard-write; encrypted-media; gyroscope; picture-in-picture\" allowfullscreen><\/iframe>\n<\/div><\/figure>\n","protected":false},"excerpt":{"rendered":"","protected":false},"author":1,"featured_media":0,"parent":0,"menu_order":0,"comment_status":"closed","ping_status":"closed","template":"","meta":{"_exactmetrics_skip_tracking":false,"_exactmetrics_sitenote_active":false,"_exactmetrics_sitenote_note":"","_exactmetrics_sitenote_category":0,"_monsterinsights_skip_tracking":false,"_monsterinsights_sitenote_active":false,"_monsterinsights_sitenote_note":"","_monsterinsights_sitenote_category":0,"footnotes":""},"class_list":["post-5708","page","type-page","status-publish","hentry"],"yoast_head":"<!-- This site is optimized with the Yoast SEO Premium plugin v16.3 (Yoast SEO v27.4) - https:\/\/yoast.com\/product\/yoast-seo-premium-wordpress\/ -->\n<title>Magnetz Video - Se hvad du kan bruge st\u00e6rke magneter til<\/title>\n<meta name=\"description\" content=\"Magnetz - Niipit - Dansk Kvalitets guide til webshops. Shop direkte med webshoppen - FIND TILBUD MED PRIS GARANTI HELT GRATIS\" \/>\n<meta name=\"robots\" content=\"index, follow, max-snippet:-1, max-image-preview:large, max-video-preview:-1\" \/>\n<link rel=\"canonical\" href=\"https:\/\/niipit.dk\/magnetz\/video\/\" \/>\n<meta property=\"og:locale\" content=\"da_DK\" \/>\n<meta property=\"og:type\" content=\"article\" \/>\n<meta property=\"og:title\" content=\"Magnetz Video - Se hvad du kan bruge st\u00e6rke magneter til\" \/>\n<meta property=\"og:description\" content=\"Magnetz - Niipit - Dansk Kvalitets guide til webshops. Shop direkte med webshoppen - FIND TILBUD MED PRIS GARANTI HELT GRATIS\" \/>\n<meta property=\"og:url\" content=\"https:\/\/niipit.dk\/magnetz\/video\/\" \/>\n<meta property=\"og:site_name\" content=\"Magnetz\" \/>\n<meta property=\"article:modified_time\" content=\"2019-12-09T11:34:21+00:00\" \/>\n<meta name=\"twitter:card\" content=\"summary_large_image\" \/>\n<meta name=\"twitter:label1\" content=\"Estimeret l\u00e6setid\" \/>\n\t<meta name=\"twitter:data1\" content=\"1 minut\" \/>\n<script type=\"application\/ld+json\" class=\"yoast-schema-graph\">{\"@context\":\"https:\\\/\\\/schema.org\",\"@graph\":[{\"@type\":\"WebPage\",\"@id\":\"https:\\\/\\\/niipit.dk\\\/magnetz\\\/video\\\/\",\"url\":\"https:\\\/\\\/niipit.dk\\\/magnetz\\\/video\\\/\",\"name\":\"Magnetz Video - Se hvad du kan bruge st\u00e6rke magneter til\",\"isPartOf\":{\"@id\":\"https:\\\/\\\/niipit.dk\\\/magnetz\\\/#website\"},\"datePublished\":\"2019-05-13T16:07:51+00:00\",\"dateModified\":\"2019-12-09T11:34:21+00:00\",\"description\":\"Magnetz - Niipit - Dansk Kvalitets guide til webshops. Shop direkte med webshoppen - FIND TILBUD MED PRIS GARANTI HELT GRATIS\",\"breadcrumb\":{\"@id\":\"https:\\\/\\\/niipit.dk\\\/magnetz\\\/video\\\/#breadcrumb\"},\"inLanguage\":\"da-DK\",\"potentialAction\":[{\"@type\":\"ReadAction\",\"target\":[\"https:\\\/\\\/niipit.dk\\\/magnetz\\\/video\\\/\"]}]},{\"@type\":\"BreadcrumbList\",\"@id\":\"https:\\\/\\\/niipit.dk\\\/magnetz\\\/video\\\/#breadcrumb\",\"itemListElement\":[{\"@type\":\"ListItem\",\"position\":1,\"name\":\"Hjem\",\"item\":\"https:\\\/\\\/niipit.dk\\\/magnetz\\\/\"},{\"@type\":\"ListItem\",\"position\":2,\"name\":\"Video\"}]},{\"@type\":\"WebSite\",\"@id\":\"https:\\\/\\\/niipit.dk\\\/magnetz\\\/#website\",\"url\":\"https:\\\/\\\/niipit.dk\\\/magnetz\\\/\",\"name\":\"Magnetz\",\"description\":\"F\u00e5 din virksomhed p\u00e5 niipit\",\"potentialAction\":[{\"@type\":\"SearchAction\",\"target\":{\"@type\":\"EntryPoint\",\"urlTemplate\":\"https:\\\/\\\/niipit.dk\\\/magnetz\\\/?s={search_term_string}\"},\"query-input\":{\"@type\":\"PropertyValueSpecification\",\"valueRequired\":true,\"valueName\":\"search_term_string\"}}],\"inLanguage\":\"da-DK\"}]}<\/script>\n<!-- \/ Yoast SEO Premium plugin. -->","yoast_head_json":{"title":"Magnetz Video - Se hvad du kan bruge st\u00e6rke magneter til","description":"Magnetz - Niipit - Dansk Kvalitets guide til webshops. Shop direkte med webshoppen - FIND TILBUD MED PRIS GARANTI HELT GRATIS","robots":{"index":"index","follow":"follow","max-snippet":"max-snippet:-1","max-image-preview":"max-image-preview:large","max-video-preview":"max-video-preview:-1"},"canonical":"https:\/\/niipit.dk\/magnetz\/video\/","og_locale":"da_DK","og_type":"article","og_title":"Magnetz Video - Se hvad du kan bruge st\u00e6rke magneter til","og_description":"Magnetz - Niipit - Dansk Kvalitets guide til webshops. Shop direkte med webshoppen - FIND TILBUD MED PRIS GARANTI HELT GRATIS","og_url":"https:\/\/niipit.dk\/magnetz\/video\/","og_site_name":"Magnetz","article_modified_time":"2019-12-09T11:34:21+00:00","twitter_card":"summary_large_image","twitter_misc":{"Estimeret l\u00e6setid":"1 minut"},"schema":{"@context":"https:\/\/schema.org","@graph":[{"@type":"WebPage","@id":"https:\/\/niipit.dk\/magnetz\/video\/","url":"https:\/\/niipit.dk\/magnetz\/video\/","name":"Magnetz Video - Se hvad du kan bruge st\u00e6rke magneter til","isPartOf":{"@id":"https:\/\/niipit.dk\/magnetz\/#website"},"datePublished":"2019-05-13T16:07:51+00:00","dateModified":"2019-12-09T11:34:21+00:00","description":"Magnetz - Niipit - Dansk Kvalitets guide til webshops. Shop direkte med webshoppen - FIND TILBUD MED PRIS GARANTI HELT GRATIS","breadcrumb":{"@id":"https:\/\/niipit.dk\/magnetz\/video\/#breadcrumb"},"inLanguage":"da-DK","potentialAction":[{"@type":"ReadAction","target":["https:\/\/niipit.dk\/magnetz\/video\/"]}]},{"@type":"BreadcrumbList","@id":"https:\/\/niipit.dk\/magnetz\/video\/#breadcrumb","itemListElement":[{"@type":"ListItem","position":1,"name":"Hjem","item":"https:\/\/niipit.dk\/magnetz\/"},{"@type":"ListItem","position":2,"name":"Video"}]},{"@type":"WebSite","@id":"https:\/\/niipit.dk\/magnetz\/#website","url":"https:\/\/niipit.dk\/magnetz\/","name":"Magnetz","description":"F\u00e5 din virksomhed p\u00e5 niipit","potentialAction":[{"@type":"SearchAction","target":{"@type":"EntryPoint","urlTemplate":"https:\/\/niipit.dk\/magnetz\/?s={search_term_string}"},"query-input":{"@type":"PropertyValueSpecification","valueRequired":true,"valueName":"search_term_string"}}],"inLanguage":"da-DK"}]}},"_links":{"self":[{"href":"https:\/\/niipit.dk\/magnetz\/wp-json\/wp\/v2\/pages\/5708","targetHints":{"allow":["GET"]}}],"collection":[{"href":"https:\/\/niipit.dk\/magnetz\/wp-json\/wp\/v2\/pages"}],"about":[{"href":"https:\/\/niipit.dk\/magnetz\/wp-json\/wp\/v2\/types\/page"}],"author":[{"embeddable":true,"href":"https:\/\/niipit.dk\/magnetz\/wp-json\/wp\/v2\/users\/1"}],"replies":[{"embeddable":true,"href":"https:\/\/niipit.dk\/magnetz\/wp-json\/wp\/v2\/comments?post=5708"}],"version-history":[{"count":0,"href":"https:\/\/niipit.dk\/magnetz\/wp-json\/wp\/v2\/pages\/5708\/revisions"}],"wp:attachment":[{"href":"https:\/\/niipit.dk\/magnetz\/wp-json\/wp\/v2\/media?parent=5708"}],"curies":[{"name":"wp","href":"https:\/\/api.w.org\/{rel}","templated":true}]}}