{"id":5064,"date":"2018-08-10T22:29:34","date_gmt":"2018-08-10T20:29:34","guid":{"rendered":"https:\/\/niipit.dk\/magnetz-shop\/?page_id=5064"},"modified":"2020-08-13T07:56:34","modified_gmt":"2020-08-13T05:56:34","slug":"frontpage","status":"publish","type":"page","link":"https:\/\/niipit.dk\/magnetz\/","title":{"rendered":"Forside"},"content":{"rendered":"\n<hr class=\"wp-block-separator\"\/>\n\n\n\n<h2 class=\"wp-block-heading\">Verdens bedste magneter<\/h2>\n\n\n\n<p>Uanset om du er studerende, virksomhed eller en privatperson s\u00e5 finder du verdens bedste magneter her, syntes vi.<\/p>\n\n\n\n<p>Du kan h\u00e6nge lamper op med dem eller du kan h\u00e6nge billeder op. Du kan bruge dem til huske markeringer eller til at holde sm\u00e5 k\u00e6rligheds sedler p\u00e5 k\u00f8leskabet. Du s\u00e6tter selv begr\u00e6nsningerne.<\/p>\n\n\n\n<p>Tjek vore magneter <a href=\"https:\/\/www.magnetz.dk\/?pa-partnerid=22746&amp;pacid=5f34d5f37cb891.39841397\" target=\"_blank\" rel=\"noreferrer noopener sponsored nofollow\">her<\/a><\/p>\n","protected":false},"excerpt":{"rendered":"<p>Verdens bedste magneter Uanset om du er studerende, virksomhed eller en privatperson s\u00e5 finder du verdens bedste magneter her, syntes vi. Du kan h\u00e6nge lamper op med dem eller du kan h\u00e6nge billeder op. Du kan bruge dem til huske markeringer eller til at holde sm\u00e5 k\u00e6rligheds sedler p\u00e5 k\u00f8leskabet. Du s\u00e6tter selv begr\u00e6nsningerne. Tjek <a class=\"moretag btn btn-primary\" href=\"https:\/\/niipit.dk\/magnetz\/\">L\u00e6s mere<\/a><\/p>\n","protected":false},"author":1,"featured_media":0,"parent":0,"menu_order":0,"comment_status":"closed","ping_status":"closed","template":"frontpagePremium.php","meta":{"_exactmetrics_skip_tracking":false,"_exactmetrics_sitenote_active":false,"_exactmetrics_sitenote_note":"","_exactmetrics_sitenote_category":0,"_monsterinsights_skip_tracking":false,"_monsterinsights_sitenote_active":false,"_monsterinsights_sitenote_note":"","_monsterinsights_sitenote_category":0,"footnotes":""},"class_list":["post-5064","page","type-page","status-publish","hentry"],"yoast_head":"<!-- This site is optimized with the Yoast SEO Premium plugin v16.3 (Yoast SEO v27.4) - https:\/\/yoast.com\/product\/yoast-seo-premium-wordpress\/ -->\n<title>Magnetz - St\u00e6rke magneter til alle typer opgaver. Se her.<\/title>\n<meta name=\"description\" content=\"Magnetz - Niipit - Dansk Kvalitets guide til webshops. Shop direkte med webshoppen - FIND TILBUD MED PRIS GARANTI HELT GRATIS\" \/>\n<meta name=\"robots\" content=\"index, follow, max-snippet:-1, max-image-preview:large, max-video-preview:-1\" \/>\n<link rel=\"canonical\" href=\"https:\/\/niipit.dk\/magnetz\/\" \/>\n<meta property=\"og:locale\" content=\"da_DK\" \/>\n<meta property=\"og:type\" content=\"article\" \/>\n<meta property=\"og:title\" content=\"Magnetz - St\u00e6rke magneter til alle typer opgaver. Se her.\" \/>\n<meta property=\"og:description\" content=\"Magnetz - Niipit - Dansk Kvalitets guide til webshops. Shop direkte med webshoppen - FIND TILBUD MED PRIS GARANTI HELT GRATIS\" \/>\n<meta property=\"og:url\" content=\"https:\/\/niipit.dk\/magnetz\/\" \/>\n<meta property=\"og:site_name\" content=\"Magnetz\" \/>\n<meta property=\"article:modified_time\" content=\"2020-08-13T05:56:34+00:00\" \/>\n<meta name=\"twitter:card\" content=\"summary_large_image\" \/>\n<script type=\"application\/ld+json\" class=\"yoast-schema-graph\">{\"@context\":\"https:\\\/\\\/schema.org\",\"@graph\":[{\"@type\":\"WebPage\",\"@id\":\"https:\\\/\\\/niipit.dk\\\/magnetz\\\/\",\"url\":\"https:\\\/\\\/niipit.dk\\\/magnetz\\\/\",\"name\":\"Magnetz - St\u00e6rke magneter til alle typer opgaver. Se her.\",\"isPartOf\":{\"@id\":\"https:\\\/\\\/niipit.dk\\\/magnetz\\\/#website\"},\"datePublished\":\"2018-08-10T20:29:34+00:00\",\"dateModified\":\"2020-08-13T05:56:34+00:00\",\"description\":\"Magnetz - Niipit - Dansk Kvalitets guide til webshops. Shop direkte med webshoppen - FIND TILBUD MED PRIS GARANTI HELT GRATIS\",\"breadcrumb\":{\"@id\":\"https:\\\/\\\/niipit.dk\\\/magnetz\\\/#breadcrumb\"},\"inLanguage\":\"da-DK\",\"potentialAction\":[{\"@type\":\"ReadAction\",\"target\":[\"https:\\\/\\\/niipit.dk\\\/magnetz\\\/\"]}]},{\"@type\":\"BreadcrumbList\",\"@id\":\"https:\\\/\\\/niipit.dk\\\/magnetz\\\/#breadcrumb\",\"itemListElement\":[{\"@type\":\"ListItem\",\"position\":1,\"name\":\"Hjem\",\"item\":\"https:\\\/\\\/niipit.dk\\\/magnetz\\\/\"},{\"@type\":\"ListItem\",\"position\":2,\"name\":\"Forside\"}]},{\"@type\":\"WebSite\",\"@id\":\"https:\\\/\\\/niipit.dk\\\/magnetz\\\/#website\",\"url\":\"https:\\\/\\\/niipit.dk\\\/magnetz\\\/\",\"name\":\"Magnetz\",\"description\":\"F\u00e5 din virksomhed p\u00e5 niipit\",\"potentialAction\":[{\"@type\":\"SearchAction\",\"target\":{\"@type\":\"EntryPoint\",\"urlTemplate\":\"https:\\\/\\\/niipit.dk\\\/magnetz\\\/?s={search_term_string}\"},\"query-input\":{\"@type\":\"PropertyValueSpecification\",\"valueRequired\":true,\"valueName\":\"search_term_string\"}}],\"inLanguage\":\"da-DK\"}]}<\/script>\n<!-- \/ Yoast SEO Premium plugin. -->","yoast_head_json":{"title":"Magnetz - St\u00e6rke magneter til alle typer opgaver. Se her.","description":"Magnetz - Niipit - Dansk Kvalitets guide til webshops. Shop direkte med webshoppen - FIND TILBUD MED PRIS GARANTI HELT GRATIS","robots":{"index":"index","follow":"follow","max-snippet":"max-snippet:-1","max-image-preview":"max-image-preview:large","max-video-preview":"max-video-preview:-1"},"canonical":"https:\/\/niipit.dk\/magnetz\/","og_locale":"da_DK","og_type":"article","og_title":"Magnetz - St\u00e6rke magneter til alle typer opgaver. Se her.","og_description":"Magnetz - Niipit - Dansk Kvalitets guide til webshops. Shop direkte med webshoppen - FIND TILBUD MED PRIS GARANTI HELT GRATIS","og_url":"https:\/\/niipit.dk\/magnetz\/","og_site_name":"Magnetz","article_modified_time":"2020-08-13T05:56:34+00:00","twitter_card":"summary_large_image","schema":{"@context":"https:\/\/schema.org","@graph":[{"@type":"WebPage","@id":"https:\/\/niipit.dk\/magnetz\/","url":"https:\/\/niipit.dk\/magnetz\/","name":"Magnetz - St\u00e6rke magneter til alle typer opgaver. Se her.","isPartOf":{"@id":"https:\/\/niipit.dk\/magnetz\/#website"},"datePublished":"2018-08-10T20:29:34+00:00","dateModified":"2020-08-13T05:56:34+00:00","description":"Magnetz - Niipit - Dansk Kvalitets guide til webshops. Shop direkte med webshoppen - FIND TILBUD MED PRIS GARANTI HELT GRATIS","breadcrumb":{"@id":"https:\/\/niipit.dk\/magnetz\/#breadcrumb"},"inLanguage":"da-DK","potentialAction":[{"@type":"ReadAction","target":["https:\/\/niipit.dk\/magnetz\/"]}]},{"@type":"BreadcrumbList","@id":"https:\/\/niipit.dk\/magnetz\/#breadcrumb","itemListElement":[{"@type":"ListItem","position":1,"name":"Hjem","item":"https:\/\/niipit.dk\/magnetz\/"},{"@type":"ListItem","position":2,"name":"Forside"}]},{"@type":"WebSite","@id":"https:\/\/niipit.dk\/magnetz\/#website","url":"https:\/\/niipit.dk\/magnetz\/","name":"Magnetz","description":"F\u00e5 din virksomhed p\u00e5 niipit","potentialAction":[{"@type":"SearchAction","target":{"@type":"EntryPoint","urlTemplate":"https:\/\/niipit.dk\/magnetz\/?s={search_term_string}"},"query-input":{"@type":"PropertyValueSpecification","valueRequired":true,"valueName":"search_term_string"}}],"inLanguage":"da-DK"}]}},"_links":{"self":[{"href":"https:\/\/niipit.dk\/magnetz\/wp-json\/wp\/v2\/pages\/5064","targetHints":{"allow":["GET"]}}],"collection":[{"href":"https:\/\/niipit.dk\/magnetz\/wp-json\/wp\/v2\/pages"}],"about":[{"href":"https:\/\/niipit.dk\/magnetz\/wp-json\/wp\/v2\/types\/page"}],"author":[{"embeddable":true,"href":"https:\/\/niipit.dk\/magnetz\/wp-json\/wp\/v2\/users\/1"}],"replies":[{"embeddable":true,"href":"https:\/\/niipit.dk\/magnetz\/wp-json\/wp\/v2\/comments?post=5064"}],"version-history":[{"count":0,"href":"https:\/\/niipit.dk\/magnetz\/wp-json\/wp\/v2\/pages\/5064\/revisions"}],"wp:attachment":[{"href":"https:\/\/niipit.dk\/magnetz\/wp-json\/wp\/v2\/media?parent=5064"}],"curies":[{"name":"wp","href":"https:\/\/api.w.org\/{rel}","templated":true}]}}