{"id":5064,"date":"2020-04-10T22:29:34","date_gmt":"2020-04-10T20:29:34","guid":{"rendered":"https:\/\/niipit.dk\/mads-er-jern-shop\/?page_id=5064"},"modified":"2021-06-24T21:24:28","modified_gmt":"2021-06-24T19:24:28","slug":"frontpage","status":"publish","type":"page","link":"https:\/\/niipit.dk\/mads-er-jern\/","title":{"rendered":"Forside"},"content":{"rendered":"\n<hr class=\"wp-block-separator\"\/>\n\n\n\n<h2 class=\"wp-block-heading\" id=\"h-hos-mads-er-jern-finder-du-en-bedste-l-sning-til-jern-arbejde\">Hos Mads Er Jern finder du en bedste l\u00f8sning til jern arbejde.<\/h2>\n\n\n\n<p>Hos <a href=\"https:\/\/madserjern.dk\/\" target=\"_blank\" rel=\"noreferrer noopener\">Mads Er Jern<\/a> kan du f\u00e5 bygget h\u00e5ndlavede skr\u00e6ddersyede produkter i jern, som passer pr\u00e6cis til alle dine behov. Her kan du f\u00e5 lavet alverdens jernbaserede produkter som New Yorker Glasv\u00e6gge, gel\u00e6ndere, h\u00f8jbede og en lang r\u00e6kke andre produkter.<\/p>\n\n\n\n<p>Fordelen ved at k\u00f8be fra Mads Er Jern er is\u00e6r, at der som regel arbejdes med specialm\u00e5l, hvilket vil sige at han i n\u00e6sten alle tilf\u00e6lde vil kunne akkommodere og opfylde alle dine behov til produktet. S\u00e5 uanset hvor vild en id\u00e9 du har f\u00e5et, s\u00e5 kan du altid tage fat i Mads og finde ud af om det er muligt.<\/p>\n\n\n\n<p>Et h\u00e5ndlavet produkt kunne eksempelvis v\u00e6re et projekt til dit kontor, dit hjem eller andre steder som har brug for den perfekte l\u00f8sning. Her kunne processen eksempelvis v\u00e6re, at Mads kommer forbi og vurdere opgaven hvorefter, at I sammen finder en l\u00f8sning som, passer pr\u00e6cis til dine \u00f8nsker og behov. N\u00e5r der er fundet enighed, s\u00e5 begynder arbejdet p\u00e5 v\u00e6rksteder.<\/p>\n\n\n\n<p>Der tages is\u00e6r forbehold til hvordan produkterne skal bruges s\u00e5ledes, at holdbarheden er optimal og k\u00f8beren f\u00e5r den bedste oplevelse. Eksempelvis skal et produkt anvendt til et badev\u00e6relse ikke have de samme egenskaber som hvis det l\u00e5 p\u00e5 et t\u00f8rt kontor. Badev\u00e6relset er nemlig fugtigt, hvilket kan resultere i rust og regelm\u00e6ssig reng\u00f8ring. Derfor tilbydes der blandt andet fugtbehandling og pulverlavering, s\u00e5ledes at rusten holdes v\u00e6k, samt at reng\u00f8ringen bliver nem og hurtig.<\/p>\n\n\n\n<p>N\u00e5r hele produktet er f\u00e6rdigt, s\u00e5 leveres produktet hen til dig s\u00e5 det kan blive monteret hvis det \u00f8nskes.<br>Du kan l\u00e6se mere om Mads Er Jern inde p\u00e5 hjemmesiden og komme i kontakt med Mads. Derudover kan du ogs\u00e5 finde mere inspiration til l\u00f8sninger, samt l\u00e6se mere om Mads passion og historie indenfor jernarbejde. Hvis du er interesseret i priserne for glasv\u00e6ggene, s\u00e5 kan du l\u00e6se de vejledende priser inde p\u00e5 hjemmesiden for at f\u00e5 et st\u00f8rre indblik i hvor meget det ca. vil koste.<\/p>\n","protected":false},"excerpt":{"rendered":"<p>Hos Mads Er Jern finder du en bedste l\u00f8sning til jern arbejde. Hos Mads Er Jern kan du f\u00e5 bygget h\u00e5ndlavede skr\u00e6ddersyede produkter i jern, som passer pr\u00e6cis til alle dine behov. Her kan du f\u00e5 lavet alverdens jernbaserede produkter som New Yorker Glasv\u00e6gge, gel\u00e6ndere, h\u00f8jbede og en lang r\u00e6kke andre produkter. Fordelen ved at <a class=\"moretag btn btn-primary\" href=\"https:\/\/niipit.dk\/mads-er-jern\/\">L\u00e6s mere<\/a><\/p>\n","protected":false},"author":1,"featured_media":0,"parent":0,"menu_order":0,"comment_status":"closed","ping_status":"closed","template":"frontpagePremium.php","meta":{"_exactmetrics_skip_tracking":false,"_exactmetrics_sitenote_active":false,"_exactmetrics_sitenote_note":"","_exactmetrics_sitenote_category":0,"_monsterinsights_skip_tracking":false,"_monsterinsights_sitenote_active":false,"_monsterinsights_sitenote_note":"","_monsterinsights_sitenote_category":0,"footnotes":""},"class_list":["post-5064","page","type-page","status-publish","hentry"],"yoast_head":"<!-- This site is optimized with the Yoast SEO Premium plugin v16.3 (Yoast SEO v27.4) - https:\/\/yoast.com\/product\/yoast-seo-premium-wordpress\/ -->\n<title>Mads Er Jern<\/title>\n<meta name=\"description\" content=\"Mads Er Jern\" \/>\n<meta name=\"robots\" content=\"index, follow, max-snippet:-1, max-image-preview:large, max-video-preview:-1\" \/>\n<link rel=\"canonical\" href=\"https:\/\/niipit.dk\/mads-er-jern\/\" \/>\n<meta property=\"og:locale\" content=\"da_DK\" \/>\n<meta property=\"og:type\" content=\"article\" \/>\n<meta property=\"og:title\" content=\"Mads Er Jern\" \/>\n<meta property=\"og:description\" content=\"Mads Er Jern\" \/>\n<meta property=\"og:url\" content=\"https:\/\/niipit.dk\/mads-er-jern\/\" \/>\n<meta property=\"og:site_name\" content=\"Mads Er Jern\" \/>\n<meta property=\"article:modified_time\" content=\"2021-06-24T19:24:28+00:00\" \/>\n<meta name=\"twitter:card\" content=\"summary_large_image\" \/>\n<meta name=\"twitter:label1\" content=\"Estimeret l\u00e6setid\" \/>\n\t<meta name=\"twitter:data1\" content=\"2 minutter\" \/>\n<script type=\"application\/ld+json\" class=\"yoast-schema-graph\">{\"@context\":\"https:\\\/\\\/schema.org\",\"@graph\":[{\"@type\":\"WebPage\",\"@id\":\"https:\\\/\\\/niipit.dk\\\/mads-er-jern\\\/\",\"url\":\"https:\\\/\\\/niipit.dk\\\/mads-er-jern\\\/\",\"name\":\"Mads Er Jern\",\"isPartOf\":{\"@id\":\"https:\\\/\\\/niipit.dk\\\/mads-er-jern\\\/#website\"},\"datePublished\":\"2020-04-10T20:29:34+00:00\",\"dateModified\":\"2021-06-24T19:24:28+00:00\",\"description\":\"Mads Er Jern\",\"breadcrumb\":{\"@id\":\"https:\\\/\\\/niipit.dk\\\/mads-er-jern\\\/#breadcrumb\"},\"inLanguage\":\"da-DK\",\"potentialAction\":[{\"@type\":\"ReadAction\",\"target\":[\"https:\\\/\\\/niipit.dk\\\/mads-er-jern\\\/\"]}]},{\"@type\":\"BreadcrumbList\",\"@id\":\"https:\\\/\\\/niipit.dk\\\/mads-er-jern\\\/#breadcrumb\",\"itemListElement\":[{\"@type\":\"ListItem\",\"position\":1,\"name\":\"Hjem\",\"item\":\"https:\\\/\\\/niipit.dk\\\/mads-er-jern\\\/\"},{\"@type\":\"ListItem\",\"position\":2,\"name\":\"Forside\"}]},{\"@type\":\"WebSite\",\"@id\":\"https:\\\/\\\/niipit.dk\\\/mads-er-jern\\\/#website\",\"url\":\"https:\\\/\\\/niipit.dk\\\/mads-er-jern\\\/\",\"name\":\"Mads Er Jern\",\"description\":\"- Jern arbejde\",\"potentialAction\":[{\"@type\":\"SearchAction\",\"target\":{\"@type\":\"EntryPoint\",\"urlTemplate\":\"https:\\\/\\\/niipit.dk\\\/mads-er-jern\\\/?s={search_term_string}\"},\"query-input\":{\"@type\":\"PropertyValueSpecification\",\"valueRequired\":true,\"valueName\":\"search_term_string\"}}],\"inLanguage\":\"da-DK\"}]}<\/script>\n<!-- \/ Yoast SEO Premium plugin. -->","yoast_head_json":{"title":"Mads Er Jern","description":"Mads Er Jern","robots":{"index":"index","follow":"follow","max-snippet":"max-snippet:-1","max-image-preview":"max-image-preview:large","max-video-preview":"max-video-preview:-1"},"canonical":"https:\/\/niipit.dk\/mads-er-jern\/","og_locale":"da_DK","og_type":"article","og_title":"Mads Er Jern","og_description":"Mads Er Jern","og_url":"https:\/\/niipit.dk\/mads-er-jern\/","og_site_name":"Mads Er Jern","article_modified_time":"2021-06-24T19:24:28+00:00","twitter_card":"summary_large_image","twitter_misc":{"Estimeret l\u00e6setid":"2 minutter"},"schema":{"@context":"https:\/\/schema.org","@graph":[{"@type":"WebPage","@id":"https:\/\/niipit.dk\/mads-er-jern\/","url":"https:\/\/niipit.dk\/mads-er-jern\/","name":"Mads Er Jern","isPartOf":{"@id":"https:\/\/niipit.dk\/mads-er-jern\/#website"},"datePublished":"2020-04-10T20:29:34+00:00","dateModified":"2021-06-24T19:24:28+00:00","description":"Mads Er Jern","breadcrumb":{"@id":"https:\/\/niipit.dk\/mads-er-jern\/#breadcrumb"},"inLanguage":"da-DK","potentialAction":[{"@type":"ReadAction","target":["https:\/\/niipit.dk\/mads-er-jern\/"]}]},{"@type":"BreadcrumbList","@id":"https:\/\/niipit.dk\/mads-er-jern\/#breadcrumb","itemListElement":[{"@type":"ListItem","position":1,"name":"Hjem","item":"https:\/\/niipit.dk\/mads-er-jern\/"},{"@type":"ListItem","position":2,"name":"Forside"}]},{"@type":"WebSite","@id":"https:\/\/niipit.dk\/mads-er-jern\/#website","url":"https:\/\/niipit.dk\/mads-er-jern\/","name":"Mads Er Jern","description":"- Jern arbejde","potentialAction":[{"@type":"SearchAction","target":{"@type":"EntryPoint","urlTemplate":"https:\/\/niipit.dk\/mads-er-jern\/?s={search_term_string}"},"query-input":{"@type":"PropertyValueSpecification","valueRequired":true,"valueName":"search_term_string"}}],"inLanguage":"da-DK"}]}},"_links":{"self":[{"href":"https:\/\/niipit.dk\/mads-er-jern\/wp-json\/wp\/v2\/pages\/5064","targetHints":{"allow":["GET"]}}],"collection":[{"href":"https:\/\/niipit.dk\/mads-er-jern\/wp-json\/wp\/v2\/pages"}],"about":[{"href":"https:\/\/niipit.dk\/mads-er-jern\/wp-json\/wp\/v2\/types\/page"}],"author":[{"embeddable":true,"href":"https:\/\/niipit.dk\/mads-er-jern\/wp-json\/wp\/v2\/users\/1"}],"replies":[{"embeddable":true,"href":"https:\/\/niipit.dk\/mads-er-jern\/wp-json\/wp\/v2\/comments?post=5064"}],"version-history":[{"count":2,"href":"https:\/\/niipit.dk\/mads-er-jern\/wp-json\/wp\/v2\/pages\/5064\/revisions"}],"predecessor-version":[{"id":5991,"href":"https:\/\/niipit.dk\/mads-er-jern\/wp-json\/wp\/v2\/pages\/5064\/revisions\/5991"}],"wp:attachment":[{"href":"https:\/\/niipit.dk\/mads-er-jern\/wp-json\/wp\/v2\/media?parent=5064"}],"curies":[{"name":"wp","href":"https:\/\/api.w.org\/{rel}","templated":true}]}}