{"id":6009,"date":"2020-03-30T22:52:20","date_gmt":"2020-03-30T20:52:20","guid":{"rendered":"https:\/\/niipit.dk\/madkaelderen-paa-koldinghus\/?post_type=product&#038;p=6009"},"modified":"2020-03-30T22:52:20","modified_gmt":"2020-03-30T20:52:20","slug":"bestil-selskab","status":"publish","type":"product","link":"https:\/\/niipit.dk\/madkaelderen-paa-koldinghus\/produkt\/bestil-selskab\/","title":{"rendered":"BESTIL SELSKAB"},"content":{"rendered":"<p><img loading=\"lazy\" decoding=\"async\" class=\"aligncenter size-full wp-image-6007\" src=\"https:\/\/niipit.dk\/madkaelderen-paa-koldinghus\/wp-content\/uploads\/sites\/452\/2020\/03\/Madk\u00e6lderen-p\u00e5-koldinghus-.jpg\" alt=\"MADK\u00c6LDEREN P\u00c5 KOLDINGHUS\" width=\"1080\" height=\"333\" srcset=\"https:\/\/niipit.dk\/madkaelderen-paa-koldinghus\/wp-content\/uploads\/sites\/452\/2020\/03\/Madk\u00e6lderen-p\u00e5-koldinghus-.jpg 1080w, https:\/\/niipit.dk\/madkaelderen-paa-koldinghus\/wp-content\/uploads\/sites\/452\/2020\/03\/Madk\u00e6lderen-p\u00e5-koldinghus--300x93.jpg 300w, https:\/\/niipit.dk\/madkaelderen-paa-koldinghus\/wp-content\/uploads\/sites\/452\/2020\/03\/Madk\u00e6lderen-p\u00e5-koldinghus--1024x316.jpg 1024w, https:\/\/niipit.dk\/madkaelderen-paa-koldinghus\/wp-content\/uploads\/sites\/452\/2020\/03\/Madk\u00e6lderen-p\u00e5-koldinghus--768x237.jpg 768w, https:\/\/niipit.dk\/madkaelderen-paa-koldinghus\/wp-content\/uploads\/sites\/452\/2020\/03\/Madk\u00e6lderen-p\u00e5-koldinghus--600x185.jpg 600w\" sizes=\"auto, (max-width: 1080px) 100vw, 1080px\" \/><\/p>\n","protected":false},"excerpt":{"rendered":"","protected":false},"featured_media":6007,"template":"","meta":{"_exactmetrics_skip_tracking":false,"_exactmetrics_sitenote_active":false,"_exactmetrics_sitenote_note":"","_exactmetrics_sitenote_category":0,"_monsterinsights_skip_tracking":false,"_monsterinsights_sitenote_active":false,"_monsterinsights_sitenote_note":"","_monsterinsights_sitenote_category":0},"product_brand":[],"product_cat":[2093],"product_tag":[],"shoptype":[],"class_list":{"0":"post-6009","1":"product","2":"type-product","3":"status-publish","4":"has-post-thumbnail","6":"product_cat-ukategoriseret","8":"first","9":"instock","10":"shipping-taxable","11":"product-type-external"},"yoast_head":"<!-- This site is optimized with the Yoast SEO Premium plugin v16.3 (Yoast SEO v27.3) - https:\/\/yoast.com\/product\/yoast-seo-premium-wordpress\/ -->\n<title>BESTIL SELSKAB - MADK\u00c6LDEREN P\u00c5 KOLDINGHUS<\/title>\n<meta name=\"robots\" content=\"index, follow, max-snippet:-1, max-image-preview:large, max-video-preview:-1\" \/>\n<link rel=\"canonical\" href=\"https:\/\/niipit.dk\/madkaelderen-paa-koldinghus\/produkt\/bestil-selskab\/\" \/>\n<meta property=\"og:locale\" content=\"da_DK\" \/>\n<meta property=\"og:type\" content=\"article\" \/>\n<meta property=\"og:title\" content=\"BESTIL SELSKAB - MADK\u00c6LDEREN P\u00c5 KOLDINGHUS\" \/>\n<meta property=\"og:url\" content=\"https:\/\/niipit.dk\/madkaelderen-paa-koldinghus\/produkt\/bestil-selskab\/\" \/>\n<meta property=\"og:site_name\" content=\"MADK\u00c6LDEREN P\u00c5 KOLDINGHUS\" \/>\n<meta property=\"og:image\" content=\"https:\/\/niipit.dk\/madkaelderen-paa-koldinghus\/wp-content\/uploads\/sites\/452\/2020\/03\/Madk\u00e6lderen-p\u00e5-koldinghus-.jpg\" \/>\n\t<meta property=\"og:image:width\" content=\"1080\" \/>\n\t<meta property=\"og:image:height\" content=\"333\" \/>\n\t<meta property=\"og:image:type\" content=\"image\/jpeg\" \/>\n<meta name=\"twitter:card\" content=\"summary_large_image\" \/>\n<script type=\"application\/ld+json\" class=\"yoast-schema-graph\">{\"@context\":\"https:\\\/\\\/schema.org\",\"@graph\":[{\"@type\":\"WebPage\",\"@id\":\"https:\\\/\\\/niipit.dk\\\/madkaelderen-paa-koldinghus\\\/produkt\\\/bestil-selskab\\\/\",\"url\":\"https:\\\/\\\/niipit.dk\\\/madkaelderen-paa-koldinghus\\\/produkt\\\/bestil-selskab\\\/\",\"name\":\"BESTIL SELSKAB - MADK\u00c6LDEREN P\u00c5 KOLDINGHUS\",\"isPartOf\":{\"@id\":\"https:\\\/\\\/niipit.dk\\\/madkaelderen-paa-koldinghus\\\/#website\"},\"primaryImageOfPage\":{\"@id\":\"https:\\\/\\\/niipit.dk\\\/madkaelderen-paa-koldinghus\\\/produkt\\\/bestil-selskab\\\/#primaryimage\"},\"image\":{\"@id\":\"https:\\\/\\\/niipit.dk\\\/madkaelderen-paa-koldinghus\\\/produkt\\\/bestil-selskab\\\/#primaryimage\"},\"thumbnailUrl\":\"https:\\\/\\\/niipit.dk\\\/madkaelderen-paa-koldinghus\\\/wp-content\\\/uploads\\\/sites\\\/452\\\/2020\\\/03\\\/Madk\u00e6lderen-p\u00e5-koldinghus-.jpg\",\"datePublished\":\"2020-03-30T20:52:20+00:00\",\"breadcrumb\":{\"@id\":\"https:\\\/\\\/niipit.dk\\\/madkaelderen-paa-koldinghus\\\/produkt\\\/bestil-selskab\\\/#breadcrumb\"},\"inLanguage\":\"da-DK\",\"potentialAction\":[{\"@type\":\"ReadAction\",\"target\":[\"https:\\\/\\\/niipit.dk\\\/madkaelderen-paa-koldinghus\\\/produkt\\\/bestil-selskab\\\/\"]}]},{\"@type\":\"ImageObject\",\"inLanguage\":\"da-DK\",\"@id\":\"https:\\\/\\\/niipit.dk\\\/madkaelderen-paa-koldinghus\\\/produkt\\\/bestil-selskab\\\/#primaryimage\",\"url\":\"https:\\\/\\\/niipit.dk\\\/madkaelderen-paa-koldinghus\\\/wp-content\\\/uploads\\\/sites\\\/452\\\/2020\\\/03\\\/Madk\u00e6lderen-p\u00e5-koldinghus-.jpg\",\"contentUrl\":\"https:\\\/\\\/niipit.dk\\\/madkaelderen-paa-koldinghus\\\/wp-content\\\/uploads\\\/sites\\\/452\\\/2020\\\/03\\\/Madk\u00e6lderen-p\u00e5-koldinghus-.jpg\",\"width\":1080,\"height\":333,\"caption\":\"MADK\u00c6LDEREN P\u00c5 KOLDINGHUS\"},{\"@type\":\"BreadcrumbList\",\"@id\":\"https:\\\/\\\/niipit.dk\\\/madkaelderen-paa-koldinghus\\\/produkt\\\/bestil-selskab\\\/#breadcrumb\",\"itemListElement\":[{\"@type\":\"ListItem\",\"position\":1,\"name\":\"Hjem\",\"item\":\"https:\\\/\\\/niipit.dk\\\/madkaelderen-paa-koldinghus\\\/\"},{\"@type\":\"ListItem\",\"position\":2,\"name\":\"Shop\",\"item\":\"https:\\\/\\\/niipit.dk\\\/madkaelderen-paa-koldinghus\\\/shop\\\/\"},{\"@type\":\"ListItem\",\"position\":3,\"name\":\"BESTIL SELSKAB\"}]},{\"@type\":\"WebSite\",\"@id\":\"https:\\\/\\\/niipit.dk\\\/madkaelderen-paa-koldinghus\\\/#website\",\"url\":\"https:\\\/\\\/niipit.dk\\\/madkaelderen-paa-koldinghus\\\/\",\"name\":\"MADK\u00c6LDEREN P\u00c5 KOLDINGHUS\",\"description\":\"Shop lokalt ???? Shop Dansk\",\"potentialAction\":[{\"@type\":\"SearchAction\",\"target\":{\"@type\":\"EntryPoint\",\"urlTemplate\":\"https:\\\/\\\/niipit.dk\\\/madkaelderen-paa-koldinghus\\\/?s={search_term_string}\"},\"query-input\":{\"@type\":\"PropertyValueSpecification\",\"valueRequired\":true,\"valueName\":\"search_term_string\"}}],\"inLanguage\":\"da-DK\"}]}<\/script>\n<!-- \/ Yoast SEO Premium plugin. -->","yoast_head_json":{"title":"BESTIL SELSKAB - MADK\u00c6LDEREN P\u00c5 KOLDINGHUS","robots":{"index":"index","follow":"follow","max-snippet":"max-snippet:-1","max-image-preview":"max-image-preview:large","max-video-preview":"max-video-preview:-1"},"canonical":"https:\/\/niipit.dk\/madkaelderen-paa-koldinghus\/produkt\/bestil-selskab\/","og_locale":"da_DK","og_type":"article","og_title":"BESTIL SELSKAB - MADK\u00c6LDEREN P\u00c5 KOLDINGHUS","og_url":"https:\/\/niipit.dk\/madkaelderen-paa-koldinghus\/produkt\/bestil-selskab\/","og_site_name":"MADK\u00c6LDEREN P\u00c5 KOLDINGHUS","og_image":[{"width":1080,"height":333,"url":"https:\/\/niipit.dk\/madkaelderen-paa-koldinghus\/wp-content\/uploads\/sites\/452\/2020\/03\/Madk\u00e6lderen-p\u00e5-koldinghus-.jpg","type":"image\/jpeg"}],"twitter_card":"summary_large_image","schema":{"@context":"https:\/\/schema.org","@graph":[{"@type":"WebPage","@id":"https:\/\/niipit.dk\/madkaelderen-paa-koldinghus\/produkt\/bestil-selskab\/","url":"https:\/\/niipit.dk\/madkaelderen-paa-koldinghus\/produkt\/bestil-selskab\/","name":"BESTIL SELSKAB - MADK\u00c6LDEREN P\u00c5 KOLDINGHUS","isPartOf":{"@id":"https:\/\/niipit.dk\/madkaelderen-paa-koldinghus\/#website"},"primaryImageOfPage":{"@id":"https:\/\/niipit.dk\/madkaelderen-paa-koldinghus\/produkt\/bestil-selskab\/#primaryimage"},"image":{"@id":"https:\/\/niipit.dk\/madkaelderen-paa-koldinghus\/produkt\/bestil-selskab\/#primaryimage"},"thumbnailUrl":"https:\/\/niipit.dk\/madkaelderen-paa-koldinghus\/wp-content\/uploads\/sites\/452\/2020\/03\/Madk\u00e6lderen-p\u00e5-koldinghus-.jpg","datePublished":"2020-03-30T20:52:20+00:00","breadcrumb":{"@id":"https:\/\/niipit.dk\/madkaelderen-paa-koldinghus\/produkt\/bestil-selskab\/#breadcrumb"},"inLanguage":"da-DK","potentialAction":[{"@type":"ReadAction","target":["https:\/\/niipit.dk\/madkaelderen-paa-koldinghus\/produkt\/bestil-selskab\/"]}]},{"@type":"ImageObject","inLanguage":"da-DK","@id":"https:\/\/niipit.dk\/madkaelderen-paa-koldinghus\/produkt\/bestil-selskab\/#primaryimage","url":"https:\/\/niipit.dk\/madkaelderen-paa-koldinghus\/wp-content\/uploads\/sites\/452\/2020\/03\/Madk\u00e6lderen-p\u00e5-koldinghus-.jpg","contentUrl":"https:\/\/niipit.dk\/madkaelderen-paa-koldinghus\/wp-content\/uploads\/sites\/452\/2020\/03\/Madk\u00e6lderen-p\u00e5-koldinghus-.jpg","width":1080,"height":333,"caption":"MADK\u00c6LDEREN P\u00c5 KOLDINGHUS"},{"@type":"BreadcrumbList","@id":"https:\/\/niipit.dk\/madkaelderen-paa-koldinghus\/produkt\/bestil-selskab\/#breadcrumb","itemListElement":[{"@type":"ListItem","position":1,"name":"Hjem","item":"https:\/\/niipit.dk\/madkaelderen-paa-koldinghus\/"},{"@type":"ListItem","position":2,"name":"Shop","item":"https:\/\/niipit.dk\/madkaelderen-paa-koldinghus\/shop\/"},{"@type":"ListItem","position":3,"name":"BESTIL SELSKAB"}]},{"@type":"WebSite","@id":"https:\/\/niipit.dk\/madkaelderen-paa-koldinghus\/#website","url":"https:\/\/niipit.dk\/madkaelderen-paa-koldinghus\/","name":"MADK\u00c6LDEREN P\u00c5 KOLDINGHUS","description":"Shop lokalt ???? Shop Dansk","potentialAction":[{"@type":"SearchAction","target":{"@type":"EntryPoint","urlTemplate":"https:\/\/niipit.dk\/madkaelderen-paa-koldinghus\/?s={search_term_string}"},"query-input":{"@type":"PropertyValueSpecification","valueRequired":true,"valueName":"search_term_string"}}],"inLanguage":"da-DK"}]}},"_links":{"self":[{"href":"https:\/\/niipit.dk\/madkaelderen-paa-koldinghus\/wp-json\/wp\/v2\/product\/6009","targetHints":{"allow":["GET"]}}],"collection":[{"href":"https:\/\/niipit.dk\/madkaelderen-paa-koldinghus\/wp-json\/wp\/v2\/product"}],"about":[{"href":"https:\/\/niipit.dk\/madkaelderen-paa-koldinghus\/wp-json\/wp\/v2\/types\/product"}],"wp:featuredmedia":[{"embeddable":true,"href":"https:\/\/niipit.dk\/madkaelderen-paa-koldinghus\/wp-json\/wp\/v2\/media\/6007"}],"wp:attachment":[{"href":"https:\/\/niipit.dk\/madkaelderen-paa-koldinghus\/wp-json\/wp\/v2\/media?parent=6009"}],"wp:term":[{"taxonomy":"product_brand","embeddable":true,"href":"https:\/\/niipit.dk\/madkaelderen-paa-koldinghus\/wp-json\/wp\/v2\/product_brand?post=6009"},{"taxonomy":"product_cat","embeddable":true,"href":"https:\/\/niipit.dk\/madkaelderen-paa-koldinghus\/wp-json\/wp\/v2\/product_cat?post=6009"},{"taxonomy":"product_tag","embeddable":true,"href":"https:\/\/niipit.dk\/madkaelderen-paa-koldinghus\/wp-json\/wp\/v2\/product_tag?post=6009"},{"taxonomy":"shoptype","embeddable":true,"href":"https:\/\/niipit.dk\/madkaelderen-paa-koldinghus\/wp-json\/wp\/v2\/shoptype?post=6009"}],"curies":[{"name":"wp","href":"https:\/\/api.w.org\/{rel}","templated":true}]}}