{"id":5064,"date":"2018-08-10T22:29:34","date_gmt":"2018-08-10T20:29:34","guid":{"rendered":"https:\/\/niipit.dk\/lysabildkro-com-shop\/?page_id=5064"},"modified":"2020-10-31T14:12:47","modified_gmt":"2020-10-31T13:12:47","slug":"frontpage","status":"publish","type":"page","link":"https:\/\/niipit.dk\/lysabildkro-com\/","title":{"rendered":"Forside"},"content":{"rendered":"\n<h3 class=\"wp-block-heading\" id=\"h-en-epoke-er-slut\">En epoke er slut<\/h3>\n\n\n\n<p>Efter 120 \u00e5r som kro er hedder det nu Lysabild Forsamlingsgaard.<\/p>\n\n\n\n<p>Michael der har drevet kroen de sidste 10 \u00e5r har valgt at drosle ned. Tiderne med Corona \u00e6ndre fest m\u00f8nstre og for at tilpasse sig tiderne s\u00e5 skifter Michael kurs. Fremover f\u00e5r Sydals f\u00e5et Lysabild Forsamlingsgaard. Her kan du leje lokalerne og holde din egen private fest. Du kan selv st\u00e5 for maden eller du kan leje lokalerne med kok.<\/p>\n\n\n\n<p>Michael der er udl\u00e6rt s\u00f8kok og sejlet p\u00e5 verdenshavene i over 30 \u00e5r.<br>Michael har v\u00e6ret kok p\u00e5 anerkendt hotel i Schweitz og flere steder i Danmark.<br>Siden 1 maj 2010 har Michael v\u00e6ret ejer og krofatter her p\u00e5 Lysabild Kro, men nu er epoken slut og en ny kurs er sat.<br><br>Lysabild kro har altid v\u00e6ret stedet hvor du fik rigtig god mad, som vor mor lavede den \u2013 og til priser s\u00e5 alle kan v\u00e6re med. N\u00e5r du lejer lokalerne med kok s\u00e5 er maden stadig den samme gode mad som du kender den gennem de sidste 10 \u00e5r.<br>Krofattern Michael er kendt for, at ingen skal g\u00e5 sultne herfra. Og det passer! Netop derfor er kursen sat mod et kulturhus og en forsamlingsgaard til gavn for lokal omr\u00e5det.<br><br>Lysabild Kro emmer af nostalgi og s\u00f8nderjysk lune. Lysabild kro er en gammel stations kro, der er bygget i 1898.<br>Krofatter Michael Marek har fastholt det gamle look, b\u00e5de ud som inde.<br><br>Krostuen emmer af snak over en kold \u00f8l, restauranten er holdt i den gamle stil, hvor du er omgivet at gamle antikke m\u00f8bler og interi\u00f8r. Tiden vil vise om dette stadig vil v\u00e6re at finde i lokalerne men mon ikke \ud83d\ude09<br><br>Festsalen rummer fremover store private selskaber, hvor der kan serveres drikkevarer fra den nye bar, som du selv har medbragt.<br><br>Kroen er lukket men fra 1 november 2020 \u00e5bner Lysabild Forsamlingsgaard hvor du kan holde private arrangementer, b\u00e5de til hverdag og til fest.<br><br>Vi er mange der takker Michael for det k\u00e6mpe arbejde han har lagt for dagen i de sidste 10 \u00e5r. Herfra redaktionen \u00f8nsker vi Michael alt held med den nye kurs og opfordre alle i b\u00e5de land og by til at st\u00f8tte op om forsamlingsg\u00e5rden i Lysabild p\u00e5 Sydals.<\/p>\n\n\n\n<p>Kursen er sat. God vind fremover. Michael&#8230;. Husk at beholde dit smil og dit glade glimt i \u00f8jet \ud83d\ude09<\/p>\n","protected":false},"excerpt":{"rendered":"<p>En epoke er slut Efter 120 \u00e5r som kro er hedder det nu Lysabild Forsamlingsgaard. Michael der har drevet kroen de sidste 10 \u00e5r har valgt at drosle ned. Tiderne med Corona \u00e6ndre fest m\u00f8nstre og for at tilpasse sig tiderne s\u00e5 skifter Michael kurs. Fremover f\u00e5r Sydals f\u00e5et Lysabild Forsamlingsgaard. Her kan du leje <a class=\"moretag btn btn-primary\" href=\"https:\/\/niipit.dk\/lysabildkro-com\/\">L\u00e6s mere<\/a><\/p>\n","protected":false},"author":1,"featured_media":0,"parent":0,"menu_order":0,"comment_status":"closed","ping_status":"closed","template":"frontpagePremium.php","meta":{"_exactmetrics_skip_tracking":false,"_exactmetrics_sitenote_active":false,"_exactmetrics_sitenote_note":"","_exactmetrics_sitenote_category":0,"_monsterinsights_skip_tracking":false,"_monsterinsights_sitenote_active":false,"_monsterinsights_sitenote_note":"","_monsterinsights_sitenote_category":0,"footnotes":""},"class_list":["post-5064","page","type-page","status-publish","hentry"],"yoast_head":"<!-- This site is optimized with the Yoast SEO Premium plugin v16.3 (Yoast SEO v27.2) - https:\/\/yoast.com\/product\/yoast-seo-premium-wordpress\/ -->\n<title>Forside - Lysabild Kro<\/title>\n<meta name=\"robots\" content=\"index, follow, max-snippet:-1, max-image-preview:large, max-video-preview:-1\" \/>\n<link rel=\"canonical\" href=\"https:\/\/niipit.dk\/lysabildkro-com\/\" \/>\n<meta property=\"og:locale\" content=\"da_DK\" \/>\n<meta property=\"og:type\" content=\"article\" \/>\n<meta property=\"og:title\" content=\"Forside - Lysabild Kro\" \/>\n<meta property=\"og:description\" content=\"En epoke er slut Efter 120 \u00e5r som kro er hedder det nu Lysabild Forsamlingsgaard. Michael der har drevet kroen de sidste 10 \u00e5r har valgt at drosle ned. Tiderne med Corona \u00e6ndre fest m\u00f8nstre og for at tilpasse sig tiderne s\u00e5 skifter Michael kurs. Fremover f\u00e5r Sydals f\u00e5et Lysabild Forsamlingsgaard. Her kan du leje L\u00e6s mere\" \/>\n<meta property=\"og:url\" content=\"https:\/\/niipit.dk\/lysabildkro-com\/\" \/>\n<meta property=\"og:site_name\" content=\"Lysabild Kro\" \/>\n<meta property=\"article:modified_time\" content=\"2020-10-31T13:12:47+00:00\" \/>\n<meta name=\"twitter:card\" content=\"summary_large_image\" \/>\n<meta name=\"twitter:label1\" content=\"Estimeret l\u00e6setid\" \/>\n\t<meta name=\"twitter:data1\" content=\"2 minutter\" \/>\n<script type=\"application\/ld+json\" class=\"yoast-schema-graph\">{\"@context\":\"https:\/\/schema.org\",\"@graph\":[{\"@type\":\"WebPage\",\"@id\":\"https:\/\/niipit.dk\/lysabildkro-com\/\",\"url\":\"https:\/\/niipit.dk\/lysabildkro-com\/\",\"name\":\"Forside - Lysabild Kro\",\"isPartOf\":{\"@id\":\"https:\/\/niipit.dk\/lysabildkro-com\/#website\"},\"datePublished\":\"2018-08-10T20:29:34+00:00\",\"dateModified\":\"2020-10-31T13:12:47+00:00\",\"breadcrumb\":{\"@id\":\"https:\/\/niipit.dk\/lysabildkro-com\/#breadcrumb\"},\"inLanguage\":\"da-DK\",\"potentialAction\":[{\"@type\":\"ReadAction\",\"target\":[\"https:\/\/niipit.dk\/lysabildkro-com\/\"]}]},{\"@type\":\"BreadcrumbList\",\"@id\":\"https:\/\/niipit.dk\/lysabildkro-com\/#breadcrumb\",\"itemListElement\":[{\"@type\":\"ListItem\",\"position\":1,\"name\":\"Hjem\",\"item\":\"https:\/\/niipit.dk\/lysabildkro-com\/\"},{\"@type\":\"ListItem\",\"position\":2,\"name\":\"Forside\"}]},{\"@type\":\"WebSite\",\"@id\":\"https:\/\/niipit.dk\/lysabildkro-com\/#website\",\"url\":\"https:\/\/niipit.dk\/lysabildkro-com\/\",\"name\":\"Lysabild Kro\",\"description\":\"F\u00e5 din virksomhed p\u00e5 niipit\",\"potentialAction\":[{\"@type\":\"SearchAction\",\"target\":{\"@type\":\"EntryPoint\",\"urlTemplate\":\"https:\/\/niipit.dk\/lysabildkro-com\/?s={search_term_string}\"},\"query-input\":{\"@type\":\"PropertyValueSpecification\",\"valueRequired\":true,\"valueName\":\"search_term_string\"}}],\"inLanguage\":\"da-DK\"}]}<\/script>\n<!-- \/ Yoast SEO Premium plugin. -->","yoast_head_json":{"title":"Forside - Lysabild Kro","robots":{"index":"index","follow":"follow","max-snippet":"max-snippet:-1","max-image-preview":"max-image-preview:large","max-video-preview":"max-video-preview:-1"},"canonical":"https:\/\/niipit.dk\/lysabildkro-com\/","og_locale":"da_DK","og_type":"article","og_title":"Forside - Lysabild Kro","og_description":"En epoke er slut Efter 120 \u00e5r som kro er hedder det nu Lysabild Forsamlingsgaard. Michael der har drevet kroen de sidste 10 \u00e5r har valgt at drosle ned. Tiderne med Corona \u00e6ndre fest m\u00f8nstre og for at tilpasse sig tiderne s\u00e5 skifter Michael kurs. Fremover f\u00e5r Sydals f\u00e5et Lysabild Forsamlingsgaard. Her kan du leje L\u00e6s mere","og_url":"https:\/\/niipit.dk\/lysabildkro-com\/","og_site_name":"Lysabild Kro","article_modified_time":"2020-10-31T13:12:47+00:00","twitter_card":"summary_large_image","twitter_misc":{"Estimeret l\u00e6setid":"2 minutter"},"schema":{"@context":"https:\/\/schema.org","@graph":[{"@type":"WebPage","@id":"https:\/\/niipit.dk\/lysabildkro-com\/","url":"https:\/\/niipit.dk\/lysabildkro-com\/","name":"Forside - Lysabild Kro","isPartOf":{"@id":"https:\/\/niipit.dk\/lysabildkro-com\/#website"},"datePublished":"2018-08-10T20:29:34+00:00","dateModified":"2020-10-31T13:12:47+00:00","breadcrumb":{"@id":"https:\/\/niipit.dk\/lysabildkro-com\/#breadcrumb"},"inLanguage":"da-DK","potentialAction":[{"@type":"ReadAction","target":["https:\/\/niipit.dk\/lysabildkro-com\/"]}]},{"@type":"BreadcrumbList","@id":"https:\/\/niipit.dk\/lysabildkro-com\/#breadcrumb","itemListElement":[{"@type":"ListItem","position":1,"name":"Hjem","item":"https:\/\/niipit.dk\/lysabildkro-com\/"},{"@type":"ListItem","position":2,"name":"Forside"}]},{"@type":"WebSite","@id":"https:\/\/niipit.dk\/lysabildkro-com\/#website","url":"https:\/\/niipit.dk\/lysabildkro-com\/","name":"Lysabild Kro","description":"F\u00e5 din virksomhed p\u00e5 niipit","potentialAction":[{"@type":"SearchAction","target":{"@type":"EntryPoint","urlTemplate":"https:\/\/niipit.dk\/lysabildkro-com\/?s={search_term_string}"},"query-input":{"@type":"PropertyValueSpecification","valueRequired":true,"valueName":"search_term_string"}}],"inLanguage":"da-DK"}]}},"_links":{"self":[{"href":"https:\/\/niipit.dk\/lysabildkro-com\/wp-json\/wp\/v2\/pages\/5064","targetHints":{"allow":["GET"]}}],"collection":[{"href":"https:\/\/niipit.dk\/lysabildkro-com\/wp-json\/wp\/v2\/pages"}],"about":[{"href":"https:\/\/niipit.dk\/lysabildkro-com\/wp-json\/wp\/v2\/types\/page"}],"author":[{"embeddable":true,"href":"https:\/\/niipit.dk\/lysabildkro-com\/wp-json\/wp\/v2\/users\/1"}],"replies":[{"embeddable":true,"href":"https:\/\/niipit.dk\/lysabildkro-com\/wp-json\/wp\/v2\/comments?post=5064"}],"version-history":[{"count":0,"href":"https:\/\/niipit.dk\/lysabildkro-com\/wp-json\/wp\/v2\/pages\/5064\/revisions"}],"wp:attachment":[{"href":"https:\/\/niipit.dk\/lysabildkro-com\/wp-json\/wp\/v2\/media?parent=5064"}],"curies":[{"name":"wp","href":"https:\/\/api.w.org\/{rel}","templated":true}]}}