{"id":5764,"date":"2019-08-23T10:57:35","date_gmt":"2019-08-23T08:57:35","guid":{"rendered":"https:\/\/niipit.dk\/lundby-krat-hundeskov-gibstrup\/?page_id=5764"},"modified":"2020-04-19T07:13:38","modified_gmt":"2020-04-19T05:13:38","slug":"indsend-info","status":"publish","type":"page","link":"https:\/\/niipit.dk\/lundby-krat-hundeskov-gibstrup\/indsend-info\/","title":{"rendered":"Hundeskov &#8211; Indsend info"},"content":{"rendered":"\n<p class=\"has-text-align-center\">Hvis du ligger inde med viden eller billeder om hundeskoven som du syntes vi skal have online s\u00e5 m\u00e5 du meget gerne indsende det til os s\u00e5 f\u00e5r vi det online hurtigst muligt.<\/p>\n\n\n\n<div class=\"wp-block-button aligncenter\"><a class=\"wp-block-button__link has-text-color has-very-dark-gray-color has-background has-luminous-vivid-orange-background-color\" href=\"mailto:support@niipit.dk\">Kontakt os her<\/a><\/div>\n\n\n\n<p>Niipit \u00f8nsker at v\u00e6re opdateret med s\u00e5 meget info om hundeskovene rundt om i Danmark Derfor er vi altid interesseret i at h\u00f8re fra jer brugere ude i landet. <\/p>\n\n\n\n<p>Kender du noget til denne hundehundeskov s\u00e5 m\u00e5 du meget gerne indsende information til os om hundeskoven eller hvis du kender en anden hundeskov som vi ikke har i vores system s\u00e5 skriv gerne til os.<\/p>\n\n\n\n<p>Vi har h\u00f8rt at der findes over 500 hundeskove i Danmark og dem vil vi gerne opdaterer info om. <\/p>\n\n\n\n<p>N\u00e5r en hundeskov er blevet oprettet inde hos os s\u00e5 har vi haft en person ude og tjekkeskoven af for at se om den svare op til den beskrivelse som vi har af skoven. Vil du gerne v\u00e6re Hundeskovs tjekker s\u00e5 kontakt os ved at klikke p\u00e5 den orange knap oven over og skriv til os. Opgaven er Frivillig og ul\u00f8nnet s\u00e5 det er fordi du har et godt hjerte at du v\u00e6lger at melde dig.<\/p>\n\n\n\n<p>Ligger du inde med billeder eller vil du anmelde hundeskove s\u00e5 kig ind og se alle vores hundeskove.<\/p>\n\n\n\n<p>Vi gl\u00e6der os til at fylde masser af hundeskove ind p\u00e5 Niipit Vores Dyr.<\/p>\n\n\n\n<div class=\"wp-block-button aligncenter\"><a class=\"wp-block-button__link has-text-color has-very-dark-gray-color has-background has-vivid-green-cyan-background-color\" href=\"https:\/\/niipit.dk\/vores-dyr-kategorier\/hundeskov\/\">Se alle vores hundeskove her<\/a><\/div>\n\n\n\n<div class=\"wp-block-button aligncenter\"><a class=\"wp-block-button__link has-text-color has-very-light-gray-color has-background has-vivid-cyan-blue-background-color\" href=\"https:\/\/www.facebook.com\/niipit.dk\/\">Bes\u00f8g Niipits Facebook side<\/a><\/div>\n","protected":false},"excerpt":{"rendered":"<p>Hvis du ligger inde med viden eller billeder om hundeskoven som du syntes vi skal have online s\u00e5 m\u00e5 du meget gerne indsende det til os s\u00e5 f\u00e5r vi det online hurtigst muligt. Niipit \u00f8nsker at v\u00e6re opdateret med s\u00e5 meget info om hundeskovene rundt om i Danmark Derfor er vi altid interesseret i at <a class=\"moretag btn btn-primary\" href=\"https:\/\/niipit.dk\/lundby-krat-hundeskov-gibstrup\/indsend-info\/\">L\u00e6s mere<\/a><\/p>\n","protected":false},"author":151,"featured_media":0,"parent":0,"menu_order":0,"comment_status":"closed","ping_status":"closed","template":"","meta":{"_exactmetrics_skip_tracking":false,"_exactmetrics_sitenote_active":false,"_exactmetrics_sitenote_note":"","_exactmetrics_sitenote_category":0,"_monsterinsights_skip_tracking":false,"_monsterinsights_sitenote_active":false,"_monsterinsights_sitenote_note":"","_monsterinsights_sitenote_category":0,"footnotes":""},"class_list":["post-5764","page","type-page","status-publish","hentry"],"yoast_head":"<!-- This site is optimized with the Yoast SEO Premium plugin v16.3 (Yoast SEO v27.4) - https:\/\/yoast.com\/product\/yoast-seo-premium-wordpress\/ -->\n<title>Lundby Krat Aalborg - Hundeskov - Niipit Vores Dyr<\/title>\n<meta name=\"description\" content=\"Lundby Krat Aalborg - Hundeskov - Niipit Vores Dyr indsamler information om hundeskove i Danmark. Kender du en hundeskov vi skal vide om s\u00e5 kontakt os her\" \/>\n<meta name=\"robots\" content=\"index, follow, max-snippet:-1, max-image-preview:large, max-video-preview:-1\" \/>\n<link rel=\"canonical\" href=\"https:\/\/niipit.dk\/lundby-krat-hundeskov-gibstrup\/indsend-info\/\" \/>\n<meta property=\"og:locale\" content=\"da_DK\" \/>\n<meta property=\"og:type\" content=\"article\" \/>\n<meta property=\"og:title\" content=\"Lundby Krat Aalborg - Hundeskov - Niipit Vores Dyr\" \/>\n<meta property=\"og:description\" content=\"Lundby Krat Aalborg - Hundeskov - Niipit Vores Dyr indsamler information om hundeskove i Danmark. Kender du en hundeskov vi skal vide om s\u00e5 kontakt os her\" \/>\n<meta property=\"og:url\" content=\"https:\/\/niipit.dk\/lundby-krat-hundeskov-gibstrup\/indsend-info\/\" \/>\n<meta property=\"og:site_name\" content=\"Lundby Krat Hundeskov Gibstrup\" \/>\n<meta property=\"article:modified_time\" content=\"2020-04-19T05:13:38+00:00\" \/>\n<meta name=\"twitter:card\" content=\"summary_large_image\" \/>\n<meta name=\"twitter:label1\" content=\"Estimeret l\u00e6setid\" \/>\n\t<meta name=\"twitter:data1\" content=\"1 minut\" \/>\n<script type=\"application\/ld+json\" class=\"yoast-schema-graph\">{\"@context\":\"https:\\\/\\\/schema.org\",\"@graph\":[{\"@type\":\"WebPage\",\"@id\":\"https:\\\/\\\/niipit.dk\\\/lundby-krat-hundeskov-gibstrup\\\/indsend-info\\\/\",\"url\":\"https:\\\/\\\/niipit.dk\\\/lundby-krat-hundeskov-gibstrup\\\/indsend-info\\\/\",\"name\":\"Lundby Krat Aalborg - Hundeskov - Niipit Vores Dyr\",\"isPartOf\":{\"@id\":\"https:\\\/\\\/niipit.dk\\\/lundby-krat-hundeskov-gibstrup\\\/#website\"},\"datePublished\":\"2019-08-23T08:57:35+00:00\",\"dateModified\":\"2020-04-19T05:13:38+00:00\",\"description\":\"Lundby Krat Aalborg - Hundeskov - Niipit Vores Dyr indsamler information om hundeskove i Danmark. Kender du en hundeskov vi skal vide om s\u00e5 kontakt os her\",\"breadcrumb\":{\"@id\":\"https:\\\/\\\/niipit.dk\\\/lundby-krat-hundeskov-gibstrup\\\/indsend-info\\\/#breadcrumb\"},\"inLanguage\":\"da-DK\",\"potentialAction\":[{\"@type\":\"ReadAction\",\"target\":[\"https:\\\/\\\/niipit.dk\\\/lundby-krat-hundeskov-gibstrup\\\/indsend-info\\\/\"]}]},{\"@type\":\"BreadcrumbList\",\"@id\":\"https:\\\/\\\/niipit.dk\\\/lundby-krat-hundeskov-gibstrup\\\/indsend-info\\\/#breadcrumb\",\"itemListElement\":[{\"@type\":\"ListItem\",\"position\":1,\"name\":\"Hjem\",\"item\":\"https:\\\/\\\/niipit.dk\\\/lundby-krat-hundeskov-gibstrup\\\/\"},{\"@type\":\"ListItem\",\"position\":2,\"name\":\"Hundeskov &#8211; Indsend info\"}]},{\"@type\":\"WebSite\",\"@id\":\"https:\\\/\\\/niipit.dk\\\/lundby-krat-hundeskov-gibstrup\\\/#website\",\"url\":\"https:\\\/\\\/niipit.dk\\\/lundby-krat-hundeskov-gibstrup\\\/\",\"name\":\"Lundby Krat Hundeskov Gibstrup\",\"description\":\"F\u00e5 din virksomhed p\u00e5 niipit\",\"potentialAction\":[{\"@type\":\"SearchAction\",\"target\":{\"@type\":\"EntryPoint\",\"urlTemplate\":\"https:\\\/\\\/niipit.dk\\\/lundby-krat-hundeskov-gibstrup\\\/?s={search_term_string}\"},\"query-input\":{\"@type\":\"PropertyValueSpecification\",\"valueRequired\":true,\"valueName\":\"search_term_string\"}}],\"inLanguage\":\"da-DK\"}]}<\/script>\n<!-- \/ Yoast SEO Premium plugin. -->","yoast_head_json":{"title":"Lundby Krat Aalborg - Hundeskov - Niipit Vores Dyr","description":"Lundby Krat Aalborg - Hundeskov - Niipit Vores Dyr indsamler information om hundeskove i Danmark. Kender du en hundeskov vi skal vide om s\u00e5 kontakt os her","robots":{"index":"index","follow":"follow","max-snippet":"max-snippet:-1","max-image-preview":"max-image-preview:large","max-video-preview":"max-video-preview:-1"},"canonical":"https:\/\/niipit.dk\/lundby-krat-hundeskov-gibstrup\/indsend-info\/","og_locale":"da_DK","og_type":"article","og_title":"Lundby Krat Aalborg - Hundeskov - Niipit Vores Dyr","og_description":"Lundby Krat Aalborg - Hundeskov - Niipit Vores Dyr indsamler information om hundeskove i Danmark. Kender du en hundeskov vi skal vide om s\u00e5 kontakt os her","og_url":"https:\/\/niipit.dk\/lundby-krat-hundeskov-gibstrup\/indsend-info\/","og_site_name":"Lundby Krat Hundeskov Gibstrup","article_modified_time":"2020-04-19T05:13:38+00:00","twitter_card":"summary_large_image","twitter_misc":{"Estimeret l\u00e6setid":"1 minut"},"schema":{"@context":"https:\/\/schema.org","@graph":[{"@type":"WebPage","@id":"https:\/\/niipit.dk\/lundby-krat-hundeskov-gibstrup\/indsend-info\/","url":"https:\/\/niipit.dk\/lundby-krat-hundeskov-gibstrup\/indsend-info\/","name":"Lundby Krat Aalborg - Hundeskov - Niipit Vores Dyr","isPartOf":{"@id":"https:\/\/niipit.dk\/lundby-krat-hundeskov-gibstrup\/#website"},"datePublished":"2019-08-23T08:57:35+00:00","dateModified":"2020-04-19T05:13:38+00:00","description":"Lundby Krat Aalborg - Hundeskov - Niipit Vores Dyr indsamler information om hundeskove i Danmark. Kender du en hundeskov vi skal vide om s\u00e5 kontakt os her","breadcrumb":{"@id":"https:\/\/niipit.dk\/lundby-krat-hundeskov-gibstrup\/indsend-info\/#breadcrumb"},"inLanguage":"da-DK","potentialAction":[{"@type":"ReadAction","target":["https:\/\/niipit.dk\/lundby-krat-hundeskov-gibstrup\/indsend-info\/"]}]},{"@type":"BreadcrumbList","@id":"https:\/\/niipit.dk\/lundby-krat-hundeskov-gibstrup\/indsend-info\/#breadcrumb","itemListElement":[{"@type":"ListItem","position":1,"name":"Hjem","item":"https:\/\/niipit.dk\/lundby-krat-hundeskov-gibstrup\/"},{"@type":"ListItem","position":2,"name":"Hundeskov &#8211; Indsend info"}]},{"@type":"WebSite","@id":"https:\/\/niipit.dk\/lundby-krat-hundeskov-gibstrup\/#website","url":"https:\/\/niipit.dk\/lundby-krat-hundeskov-gibstrup\/","name":"Lundby Krat Hundeskov Gibstrup","description":"F\u00e5 din virksomhed p\u00e5 niipit","potentialAction":[{"@type":"SearchAction","target":{"@type":"EntryPoint","urlTemplate":"https:\/\/niipit.dk\/lundby-krat-hundeskov-gibstrup\/?s={search_term_string}"},"query-input":{"@type":"PropertyValueSpecification","valueRequired":true,"valueName":"search_term_string"}}],"inLanguage":"da-DK"}]}},"_links":{"self":[{"href":"https:\/\/niipit.dk\/lundby-krat-hundeskov-gibstrup\/wp-json\/wp\/v2\/pages\/5764","targetHints":{"allow":["GET"]}}],"collection":[{"href":"https:\/\/niipit.dk\/lundby-krat-hundeskov-gibstrup\/wp-json\/wp\/v2\/pages"}],"about":[{"href":"https:\/\/niipit.dk\/lundby-krat-hundeskov-gibstrup\/wp-json\/wp\/v2\/types\/page"}],"author":[{"embeddable":true,"href":"https:\/\/niipit.dk\/lundby-krat-hundeskov-gibstrup\/wp-json\/wp\/v2\/users\/151"}],"replies":[{"embeddable":true,"href":"https:\/\/niipit.dk\/lundby-krat-hundeskov-gibstrup\/wp-json\/wp\/v2\/comments?post=5764"}],"version-history":[{"count":0,"href":"https:\/\/niipit.dk\/lundby-krat-hundeskov-gibstrup\/wp-json\/wp\/v2\/pages\/5764\/revisions"}],"wp:attachment":[{"href":"https:\/\/niipit.dk\/lundby-krat-hundeskov-gibstrup\/wp-json\/wp\/v2\/media?parent=5764"}],"curies":[{"name":"wp","href":"https:\/\/api.w.org\/{rel}","templated":true}]}}