{"id":5761,"date":"2019-08-23T10:54:35","date_gmt":"2019-08-23T08:54:35","guid":{"rendered":"https:\/\/niipit.dk\/lundby-krat-hundeskov-gibstrup\/?page_id=5761"},"modified":"2019-08-25T10:42:05","modified_gmt":"2019-08-25T08:42:05","slug":"om-hundeskoven","status":"publish","type":"page","link":"https:\/\/niipit.dk\/lundby-krat-hundeskov-gibstrup\/om-hundeskoven\/","title":{"rendered":"Om Hundeskoven Lundby Krat"},"content":{"rendered":"\n<p style=\"text-align:center\">Lundby Krat Hundeskov, Gibstrup, Aalborg er indhegnet og fin til leg og tr\u00e6ning. Den er ikke s\u00e5 stor men der er det hunden har brug for. Til dem der vil g\u00e5 en l\u00e6ngere tur s\u00e5 er muligheden lige uden for indhegningen da der er stier rundt i skoven.<br>Du kan sitte ned ved borde og b\u00e6nke og der er vand til hundene.<br>Parkering er ogs\u00e5 fin.<br>Et tip kan v\u00e6re gummist\u00f8vler da skoven kan v\u00e6re lidt mudret da den ligger lavt og bunden ikke altid er lige t\u00f8r.<br>(Huske at holde omr\u00e5det p\u00e6nt rent)<\/p>\n\n\n\n<hr class=\"wp-block-separator\"\/>\n\n\n\n<p style=\"text-align:center\">Der findes en Facebook gruppe for Lundby Krat Hundeskov, hvor du kan lave hundelegeaftaler<\/p>\n\n\n\n<div class=\"wp-block-button aligncenter\"><a class=\"wp-block-button__link has-text-color has-very-light-gray-color has-background has-vivid-cyan-blue-background-color\" href=\"https:\/\/www.facebook.com\/groups\/973590569322076\/\">Bes\u00f8g Facebook gruppen her<\/a><\/div>\n\n\n\n<p style=\"text-align:center\">Ses vi i Lundby Krat ved Aalborg?<\/p>\n\n\n\n<div class=\"wp-block-image\"><figure class=\"aligncenter\"><img loading=\"lazy\" decoding=\"async\" width=\"1024\" height=\"497\" src=\"https:\/\/niipit.dk\/lundby-krat-hundeskov-gibstrup\/wp-content\/uploads\/sites\/282\/2019\/08\/Lundby-Krat-Hundeskov-Gistrup-Aalborg-1024x497.png\" alt=\"Lundby-Krat-Hundeskov-Gistrup-Aalborg\" class=\"wp-image-5790\" srcset=\"https:\/\/niipit.dk\/lundby-krat-hundeskov-gibstrup\/wp-content\/uploads\/sites\/282\/2019\/08\/Lundby-Krat-Hundeskov-Gistrup-Aalborg-1024x497.png 1024w, https:\/\/niipit.dk\/lundby-krat-hundeskov-gibstrup\/wp-content\/uploads\/sites\/282\/2019\/08\/Lundby-Krat-Hundeskov-Gistrup-Aalborg-300x146.png 300w, https:\/\/niipit.dk\/lundby-krat-hundeskov-gibstrup\/wp-content\/uploads\/sites\/282\/2019\/08\/Lundby-Krat-Hundeskov-Gistrup-Aalborg-768x373.png 768w, https:\/\/niipit.dk\/lundby-krat-hundeskov-gibstrup\/wp-content\/uploads\/sites\/282\/2019\/08\/Lundby-Krat-Hundeskov-Gistrup-Aalborg-600x291.png 600w, https:\/\/niipit.dk\/lundby-krat-hundeskov-gibstrup\/wp-content\/uploads\/sites\/282\/2019\/08\/Lundby-Krat-Hundeskov-Gistrup-Aalborg.png 1368w\" sizes=\"auto, (max-width: 1024px) 100vw, 1024px\" \/><\/figure><\/div>\n\n\n\n<div class=\"wp-block-button aligncenter\"><a class=\"wp-block-button__link has-background has-vivid-green-cyan-background-color\" href=\"https:\/\/niipit.dk\/vores-dyr-kategorier\/hundeskov\/\">Se flere hundeskove her<\/a><\/div>\n\n\n\n<hr class=\"wp-block-separator\"\/>\n\n\n\n<blockquote style=\"text-align:center\" class=\"wp-block-quote is-layout-flow wp-block-quote-is-layout-flow\"><p>Thomas, Google anmeldelse 5 Stjerner<\/p><cite>Fed skov vi tager der ud med vores barn<\/cite><\/blockquote>\n\n\n\n<blockquote style=\"text-align:center\" class=\"wp-block-quote is-layout-flow wp-block-quote-is-layout-flow\"><p>Mikkel, Google anmeldelse 4 Stjerner<\/p><cite>Lidt lille der mangler en s\u00f8. Godt selskab for ejer og hund.<\/cite><\/blockquote>\n\n\n\n<blockquote style=\"text-align:center\" class=\"wp-block-quote is-layout-flow wp-block-quote-is-layout-flow\"><p>Jesper, Google anmeldelse 5 Stjerner<\/p><cite>Dejligt sted med massere af plads og festlig natur <\/cite><\/blockquote>\n\n\n\n<blockquote style=\"text-align:center\" class=\"wp-block-quote is-layout-flow wp-block-quote-is-layout-flow\"><p>Victoria, Google anmeldelse 5 stjerner<\/p><cite>Dejligt stort indhegnet omr\u00e5de, vand til hundene&#8230;.nemt at parkere i n\u00e6rheden..<\/cite><\/blockquote>\n\n\n\n<blockquote style=\"text-align:center\" class=\"wp-block-quote is-layout-flow wp-block-quote-is-layout-flow\"><p>Sanne, Google anmeldelse 4 stjerner<\/p><cite>Dejlig overskuelig hundeskov, m\u00e5tte godt v\u00e6re en anelse st\u00f8rre. Dejlig lyst<\/cite><\/blockquote>\n\n\n\n<blockquote style=\"text-align:center\" class=\"wp-block-quote is-layout-flow wp-block-quote-is-layout-flow\"><p>Kim Google anmeldelse 4 stjerner<\/p><cite>Godt sted at m\u00f8de legekammerater til hunden.<\/cite><\/blockquote>\n\n\n\n<div class=\"wp-block-button aligncenter\"><a class=\"wp-block-button__link has-text-color has-very-dark-gray-color has-background has-luminous-vivid-orange-background-color\" href=\"https:\/\/www.google.com\/maps\/place\/Lundby+Krat+hundeskov\/@56.9900324,10.0014931,894m\/data=!3m1!1e3!4m7!3m6!1s0x464ecc8e7710159b:0xa353ae92fe4ae7bd!8m2!3d56.988905!4d10.007735!9m1!1b1\">Se flere Google Anmeldelser her<\/a><\/div>\n","protected":false},"excerpt":{"rendered":"<p>Lundby Krat Hundeskov, Gibstrup, Aalborg er indhegnet og fin til leg og tr\u00e6ning. Den er ikke s\u00e5 stor men der er det hunden har brug for. Til dem der vil g\u00e5 en l\u00e6ngere tur s\u00e5 er muligheden lige uden for indhegningen da der er stier rundt i skoven.Du kan sitte ned ved borde og b\u00e6nke <a class=\"moretag btn btn-primary\" href=\"https:\/\/niipit.dk\/lundby-krat-hundeskov-gibstrup\/om-hundeskoven\/\">L\u00e6s mere<\/a><\/p>\n","protected":false},"author":151,"featured_media":0,"parent":0,"menu_order":0,"comment_status":"closed","ping_status":"closed","template":"","meta":{"_exactmetrics_skip_tracking":false,"_exactmetrics_sitenote_active":false,"_exactmetrics_sitenote_note":"","_exactmetrics_sitenote_category":0,"_monsterinsights_skip_tracking":false,"_monsterinsights_sitenote_active":false,"_monsterinsights_sitenote_note":"","_monsterinsights_sitenote_category":0,"footnotes":""},"class_list":["post-5761","page","type-page","status-publish","hentry"],"yoast_head":"<!-- This site is optimized with the Yoast SEO Premium plugin v16.3 (Yoast SEO v27.4) - https:\/\/yoast.com\/product\/yoast-seo-premium-wordpress\/ -->\n<title>Lundby Krat Hundeskov - Niipit Danmarks St\u00f8rste Online Markedsplads<\/title>\n<meta name=\"description\" content=\"Lundby Krat Hundeskov ved Gibstrup er den bedste i Aalborg siger nogle. Vurder selv. Rutevejledning, billeder og faciliteter p\u00e5 Niipit Vores Dyr. Se mere\" \/>\n<meta name=\"robots\" content=\"index, follow, max-snippet:-1, max-image-preview:large, max-video-preview:-1\" \/>\n<link rel=\"canonical\" href=\"https:\/\/niipit.dk\/lundby-krat-hundeskov-gibstrup\/om-hundeskoven\/\" \/>\n<meta property=\"og:locale\" content=\"da_DK\" \/>\n<meta property=\"og:type\" content=\"article\" \/>\n<meta property=\"og:title\" content=\"Lundby Krat Hundeskov - Niipit Danmarks St\u00f8rste Online Markedsplads\" \/>\n<meta property=\"og:description\" content=\"Lundby Krat Hundeskov ved Gibstrup er den bedste i Aalborg siger nogle. Vurder selv. Rutevejledning, billeder og faciliteter p\u00e5 Niipit Vores Dyr. Se mere\" \/>\n<meta property=\"og:url\" content=\"https:\/\/niipit.dk\/lundby-krat-hundeskov-gibstrup\/om-hundeskoven\/\" \/>\n<meta property=\"og:site_name\" content=\"Lundby Krat Hundeskov Gibstrup\" \/>\n<meta property=\"article:modified_time\" content=\"2019-08-25T08:42:05+00:00\" \/>\n<meta property=\"og:image\" content=\"https:\/\/niipit.dk\/lundby-krat-hundeskov-gibstrup\/wp-content\/uploads\/sites\/282\/2019\/08\/Lundby-Krat-Hundeskov-Gistrup-Aalborg-1024x497.png\" \/>\n<meta name=\"twitter:card\" content=\"summary_large_image\" \/>\n<meta name=\"twitter:label1\" content=\"Estimeret l\u00e6setid\" \/>\n\t<meta name=\"twitter:data1\" content=\"1 minut\" \/>\n<script type=\"application\/ld+json\" class=\"yoast-schema-graph\">{\"@context\":\"https:\\\/\\\/schema.org\",\"@graph\":[{\"@type\":\"WebPage\",\"@id\":\"https:\\\/\\\/niipit.dk\\\/lundby-krat-hundeskov-gibstrup\\\/om-hundeskoven\\\/\",\"url\":\"https:\\\/\\\/niipit.dk\\\/lundby-krat-hundeskov-gibstrup\\\/om-hundeskoven\\\/\",\"name\":\"Lundby Krat Hundeskov - Niipit Danmarks St\u00f8rste Online Markedsplads\",\"isPartOf\":{\"@id\":\"https:\\\/\\\/niipit.dk\\\/lundby-krat-hundeskov-gibstrup\\\/#website\"},\"primaryImageOfPage\":{\"@id\":\"https:\\\/\\\/niipit.dk\\\/lundby-krat-hundeskov-gibstrup\\\/om-hundeskoven\\\/#primaryimage\"},\"image\":{\"@id\":\"https:\\\/\\\/niipit.dk\\\/lundby-krat-hundeskov-gibstrup\\\/om-hundeskoven\\\/#primaryimage\"},\"thumbnailUrl\":\"https:\\\/\\\/niipit.dk\\\/lundby-krat-hundeskov-gibstrup\\\/wp-content\\\/uploads\\\/sites\\\/282\\\/2019\\\/08\\\/Lundby-Krat-Hundeskov-Gistrup-Aalborg-1024x497.png\",\"datePublished\":\"2019-08-23T08:54:35+00:00\",\"dateModified\":\"2019-08-25T08:42:05+00:00\",\"description\":\"Lundby Krat Hundeskov ved Gibstrup er den bedste i Aalborg siger nogle. Vurder selv. Rutevejledning, billeder og faciliteter p\u00e5 Niipit Vores Dyr. Se mere\",\"breadcrumb\":{\"@id\":\"https:\\\/\\\/niipit.dk\\\/lundby-krat-hundeskov-gibstrup\\\/om-hundeskoven\\\/#breadcrumb\"},\"inLanguage\":\"da-DK\",\"potentialAction\":[{\"@type\":\"ReadAction\",\"target\":[\"https:\\\/\\\/niipit.dk\\\/lundby-krat-hundeskov-gibstrup\\\/om-hundeskoven\\\/\"]}]},{\"@type\":\"ImageObject\",\"inLanguage\":\"da-DK\",\"@id\":\"https:\\\/\\\/niipit.dk\\\/lundby-krat-hundeskov-gibstrup\\\/om-hundeskoven\\\/#primaryimage\",\"url\":\"https:\\\/\\\/niipit.dk\\\/lundby-krat-hundeskov-gibstrup\\\/wp-content\\\/uploads\\\/sites\\\/282\\\/2019\\\/08\\\/Lundby-Krat-Hundeskov-Gistrup-Aalborg-1024x497.png\",\"contentUrl\":\"https:\\\/\\\/niipit.dk\\\/lundby-krat-hundeskov-gibstrup\\\/wp-content\\\/uploads\\\/sites\\\/282\\\/2019\\\/08\\\/Lundby-Krat-Hundeskov-Gistrup-Aalborg-1024x497.png\"},{\"@type\":\"BreadcrumbList\",\"@id\":\"https:\\\/\\\/niipit.dk\\\/lundby-krat-hundeskov-gibstrup\\\/om-hundeskoven\\\/#breadcrumb\",\"itemListElement\":[{\"@type\":\"ListItem\",\"position\":1,\"name\":\"Hjem\",\"item\":\"https:\\\/\\\/niipit.dk\\\/lundby-krat-hundeskov-gibstrup\\\/\"},{\"@type\":\"ListItem\",\"position\":2,\"name\":\"Om Hundeskoven Lundby Krat\"}]},{\"@type\":\"WebSite\",\"@id\":\"https:\\\/\\\/niipit.dk\\\/lundby-krat-hundeskov-gibstrup\\\/#website\",\"url\":\"https:\\\/\\\/niipit.dk\\\/lundby-krat-hundeskov-gibstrup\\\/\",\"name\":\"Lundby Krat Hundeskov Gibstrup\",\"description\":\"F\u00e5 din virksomhed p\u00e5 niipit\",\"potentialAction\":[{\"@type\":\"SearchAction\",\"target\":{\"@type\":\"EntryPoint\",\"urlTemplate\":\"https:\\\/\\\/niipit.dk\\\/lundby-krat-hundeskov-gibstrup\\\/?s={search_term_string}\"},\"query-input\":{\"@type\":\"PropertyValueSpecification\",\"valueRequired\":true,\"valueName\":\"search_term_string\"}}],\"inLanguage\":\"da-DK\"}]}<\/script>\n<!-- \/ Yoast SEO Premium plugin. -->","yoast_head_json":{"title":"Lundby Krat Hundeskov - Niipit Danmarks St\u00f8rste Online Markedsplads","description":"Lundby Krat Hundeskov ved Gibstrup er den bedste i Aalborg siger nogle. Vurder selv. Rutevejledning, billeder og faciliteter p\u00e5 Niipit Vores Dyr. Se mere","robots":{"index":"index","follow":"follow","max-snippet":"max-snippet:-1","max-image-preview":"max-image-preview:large","max-video-preview":"max-video-preview:-1"},"canonical":"https:\/\/niipit.dk\/lundby-krat-hundeskov-gibstrup\/om-hundeskoven\/","og_locale":"da_DK","og_type":"article","og_title":"Lundby Krat Hundeskov - Niipit Danmarks St\u00f8rste Online Markedsplads","og_description":"Lundby Krat Hundeskov ved Gibstrup er den bedste i Aalborg siger nogle. Vurder selv. Rutevejledning, billeder og faciliteter p\u00e5 Niipit Vores Dyr. Se mere","og_url":"https:\/\/niipit.dk\/lundby-krat-hundeskov-gibstrup\/om-hundeskoven\/","og_site_name":"Lundby Krat Hundeskov Gibstrup","article_modified_time":"2019-08-25T08:42:05+00:00","og_image":[{"url":"https:\/\/niipit.dk\/lundby-krat-hundeskov-gibstrup\/wp-content\/uploads\/sites\/282\/2019\/08\/Lundby-Krat-Hundeskov-Gistrup-Aalborg-1024x497.png","type":"","width":"","height":""}],"twitter_card":"summary_large_image","twitter_misc":{"Estimeret l\u00e6setid":"1 minut"},"schema":{"@context":"https:\/\/schema.org","@graph":[{"@type":"WebPage","@id":"https:\/\/niipit.dk\/lundby-krat-hundeskov-gibstrup\/om-hundeskoven\/","url":"https:\/\/niipit.dk\/lundby-krat-hundeskov-gibstrup\/om-hundeskoven\/","name":"Lundby Krat Hundeskov - Niipit Danmarks St\u00f8rste Online Markedsplads","isPartOf":{"@id":"https:\/\/niipit.dk\/lundby-krat-hundeskov-gibstrup\/#website"},"primaryImageOfPage":{"@id":"https:\/\/niipit.dk\/lundby-krat-hundeskov-gibstrup\/om-hundeskoven\/#primaryimage"},"image":{"@id":"https:\/\/niipit.dk\/lundby-krat-hundeskov-gibstrup\/om-hundeskoven\/#primaryimage"},"thumbnailUrl":"https:\/\/niipit.dk\/lundby-krat-hundeskov-gibstrup\/wp-content\/uploads\/sites\/282\/2019\/08\/Lundby-Krat-Hundeskov-Gistrup-Aalborg-1024x497.png","datePublished":"2019-08-23T08:54:35+00:00","dateModified":"2019-08-25T08:42:05+00:00","description":"Lundby Krat Hundeskov ved Gibstrup er den bedste i Aalborg siger nogle. Vurder selv. Rutevejledning, billeder og faciliteter p\u00e5 Niipit Vores Dyr. Se mere","breadcrumb":{"@id":"https:\/\/niipit.dk\/lundby-krat-hundeskov-gibstrup\/om-hundeskoven\/#breadcrumb"},"inLanguage":"da-DK","potentialAction":[{"@type":"ReadAction","target":["https:\/\/niipit.dk\/lundby-krat-hundeskov-gibstrup\/om-hundeskoven\/"]}]},{"@type":"ImageObject","inLanguage":"da-DK","@id":"https:\/\/niipit.dk\/lundby-krat-hundeskov-gibstrup\/om-hundeskoven\/#primaryimage","url":"https:\/\/niipit.dk\/lundby-krat-hundeskov-gibstrup\/wp-content\/uploads\/sites\/282\/2019\/08\/Lundby-Krat-Hundeskov-Gistrup-Aalborg-1024x497.png","contentUrl":"https:\/\/niipit.dk\/lundby-krat-hundeskov-gibstrup\/wp-content\/uploads\/sites\/282\/2019\/08\/Lundby-Krat-Hundeskov-Gistrup-Aalborg-1024x497.png"},{"@type":"BreadcrumbList","@id":"https:\/\/niipit.dk\/lundby-krat-hundeskov-gibstrup\/om-hundeskoven\/#breadcrumb","itemListElement":[{"@type":"ListItem","position":1,"name":"Hjem","item":"https:\/\/niipit.dk\/lundby-krat-hundeskov-gibstrup\/"},{"@type":"ListItem","position":2,"name":"Om Hundeskoven Lundby Krat"}]},{"@type":"WebSite","@id":"https:\/\/niipit.dk\/lundby-krat-hundeskov-gibstrup\/#website","url":"https:\/\/niipit.dk\/lundby-krat-hundeskov-gibstrup\/","name":"Lundby Krat Hundeskov Gibstrup","description":"F\u00e5 din virksomhed p\u00e5 niipit","potentialAction":[{"@type":"SearchAction","target":{"@type":"EntryPoint","urlTemplate":"https:\/\/niipit.dk\/lundby-krat-hundeskov-gibstrup\/?s={search_term_string}"},"query-input":{"@type":"PropertyValueSpecification","valueRequired":true,"valueName":"search_term_string"}}],"inLanguage":"da-DK"}]}},"_links":{"self":[{"href":"https:\/\/niipit.dk\/lundby-krat-hundeskov-gibstrup\/wp-json\/wp\/v2\/pages\/5761","targetHints":{"allow":["GET"]}}],"collection":[{"href":"https:\/\/niipit.dk\/lundby-krat-hundeskov-gibstrup\/wp-json\/wp\/v2\/pages"}],"about":[{"href":"https:\/\/niipit.dk\/lundby-krat-hundeskov-gibstrup\/wp-json\/wp\/v2\/types\/page"}],"author":[{"embeddable":true,"href":"https:\/\/niipit.dk\/lundby-krat-hundeskov-gibstrup\/wp-json\/wp\/v2\/users\/151"}],"replies":[{"embeddable":true,"href":"https:\/\/niipit.dk\/lundby-krat-hundeskov-gibstrup\/wp-json\/wp\/v2\/comments?post=5761"}],"version-history":[{"count":0,"href":"https:\/\/niipit.dk\/lundby-krat-hundeskov-gibstrup\/wp-json\/wp\/v2\/pages\/5761\/revisions"}],"wp:attachment":[{"href":"https:\/\/niipit.dk\/lundby-krat-hundeskov-gibstrup\/wp-json\/wp\/v2\/media?parent=5761"}],"curies":[{"name":"wp","href":"https:\/\/api.w.org\/{rel}","templated":true}]}}