{"id":5064,"date":"2020-04-10T22:29:34","date_gmt":"2020-04-10T20:29:34","guid":{"rendered":"https:\/\/niipit.dk\/master-basis-shop\/?page_id=5064"},"modified":"2025-08-22T11:05:24","modified_gmt":"2025-08-22T09:05:24","slug":"frontpage","status":"publish","type":"page","link":"https:\/\/niipit.dk\/linklemuren\/","title":{"rendered":"Forside"},"content":{"rendered":"\n<hr class=\"wp-block-separator has-css-opacity\"\/>\n\n\n\n<h2 class=\"wp-block-heading\">F\u00e5 st\u00e6rke links p\u00e5 den nemme m\u00e5de med LinkLemuren<\/h2>\n\n\n\n<p>Hvis du arbejder med SEO, ved du allerede, hvor vigtig linkbuilding er for at f\u00e5 bedre placeringer i Google. Men du ved sikkert ogs\u00e5, hvor tidskr\u00e6vende og besv\u00e6rligt det kan v\u00e6re at finde relevante sider, skrive g\u00e6steindl\u00e6g og f\u00e5 dem publiceret. Her kommer&nbsp;LinkLemuren&nbsp;ind i billedet. Platformen g\u00f8r hele processen enkel: Du v\u00e6lger et dom\u00e6ne, indtaster dit link og din \u00f8nskede ankertekst \u2013 og s\u00e5 klarer systemet resten. P\u00e5 f\u00e5 minutter har du et publiceret link, der kan styrke din synlighed i s\u00f8gemaskinerne.<\/p>\n\n\n\n<h3 class=\"wp-block-heading\">Hvorfor b\u00f8r du v\u00e6lge LinkLemuren?<\/h3>\n\n\n\n<p>Kort sagt s\u00e5 er der 4 grunde til hvorfor LinkLemuren er en fornuftig samarbejdspartner n\u00e5r det kommer til Linkbuilding.<\/p>\n\n\n\n<ul class=\"wp-block-list\">\n<li>Du f\u00e5r hurtigere resultater, du slipper for lange forhandlinger med bloggere eller redakt\u00f8rer.<\/li>\n\n\n\n<li>Linklemuren tilbyder kvalitetsdom\u00e6ner hvor du f\u00e5r&nbsp;adgang til et lukket netv\u00e6rk af danske sider med solide DR-v\u00e6rdier. <\/li>\n\n\n\n<li>Her beh\u00f8ver du ingen abonnement.&nbsp;Du k\u00f8ber credits, n\u00e5r du har brug for dem \u2013 de udl\u00f8ber aldrig.<\/li>\n\n\n\n<li>Du kan f\u00e5 link fra sider med relevant indhold.&nbsp;Artiklerne genereres automatisk og tilpasses, s\u00e5 de passer ind p\u00e5 siden.<\/li>\n<\/ul>\n\n\n\n<p>Linklemuren er ikke blot den smarte vej til bedre placeringer, det er den perfekte samarbejdspartner. Uanset om du er bureau, freelancer eller virksomhedsejer, kan LinkLemuren spare dig tid og give dig de links, du har brug for. Det hele foreg\u00e5r p\u00e5 dansk, med fokus p\u00e5 sikkerhed og kvalitet.<\/p>\n\n\n\n<p>Vil du have en lettere og mere effektiv m\u00e5de at bygge links p\u00e5? S\u00e5 er det v\u00e6rd at kigge forbi\u00a0\u21d2 <a href=\"https:\/\/linklemuren.dk\/?paid=22746&amp;pacid=68a8328e742ff0.31508532&amp;utm_source=partnerads&amp;utm_medium=affiliate&amp;utm_campaign=22746\" target=\"_blank\" rel=\"noreferrer noopener\">LinkLemuren.dk<\/a>\u00a0Hvem ved m\u00e5ske bliver det dit nye favoritv\u00e6rkt\u00f8j til SEO.<\/p>\n\n\n\n<p><\/p>\n","protected":false},"excerpt":{"rendered":"<p>F\u00e5 st\u00e6rke links p\u00e5 den nemme m\u00e5de med LinkLemuren Hvis du arbejder med SEO, ved du allerede, hvor vigtig linkbuilding er for at f\u00e5 bedre placeringer i Google. Men du ved sikkert ogs\u00e5, hvor tidskr\u00e6vende og besv\u00e6rligt det kan v\u00e6re at finde relevante sider, skrive g\u00e6steindl\u00e6g og f\u00e5 dem publiceret. Her kommer&nbsp;LinkLemuren&nbsp;ind i billedet. Platformen <a class=\"moretag btn btn-primary\" href=\"https:\/\/niipit.dk\/linklemuren\/\">L\u00e6s mere<\/a><\/p>\n","protected":false},"author":1,"featured_media":0,"parent":0,"menu_order":0,"comment_status":"closed","ping_status":"closed","template":"frontpagePremium.php","meta":{"_exactmetrics_skip_tracking":false,"_exactmetrics_sitenote_active":false,"_exactmetrics_sitenote_note":"","_exactmetrics_sitenote_category":0,"_monsterinsights_skip_tracking":false,"_monsterinsights_sitenote_active":false,"_monsterinsights_sitenote_note":"","_monsterinsights_sitenote_category":0,"footnotes":""},"class_list":["post-5064","page","type-page","status-publish","hentry"],"yoast_head":"<!-- This site is optimized with the Yoast SEO plugin v27.4 - https:\/\/yoast.com\/product\/yoast-seo-wordpress\/ -->\n<title>LinkLemuren<\/title>\n<meta name=\"description\" content=\"LinkLemuren\" \/>\n<meta name=\"robots\" content=\"index, follow, max-snippet:-1, max-image-preview:large, max-video-preview:-1\" \/>\n<link rel=\"canonical\" href=\"https:\/\/niipit.dk\/linklemuren\/\" \/>\n<meta property=\"og:locale\" content=\"da_DK\" \/>\n<meta property=\"og:type\" content=\"article\" \/>\n<meta property=\"og:title\" content=\"LinkLemuren\" \/>\n<meta property=\"og:description\" content=\"LinkLemuren\" \/>\n<meta property=\"og:url\" content=\"https:\/\/niipit.dk\/linklemuren\/\" \/>\n<meta property=\"og:site_name\" content=\"LinkLemuren\" \/>\n<meta property=\"article:modified_time\" content=\"2025-08-22T09:05:24+00:00\" \/>\n<meta name=\"twitter:card\" content=\"summary_large_image\" \/>\n<meta name=\"twitter:label1\" content=\"Estimeret l\u00e6setid\" \/>\n\t<meta name=\"twitter:data1\" content=\"2 minutter\" \/>\n<script type=\"application\/ld+json\" class=\"yoast-schema-graph\">{\"@context\":\"https:\\\/\\\/schema.org\",\"@graph\":[{\"@type\":\"WebPage\",\"@id\":\"https:\\\/\\\/niipit.dk\\\/linklemuren\\\/\",\"url\":\"https:\\\/\\\/niipit.dk\\\/linklemuren\\\/\",\"name\":\"LinkLemuren\",\"isPartOf\":{\"@id\":\"https:\\\/\\\/niipit.dk\\\/master-basis\\\/#website\"},\"datePublished\":\"2020-04-10T20:29:34+00:00\",\"dateModified\":\"2025-08-22T09:05:24+00:00\",\"description\":\"LinkLemuren\",\"breadcrumb\":{\"@id\":\"https:\\\/\\\/niipit.dk\\\/linklemuren\\\/#breadcrumb\"},\"inLanguage\":\"da-DK\",\"potentialAction\":[{\"@type\":\"ReadAction\",\"target\":[\"https:\\\/\\\/niipit.dk\\\/linklemuren\\\/\"]}]},{\"@type\":\"BreadcrumbList\",\"@id\":\"https:\\\/\\\/niipit.dk\\\/linklemuren\\\/#breadcrumb\",\"itemListElement\":[{\"@type\":\"ListItem\",\"position\":1,\"name\":\"Hjem\",\"item\":\"https:\\\/\\\/niipit.dk\\\/linklemuren\\\/\"},{\"@type\":\"ListItem\",\"position\":2,\"name\":\"Forside\"}]},{\"@type\":\"WebSite\",\"@id\":\"https:\\\/\\\/niipit.dk\\\/master-basis\\\/#website\",\"url\":\"https:\\\/\\\/niipit.dk\\\/master-basis\\\/\",\"name\":\"LinkLemuren\",\"description\":\"Bliv set online med Niipit\",\"potentialAction\":[{\"@type\":\"SearchAction\",\"target\":{\"@type\":\"EntryPoint\",\"urlTemplate\":\"https:\\\/\\\/niipit.dk\\\/master-basis\\\/?s={search_term_string}\"},\"query-input\":{\"@type\":\"PropertyValueSpecification\",\"valueRequired\":true,\"valueName\":\"search_term_string\"}}],\"inLanguage\":\"da-DK\"}]}<\/script>\n<!-- \/ Yoast SEO plugin. -->","yoast_head_json":{"title":"LinkLemuren","description":"LinkLemuren","robots":{"index":"index","follow":"follow","max-snippet":"max-snippet:-1","max-image-preview":"max-image-preview:large","max-video-preview":"max-video-preview:-1"},"canonical":"https:\/\/niipit.dk\/linklemuren\/","og_locale":"da_DK","og_type":"article","og_title":"LinkLemuren","og_description":"LinkLemuren","og_url":"https:\/\/niipit.dk\/linklemuren\/","og_site_name":"LinkLemuren","article_modified_time":"2025-08-22T09:05:24+00:00","twitter_card":"summary_large_image","twitter_misc":{"Estimeret l\u00e6setid":"2 minutter"},"schema":{"@context":"https:\/\/schema.org","@graph":[{"@type":"WebPage","@id":"https:\/\/niipit.dk\/linklemuren\/","url":"https:\/\/niipit.dk\/linklemuren\/","name":"LinkLemuren","isPartOf":{"@id":"https:\/\/niipit.dk\/master-basis\/#website"},"datePublished":"2020-04-10T20:29:34+00:00","dateModified":"2025-08-22T09:05:24+00:00","description":"LinkLemuren","breadcrumb":{"@id":"https:\/\/niipit.dk\/linklemuren\/#breadcrumb"},"inLanguage":"da-DK","potentialAction":[{"@type":"ReadAction","target":["https:\/\/niipit.dk\/linklemuren\/"]}]},{"@type":"BreadcrumbList","@id":"https:\/\/niipit.dk\/linklemuren\/#breadcrumb","itemListElement":[{"@type":"ListItem","position":1,"name":"Hjem","item":"https:\/\/niipit.dk\/linklemuren\/"},{"@type":"ListItem","position":2,"name":"Forside"}]},{"@type":"WebSite","@id":"https:\/\/niipit.dk\/master-basis\/#website","url":"https:\/\/niipit.dk\/master-basis\/","name":"LinkLemuren","description":"Bliv set online med Niipit","potentialAction":[{"@type":"SearchAction","target":{"@type":"EntryPoint","urlTemplate":"https:\/\/niipit.dk\/master-basis\/?s={search_term_string}"},"query-input":{"@type":"PropertyValueSpecification","valueRequired":true,"valueName":"search_term_string"}}],"inLanguage":"da-DK"}]}},"_links":{"self":[{"href":"https:\/\/niipit.dk\/linklemuren\/wp-json\/wp\/v2\/pages\/5064","targetHints":{"allow":["GET"]}}],"collection":[{"href":"https:\/\/niipit.dk\/linklemuren\/wp-json\/wp\/v2\/pages"}],"about":[{"href":"https:\/\/niipit.dk\/linklemuren\/wp-json\/wp\/v2\/types\/page"}],"author":[{"embeddable":true,"href":"https:\/\/niipit.dk\/linklemuren\/wp-json\/wp\/v2\/users\/1"}],"replies":[{"embeddable":true,"href":"https:\/\/niipit.dk\/linklemuren\/wp-json\/wp\/v2\/comments?post=5064"}],"version-history":[{"count":6,"href":"https:\/\/niipit.dk\/linklemuren\/wp-json\/wp\/v2\/pages\/5064\/revisions"}],"predecessor-version":[{"id":6003,"href":"https:\/\/niipit.dk\/linklemuren\/wp-json\/wp\/v2\/pages\/5064\/revisions\/6003"}],"wp:attachment":[{"href":"https:\/\/niipit.dk\/linklemuren\/wp-json\/wp\/v2\/media?parent=5064"}],"curies":[{"name":"wp","href":"https:\/\/api.w.org\/{rel}","templated":true}]}}