{"id":5064,"date":"2018-08-10T22:29:34","date_gmt":"2018-08-10T20:29:34","guid":{"rendered":"https:\/\/niipit.dk\/liljekonval-blomster-vojens-shop\/?page_id=5064"},"modified":"2020-01-03T13:54:36","modified_gmt":"2020-01-03T12:54:36","slug":"frontpage","status":"publish","type":"page","link":"https:\/\/niipit.dk\/liljekonval-blomster-vojens\/","title":{"rendered":"Forside"},"content":{"rendered":"\n<h3 class=\"wp-block-heading\">Liljekonval Blomster Vojens i S\u00f8nderjylland<\/h3>\n\n\n\n<p>Uanset hvad anledningen er s\u00e5 kan Liljekonval Blomster hj\u00e6lpe dig.<\/p>\n\n\n\n<p>Uanset om du skal bruge blomster til Bryllup, Begravelse, F\u00f8dselsdag, Valentines dag eller barned\u00e5b s\u00e5 kan du v\u00e6re sikker p\u00e5 at din buket er smuk, frisk og holder.<\/p>\n\n\n\n<p>Vil du have blomsterne leveret ud i dag? Bestil inden kl. 12, s\u00e5 leveres dine blomster i dag! <br>Du er ogs\u00e5 velkommen til at bestille blomster efter kl. 12, s\u00e5 leverer vi  hurtigst muligt, dog senest n\u00e6stkommende arbejdsdag.<br>Vi leverer blomster i S\u00f8nderjylland, s\u00e5 forh\u00f8r dig hvor langt vi k\u00f8re ud.<\/p>\n","protected":false},"excerpt":{"rendered":"<p>Liljekonval Blomster Vojens i S\u00f8nderjylland Uanset hvad anledningen er s\u00e5 kan Liljekonval Blomster hj\u00e6lpe dig. Uanset om du skal bruge blomster til Bryllup, Begravelse, F\u00f8dselsdag, Valentines dag eller barned\u00e5b s\u00e5 kan du v\u00e6re sikker p\u00e5 at din buket er smuk, frisk og holder. Vil du have blomsterne leveret ud i dag? Bestil inden kl. 12, <a class=\"moretag btn btn-primary\" href=\"https:\/\/niipit.dk\/liljekonval-blomster-vojens\/\">L\u00e6s mere<\/a><\/p>\n","protected":false},"author":1,"featured_media":0,"parent":0,"menu_order":0,"comment_status":"closed","ping_status":"closed","template":"frontpagePremium.php","meta":{"_exactmetrics_skip_tracking":false,"_exactmetrics_sitenote_active":false,"_exactmetrics_sitenote_note":"","_exactmetrics_sitenote_category":0,"_monsterinsights_skip_tracking":false,"_monsterinsights_sitenote_active":false,"_monsterinsights_sitenote_note":"","_monsterinsights_sitenote_category":0,"footnotes":""},"class_list":["post-5064","page","type-page","status-publish","hentry"],"yoast_head":"<!-- This site is optimized with the Yoast SEO Premium plugin v16.3 (Yoast SEO v27.4) - https:\/\/yoast.com\/product\/yoast-seo-premium-wordpress\/ -->\n<title>Liljekonval Blomster Vojens - S\u00f8nderjylland - Niipit.dk<\/title>\n<meta name=\"description\" content=\"Liljekonval blomster i Vojens, S\u00f8nderjylland s\u00f8rger for de flotteste blomster til din hverdag, fest eller til din n\u00e6ste gave. Bestil dine blomster her\" \/>\n<meta name=\"robots\" content=\"index, follow, max-snippet:-1, max-image-preview:large, max-video-preview:-1\" \/>\n<link rel=\"canonical\" href=\"https:\/\/niipit.dk\/liljekonval-blomster-vojens\/\" \/>\n<meta property=\"og:locale\" content=\"da_DK\" \/>\n<meta property=\"og:type\" content=\"article\" \/>\n<meta property=\"og:title\" content=\"Liljekonval Blomster Vojens - S\u00f8nderjylland - Niipit.dk\" \/>\n<meta property=\"og:description\" content=\"Liljekonval blomster i Vojens, S\u00f8nderjylland s\u00f8rger for de flotteste blomster til din hverdag, fest eller til din n\u00e6ste gave. Bestil dine blomster her\" \/>\n<meta property=\"og:url\" content=\"https:\/\/niipit.dk\/liljekonval-blomster-vojens\/\" \/>\n<meta property=\"og:site_name\" content=\"Liljekonval Blomster Vojens\" \/>\n<meta property=\"article:modified_time\" content=\"2020-01-03T12:54:36+00:00\" \/>\n<meta name=\"twitter:card\" content=\"summary_large_image\" \/>\n<meta name=\"twitter:label1\" content=\"Estimeret l\u00e6setid\" \/>\n\t<meta name=\"twitter:data1\" content=\"1 minut\" \/>\n<script type=\"application\/ld+json\" class=\"yoast-schema-graph\">{\"@context\":\"https:\\\/\\\/schema.org\",\"@graph\":[{\"@type\":\"WebPage\",\"@id\":\"https:\\\/\\\/niipit.dk\\\/liljekonval-blomster-vojens\\\/\",\"url\":\"https:\\\/\\\/niipit.dk\\\/liljekonval-blomster-vojens\\\/\",\"name\":\"Liljekonval Blomster Vojens - S\u00f8nderjylland - Niipit.dk\",\"isPartOf\":{\"@id\":\"https:\\\/\\\/niipit.dk\\\/liljekonval-blomster-vojens\\\/#website\"},\"datePublished\":\"2018-08-10T20:29:34+00:00\",\"dateModified\":\"2020-01-03T12:54:36+00:00\",\"description\":\"Liljekonval blomster i Vojens, S\u00f8nderjylland s\u00f8rger for de flotteste blomster til din hverdag, fest eller til din n\u00e6ste gave. Bestil dine blomster her\",\"breadcrumb\":{\"@id\":\"https:\\\/\\\/niipit.dk\\\/liljekonval-blomster-vojens\\\/#breadcrumb\"},\"inLanguage\":\"da-DK\",\"potentialAction\":[{\"@type\":\"ReadAction\",\"target\":[\"https:\\\/\\\/niipit.dk\\\/liljekonval-blomster-vojens\\\/\"]}]},{\"@type\":\"BreadcrumbList\",\"@id\":\"https:\\\/\\\/niipit.dk\\\/liljekonval-blomster-vojens\\\/#breadcrumb\",\"itemListElement\":[{\"@type\":\"ListItem\",\"position\":1,\"name\":\"Hjem\",\"item\":\"https:\\\/\\\/niipit.dk\\\/liljekonval-blomster-vojens\\\/\"},{\"@type\":\"ListItem\",\"position\":2,\"name\":\"Forside\"}]},{\"@type\":\"WebSite\",\"@id\":\"https:\\\/\\\/niipit.dk\\\/liljekonval-blomster-vojens\\\/#website\",\"url\":\"https:\\\/\\\/niipit.dk\\\/liljekonval-blomster-vojens\\\/\",\"name\":\"Liljekonval Blomster Vojens\",\"description\":\"Find lokale butikker med Niipit.dk\",\"potentialAction\":[{\"@type\":\"SearchAction\",\"target\":{\"@type\":\"EntryPoint\",\"urlTemplate\":\"https:\\\/\\\/niipit.dk\\\/liljekonval-blomster-vojens\\\/?s={search_term_string}\"},\"query-input\":{\"@type\":\"PropertyValueSpecification\",\"valueRequired\":true,\"valueName\":\"search_term_string\"}}],\"inLanguage\":\"da-DK\"}]}<\/script>\n<!-- \/ Yoast SEO Premium plugin. -->","yoast_head_json":{"title":"Liljekonval Blomster Vojens - S\u00f8nderjylland - Niipit.dk","description":"Liljekonval blomster i Vojens, S\u00f8nderjylland s\u00f8rger for de flotteste blomster til din hverdag, fest eller til din n\u00e6ste gave. Bestil dine blomster her","robots":{"index":"index","follow":"follow","max-snippet":"max-snippet:-1","max-image-preview":"max-image-preview:large","max-video-preview":"max-video-preview:-1"},"canonical":"https:\/\/niipit.dk\/liljekonval-blomster-vojens\/","og_locale":"da_DK","og_type":"article","og_title":"Liljekonval Blomster Vojens - S\u00f8nderjylland - Niipit.dk","og_description":"Liljekonval blomster i Vojens, S\u00f8nderjylland s\u00f8rger for de flotteste blomster til din hverdag, fest eller til din n\u00e6ste gave. Bestil dine blomster her","og_url":"https:\/\/niipit.dk\/liljekonval-blomster-vojens\/","og_site_name":"Liljekonval Blomster Vojens","article_modified_time":"2020-01-03T12:54:36+00:00","twitter_card":"summary_large_image","twitter_misc":{"Estimeret l\u00e6setid":"1 minut"},"schema":{"@context":"https:\/\/schema.org","@graph":[{"@type":"WebPage","@id":"https:\/\/niipit.dk\/liljekonval-blomster-vojens\/","url":"https:\/\/niipit.dk\/liljekonval-blomster-vojens\/","name":"Liljekonval Blomster Vojens - S\u00f8nderjylland - Niipit.dk","isPartOf":{"@id":"https:\/\/niipit.dk\/liljekonval-blomster-vojens\/#website"},"datePublished":"2018-08-10T20:29:34+00:00","dateModified":"2020-01-03T12:54:36+00:00","description":"Liljekonval blomster i Vojens, S\u00f8nderjylland s\u00f8rger for de flotteste blomster til din hverdag, fest eller til din n\u00e6ste gave. Bestil dine blomster her","breadcrumb":{"@id":"https:\/\/niipit.dk\/liljekonval-blomster-vojens\/#breadcrumb"},"inLanguage":"da-DK","potentialAction":[{"@type":"ReadAction","target":["https:\/\/niipit.dk\/liljekonval-blomster-vojens\/"]}]},{"@type":"BreadcrumbList","@id":"https:\/\/niipit.dk\/liljekonval-blomster-vojens\/#breadcrumb","itemListElement":[{"@type":"ListItem","position":1,"name":"Hjem","item":"https:\/\/niipit.dk\/liljekonval-blomster-vojens\/"},{"@type":"ListItem","position":2,"name":"Forside"}]},{"@type":"WebSite","@id":"https:\/\/niipit.dk\/liljekonval-blomster-vojens\/#website","url":"https:\/\/niipit.dk\/liljekonval-blomster-vojens\/","name":"Liljekonval Blomster Vojens","description":"Find lokale butikker med Niipit.dk","potentialAction":[{"@type":"SearchAction","target":{"@type":"EntryPoint","urlTemplate":"https:\/\/niipit.dk\/liljekonval-blomster-vojens\/?s={search_term_string}"},"query-input":{"@type":"PropertyValueSpecification","valueRequired":true,"valueName":"search_term_string"}}],"inLanguage":"da-DK"}]}},"_links":{"self":[{"href":"https:\/\/niipit.dk\/liljekonval-blomster-vojens\/wp-json\/wp\/v2\/pages\/5064","targetHints":{"allow":["GET"]}}],"collection":[{"href":"https:\/\/niipit.dk\/liljekonval-blomster-vojens\/wp-json\/wp\/v2\/pages"}],"about":[{"href":"https:\/\/niipit.dk\/liljekonval-blomster-vojens\/wp-json\/wp\/v2\/types\/page"}],"author":[{"embeddable":true,"href":"https:\/\/niipit.dk\/liljekonval-blomster-vojens\/wp-json\/wp\/v2\/users\/1"}],"replies":[{"embeddable":true,"href":"https:\/\/niipit.dk\/liljekonval-blomster-vojens\/wp-json\/wp\/v2\/comments?post=5064"}],"version-history":[{"count":0,"href":"https:\/\/niipit.dk\/liljekonval-blomster-vojens\/wp-json\/wp\/v2\/pages\/5064\/revisions"}],"wp:attachment":[{"href":"https:\/\/niipit.dk\/liljekonval-blomster-vojens\/wp-json\/wp\/v2\/media?parent=5064"}],"curies":[{"name":"wp","href":"https:\/\/api.w.org\/{rel}","templated":true}]}}