{"id":6067,"date":"2020-04-04T15:57:29","date_gmt":"2020-04-04T13:57:29","guid":{"rendered":"https:\/\/niipit.dk\/liivsterapi\/?post_type=product&#038;p=6067"},"modified":"2020-04-28T13:50:38","modified_gmt":"2020-04-28T11:50:38","slug":"online-session-over-telefon-eller-skype","status":"publish","type":"product","link":"https:\/\/niipit.dk\/liivsterapi\/produkt\/online-session-over-telefon-eller-skype\/","title":{"rendered":"Online session over telefon eller Skype"},"content":{"rendered":"<h2>Online session over telefon eller skype<\/h2>\n<p><img loading=\"lazy\" decoding=\"async\" class=\"alignnone size-medium wp-image-6068\" src=\"https:\/\/niipit.dk\/liivsterapi\/wp-content\/uploads\/sites\/427\/2020\/04\/piger-snakker-300x198.jpg\" alt=\"\" width=\"300\" height=\"198\" srcset=\"https:\/\/niipit.dk\/liivsterapi\/wp-content\/uploads\/sites\/427\/2020\/04\/piger-snakker-300x198.jpg 300w, https:\/\/niipit.dk\/liivsterapi\/wp-content\/uploads\/sites\/427\/2020\/04\/piger-snakker.jpg 515w\" sizes=\"auto, (max-width: 300px) 100vw, 300px\" \/><\/p>\n<p><a class=\"_5t0x\" role=\"button\" href=\"https:\/\/www.facebook.com\/pg\/Liivsterapi\/offers\/?ref=page_internal#\" rel=\"dialog-post\">200\u00a0kr. i rabat p\u00e5 Online session<\/a><\/p>\n<div><\/div>\n<div class=\"_5t0y\">Udl\u00f8ber 29. maj 2020<\/div>\n<div>Mange f\u00f8ler sig alene med deres problemer, specielt lige nu fordi alting er s\u00e5 anderledes.<\/div>\n<div>Derfor s\u00e6tter jeg ekstra fokus p\u00e5 onlinesessionerne, s\u00e5 det stadig er muligt at f\u00e5 hj\u00e6lp.<\/div>\n<div><\/div>\n<div class=\"_5t0z\">Det kan v\u00e6re du har brug for at vende det der lige fylder hos dig lige nu. M\u00e5ske har du brug for at jeg guider dig end i kroppen for at f\u00e5 ro. Eller du har brug for et par k\u00e6rlige ikke d\u00f8mmende \u00f8jne, for at komme videre.<\/div>\n<div><\/div>\n<div>En online session foreg\u00e5r over telefon eller skype hvor vi kan se hinanden.<\/div>\n<div>Vi har 50 minutter pr session som fortrinsvis vil ligge om aftenen imellem kl 18-21.<\/div>\n<div><\/div>\n<div>Kontakt mig p\u00e5 +45 4245 2442 for at booke.<\/div>\n<div><\/div>\n<div>K\u00e6rligst<\/div>\n<div>Dorte Liiv<\/div>\n<div>Reg. psykoterapeut og kropsterpeut<\/div>\n","protected":false},"excerpt":{"rendered":"<p>Online session over telefon eller skype 200\u00a0kr. i rabat p\u00e5 Online session Udl\u00f8ber 29. maj 2020 Mange f\u00f8ler sig alene med deres problemer, specielt lige nu fordi alting er s\u00e5 anderledes. Derfor s\u00e6tter jeg ekstra fokus p\u00e5 onlinesessionerne, s\u00e5 det stadig er muligt at f\u00e5 hj\u00e6lp. Det kan v\u00e6re du har brug for at vende <a class=\"moretag btn btn-primary\" href=\"https:\/\/niipit.dk\/liivsterapi\/produkt\/online-session-over-telefon-eller-skype\/\">L\u00e6s mere<\/a><\/p>\n","protected":false},"featured_media":6068,"template":"","meta":{"_exactmetrics_skip_tracking":false,"_exactmetrics_sitenote_active":false,"_exactmetrics_sitenote_note":"","_exactmetrics_sitenote_category":0,"_monsterinsights_skip_tracking":false,"_monsterinsights_sitenote_active":false,"_monsterinsights_sitenote_note":"","_monsterinsights_sitenote_category":0},"product_brand":[],"product_cat":[2093],"product_tag":[],"shoptype":[],"class_list":{"0":"post-6067","1":"product","2":"type-product","3":"status-publish","4":"has-post-thumbnail","6":"product_cat-ukategoriseret","8":"first","9":"instock","10":"shipping-taxable","11":"product-type-external"},"yoast_head":"<!-- This site is optimized with the Yoast SEO Premium plugin v16.3 (Yoast SEO v27.3) - https:\/\/yoast.com\/product\/yoast-seo-premium-wordpress\/ -->\n<title>Online session over telefon eller Skype - Liivsterapi<\/title>\n<meta name=\"robots\" content=\"index, follow, max-snippet:-1, max-image-preview:large, max-video-preview:-1\" \/>\n<link rel=\"canonical\" href=\"https:\/\/niipit.dk\/liivsterapi\/produkt\/online-session-over-telefon-eller-skype\/\" \/>\n<meta property=\"og:locale\" content=\"da_DK\" \/>\n<meta property=\"og:type\" content=\"article\" \/>\n<meta property=\"og:title\" content=\"Online session over telefon eller Skype - Liivsterapi\" \/>\n<meta property=\"og:description\" content=\"Online session over telefon eller skype 200\u00a0kr. i rabat p\u00e5 Online session Udl\u00f8ber 29. maj 2020 Mange f\u00f8ler sig alene med deres problemer, specielt lige nu fordi alting er s\u00e5 anderledes. Derfor s\u00e6tter jeg ekstra fokus p\u00e5 onlinesessionerne, s\u00e5 det stadig er muligt at f\u00e5 hj\u00e6lp. Det kan v\u00e6re du har brug for at vende L\u00e6s mere\" \/>\n<meta property=\"og:url\" content=\"https:\/\/niipit.dk\/liivsterapi\/produkt\/online-session-over-telefon-eller-skype\/\" \/>\n<meta property=\"og:site_name\" content=\"Liivsterapi\" \/>\n<meta property=\"article:modified_time\" content=\"2020-04-28T11:50:38+00:00\" \/>\n<meta property=\"og:image\" content=\"https:\/\/niipit.dk\/liivsterapi\/wp-content\/uploads\/sites\/427\/2020\/04\/piger-snakker.jpg\" \/>\n\t<meta property=\"og:image:width\" content=\"515\" \/>\n\t<meta property=\"og:image:height\" content=\"340\" \/>\n\t<meta property=\"og:image:type\" content=\"image\/jpeg\" \/>\n<meta name=\"twitter:card\" content=\"summary_large_image\" \/>\n<meta name=\"twitter:label1\" content=\"Estimeret l\u00e6setid\" \/>\n\t<meta name=\"twitter:data1\" content=\"1 minut\" \/>\n<script type=\"application\/ld+json\" class=\"yoast-schema-graph\">{\"@context\":\"https:\\\/\\\/schema.org\",\"@graph\":[{\"@type\":\"WebPage\",\"@id\":\"https:\\\/\\\/niipit.dk\\\/liivsterapi\\\/produkt\\\/online-session-over-telefon-eller-skype\\\/\",\"url\":\"https:\\\/\\\/niipit.dk\\\/liivsterapi\\\/produkt\\\/online-session-over-telefon-eller-skype\\\/\",\"name\":\"Online session over telefon eller Skype - Liivsterapi\",\"isPartOf\":{\"@id\":\"https:\\\/\\\/niipit.dk\\\/liivsterapi\\\/#website\"},\"primaryImageOfPage\":{\"@id\":\"https:\\\/\\\/niipit.dk\\\/liivsterapi\\\/produkt\\\/online-session-over-telefon-eller-skype\\\/#primaryimage\"},\"image\":{\"@id\":\"https:\\\/\\\/niipit.dk\\\/liivsterapi\\\/produkt\\\/online-session-over-telefon-eller-skype\\\/#primaryimage\"},\"thumbnailUrl\":\"https:\\\/\\\/niipit.dk\\\/liivsterapi\\\/wp-content\\\/uploads\\\/sites\\\/427\\\/2020\\\/04\\\/piger-snakker.jpg\",\"datePublished\":\"2020-04-04T13:57:29+00:00\",\"dateModified\":\"2020-04-28T11:50:38+00:00\",\"breadcrumb\":{\"@id\":\"https:\\\/\\\/niipit.dk\\\/liivsterapi\\\/produkt\\\/online-session-over-telefon-eller-skype\\\/#breadcrumb\"},\"inLanguage\":\"da-DK\",\"potentialAction\":[{\"@type\":\"ReadAction\",\"target\":[\"https:\\\/\\\/niipit.dk\\\/liivsterapi\\\/produkt\\\/online-session-over-telefon-eller-skype\\\/\"]}]},{\"@type\":\"ImageObject\",\"inLanguage\":\"da-DK\",\"@id\":\"https:\\\/\\\/niipit.dk\\\/liivsterapi\\\/produkt\\\/online-session-over-telefon-eller-skype\\\/#primaryimage\",\"url\":\"https:\\\/\\\/niipit.dk\\\/liivsterapi\\\/wp-content\\\/uploads\\\/sites\\\/427\\\/2020\\\/04\\\/piger-snakker.jpg\",\"contentUrl\":\"https:\\\/\\\/niipit.dk\\\/liivsterapi\\\/wp-content\\\/uploads\\\/sites\\\/427\\\/2020\\\/04\\\/piger-snakker.jpg\",\"width\":515,\"height\":340,\"caption\":\"Online session over telefon eller Skype Liivsterapi.dk\"},{\"@type\":\"BreadcrumbList\",\"@id\":\"https:\\\/\\\/niipit.dk\\\/liivsterapi\\\/produkt\\\/online-session-over-telefon-eller-skype\\\/#breadcrumb\",\"itemListElement\":[{\"@type\":\"ListItem\",\"position\":1,\"name\":\"Hjem\",\"item\":\"https:\\\/\\\/niipit.dk\\\/liivsterapi\\\/\"},{\"@type\":\"ListItem\",\"position\":2,\"name\":\"Shop\",\"item\":\"https:\\\/\\\/niipit.dk\\\/liivsterapi\\\/shop\\\/\"},{\"@type\":\"ListItem\",\"position\":3,\"name\":\"Online session over telefon eller Skype\"}]},{\"@type\":\"WebSite\",\"@id\":\"https:\\\/\\\/niipit.dk\\\/liivsterapi\\\/#website\",\"url\":\"https:\\\/\\\/niipit.dk\\\/liivsterapi\\\/\",\"name\":\"Liivsterapi\",\"description\":\"F\u00e5 din virksomhed p\u00e5 niipit\",\"potentialAction\":[{\"@type\":\"SearchAction\",\"target\":{\"@type\":\"EntryPoint\",\"urlTemplate\":\"https:\\\/\\\/niipit.dk\\\/liivsterapi\\\/?s={search_term_string}\"},\"query-input\":{\"@type\":\"PropertyValueSpecification\",\"valueRequired\":true,\"valueName\":\"search_term_string\"}}],\"inLanguage\":\"da-DK\"}]}<\/script>\n<!-- \/ Yoast SEO Premium plugin. -->","yoast_head_json":{"title":"Online session over telefon eller Skype - Liivsterapi","robots":{"index":"index","follow":"follow","max-snippet":"max-snippet:-1","max-image-preview":"max-image-preview:large","max-video-preview":"max-video-preview:-1"},"canonical":"https:\/\/niipit.dk\/liivsterapi\/produkt\/online-session-over-telefon-eller-skype\/","og_locale":"da_DK","og_type":"article","og_title":"Online session over telefon eller Skype - Liivsterapi","og_description":"Online session over telefon eller skype 200\u00a0kr. i rabat p\u00e5 Online session Udl\u00f8ber 29. maj 2020 Mange f\u00f8ler sig alene med deres problemer, specielt lige nu fordi alting er s\u00e5 anderledes. Derfor s\u00e6tter jeg ekstra fokus p\u00e5 onlinesessionerne, s\u00e5 det stadig er muligt at f\u00e5 hj\u00e6lp. Det kan v\u00e6re du har brug for at vende L\u00e6s mere","og_url":"https:\/\/niipit.dk\/liivsterapi\/produkt\/online-session-over-telefon-eller-skype\/","og_site_name":"Liivsterapi","article_modified_time":"2020-04-28T11:50:38+00:00","og_image":[{"width":515,"height":340,"url":"https:\/\/niipit.dk\/liivsterapi\/wp-content\/uploads\/sites\/427\/2020\/04\/piger-snakker.jpg","type":"image\/jpeg"}],"twitter_card":"summary_large_image","twitter_misc":{"Estimeret l\u00e6setid":"1 minut"},"schema":{"@context":"https:\/\/schema.org","@graph":[{"@type":"WebPage","@id":"https:\/\/niipit.dk\/liivsterapi\/produkt\/online-session-over-telefon-eller-skype\/","url":"https:\/\/niipit.dk\/liivsterapi\/produkt\/online-session-over-telefon-eller-skype\/","name":"Online session over telefon eller Skype - Liivsterapi","isPartOf":{"@id":"https:\/\/niipit.dk\/liivsterapi\/#website"},"primaryImageOfPage":{"@id":"https:\/\/niipit.dk\/liivsterapi\/produkt\/online-session-over-telefon-eller-skype\/#primaryimage"},"image":{"@id":"https:\/\/niipit.dk\/liivsterapi\/produkt\/online-session-over-telefon-eller-skype\/#primaryimage"},"thumbnailUrl":"https:\/\/niipit.dk\/liivsterapi\/wp-content\/uploads\/sites\/427\/2020\/04\/piger-snakker.jpg","datePublished":"2020-04-04T13:57:29+00:00","dateModified":"2020-04-28T11:50:38+00:00","breadcrumb":{"@id":"https:\/\/niipit.dk\/liivsterapi\/produkt\/online-session-over-telefon-eller-skype\/#breadcrumb"},"inLanguage":"da-DK","potentialAction":[{"@type":"ReadAction","target":["https:\/\/niipit.dk\/liivsterapi\/produkt\/online-session-over-telefon-eller-skype\/"]}]},{"@type":"ImageObject","inLanguage":"da-DK","@id":"https:\/\/niipit.dk\/liivsterapi\/produkt\/online-session-over-telefon-eller-skype\/#primaryimage","url":"https:\/\/niipit.dk\/liivsterapi\/wp-content\/uploads\/sites\/427\/2020\/04\/piger-snakker.jpg","contentUrl":"https:\/\/niipit.dk\/liivsterapi\/wp-content\/uploads\/sites\/427\/2020\/04\/piger-snakker.jpg","width":515,"height":340,"caption":"Online session over telefon eller Skype Liivsterapi.dk"},{"@type":"BreadcrumbList","@id":"https:\/\/niipit.dk\/liivsterapi\/produkt\/online-session-over-telefon-eller-skype\/#breadcrumb","itemListElement":[{"@type":"ListItem","position":1,"name":"Hjem","item":"https:\/\/niipit.dk\/liivsterapi\/"},{"@type":"ListItem","position":2,"name":"Shop","item":"https:\/\/niipit.dk\/liivsterapi\/shop\/"},{"@type":"ListItem","position":3,"name":"Online session over telefon eller Skype"}]},{"@type":"WebSite","@id":"https:\/\/niipit.dk\/liivsterapi\/#website","url":"https:\/\/niipit.dk\/liivsterapi\/","name":"Liivsterapi","description":"F\u00e5 din virksomhed p\u00e5 niipit","potentialAction":[{"@type":"SearchAction","target":{"@type":"EntryPoint","urlTemplate":"https:\/\/niipit.dk\/liivsterapi\/?s={search_term_string}"},"query-input":{"@type":"PropertyValueSpecification","valueRequired":true,"valueName":"search_term_string"}}],"inLanguage":"da-DK"}]}},"_links":{"self":[{"href":"https:\/\/niipit.dk\/liivsterapi\/wp-json\/wp\/v2\/product\/6067","targetHints":{"allow":["GET"]}}],"collection":[{"href":"https:\/\/niipit.dk\/liivsterapi\/wp-json\/wp\/v2\/product"}],"about":[{"href":"https:\/\/niipit.dk\/liivsterapi\/wp-json\/wp\/v2\/types\/product"}],"wp:featuredmedia":[{"embeddable":true,"href":"https:\/\/niipit.dk\/liivsterapi\/wp-json\/wp\/v2\/media\/6068"}],"wp:attachment":[{"href":"https:\/\/niipit.dk\/liivsterapi\/wp-json\/wp\/v2\/media?parent=6067"}],"wp:term":[{"taxonomy":"product_brand","embeddable":true,"href":"https:\/\/niipit.dk\/liivsterapi\/wp-json\/wp\/v2\/product_brand?post=6067"},{"taxonomy":"product_cat","embeddable":true,"href":"https:\/\/niipit.dk\/liivsterapi\/wp-json\/wp\/v2\/product_cat?post=6067"},{"taxonomy":"product_tag","embeddable":true,"href":"https:\/\/niipit.dk\/liivsterapi\/wp-json\/wp\/v2\/product_tag?post=6067"},{"taxonomy":"shoptype","embeddable":true,"href":"https:\/\/niipit.dk\/liivsterapi\/wp-json\/wp\/v2\/shoptype?post=6067"}],"curies":[{"name":"wp","href":"https:\/\/api.w.org\/{rel}","templated":true}]}}