{"id":6040,"date":"2020-03-15T10:49:57","date_gmt":"2020-03-15T09:49:57","guid":{"rendered":"https:\/\/niipit.dk\/liivsterapi\/?post_type=product&#038;p=6040"},"modified":"2020-03-15T10:49:57","modified_gmt":"2020-03-15T09:49:57","slug":"forstaa-din-underbevidsthed","status":"publish","type":"product","link":"https:\/\/niipit.dk\/liivsterapi\/produkt\/forstaa-din-underbevidsthed\/","title":{"rendered":"Forst\u00e5 din underbevidsthed"},"content":{"rendered":"<h1>Forst\u00e5 din underbevidsthed<\/h1>\n<h2>Din underbevidsthed sender en masse signaler til dig via dr\u00f8mme.<\/h2>\n","protected":false},"excerpt":{"rendered":"<p>Forst\u00e5 din underbevidsthed Din underbevidsthed sender en masse signaler til dig via dr\u00f8mme.<\/p>\n","protected":false},"featured_media":6065,"template":"","meta":{"_exactmetrics_skip_tracking":false,"_exactmetrics_sitenote_active":false,"_exactmetrics_sitenote_note":"","_exactmetrics_sitenote_category":0,"_monsterinsights_skip_tracking":false,"_monsterinsights_sitenote_active":false,"_monsterinsights_sitenote_note":"","_monsterinsights_sitenote_category":0},"product_brand":[],"product_cat":[2164,2172],"product_tag":[],"shoptype":[],"class_list":{"0":"post-6040","1":"product","2":"type-product","3":"status-publish","4":"has-post-thumbnail","6":"product_cat-alle-vare","7":"product_cat-kursus","9":"first","10":"instock","11":"shipping-taxable","12":"product-type-external"},"yoast_head":"<!-- This site is optimized with the Yoast SEO Premium plugin v16.3 (Yoast SEO v27.3) - https:\/\/yoast.com\/product\/yoast-seo-premium-wordpress\/ -->\n<title>Forst\u00e5 din underbevidsthed via dr\u00f8mmearbejde ???? Kun 275 kr.<\/title>\n<meta name=\"description\" content=\"Forst\u00e5 din underbevidsthed ???? Din underbevidsthed sender en masse signaler til dig via dr\u00f8mme ???? Liivsterapi hj\u00e6lper med at forst\u00e5 dit indre \u276f\u276f\u276f\" \/>\n<meta name=\"robots\" content=\"index, follow, max-snippet:-1, max-image-preview:large, max-video-preview:-1\" \/>\n<link rel=\"canonical\" href=\"https:\/\/niipit.dk\/liivsterapi\/produkt\/forstaa-din-underbevidsthed\/\" \/>\n<meta property=\"og:locale\" content=\"da_DK\" \/>\n<meta property=\"og:type\" content=\"article\" \/>\n<meta property=\"og:title\" content=\"Forst\u00e5 din underbevidsthed via dr\u00f8mmearbejde ???? Kun 275 kr.\" \/>\n<meta property=\"og:description\" content=\"Forst\u00e5 din underbevidsthed ???? Din underbevidsthed sender en masse signaler til dig via dr\u00f8mme ???? Liivsterapi hj\u00e6lper med at forst\u00e5 dit indre \u276f\u276f\u276f\" \/>\n<meta property=\"og:url\" content=\"https:\/\/niipit.dk\/liivsterapi\/produkt\/forstaa-din-underbevidsthed\/\" \/>\n<meta property=\"og:site_name\" content=\"Liivsterapi\" \/>\n<meta property=\"og:image\" content=\"https:\/\/niipit.dk\/liivsterapi\/wp-content\/uploads\/sites\/427\/2020\/03\/Forst\u00e5-din-underbevidsthed-Liivsterapi.png\" \/>\n\t<meta property=\"og:image:width\" content=\"600\" \/>\n\t<meta property=\"og:image:height\" content=\"481\" \/>\n\t<meta property=\"og:image:type\" content=\"image\/png\" \/>\n<meta name=\"twitter:card\" content=\"summary_large_image\" \/>\n<script type=\"application\/ld+json\" class=\"yoast-schema-graph\">{\"@context\":\"https:\\\/\\\/schema.org\",\"@graph\":[{\"@type\":\"WebPage\",\"@id\":\"https:\\\/\\\/niipit.dk\\\/liivsterapi\\\/produkt\\\/forstaa-din-underbevidsthed\\\/\",\"url\":\"https:\\\/\\\/niipit.dk\\\/liivsterapi\\\/produkt\\\/forstaa-din-underbevidsthed\\\/\",\"name\":\"Forst\u00e5 din underbevidsthed via dr\u00f8mmearbejde ???? Kun 275 kr.\",\"isPartOf\":{\"@id\":\"https:\\\/\\\/niipit.dk\\\/liivsterapi\\\/#website\"},\"primaryImageOfPage\":{\"@id\":\"https:\\\/\\\/niipit.dk\\\/liivsterapi\\\/produkt\\\/forstaa-din-underbevidsthed\\\/#primaryimage\"},\"image\":{\"@id\":\"https:\\\/\\\/niipit.dk\\\/liivsterapi\\\/produkt\\\/forstaa-din-underbevidsthed\\\/#primaryimage\"},\"thumbnailUrl\":\"https:\\\/\\\/niipit.dk\\\/liivsterapi\\\/wp-content\\\/uploads\\\/sites\\\/427\\\/2020\\\/03\\\/Forst\u00e5-din-underbevidsthed-Liivsterapi.png\",\"datePublished\":\"2020-03-15T09:49:57+00:00\",\"description\":\"Forst\u00e5 din underbevidsthed ???? Din underbevidsthed sender en masse signaler til dig via dr\u00f8mme ???? Liivsterapi hj\u00e6lper med at forst\u00e5 dit indre \u276f\u276f\u276f\",\"breadcrumb\":{\"@id\":\"https:\\\/\\\/niipit.dk\\\/liivsterapi\\\/produkt\\\/forstaa-din-underbevidsthed\\\/#breadcrumb\"},\"inLanguage\":\"da-DK\",\"potentialAction\":[{\"@type\":\"ReadAction\",\"target\":[\"https:\\\/\\\/niipit.dk\\\/liivsterapi\\\/produkt\\\/forstaa-din-underbevidsthed\\\/\"]}]},{\"@type\":\"ImageObject\",\"inLanguage\":\"da-DK\",\"@id\":\"https:\\\/\\\/niipit.dk\\\/liivsterapi\\\/produkt\\\/forstaa-din-underbevidsthed\\\/#primaryimage\",\"url\":\"https:\\\/\\\/niipit.dk\\\/liivsterapi\\\/wp-content\\\/uploads\\\/sites\\\/427\\\/2020\\\/03\\\/Forst\u00e5-din-underbevidsthed-Liivsterapi.png\",\"contentUrl\":\"https:\\\/\\\/niipit.dk\\\/liivsterapi\\\/wp-content\\\/uploads\\\/sites\\\/427\\\/2020\\\/03\\\/Forst\u00e5-din-underbevidsthed-Liivsterapi.png\",\"width\":600,\"height\":481,\"caption\":\"Forst\u00e5 din underbevidsthed Liivsterapi\"},{\"@type\":\"BreadcrumbList\",\"@id\":\"https:\\\/\\\/niipit.dk\\\/liivsterapi\\\/produkt\\\/forstaa-din-underbevidsthed\\\/#breadcrumb\",\"itemListElement\":[{\"@type\":\"ListItem\",\"position\":1,\"name\":\"Hjem\",\"item\":\"https:\\\/\\\/niipit.dk\\\/liivsterapi\\\/\"},{\"@type\":\"ListItem\",\"position\":2,\"name\":\"Shop\",\"item\":\"https:\\\/\\\/niipit.dk\\\/liivsterapi\\\/shop\\\/\"},{\"@type\":\"ListItem\",\"position\":3,\"name\":\"Forst\u00e5 din underbevidsthed\"}]},{\"@type\":\"WebSite\",\"@id\":\"https:\\\/\\\/niipit.dk\\\/liivsterapi\\\/#website\",\"url\":\"https:\\\/\\\/niipit.dk\\\/liivsterapi\\\/\",\"name\":\"Liivsterapi\",\"description\":\"F\u00e5 din virksomhed p\u00e5 niipit\",\"potentialAction\":[{\"@type\":\"SearchAction\",\"target\":{\"@type\":\"EntryPoint\",\"urlTemplate\":\"https:\\\/\\\/niipit.dk\\\/liivsterapi\\\/?s={search_term_string}\"},\"query-input\":{\"@type\":\"PropertyValueSpecification\",\"valueRequired\":true,\"valueName\":\"search_term_string\"}}],\"inLanguage\":\"da-DK\"}]}<\/script>\n<!-- \/ Yoast SEO Premium plugin. -->","yoast_head_json":{"title":"Forst\u00e5 din underbevidsthed via dr\u00f8mmearbejde ???? Kun 275 kr.","description":"Forst\u00e5 din underbevidsthed ???? Din underbevidsthed sender en masse signaler til dig via dr\u00f8mme ???? Liivsterapi hj\u00e6lper med at forst\u00e5 dit indre \u276f\u276f\u276f","robots":{"index":"index","follow":"follow","max-snippet":"max-snippet:-1","max-image-preview":"max-image-preview:large","max-video-preview":"max-video-preview:-1"},"canonical":"https:\/\/niipit.dk\/liivsterapi\/produkt\/forstaa-din-underbevidsthed\/","og_locale":"da_DK","og_type":"article","og_title":"Forst\u00e5 din underbevidsthed via dr\u00f8mmearbejde ???? Kun 275 kr.","og_description":"Forst\u00e5 din underbevidsthed ???? Din underbevidsthed sender en masse signaler til dig via dr\u00f8mme ???? Liivsterapi hj\u00e6lper med at forst\u00e5 dit indre \u276f\u276f\u276f","og_url":"https:\/\/niipit.dk\/liivsterapi\/produkt\/forstaa-din-underbevidsthed\/","og_site_name":"Liivsterapi","og_image":[{"width":600,"height":481,"url":"https:\/\/niipit.dk\/liivsterapi\/wp-content\/uploads\/sites\/427\/2020\/03\/Forst\u00e5-din-underbevidsthed-Liivsterapi.png","type":"image\/png"}],"twitter_card":"summary_large_image","schema":{"@context":"https:\/\/schema.org","@graph":[{"@type":"WebPage","@id":"https:\/\/niipit.dk\/liivsterapi\/produkt\/forstaa-din-underbevidsthed\/","url":"https:\/\/niipit.dk\/liivsterapi\/produkt\/forstaa-din-underbevidsthed\/","name":"Forst\u00e5 din underbevidsthed via dr\u00f8mmearbejde ???? Kun 275 kr.","isPartOf":{"@id":"https:\/\/niipit.dk\/liivsterapi\/#website"},"primaryImageOfPage":{"@id":"https:\/\/niipit.dk\/liivsterapi\/produkt\/forstaa-din-underbevidsthed\/#primaryimage"},"image":{"@id":"https:\/\/niipit.dk\/liivsterapi\/produkt\/forstaa-din-underbevidsthed\/#primaryimage"},"thumbnailUrl":"https:\/\/niipit.dk\/liivsterapi\/wp-content\/uploads\/sites\/427\/2020\/03\/Forst\u00e5-din-underbevidsthed-Liivsterapi.png","datePublished":"2020-03-15T09:49:57+00:00","description":"Forst\u00e5 din underbevidsthed ???? Din underbevidsthed sender en masse signaler til dig via dr\u00f8mme ???? Liivsterapi hj\u00e6lper med at forst\u00e5 dit indre \u276f\u276f\u276f","breadcrumb":{"@id":"https:\/\/niipit.dk\/liivsterapi\/produkt\/forstaa-din-underbevidsthed\/#breadcrumb"},"inLanguage":"da-DK","potentialAction":[{"@type":"ReadAction","target":["https:\/\/niipit.dk\/liivsterapi\/produkt\/forstaa-din-underbevidsthed\/"]}]},{"@type":"ImageObject","inLanguage":"da-DK","@id":"https:\/\/niipit.dk\/liivsterapi\/produkt\/forstaa-din-underbevidsthed\/#primaryimage","url":"https:\/\/niipit.dk\/liivsterapi\/wp-content\/uploads\/sites\/427\/2020\/03\/Forst\u00e5-din-underbevidsthed-Liivsterapi.png","contentUrl":"https:\/\/niipit.dk\/liivsterapi\/wp-content\/uploads\/sites\/427\/2020\/03\/Forst\u00e5-din-underbevidsthed-Liivsterapi.png","width":600,"height":481,"caption":"Forst\u00e5 din underbevidsthed Liivsterapi"},{"@type":"BreadcrumbList","@id":"https:\/\/niipit.dk\/liivsterapi\/produkt\/forstaa-din-underbevidsthed\/#breadcrumb","itemListElement":[{"@type":"ListItem","position":1,"name":"Hjem","item":"https:\/\/niipit.dk\/liivsterapi\/"},{"@type":"ListItem","position":2,"name":"Shop","item":"https:\/\/niipit.dk\/liivsterapi\/shop\/"},{"@type":"ListItem","position":3,"name":"Forst\u00e5 din underbevidsthed"}]},{"@type":"WebSite","@id":"https:\/\/niipit.dk\/liivsterapi\/#website","url":"https:\/\/niipit.dk\/liivsterapi\/","name":"Liivsterapi","description":"F\u00e5 din virksomhed p\u00e5 niipit","potentialAction":[{"@type":"SearchAction","target":{"@type":"EntryPoint","urlTemplate":"https:\/\/niipit.dk\/liivsterapi\/?s={search_term_string}"},"query-input":{"@type":"PropertyValueSpecification","valueRequired":true,"valueName":"search_term_string"}}],"inLanguage":"da-DK"}]}},"_links":{"self":[{"href":"https:\/\/niipit.dk\/liivsterapi\/wp-json\/wp\/v2\/product\/6040","targetHints":{"allow":["GET"]}}],"collection":[{"href":"https:\/\/niipit.dk\/liivsterapi\/wp-json\/wp\/v2\/product"}],"about":[{"href":"https:\/\/niipit.dk\/liivsterapi\/wp-json\/wp\/v2\/types\/product"}],"wp:featuredmedia":[{"embeddable":true,"href":"https:\/\/niipit.dk\/liivsterapi\/wp-json\/wp\/v2\/media\/6065"}],"wp:attachment":[{"href":"https:\/\/niipit.dk\/liivsterapi\/wp-json\/wp\/v2\/media?parent=6040"}],"wp:term":[{"taxonomy":"product_brand","embeddable":true,"href":"https:\/\/niipit.dk\/liivsterapi\/wp-json\/wp\/v2\/product_brand?post=6040"},{"taxonomy":"product_cat","embeddable":true,"href":"https:\/\/niipit.dk\/liivsterapi\/wp-json\/wp\/v2\/product_cat?post=6040"},{"taxonomy":"product_tag","embeddable":true,"href":"https:\/\/niipit.dk\/liivsterapi\/wp-json\/wp\/v2\/product_tag?post=6040"},{"taxonomy":"shoptype","embeddable":true,"href":"https:\/\/niipit.dk\/liivsterapi\/wp-json\/wp\/v2\/shoptype?post=6040"}],"curies":[{"name":"wp","href":"https:\/\/api.w.org\/{rel}","templated":true}]}}