{"id":6037,"date":"2020-03-15T10:31:31","date_gmt":"2020-03-15T09:31:31","guid":{"rendered":"https:\/\/niipit.dk\/liivsterapi\/?post_type=product&#038;p=6037"},"modified":"2020-04-28T13:59:49","modified_gmt":"2020-04-28T11:59:49","slug":"faa-livsglaeden-tilbage","status":"publish","type":"product","link":"https:\/\/niipit.dk\/liivsterapi\/produkt\/faa-livsglaeden-tilbage\/","title":{"rendered":"F\u00e5 livsgl\u00e6den tilbage"},"content":{"rendered":"<h1>F\u00e5 livsgl\u00e6den tilbage<\/h1>\n<h2>Genopbyg dig selv og f\u00e5 livsgl\u00e6den tilbage<\/h2>\n<p>Nyt hold starter til efter\u00e5ret<\/p>\n<p><a href=\"http:\/\/liivsterapi.easyme.dk\/?id=3\">Skriv dig op her<\/a><\/p>\n","protected":false},"excerpt":{"rendered":"<p>F\u00e5 livsgl\u00e6den tilbage Genopbyg dig selv og f\u00e5 livsgl\u00e6den tilbage Nyt hold starter til efter\u00e5ret Skriv dig op her<\/p>\n","protected":false},"featured_media":6059,"template":"","meta":{"_exactmetrics_skip_tracking":false,"_exactmetrics_sitenote_active":false,"_exactmetrics_sitenote_note":"","_exactmetrics_sitenote_category":0,"_monsterinsights_skip_tracking":false,"_monsterinsights_sitenote_active":false,"_monsterinsights_sitenote_note":"","_monsterinsights_sitenote_category":0},"product_brand":[],"product_cat":[2164,2172],"product_tag":[],"shoptype":[],"class_list":{"0":"post-6037","1":"product","2":"type-product","3":"status-publish","4":"has-post-thumbnail","6":"product_cat-alle-vare","7":"product_cat-kursus","9":"first","10":"instock","11":"sale","12":"shipping-taxable","13":"product-type-external"},"yoast_head":"<!-- This site is optimized with the Yoast SEO Premium plugin v16.3 (Yoast SEO v27.3) - https:\/\/yoast.com\/product\/yoast-seo-premium-wordpress\/ -->\n<title>F\u00e5 livsgl\u00e6den tilbage 12 ugers kursus ???? Kun 1497 kr.<\/title>\n<meta name=\"description\" content=\"F\u00e5 livsgl\u00e6den tilbage ???? l\u00e6r at genskabe dit selvv\u00e6rd, finde tilbage til dig selv og f\u00e5 en glad hverdag med kronisk sygdom ???? Liivsterapi hj\u00e6lper dig \u276f\u276f\u276f\" \/>\n<meta name=\"robots\" content=\"index, follow, max-snippet:-1, max-image-preview:large, max-video-preview:-1\" \/>\n<link rel=\"canonical\" href=\"https:\/\/niipit.dk\/liivsterapi\/produkt\/faa-livsglaeden-tilbage\/\" \/>\n<meta property=\"og:locale\" content=\"da_DK\" \/>\n<meta property=\"og:type\" content=\"article\" \/>\n<meta property=\"og:title\" content=\"F\u00e5 livsgl\u00e6den tilbage 12 ugers kursus ???? Kun 1497 kr.\" \/>\n<meta property=\"og:description\" content=\"F\u00e5 livsgl\u00e6den tilbage ???? l\u00e6r at genskabe dit selvv\u00e6rd, finde tilbage til dig selv og f\u00e5 en glad hverdag med kronisk sygdom ???? Liivsterapi hj\u00e6lper dig \u276f\u276f\u276f\" \/>\n<meta property=\"og:url\" content=\"https:\/\/niipit.dk\/liivsterapi\/produkt\/faa-livsglaeden-tilbage\/\" \/>\n<meta property=\"og:site_name\" content=\"Liivsterapi\" \/>\n<meta property=\"article:modified_time\" content=\"2020-04-28T11:59:49+00:00\" \/>\n<meta property=\"og:image\" content=\"https:\/\/niipit.dk\/liivsterapi\/wp-content\/uploads\/sites\/427\/2020\/03\/F\u00e5-Livsgl\u00e6den-tilbage-Liivsterapi.png\" \/>\n\t<meta property=\"og:image:width\" content=\"600\" \/>\n\t<meta property=\"og:image:height\" content=\"600\" \/>\n\t<meta property=\"og:image:type\" content=\"image\/png\" \/>\n<meta name=\"twitter:card\" content=\"summary_large_image\" \/>\n<script type=\"application\/ld+json\" class=\"yoast-schema-graph\">{\"@context\":\"https:\\\/\\\/schema.org\",\"@graph\":[{\"@type\":\"WebPage\",\"@id\":\"https:\\\/\\\/niipit.dk\\\/liivsterapi\\\/produkt\\\/faa-livsglaeden-tilbage\\\/\",\"url\":\"https:\\\/\\\/niipit.dk\\\/liivsterapi\\\/produkt\\\/faa-livsglaeden-tilbage\\\/\",\"name\":\"F\u00e5 livsgl\u00e6den tilbage 12 ugers kursus ???? Kun 1497 kr.\",\"isPartOf\":{\"@id\":\"https:\\\/\\\/niipit.dk\\\/liivsterapi\\\/#website\"},\"primaryImageOfPage\":{\"@id\":\"https:\\\/\\\/niipit.dk\\\/liivsterapi\\\/produkt\\\/faa-livsglaeden-tilbage\\\/#primaryimage\"},\"image\":{\"@id\":\"https:\\\/\\\/niipit.dk\\\/liivsterapi\\\/produkt\\\/faa-livsglaeden-tilbage\\\/#primaryimage\"},\"thumbnailUrl\":\"https:\\\/\\\/niipit.dk\\\/liivsterapi\\\/wp-content\\\/uploads\\\/sites\\\/427\\\/2020\\\/03\\\/F\u00e5-Livsgl\u00e6den-tilbage-Liivsterapi.png\",\"datePublished\":\"2020-03-15T09:31:31+00:00\",\"dateModified\":\"2020-04-28T11:59:49+00:00\",\"description\":\"F\u00e5 livsgl\u00e6den tilbage ???? l\u00e6r at genskabe dit selvv\u00e6rd, finde tilbage til dig selv og f\u00e5 en glad hverdag med kronisk sygdom ???? Liivsterapi hj\u00e6lper dig \u276f\u276f\u276f\",\"breadcrumb\":{\"@id\":\"https:\\\/\\\/niipit.dk\\\/liivsterapi\\\/produkt\\\/faa-livsglaeden-tilbage\\\/#breadcrumb\"},\"inLanguage\":\"da-DK\",\"potentialAction\":[{\"@type\":\"ReadAction\",\"target\":[\"https:\\\/\\\/niipit.dk\\\/liivsterapi\\\/produkt\\\/faa-livsglaeden-tilbage\\\/\"]}]},{\"@type\":\"ImageObject\",\"inLanguage\":\"da-DK\",\"@id\":\"https:\\\/\\\/niipit.dk\\\/liivsterapi\\\/produkt\\\/faa-livsglaeden-tilbage\\\/#primaryimage\",\"url\":\"https:\\\/\\\/niipit.dk\\\/liivsterapi\\\/wp-content\\\/uploads\\\/sites\\\/427\\\/2020\\\/03\\\/F\u00e5-Livsgl\u00e6den-tilbage-Liivsterapi.png\",\"contentUrl\":\"https:\\\/\\\/niipit.dk\\\/liivsterapi\\\/wp-content\\\/uploads\\\/sites\\\/427\\\/2020\\\/03\\\/F\u00e5-Livsgl\u00e6den-tilbage-Liivsterapi.png\",\"width\":600,\"height\":600,\"caption\":\"F\u00e5 Livsgl\u00e6den tilbage Liivsterapi\"},{\"@type\":\"BreadcrumbList\",\"@id\":\"https:\\\/\\\/niipit.dk\\\/liivsterapi\\\/produkt\\\/faa-livsglaeden-tilbage\\\/#breadcrumb\",\"itemListElement\":[{\"@type\":\"ListItem\",\"position\":1,\"name\":\"Hjem\",\"item\":\"https:\\\/\\\/niipit.dk\\\/liivsterapi\\\/\"},{\"@type\":\"ListItem\",\"position\":2,\"name\":\"Shop\",\"item\":\"https:\\\/\\\/niipit.dk\\\/liivsterapi\\\/shop\\\/\"},{\"@type\":\"ListItem\",\"position\":3,\"name\":\"F\u00e5 livsgl\u00e6den tilbage\"}]},{\"@type\":\"WebSite\",\"@id\":\"https:\\\/\\\/niipit.dk\\\/liivsterapi\\\/#website\",\"url\":\"https:\\\/\\\/niipit.dk\\\/liivsterapi\\\/\",\"name\":\"Liivsterapi\",\"description\":\"F\u00e5 din virksomhed p\u00e5 niipit\",\"potentialAction\":[{\"@type\":\"SearchAction\",\"target\":{\"@type\":\"EntryPoint\",\"urlTemplate\":\"https:\\\/\\\/niipit.dk\\\/liivsterapi\\\/?s={search_term_string}\"},\"query-input\":{\"@type\":\"PropertyValueSpecification\",\"valueRequired\":true,\"valueName\":\"search_term_string\"}}],\"inLanguage\":\"da-DK\"}]}<\/script>\n<!-- \/ Yoast SEO Premium plugin. -->","yoast_head_json":{"title":"F\u00e5 livsgl\u00e6den tilbage 12 ugers kursus ???? Kun 1497 kr.","description":"F\u00e5 livsgl\u00e6den tilbage ???? l\u00e6r at genskabe dit selvv\u00e6rd, finde tilbage til dig selv og f\u00e5 en glad hverdag med kronisk sygdom ???? Liivsterapi hj\u00e6lper dig \u276f\u276f\u276f","robots":{"index":"index","follow":"follow","max-snippet":"max-snippet:-1","max-image-preview":"max-image-preview:large","max-video-preview":"max-video-preview:-1"},"canonical":"https:\/\/niipit.dk\/liivsterapi\/produkt\/faa-livsglaeden-tilbage\/","og_locale":"da_DK","og_type":"article","og_title":"F\u00e5 livsgl\u00e6den tilbage 12 ugers kursus ???? Kun 1497 kr.","og_description":"F\u00e5 livsgl\u00e6den tilbage ???? l\u00e6r at genskabe dit selvv\u00e6rd, finde tilbage til dig selv og f\u00e5 en glad hverdag med kronisk sygdom ???? Liivsterapi hj\u00e6lper dig \u276f\u276f\u276f","og_url":"https:\/\/niipit.dk\/liivsterapi\/produkt\/faa-livsglaeden-tilbage\/","og_site_name":"Liivsterapi","article_modified_time":"2020-04-28T11:59:49+00:00","og_image":[{"width":600,"height":600,"url":"https:\/\/niipit.dk\/liivsterapi\/wp-content\/uploads\/sites\/427\/2020\/03\/F\u00e5-Livsgl\u00e6den-tilbage-Liivsterapi.png","type":"image\/png"}],"twitter_card":"summary_large_image","schema":{"@context":"https:\/\/schema.org","@graph":[{"@type":"WebPage","@id":"https:\/\/niipit.dk\/liivsterapi\/produkt\/faa-livsglaeden-tilbage\/","url":"https:\/\/niipit.dk\/liivsterapi\/produkt\/faa-livsglaeden-tilbage\/","name":"F\u00e5 livsgl\u00e6den tilbage 12 ugers kursus ???? Kun 1497 kr.","isPartOf":{"@id":"https:\/\/niipit.dk\/liivsterapi\/#website"},"primaryImageOfPage":{"@id":"https:\/\/niipit.dk\/liivsterapi\/produkt\/faa-livsglaeden-tilbage\/#primaryimage"},"image":{"@id":"https:\/\/niipit.dk\/liivsterapi\/produkt\/faa-livsglaeden-tilbage\/#primaryimage"},"thumbnailUrl":"https:\/\/niipit.dk\/liivsterapi\/wp-content\/uploads\/sites\/427\/2020\/03\/F\u00e5-Livsgl\u00e6den-tilbage-Liivsterapi.png","datePublished":"2020-03-15T09:31:31+00:00","dateModified":"2020-04-28T11:59:49+00:00","description":"F\u00e5 livsgl\u00e6den tilbage ???? l\u00e6r at genskabe dit selvv\u00e6rd, finde tilbage til dig selv og f\u00e5 en glad hverdag med kronisk sygdom ???? Liivsterapi hj\u00e6lper dig \u276f\u276f\u276f","breadcrumb":{"@id":"https:\/\/niipit.dk\/liivsterapi\/produkt\/faa-livsglaeden-tilbage\/#breadcrumb"},"inLanguage":"da-DK","potentialAction":[{"@type":"ReadAction","target":["https:\/\/niipit.dk\/liivsterapi\/produkt\/faa-livsglaeden-tilbage\/"]}]},{"@type":"ImageObject","inLanguage":"da-DK","@id":"https:\/\/niipit.dk\/liivsterapi\/produkt\/faa-livsglaeden-tilbage\/#primaryimage","url":"https:\/\/niipit.dk\/liivsterapi\/wp-content\/uploads\/sites\/427\/2020\/03\/F\u00e5-Livsgl\u00e6den-tilbage-Liivsterapi.png","contentUrl":"https:\/\/niipit.dk\/liivsterapi\/wp-content\/uploads\/sites\/427\/2020\/03\/F\u00e5-Livsgl\u00e6den-tilbage-Liivsterapi.png","width":600,"height":600,"caption":"F\u00e5 Livsgl\u00e6den tilbage Liivsterapi"},{"@type":"BreadcrumbList","@id":"https:\/\/niipit.dk\/liivsterapi\/produkt\/faa-livsglaeden-tilbage\/#breadcrumb","itemListElement":[{"@type":"ListItem","position":1,"name":"Hjem","item":"https:\/\/niipit.dk\/liivsterapi\/"},{"@type":"ListItem","position":2,"name":"Shop","item":"https:\/\/niipit.dk\/liivsterapi\/shop\/"},{"@type":"ListItem","position":3,"name":"F\u00e5 livsgl\u00e6den tilbage"}]},{"@type":"WebSite","@id":"https:\/\/niipit.dk\/liivsterapi\/#website","url":"https:\/\/niipit.dk\/liivsterapi\/","name":"Liivsterapi","description":"F\u00e5 din virksomhed p\u00e5 niipit","potentialAction":[{"@type":"SearchAction","target":{"@type":"EntryPoint","urlTemplate":"https:\/\/niipit.dk\/liivsterapi\/?s={search_term_string}"},"query-input":{"@type":"PropertyValueSpecification","valueRequired":true,"valueName":"search_term_string"}}],"inLanguage":"da-DK"}]}},"_links":{"self":[{"href":"https:\/\/niipit.dk\/liivsterapi\/wp-json\/wp\/v2\/product\/6037","targetHints":{"allow":["GET"]}}],"collection":[{"href":"https:\/\/niipit.dk\/liivsterapi\/wp-json\/wp\/v2\/product"}],"about":[{"href":"https:\/\/niipit.dk\/liivsterapi\/wp-json\/wp\/v2\/types\/product"}],"wp:featuredmedia":[{"embeddable":true,"href":"https:\/\/niipit.dk\/liivsterapi\/wp-json\/wp\/v2\/media\/6059"}],"wp:attachment":[{"href":"https:\/\/niipit.dk\/liivsterapi\/wp-json\/wp\/v2\/media?parent=6037"}],"wp:term":[{"taxonomy":"product_brand","embeddable":true,"href":"https:\/\/niipit.dk\/liivsterapi\/wp-json\/wp\/v2\/product_brand?post=6037"},{"taxonomy":"product_cat","embeddable":true,"href":"https:\/\/niipit.dk\/liivsterapi\/wp-json\/wp\/v2\/product_cat?post=6037"},{"taxonomy":"product_tag","embeddable":true,"href":"https:\/\/niipit.dk\/liivsterapi\/wp-json\/wp\/v2\/product_tag?post=6037"},{"taxonomy":"shoptype","embeddable":true,"href":"https:\/\/niipit.dk\/liivsterapi\/wp-json\/wp\/v2\/shoptype?post=6037"}],"curies":[{"name":"wp","href":"https:\/\/api.w.org\/{rel}","templated":true}]}}