{"id":6032,"date":"2020-03-15T09:45:12","date_gmt":"2020-03-15T08:45:12","guid":{"rendered":"https:\/\/niipit.dk\/liivsterapi\/?post_type=product&#038;p=6032"},"modified":"2020-03-15T09:45:12","modified_gmt":"2020-03-15T08:45:12","slug":"undgaa-at-sidde-fast-i-livet","status":"publish","type":"product","link":"https:\/\/niipit.dk\/liivsterapi\/produkt\/undgaa-at-sidde-fast-i-livet\/","title":{"rendered":"UNDG\u00c5 AT SIDDE FAST I LIVET"},"content":{"rendered":"<h1>UNDG\u00c5 AT SIDDE FAST I LIVET<\/h1>\n<p>UNDG\u00c5 AT SIDDE FAST I LIVET &#8211; din e-guide og din Positive Dagbog<\/p>\n","protected":false},"excerpt":{"rendered":"<p>UNDG\u00c5 AT SIDDE FAST I LIVET UNDG\u00c5 AT SIDDE FAST I LIVET &#8211; din e-guide og din Positive Dagbog<\/p>\n","protected":false},"featured_media":6051,"template":"","meta":{"_exactmetrics_skip_tracking":false,"_exactmetrics_sitenote_active":false,"_exactmetrics_sitenote_note":"","_exactmetrics_sitenote_category":0,"_monsterinsights_skip_tracking":false,"_monsterinsights_sitenote_active":false,"_monsterinsights_sitenote_note":"","_monsterinsights_sitenote_category":0},"product_brand":[],"product_cat":[2164,2173],"product_tag":[],"shoptype":[],"class_list":{"0":"post-6032","1":"product","2":"type-product","3":"status-publish","4":"has-post-thumbnail","6":"product_cat-alle-vare","7":"product_cat-freebee","9":"first","10":"instock","11":"sale","12":"shipping-taxable","13":"product-type-external"},"yoast_head":"<!-- This site is optimized with the Yoast SEO Premium plugin v16.3 (Yoast SEO v27.5) - https:\/\/yoast.com\/product\/yoast-seo-premium-wordpress\/ -->\n<title>UNDG\u00c5 AT SIDDE FAST I LIVET BLIV FRI NU \u2764\ufe0e Liivsterapi \u2764\ufe0e<\/title>\n<meta name=\"description\" content=\"UNDG\u00c5 AT SIDDE FAST I LIVET kan blive en game changer for dig \u2764\ufe0e Vil du v\u00e6re fri inden i s\u00e5 kig her F\u00e5 denne freebee for 0 kr \u2764\ufe0e Bestil her \u276f\u276f\u276f\" \/>\n<meta name=\"robots\" content=\"index, follow, max-snippet:-1, max-image-preview:large, max-video-preview:-1\" \/>\n<link rel=\"canonical\" href=\"https:\/\/niipit.dk\/liivsterapi\/produkt\/undgaa-at-sidde-fast-i-livet\/\" \/>\n<meta property=\"og:locale\" content=\"da_DK\" \/>\n<meta property=\"og:type\" content=\"article\" \/>\n<meta property=\"og:title\" content=\"UNDG\u00c5 AT SIDDE FAST I LIVET BLIV FRI NU \u2764\ufe0e Liivsterapi \u2764\ufe0e\" \/>\n<meta property=\"og:description\" content=\"UNDG\u00c5 AT SIDDE FAST I LIVET kan blive en game changer for dig \u2764\ufe0e Vil du v\u00e6re fri inden i s\u00e5 kig her F\u00e5 denne freebee for 0 kr \u2764\ufe0e Bestil her \u276f\u276f\u276f\" \/>\n<meta property=\"og:url\" content=\"https:\/\/niipit.dk\/liivsterapi\/produkt\/undgaa-at-sidde-fast-i-livet\/\" \/>\n<meta property=\"og:site_name\" content=\"Liivsterapi\" \/>\n<meta property=\"og:image\" content=\"https:\/\/niipit.dk\/liivsterapi\/wp-content\/uploads\/sites\/427\/2020\/03\/Undg\u00e5-at-sidde-fast-i-livet-Liivsterapi.png\" \/>\n\t<meta property=\"og:image:width\" content=\"600\" \/>\n\t<meta property=\"og:image:height\" content=\"600\" \/>\n\t<meta property=\"og:image:type\" content=\"image\/png\" \/>\n<meta name=\"twitter:card\" content=\"summary_large_image\" \/>\n<script type=\"application\/ld+json\" class=\"yoast-schema-graph\">{\"@context\":\"https:\\\/\\\/schema.org\",\"@graph\":[{\"@type\":\"WebPage\",\"@id\":\"https:\\\/\\\/niipit.dk\\\/liivsterapi\\\/produkt\\\/undgaa-at-sidde-fast-i-livet\\\/\",\"url\":\"https:\\\/\\\/niipit.dk\\\/liivsterapi\\\/produkt\\\/undgaa-at-sidde-fast-i-livet\\\/\",\"name\":\"UNDG\u00c5 AT SIDDE FAST I LIVET BLIV FRI NU \u2764\ufe0e Liivsterapi \u2764\ufe0e\",\"isPartOf\":{\"@id\":\"https:\\\/\\\/niipit.dk\\\/liivsterapi\\\/#website\"},\"primaryImageOfPage\":{\"@id\":\"https:\\\/\\\/niipit.dk\\\/liivsterapi\\\/produkt\\\/undgaa-at-sidde-fast-i-livet\\\/#primaryimage\"},\"image\":{\"@id\":\"https:\\\/\\\/niipit.dk\\\/liivsterapi\\\/produkt\\\/undgaa-at-sidde-fast-i-livet\\\/#primaryimage\"},\"thumbnailUrl\":\"https:\\\/\\\/niipit.dk\\\/liivsterapi\\\/wp-content\\\/uploads\\\/sites\\\/427\\\/2020\\\/03\\\/Undg\u00e5-at-sidde-fast-i-livet-Liivsterapi.png\",\"datePublished\":\"2020-03-15T08:45:12+00:00\",\"description\":\"UNDG\u00c5 AT SIDDE FAST I LIVET kan blive en game changer for dig \u2764\ufe0e Vil du v\u00e6re fri inden i s\u00e5 kig her F\u00e5 denne freebee for 0 kr \u2764\ufe0e Bestil her \u276f\u276f\u276f\",\"breadcrumb\":{\"@id\":\"https:\\\/\\\/niipit.dk\\\/liivsterapi\\\/produkt\\\/undgaa-at-sidde-fast-i-livet\\\/#breadcrumb\"},\"inLanguage\":\"da-DK\",\"potentialAction\":[{\"@type\":\"ReadAction\",\"target\":[\"https:\\\/\\\/niipit.dk\\\/liivsterapi\\\/produkt\\\/undgaa-at-sidde-fast-i-livet\\\/\"]}]},{\"@type\":\"ImageObject\",\"inLanguage\":\"da-DK\",\"@id\":\"https:\\\/\\\/niipit.dk\\\/liivsterapi\\\/produkt\\\/undgaa-at-sidde-fast-i-livet\\\/#primaryimage\",\"url\":\"https:\\\/\\\/niipit.dk\\\/liivsterapi\\\/wp-content\\\/uploads\\\/sites\\\/427\\\/2020\\\/03\\\/Undg\u00e5-at-sidde-fast-i-livet-Liivsterapi.png\",\"contentUrl\":\"https:\\\/\\\/niipit.dk\\\/liivsterapi\\\/wp-content\\\/uploads\\\/sites\\\/427\\\/2020\\\/03\\\/Undg\u00e5-at-sidde-fast-i-livet-Liivsterapi.png\",\"width\":600,\"height\":600,\"caption\":\"Undg\u00e5 at sidde fast i livet Liivsterapi\"},{\"@type\":\"BreadcrumbList\",\"@id\":\"https:\\\/\\\/niipit.dk\\\/liivsterapi\\\/produkt\\\/undgaa-at-sidde-fast-i-livet\\\/#breadcrumb\",\"itemListElement\":[{\"@type\":\"ListItem\",\"position\":1,\"name\":\"Hjem\",\"item\":\"https:\\\/\\\/niipit.dk\\\/liivsterapi\\\/\"},{\"@type\":\"ListItem\",\"position\":2,\"name\":\"Shop\",\"item\":\"https:\\\/\\\/niipit.dk\\\/liivsterapi\\\/shop\\\/\"},{\"@type\":\"ListItem\",\"position\":3,\"name\":\"UNDG\u00c5 AT SIDDE FAST I LIVET\"}]},{\"@type\":\"WebSite\",\"@id\":\"https:\\\/\\\/niipit.dk\\\/liivsterapi\\\/#website\",\"url\":\"https:\\\/\\\/niipit.dk\\\/liivsterapi\\\/\",\"name\":\"Liivsterapi\",\"description\":\"F\u00e5 din virksomhed p\u00e5 niipit\",\"potentialAction\":[{\"@type\":\"SearchAction\",\"target\":{\"@type\":\"EntryPoint\",\"urlTemplate\":\"https:\\\/\\\/niipit.dk\\\/liivsterapi\\\/?s={search_term_string}\"},\"query-input\":{\"@type\":\"PropertyValueSpecification\",\"valueRequired\":true,\"valueName\":\"search_term_string\"}}],\"inLanguage\":\"da-DK\"}]}<\/script>\n<!-- \/ Yoast SEO Premium plugin. -->","yoast_head_json":{"title":"UNDG\u00c5 AT SIDDE FAST I LIVET BLIV FRI NU \u2764\ufe0e Liivsterapi \u2764\ufe0e","description":"UNDG\u00c5 AT SIDDE FAST I LIVET kan blive en game changer for dig \u2764\ufe0e Vil du v\u00e6re fri inden i s\u00e5 kig her F\u00e5 denne freebee for 0 kr \u2764\ufe0e Bestil her \u276f\u276f\u276f","robots":{"index":"index","follow":"follow","max-snippet":"max-snippet:-1","max-image-preview":"max-image-preview:large","max-video-preview":"max-video-preview:-1"},"canonical":"https:\/\/niipit.dk\/liivsterapi\/produkt\/undgaa-at-sidde-fast-i-livet\/","og_locale":"da_DK","og_type":"article","og_title":"UNDG\u00c5 AT SIDDE FAST I LIVET BLIV FRI NU \u2764\ufe0e Liivsterapi \u2764\ufe0e","og_description":"UNDG\u00c5 AT SIDDE FAST I LIVET kan blive en game changer for dig \u2764\ufe0e Vil du v\u00e6re fri inden i s\u00e5 kig her F\u00e5 denne freebee for 0 kr \u2764\ufe0e Bestil her \u276f\u276f\u276f","og_url":"https:\/\/niipit.dk\/liivsterapi\/produkt\/undgaa-at-sidde-fast-i-livet\/","og_site_name":"Liivsterapi","og_image":[{"width":600,"height":600,"url":"https:\/\/niipit.dk\/liivsterapi\/wp-content\/uploads\/sites\/427\/2020\/03\/Undg\u00e5-at-sidde-fast-i-livet-Liivsterapi.png","type":"image\/png"}],"twitter_card":"summary_large_image","schema":{"@context":"https:\/\/schema.org","@graph":[{"@type":"WebPage","@id":"https:\/\/niipit.dk\/liivsterapi\/produkt\/undgaa-at-sidde-fast-i-livet\/","url":"https:\/\/niipit.dk\/liivsterapi\/produkt\/undgaa-at-sidde-fast-i-livet\/","name":"UNDG\u00c5 AT SIDDE FAST I LIVET BLIV FRI NU \u2764\ufe0e Liivsterapi \u2764\ufe0e","isPartOf":{"@id":"https:\/\/niipit.dk\/liivsterapi\/#website"},"primaryImageOfPage":{"@id":"https:\/\/niipit.dk\/liivsterapi\/produkt\/undgaa-at-sidde-fast-i-livet\/#primaryimage"},"image":{"@id":"https:\/\/niipit.dk\/liivsterapi\/produkt\/undgaa-at-sidde-fast-i-livet\/#primaryimage"},"thumbnailUrl":"https:\/\/niipit.dk\/liivsterapi\/wp-content\/uploads\/sites\/427\/2020\/03\/Undg\u00e5-at-sidde-fast-i-livet-Liivsterapi.png","datePublished":"2020-03-15T08:45:12+00:00","description":"UNDG\u00c5 AT SIDDE FAST I LIVET kan blive en game changer for dig \u2764\ufe0e Vil du v\u00e6re fri inden i s\u00e5 kig her F\u00e5 denne freebee for 0 kr \u2764\ufe0e Bestil her \u276f\u276f\u276f","breadcrumb":{"@id":"https:\/\/niipit.dk\/liivsterapi\/produkt\/undgaa-at-sidde-fast-i-livet\/#breadcrumb"},"inLanguage":"da-DK","potentialAction":[{"@type":"ReadAction","target":["https:\/\/niipit.dk\/liivsterapi\/produkt\/undgaa-at-sidde-fast-i-livet\/"]}]},{"@type":"ImageObject","inLanguage":"da-DK","@id":"https:\/\/niipit.dk\/liivsterapi\/produkt\/undgaa-at-sidde-fast-i-livet\/#primaryimage","url":"https:\/\/niipit.dk\/liivsterapi\/wp-content\/uploads\/sites\/427\/2020\/03\/Undg\u00e5-at-sidde-fast-i-livet-Liivsterapi.png","contentUrl":"https:\/\/niipit.dk\/liivsterapi\/wp-content\/uploads\/sites\/427\/2020\/03\/Undg\u00e5-at-sidde-fast-i-livet-Liivsterapi.png","width":600,"height":600,"caption":"Undg\u00e5 at sidde fast i livet Liivsterapi"},{"@type":"BreadcrumbList","@id":"https:\/\/niipit.dk\/liivsterapi\/produkt\/undgaa-at-sidde-fast-i-livet\/#breadcrumb","itemListElement":[{"@type":"ListItem","position":1,"name":"Hjem","item":"https:\/\/niipit.dk\/liivsterapi\/"},{"@type":"ListItem","position":2,"name":"Shop","item":"https:\/\/niipit.dk\/liivsterapi\/shop\/"},{"@type":"ListItem","position":3,"name":"UNDG\u00c5 AT SIDDE FAST I LIVET"}]},{"@type":"WebSite","@id":"https:\/\/niipit.dk\/liivsterapi\/#website","url":"https:\/\/niipit.dk\/liivsterapi\/","name":"Liivsterapi","description":"F\u00e5 din virksomhed p\u00e5 niipit","potentialAction":[{"@type":"SearchAction","target":{"@type":"EntryPoint","urlTemplate":"https:\/\/niipit.dk\/liivsterapi\/?s={search_term_string}"},"query-input":{"@type":"PropertyValueSpecification","valueRequired":true,"valueName":"search_term_string"}}],"inLanguage":"da-DK"}]}},"_links":{"self":[{"href":"https:\/\/niipit.dk\/liivsterapi\/wp-json\/wp\/v2\/product\/6032","targetHints":{"allow":["GET"]}}],"collection":[{"href":"https:\/\/niipit.dk\/liivsterapi\/wp-json\/wp\/v2\/product"}],"about":[{"href":"https:\/\/niipit.dk\/liivsterapi\/wp-json\/wp\/v2\/types\/product"}],"wp:featuredmedia":[{"embeddable":true,"href":"https:\/\/niipit.dk\/liivsterapi\/wp-json\/wp\/v2\/media\/6051"}],"wp:attachment":[{"href":"https:\/\/niipit.dk\/liivsterapi\/wp-json\/wp\/v2\/media?parent=6032"}],"wp:term":[{"taxonomy":"product_brand","embeddable":true,"href":"https:\/\/niipit.dk\/liivsterapi\/wp-json\/wp\/v2\/product_brand?post=6032"},{"taxonomy":"product_cat","embeddable":true,"href":"https:\/\/niipit.dk\/liivsterapi\/wp-json\/wp\/v2\/product_cat?post=6032"},{"taxonomy":"product_tag","embeddable":true,"href":"https:\/\/niipit.dk\/liivsterapi\/wp-json\/wp\/v2\/product_tag?post=6032"},{"taxonomy":"shoptype","embeddable":true,"href":"https:\/\/niipit.dk\/liivsterapi\/wp-json\/wp\/v2\/shoptype?post=6032"}],"curies":[{"name":"wp","href":"https:\/\/api.w.org\/{rel}","templated":true}]}}