{"id":6031,"date":"2020-03-14T10:08:35","date_gmt":"2020-03-14T09:08:35","guid":{"rendered":"https:\/\/niipit.dk\/liivsterapi\/?post_type=product&#038;p=6031"},"modified":"2020-03-15T09:41:03","modified_gmt":"2020-03-15T08:41:03","slug":"goer-din-hverdag-lettere","status":"publish","type":"product","link":"https:\/\/niipit.dk\/liivsterapi\/produkt\/goer-din-hverdag-lettere\/","title":{"rendered":"G\u00d8R DIN HVERDAG LETTERE"},"content":{"rendered":"<h1>G\u00d8R DIN HVERDAG LETTERE<\/h1>\n<p>G\u00d8R DIN HVERDAG LETTERE &#8211; \u00a0Er du ramt af sygdom s\u00e5 er denne guide m\u00e5ske med til at du kan l\u00e6re hvordan din hverdag kan blive forenklet og let for dig.<\/p>\n<p>Dette er ikke kun 1 guide det er flere hyggelige mail der kan hj\u00e6lpe dig over tid til at fastholde dig i at g\u00f8re dine dage nemmere.<\/p>\n<p>&nbsp;<\/p>\n","protected":false},"excerpt":{"rendered":"<p>G\u00d8R DIN HVERDAG LETTERE G\u00d8R DIN HVERDAG LETTERE &#8211; \u00a0Er du ramt af sygdom s\u00e5 er denne guide m\u00e5ske med til at du kan l\u00e6re hvordan din hverdag kan blive forenklet og let for dig. Dette er ikke kun 1 guide det er flere hyggelige mail der kan hj\u00e6lpe dig over tid til at fastholde <a class=\"moretag btn btn-primary\" href=\"https:\/\/niipit.dk\/liivsterapi\/produkt\/goer-din-hverdag-lettere\/\">L\u00e6s mere<\/a><\/p>\n","protected":false},"featured_media":6047,"template":"","meta":{"_exactmetrics_skip_tracking":false,"_exactmetrics_sitenote_active":false,"_exactmetrics_sitenote_note":"","_exactmetrics_sitenote_category":0,"_monsterinsights_skip_tracking":false,"_monsterinsights_sitenote_active":false,"_monsterinsights_sitenote_note":"","_monsterinsights_sitenote_category":0},"product_brand":[],"product_cat":[2164,2173],"product_tag":[],"shoptype":[],"class_list":{"0":"post-6031","1":"product","2":"type-product","3":"status-publish","4":"has-post-thumbnail","6":"product_cat-alle-vare","7":"product_cat-freebee","9":"first","10":"instock","11":"sale","12":"shipping-taxable","13":"product-type-external"},"yoast_head":"<!-- This site is optimized with the Yoast SEO Premium plugin v16.3 (Yoast SEO v27.3) - https:\/\/yoast.com\/product\/yoast-seo-premium-wordpress\/ -->\n<title>G\u00d8R DIN HVERDAG LETTERE NU \u2764\ufe0e Liivsterapi \u2764\ufe0e<\/title>\n<meta name=\"description\" content=\"G\u00d8R DIN HVERDAG LETTERE kan blive en game changer for dig \u2764\ufe0e Vil du vende dit syn p\u00e5 sygdom? \u2764\ufe0e L\u00e6r hvordan i denne freebee Pris 0 kr \u2764\ufe0e Bestil her \u276f\u276f\u276f\" \/>\n<meta name=\"robots\" content=\"index, follow, max-snippet:-1, max-image-preview:large, max-video-preview:-1\" \/>\n<link rel=\"canonical\" href=\"https:\/\/niipit.dk\/liivsterapi\/produkt\/goer-din-hverdag-lettere\/\" \/>\n<meta property=\"og:locale\" content=\"da_DK\" \/>\n<meta property=\"og:type\" content=\"article\" \/>\n<meta property=\"og:title\" content=\"G\u00d8R DIN HVERDAG LETTERE NU \u2764\ufe0e Liivsterapi \u2764\ufe0e\" \/>\n<meta property=\"og:description\" content=\"G\u00d8R DIN HVERDAG LETTERE kan blive en game changer for dig \u2764\ufe0e Vil du vende dit syn p\u00e5 sygdom? \u2764\ufe0e L\u00e6r hvordan i denne freebee Pris 0 kr \u2764\ufe0e Bestil her \u276f\u276f\u276f\" \/>\n<meta property=\"og:url\" content=\"https:\/\/niipit.dk\/liivsterapi\/produkt\/goer-din-hverdag-lettere\/\" \/>\n<meta property=\"og:site_name\" content=\"Liivsterapi\" \/>\n<meta property=\"article:modified_time\" content=\"2020-03-15T08:41:03+00:00\" \/>\n<meta property=\"og:image\" content=\"https:\/\/niipit.dk\/liivsterapi\/wp-content\/uploads\/sites\/427\/2020\/03\/Livsterapi-Tanker-Vaner-Adf\u00e6rd-F\u00f8lelser.jpg\" \/>\n\t<meta property=\"og:image:width\" content=\"1640\" \/>\n\t<meta property=\"og:image:height\" content=\"923\" \/>\n\t<meta property=\"og:image:type\" content=\"image\/jpeg\" \/>\n<meta name=\"twitter:card\" content=\"summary_large_image\" \/>\n<script type=\"application\/ld+json\" class=\"yoast-schema-graph\">{\"@context\":\"https:\\\/\\\/schema.org\",\"@graph\":[{\"@type\":\"WebPage\",\"@id\":\"https:\\\/\\\/niipit.dk\\\/liivsterapi\\\/produkt\\\/goer-din-hverdag-lettere\\\/\",\"url\":\"https:\\\/\\\/niipit.dk\\\/liivsterapi\\\/produkt\\\/goer-din-hverdag-lettere\\\/\",\"name\":\"G\u00d8R DIN HVERDAG LETTERE NU \u2764\ufe0e Liivsterapi \u2764\ufe0e\",\"isPartOf\":{\"@id\":\"https:\\\/\\\/niipit.dk\\\/liivsterapi\\\/#website\"},\"primaryImageOfPage\":{\"@id\":\"https:\\\/\\\/niipit.dk\\\/liivsterapi\\\/produkt\\\/goer-din-hverdag-lettere\\\/#primaryimage\"},\"image\":{\"@id\":\"https:\\\/\\\/niipit.dk\\\/liivsterapi\\\/produkt\\\/goer-din-hverdag-lettere\\\/#primaryimage\"},\"thumbnailUrl\":\"https:\\\/\\\/niipit.dk\\\/liivsterapi\\\/wp-content\\\/uploads\\\/sites\\\/427\\\/2020\\\/03\\\/G\u00d8R-DIN-HVERDAG-LETTERE-Liivsterapi.png\",\"datePublished\":\"2020-03-14T09:08:35+00:00\",\"dateModified\":\"2020-03-15T08:41:03+00:00\",\"description\":\"G\u00d8R DIN HVERDAG LETTERE kan blive en game changer for dig \u2764\ufe0e Vil du vende dit syn p\u00e5 sygdom? \u2764\ufe0e L\u00e6r hvordan i denne freebee Pris 0 kr \u2764\ufe0e Bestil her \u276f\u276f\u276f\",\"breadcrumb\":{\"@id\":\"https:\\\/\\\/niipit.dk\\\/liivsterapi\\\/produkt\\\/goer-din-hverdag-lettere\\\/#breadcrumb\"},\"inLanguage\":\"da-DK\",\"potentialAction\":[{\"@type\":\"ReadAction\",\"target\":[\"https:\\\/\\\/niipit.dk\\\/liivsterapi\\\/produkt\\\/goer-din-hverdag-lettere\\\/\"]}]},{\"@type\":\"ImageObject\",\"inLanguage\":\"da-DK\",\"@id\":\"https:\\\/\\\/niipit.dk\\\/liivsterapi\\\/produkt\\\/goer-din-hverdag-lettere\\\/#primaryimage\",\"url\":\"https:\\\/\\\/niipit.dk\\\/liivsterapi\\\/wp-content\\\/uploads\\\/sites\\\/427\\\/2020\\\/03\\\/G\u00d8R-DIN-HVERDAG-LETTERE-Liivsterapi.png\",\"contentUrl\":\"https:\\\/\\\/niipit.dk\\\/liivsterapi\\\/wp-content\\\/uploads\\\/sites\\\/427\\\/2020\\\/03\\\/G\u00d8R-DIN-HVERDAG-LETTERE-Liivsterapi.png\",\"width\":600,\"height\":600,\"caption\":\"G\u00d8R DIN HVERDAG LETTERE - Liivsterapi\"},{\"@type\":\"BreadcrumbList\",\"@id\":\"https:\\\/\\\/niipit.dk\\\/liivsterapi\\\/produkt\\\/goer-din-hverdag-lettere\\\/#breadcrumb\",\"itemListElement\":[{\"@type\":\"ListItem\",\"position\":1,\"name\":\"Hjem\",\"item\":\"https:\\\/\\\/niipit.dk\\\/liivsterapi\\\/\"},{\"@type\":\"ListItem\",\"position\":2,\"name\":\"Shop\",\"item\":\"https:\\\/\\\/niipit.dk\\\/liivsterapi\\\/shop\\\/\"},{\"@type\":\"ListItem\",\"position\":3,\"name\":\"G\u00d8R DIN HVERDAG LETTERE\"}]},{\"@type\":\"WebSite\",\"@id\":\"https:\\\/\\\/niipit.dk\\\/liivsterapi\\\/#website\",\"url\":\"https:\\\/\\\/niipit.dk\\\/liivsterapi\\\/\",\"name\":\"Liivsterapi\",\"description\":\"F\u00e5 din virksomhed p\u00e5 niipit\",\"potentialAction\":[{\"@type\":\"SearchAction\",\"target\":{\"@type\":\"EntryPoint\",\"urlTemplate\":\"https:\\\/\\\/niipit.dk\\\/liivsterapi\\\/?s={search_term_string}\"},\"query-input\":{\"@type\":\"PropertyValueSpecification\",\"valueRequired\":true,\"valueName\":\"search_term_string\"}}],\"inLanguage\":\"da-DK\"}]}<\/script>\n<!-- \/ Yoast SEO Premium plugin. -->","yoast_head_json":{"title":"G\u00d8R DIN HVERDAG LETTERE NU \u2764\ufe0e Liivsterapi \u2764\ufe0e","description":"G\u00d8R DIN HVERDAG LETTERE kan blive en game changer for dig \u2764\ufe0e Vil du vende dit syn p\u00e5 sygdom? \u2764\ufe0e L\u00e6r hvordan i denne freebee Pris 0 kr \u2764\ufe0e Bestil her \u276f\u276f\u276f","robots":{"index":"index","follow":"follow","max-snippet":"max-snippet:-1","max-image-preview":"max-image-preview:large","max-video-preview":"max-video-preview:-1"},"canonical":"https:\/\/niipit.dk\/liivsterapi\/produkt\/goer-din-hverdag-lettere\/","og_locale":"da_DK","og_type":"article","og_title":"G\u00d8R DIN HVERDAG LETTERE NU \u2764\ufe0e Liivsterapi \u2764\ufe0e","og_description":"G\u00d8R DIN HVERDAG LETTERE kan blive en game changer for dig \u2764\ufe0e Vil du vende dit syn p\u00e5 sygdom? \u2764\ufe0e L\u00e6r hvordan i denne freebee Pris 0 kr \u2764\ufe0e Bestil her \u276f\u276f\u276f","og_url":"https:\/\/niipit.dk\/liivsterapi\/produkt\/goer-din-hverdag-lettere\/","og_site_name":"Liivsterapi","article_modified_time":"2020-03-15T08:41:03+00:00","og_image":[{"width":1640,"height":923,"url":"https:\/\/niipit.dk\/liivsterapi\/wp-content\/uploads\/sites\/427\/2020\/03\/Livsterapi-Tanker-Vaner-Adf\u00e6rd-F\u00f8lelser.jpg","type":"image\/jpeg"}],"twitter_card":"summary_large_image","schema":{"@context":"https:\/\/schema.org","@graph":[{"@type":"WebPage","@id":"https:\/\/niipit.dk\/liivsterapi\/produkt\/goer-din-hverdag-lettere\/","url":"https:\/\/niipit.dk\/liivsterapi\/produkt\/goer-din-hverdag-lettere\/","name":"G\u00d8R DIN HVERDAG LETTERE NU \u2764\ufe0e Liivsterapi \u2764\ufe0e","isPartOf":{"@id":"https:\/\/niipit.dk\/liivsterapi\/#website"},"primaryImageOfPage":{"@id":"https:\/\/niipit.dk\/liivsterapi\/produkt\/goer-din-hverdag-lettere\/#primaryimage"},"image":{"@id":"https:\/\/niipit.dk\/liivsterapi\/produkt\/goer-din-hverdag-lettere\/#primaryimage"},"thumbnailUrl":"https:\/\/niipit.dk\/liivsterapi\/wp-content\/uploads\/sites\/427\/2020\/03\/G\u00d8R-DIN-HVERDAG-LETTERE-Liivsterapi.png","datePublished":"2020-03-14T09:08:35+00:00","dateModified":"2020-03-15T08:41:03+00:00","description":"G\u00d8R DIN HVERDAG LETTERE kan blive en game changer for dig \u2764\ufe0e Vil du vende dit syn p\u00e5 sygdom? \u2764\ufe0e L\u00e6r hvordan i denne freebee Pris 0 kr \u2764\ufe0e Bestil her \u276f\u276f\u276f","breadcrumb":{"@id":"https:\/\/niipit.dk\/liivsterapi\/produkt\/goer-din-hverdag-lettere\/#breadcrumb"},"inLanguage":"da-DK","potentialAction":[{"@type":"ReadAction","target":["https:\/\/niipit.dk\/liivsterapi\/produkt\/goer-din-hverdag-lettere\/"]}]},{"@type":"ImageObject","inLanguage":"da-DK","@id":"https:\/\/niipit.dk\/liivsterapi\/produkt\/goer-din-hverdag-lettere\/#primaryimage","url":"https:\/\/niipit.dk\/liivsterapi\/wp-content\/uploads\/sites\/427\/2020\/03\/G\u00d8R-DIN-HVERDAG-LETTERE-Liivsterapi.png","contentUrl":"https:\/\/niipit.dk\/liivsterapi\/wp-content\/uploads\/sites\/427\/2020\/03\/G\u00d8R-DIN-HVERDAG-LETTERE-Liivsterapi.png","width":600,"height":600,"caption":"G\u00d8R DIN HVERDAG LETTERE - Liivsterapi"},{"@type":"BreadcrumbList","@id":"https:\/\/niipit.dk\/liivsterapi\/produkt\/goer-din-hverdag-lettere\/#breadcrumb","itemListElement":[{"@type":"ListItem","position":1,"name":"Hjem","item":"https:\/\/niipit.dk\/liivsterapi\/"},{"@type":"ListItem","position":2,"name":"Shop","item":"https:\/\/niipit.dk\/liivsterapi\/shop\/"},{"@type":"ListItem","position":3,"name":"G\u00d8R DIN HVERDAG LETTERE"}]},{"@type":"WebSite","@id":"https:\/\/niipit.dk\/liivsterapi\/#website","url":"https:\/\/niipit.dk\/liivsterapi\/","name":"Liivsterapi","description":"F\u00e5 din virksomhed p\u00e5 niipit","potentialAction":[{"@type":"SearchAction","target":{"@type":"EntryPoint","urlTemplate":"https:\/\/niipit.dk\/liivsterapi\/?s={search_term_string}"},"query-input":{"@type":"PropertyValueSpecification","valueRequired":true,"valueName":"search_term_string"}}],"inLanguage":"da-DK"}]}},"_links":{"self":[{"href":"https:\/\/niipit.dk\/liivsterapi\/wp-json\/wp\/v2\/product\/6031","targetHints":{"allow":["GET"]}}],"collection":[{"href":"https:\/\/niipit.dk\/liivsterapi\/wp-json\/wp\/v2\/product"}],"about":[{"href":"https:\/\/niipit.dk\/liivsterapi\/wp-json\/wp\/v2\/types\/product"}],"wp:featuredmedia":[{"embeddable":true,"href":"https:\/\/niipit.dk\/liivsterapi\/wp-json\/wp\/v2\/media\/6047"}],"wp:attachment":[{"href":"https:\/\/niipit.dk\/liivsterapi\/wp-json\/wp\/v2\/media?parent=6031"}],"wp:term":[{"taxonomy":"product_brand","embeddable":true,"href":"https:\/\/niipit.dk\/liivsterapi\/wp-json\/wp\/v2\/product_brand?post=6031"},{"taxonomy":"product_cat","embeddable":true,"href":"https:\/\/niipit.dk\/liivsterapi\/wp-json\/wp\/v2\/product_cat?post=6031"},{"taxonomy":"product_tag","embeddable":true,"href":"https:\/\/niipit.dk\/liivsterapi\/wp-json\/wp\/v2\/product_tag?post=6031"},{"taxonomy":"shoptype","embeddable":true,"href":"https:\/\/niipit.dk\/liivsterapi\/wp-json\/wp\/v2\/shoptype?post=6031"}],"curies":[{"name":"wp","href":"https:\/\/api.w.org\/{rel}","templated":true}]}}