{"id":6030,"date":"2020-03-14T09:58:51","date_gmt":"2020-03-14T08:58:51","guid":{"rendered":"https:\/\/niipit.dk\/liivsterapi\/?post_type=product&#038;p=6030"},"modified":"2020-03-15T10:17:10","modified_gmt":"2020-03-15T09:17:10","slug":"staerkt-selvvaerd-kursus","status":"publish","type":"product","link":"https:\/\/niipit.dk\/liivsterapi\/produkt\/staerkt-selvvaerd-kursus\/","title":{"rendered":"St\u00e6rkt Selvv\u00e6rd Kursus"},"content":{"rendered":"<h1>St\u00e6rkt selvv\u00e6rd Kursus<\/h1>\n<h2>Hold focus<\/h2>\n<p>St\u00e6rkt selvv\u00e6rd Kursus hvor du l\u00e6re at opbygge dit selvv\u00e6rd og holde focus.<\/p>\n<p>St\u00e6rkt selvv\u00e6rd og hold focus er et online kursus du kan tage lige n\u00e5r du vil.<\/p>\n<p>P\u00e5 under 35 minutter f\u00e5r du masser af v\u00e6rkt\u00f8jer til hvordan du kan holde focus og f\u00e5 et st\u00e6rkt selvv\u00e6rd.<\/p>\n<p>Prisen er kun 97 kr her og nu.<\/p>\n<p>Du f\u00e5r adgang til alt kursus materialet n\u00e5r du k\u00f8ber kurset og derfor er der ingen fortrydelser ret p\u00e5 k\u00f8bet.<\/p>\n","protected":false},"excerpt":{"rendered":"<p>St\u00e6rkt selvv\u00e6rd Kursus Hold focus St\u00e6rkt selvv\u00e6rd Kursus hvor du l\u00e6re at opbygge dit selvv\u00e6rd og holde focus. St\u00e6rkt selvv\u00e6rd og hold focus er et online kursus du kan tage lige n\u00e5r du vil. P\u00e5 under 35 minutter f\u00e5r du masser af v\u00e6rkt\u00f8jer til hvordan du kan holde focus og f\u00e5 et st\u00e6rkt selvv\u00e6rd. Prisen <a class=\"moretag btn btn-primary\" href=\"https:\/\/niipit.dk\/liivsterapi\/produkt\/staerkt-selvvaerd-kursus\/\">L\u00e6s mere<\/a><\/p>\n","protected":false},"featured_media":6016,"template":"","meta":{"_exactmetrics_skip_tracking":false,"_exactmetrics_sitenote_active":false,"_exactmetrics_sitenote_note":"","_exactmetrics_sitenote_category":0,"_monsterinsights_skip_tracking":false,"_monsterinsights_sitenote_active":false,"_monsterinsights_sitenote_note":"","_monsterinsights_sitenote_category":0},"product_brand":[],"product_cat":[2164,2172],"product_tag":[],"shoptype":[],"class_list":{"0":"post-6030","1":"product","2":"type-product","3":"status-publish","4":"has-post-thumbnail","6":"product_cat-alle-vare","7":"product_cat-kursus","9":"first","10":"instock","11":"shipping-taxable","12":"product-type-external"},"yoast_head":"<!-- This site is optimized with the Yoast SEO Premium plugin v16.3 (Yoast SEO v27.3) - https:\/\/yoast.com\/product\/yoast-seo-premium-wordpress\/ -->\n<title>St\u00e6rkt Selvv\u00e6rd Kursus l\u00e6r at holde focus ???? Kun 97 kr.<\/title>\n<meta name=\"description\" content=\"St\u00e6rkt Selvv\u00e6rd Kursus ???? Et st\u00e6rkt selvv\u00e6rd er n\u00f8glen til et godt og gl\u00e6desfyldt liv ???? Liivsterapi hj\u00e6lper med at h\u00f8jne dit selvv\u00e6rd og holde fokus \u276f\u276f\u276f\" \/>\n<meta name=\"robots\" content=\"index, follow, max-snippet:-1, max-image-preview:large, max-video-preview:-1\" \/>\n<link rel=\"canonical\" href=\"https:\/\/niipit.dk\/liivsterapi\/produkt\/staerkt-selvvaerd-kursus\/\" \/>\n<meta property=\"og:locale\" content=\"da_DK\" \/>\n<meta property=\"og:type\" content=\"article\" \/>\n<meta property=\"og:title\" content=\"St\u00e6rkt Selvv\u00e6rd Kursus l\u00e6r at holde focus ???? Kun 97 kr.\" \/>\n<meta property=\"og:description\" content=\"St\u00e6rkt Selvv\u00e6rd Kursus ???? Et st\u00e6rkt selvv\u00e6rd er n\u00f8glen til et godt og gl\u00e6desfyldt liv ???? Liivsterapi hj\u00e6lper med at h\u00f8jne dit selvv\u00e6rd og holde fokus \u276f\u276f\u276f\" \/>\n<meta property=\"og:url\" content=\"https:\/\/niipit.dk\/liivsterapi\/produkt\/staerkt-selvvaerd-kursus\/\" \/>\n<meta property=\"og:site_name\" content=\"Liivsterapi\" \/>\n<meta property=\"article:modified_time\" content=\"2020-03-15T09:17:10+00:00\" \/>\n<meta property=\"og:image\" content=\"https:\/\/niipit.dk\/liivsterapi\/wp-content\/uploads\/sites\/427\/2020\/03\/Liivsterapi-st\u00e6rkt-selvv\u00e6rd-og-hold-focus.png\" \/>\n\t<meta property=\"og:image:width\" content=\"600\" \/>\n\t<meta property=\"og:image:height\" content=\"600\" \/>\n\t<meta property=\"og:image:type\" content=\"image\/png\" \/>\n<meta name=\"twitter:card\" content=\"summary_large_image\" \/>\n<script type=\"application\/ld+json\" class=\"yoast-schema-graph\">{\"@context\":\"https:\\\/\\\/schema.org\",\"@graph\":[{\"@type\":\"WebPage\",\"@id\":\"https:\\\/\\\/niipit.dk\\\/liivsterapi\\\/produkt\\\/staerkt-selvvaerd-kursus\\\/\",\"url\":\"https:\\\/\\\/niipit.dk\\\/liivsterapi\\\/produkt\\\/staerkt-selvvaerd-kursus\\\/\",\"name\":\"St\u00e6rkt Selvv\u00e6rd Kursus l\u00e6r at holde focus ???? Kun 97 kr.\",\"isPartOf\":{\"@id\":\"https:\\\/\\\/niipit.dk\\\/liivsterapi\\\/#website\"},\"primaryImageOfPage\":{\"@id\":\"https:\\\/\\\/niipit.dk\\\/liivsterapi\\\/produkt\\\/staerkt-selvvaerd-kursus\\\/#primaryimage\"},\"image\":{\"@id\":\"https:\\\/\\\/niipit.dk\\\/liivsterapi\\\/produkt\\\/staerkt-selvvaerd-kursus\\\/#primaryimage\"},\"thumbnailUrl\":\"https:\\\/\\\/niipit.dk\\\/liivsterapi\\\/wp-content\\\/uploads\\\/sites\\\/427\\\/2020\\\/03\\\/Liivsterapi-st\u00e6rkt-selvv\u00e6rd-og-hold-focus.png\",\"datePublished\":\"2020-03-14T08:58:51+00:00\",\"dateModified\":\"2020-03-15T09:17:10+00:00\",\"description\":\"St\u00e6rkt Selvv\u00e6rd Kursus ???? Et st\u00e6rkt selvv\u00e6rd er n\u00f8glen til et godt og gl\u00e6desfyldt liv ???? Liivsterapi hj\u00e6lper med at h\u00f8jne dit selvv\u00e6rd og holde fokus \u276f\u276f\u276f\",\"breadcrumb\":{\"@id\":\"https:\\\/\\\/niipit.dk\\\/liivsterapi\\\/produkt\\\/staerkt-selvvaerd-kursus\\\/#breadcrumb\"},\"inLanguage\":\"da-DK\",\"potentialAction\":[{\"@type\":\"ReadAction\",\"target\":[\"https:\\\/\\\/niipit.dk\\\/liivsterapi\\\/produkt\\\/staerkt-selvvaerd-kursus\\\/\"]}]},{\"@type\":\"ImageObject\",\"inLanguage\":\"da-DK\",\"@id\":\"https:\\\/\\\/niipit.dk\\\/liivsterapi\\\/produkt\\\/staerkt-selvvaerd-kursus\\\/#primaryimage\",\"url\":\"https:\\\/\\\/niipit.dk\\\/liivsterapi\\\/wp-content\\\/uploads\\\/sites\\\/427\\\/2020\\\/03\\\/Liivsterapi-st\u00e6rkt-selvv\u00e6rd-og-hold-focus.png\",\"contentUrl\":\"https:\\\/\\\/niipit.dk\\\/liivsterapi\\\/wp-content\\\/uploads\\\/sites\\\/427\\\/2020\\\/03\\\/Liivsterapi-st\u00e6rkt-selvv\u00e6rd-og-hold-focus.png\",\"width\":600,\"height\":600,\"caption\":\"Liivsterapi st\u00e6rkt selvv\u00e6rd og hold focus\"},{\"@type\":\"BreadcrumbList\",\"@id\":\"https:\\\/\\\/niipit.dk\\\/liivsterapi\\\/produkt\\\/staerkt-selvvaerd-kursus\\\/#breadcrumb\",\"itemListElement\":[{\"@type\":\"ListItem\",\"position\":1,\"name\":\"Hjem\",\"item\":\"https:\\\/\\\/niipit.dk\\\/liivsterapi\\\/\"},{\"@type\":\"ListItem\",\"position\":2,\"name\":\"Shop\",\"item\":\"https:\\\/\\\/niipit.dk\\\/liivsterapi\\\/shop\\\/\"},{\"@type\":\"ListItem\",\"position\":3,\"name\":\"St\u00e6rkt Selvv\u00e6rd Kursus\"}]},{\"@type\":\"WebSite\",\"@id\":\"https:\\\/\\\/niipit.dk\\\/liivsterapi\\\/#website\",\"url\":\"https:\\\/\\\/niipit.dk\\\/liivsterapi\\\/\",\"name\":\"Liivsterapi\",\"description\":\"F\u00e5 din virksomhed p\u00e5 niipit\",\"potentialAction\":[{\"@type\":\"SearchAction\",\"target\":{\"@type\":\"EntryPoint\",\"urlTemplate\":\"https:\\\/\\\/niipit.dk\\\/liivsterapi\\\/?s={search_term_string}\"},\"query-input\":{\"@type\":\"PropertyValueSpecification\",\"valueRequired\":true,\"valueName\":\"search_term_string\"}}],\"inLanguage\":\"da-DK\"}]}<\/script>\n<!-- \/ Yoast SEO Premium plugin. -->","yoast_head_json":{"title":"St\u00e6rkt Selvv\u00e6rd Kursus l\u00e6r at holde focus ???? Kun 97 kr.","description":"St\u00e6rkt Selvv\u00e6rd Kursus ???? Et st\u00e6rkt selvv\u00e6rd er n\u00f8glen til et godt og gl\u00e6desfyldt liv ???? Liivsterapi hj\u00e6lper med at h\u00f8jne dit selvv\u00e6rd og holde fokus \u276f\u276f\u276f","robots":{"index":"index","follow":"follow","max-snippet":"max-snippet:-1","max-image-preview":"max-image-preview:large","max-video-preview":"max-video-preview:-1"},"canonical":"https:\/\/niipit.dk\/liivsterapi\/produkt\/staerkt-selvvaerd-kursus\/","og_locale":"da_DK","og_type":"article","og_title":"St\u00e6rkt Selvv\u00e6rd Kursus l\u00e6r at holde focus ???? Kun 97 kr.","og_description":"St\u00e6rkt Selvv\u00e6rd Kursus ???? Et st\u00e6rkt selvv\u00e6rd er n\u00f8glen til et godt og gl\u00e6desfyldt liv ???? Liivsterapi hj\u00e6lper med at h\u00f8jne dit selvv\u00e6rd og holde fokus \u276f\u276f\u276f","og_url":"https:\/\/niipit.dk\/liivsterapi\/produkt\/staerkt-selvvaerd-kursus\/","og_site_name":"Liivsterapi","article_modified_time":"2020-03-15T09:17:10+00:00","og_image":[{"width":600,"height":600,"url":"https:\/\/niipit.dk\/liivsterapi\/wp-content\/uploads\/sites\/427\/2020\/03\/Liivsterapi-st\u00e6rkt-selvv\u00e6rd-og-hold-focus.png","type":"image\/png"}],"twitter_card":"summary_large_image","schema":{"@context":"https:\/\/schema.org","@graph":[{"@type":"WebPage","@id":"https:\/\/niipit.dk\/liivsterapi\/produkt\/staerkt-selvvaerd-kursus\/","url":"https:\/\/niipit.dk\/liivsterapi\/produkt\/staerkt-selvvaerd-kursus\/","name":"St\u00e6rkt Selvv\u00e6rd Kursus l\u00e6r at holde focus ???? Kun 97 kr.","isPartOf":{"@id":"https:\/\/niipit.dk\/liivsterapi\/#website"},"primaryImageOfPage":{"@id":"https:\/\/niipit.dk\/liivsterapi\/produkt\/staerkt-selvvaerd-kursus\/#primaryimage"},"image":{"@id":"https:\/\/niipit.dk\/liivsterapi\/produkt\/staerkt-selvvaerd-kursus\/#primaryimage"},"thumbnailUrl":"https:\/\/niipit.dk\/liivsterapi\/wp-content\/uploads\/sites\/427\/2020\/03\/Liivsterapi-st\u00e6rkt-selvv\u00e6rd-og-hold-focus.png","datePublished":"2020-03-14T08:58:51+00:00","dateModified":"2020-03-15T09:17:10+00:00","description":"St\u00e6rkt Selvv\u00e6rd Kursus ???? Et st\u00e6rkt selvv\u00e6rd er n\u00f8glen til et godt og gl\u00e6desfyldt liv ???? Liivsterapi hj\u00e6lper med at h\u00f8jne dit selvv\u00e6rd og holde fokus \u276f\u276f\u276f","breadcrumb":{"@id":"https:\/\/niipit.dk\/liivsterapi\/produkt\/staerkt-selvvaerd-kursus\/#breadcrumb"},"inLanguage":"da-DK","potentialAction":[{"@type":"ReadAction","target":["https:\/\/niipit.dk\/liivsterapi\/produkt\/staerkt-selvvaerd-kursus\/"]}]},{"@type":"ImageObject","inLanguage":"da-DK","@id":"https:\/\/niipit.dk\/liivsterapi\/produkt\/staerkt-selvvaerd-kursus\/#primaryimage","url":"https:\/\/niipit.dk\/liivsterapi\/wp-content\/uploads\/sites\/427\/2020\/03\/Liivsterapi-st\u00e6rkt-selvv\u00e6rd-og-hold-focus.png","contentUrl":"https:\/\/niipit.dk\/liivsterapi\/wp-content\/uploads\/sites\/427\/2020\/03\/Liivsterapi-st\u00e6rkt-selvv\u00e6rd-og-hold-focus.png","width":600,"height":600,"caption":"Liivsterapi st\u00e6rkt selvv\u00e6rd og hold focus"},{"@type":"BreadcrumbList","@id":"https:\/\/niipit.dk\/liivsterapi\/produkt\/staerkt-selvvaerd-kursus\/#breadcrumb","itemListElement":[{"@type":"ListItem","position":1,"name":"Hjem","item":"https:\/\/niipit.dk\/liivsterapi\/"},{"@type":"ListItem","position":2,"name":"Shop","item":"https:\/\/niipit.dk\/liivsterapi\/shop\/"},{"@type":"ListItem","position":3,"name":"St\u00e6rkt Selvv\u00e6rd Kursus"}]},{"@type":"WebSite","@id":"https:\/\/niipit.dk\/liivsterapi\/#website","url":"https:\/\/niipit.dk\/liivsterapi\/","name":"Liivsterapi","description":"F\u00e5 din virksomhed p\u00e5 niipit","potentialAction":[{"@type":"SearchAction","target":{"@type":"EntryPoint","urlTemplate":"https:\/\/niipit.dk\/liivsterapi\/?s={search_term_string}"},"query-input":{"@type":"PropertyValueSpecification","valueRequired":true,"valueName":"search_term_string"}}],"inLanguage":"da-DK"}]}},"_links":{"self":[{"href":"https:\/\/niipit.dk\/liivsterapi\/wp-json\/wp\/v2\/product\/6030","targetHints":{"allow":["GET"]}}],"collection":[{"href":"https:\/\/niipit.dk\/liivsterapi\/wp-json\/wp\/v2\/product"}],"about":[{"href":"https:\/\/niipit.dk\/liivsterapi\/wp-json\/wp\/v2\/types\/product"}],"wp:featuredmedia":[{"embeddable":true,"href":"https:\/\/niipit.dk\/liivsterapi\/wp-json\/wp\/v2\/media\/6016"}],"wp:attachment":[{"href":"https:\/\/niipit.dk\/liivsterapi\/wp-json\/wp\/v2\/media?parent=6030"}],"wp:term":[{"taxonomy":"product_brand","embeddable":true,"href":"https:\/\/niipit.dk\/liivsterapi\/wp-json\/wp\/v2\/product_brand?post=6030"},{"taxonomy":"product_cat","embeddable":true,"href":"https:\/\/niipit.dk\/liivsterapi\/wp-json\/wp\/v2\/product_cat?post=6030"},{"taxonomy":"product_tag","embeddable":true,"href":"https:\/\/niipit.dk\/liivsterapi\/wp-json\/wp\/v2\/product_tag?post=6030"},{"taxonomy":"shoptype","embeddable":true,"href":"https:\/\/niipit.dk\/liivsterapi\/wp-json\/wp\/v2\/shoptype?post=6030"}],"curies":[{"name":"wp","href":"https:\/\/api.w.org\/{rel}","templated":true}]}}