{"id":5119,"date":"2018-08-15T22:06:08","date_gmt":"2018-08-15T20:06:08","guid":{"rendered":"https:\/\/niipit.dk\/nv2-QogM\/?page_id=5119"},"modified":"2020-07-04T23:47:29","modified_gmt":"2020-07-04T21:47:29","slug":"handelsbetingelser","status":"publish","type":"page","link":"https:\/\/niipit.dk\/liivsterapi\/handelsbetingelser\/","title":{"rendered":"Handelsbetingelser"},"content":{"rendered":"\n<h1 class=\"wp-block-heading\">Handelsbetingelser for Liivsterapi<\/h1>\n\n\n\n<p>Ejes af Onkel-maler v\/Kim Glerup Vilsgaard<\/p>\n\n\n\n<p><strong>Liivsterapi<br><\/strong>Onkel-maler v\/Kim Glerup Vilsgaard &#8211; Liivsterapi<br>Fjellerup Bygade 13<br>8585 Gleesborg<br>TLF:&nbsp;<a href=\"tel:+45 42 45 24 42\">+45 42 45 24 42<\/a><br>CVR: 32167098<\/p>\n\n\n\n<h2 class=\"wp-block-heading\">Ophavsretten <\/h2>\n\n\n\n<p>Ophavsretten til alt materiale p\u00e5 www.liivsterapi.dk tilh\u00f8rer LiivsTerapi i henhold til g\u00e6ldende dansk lovgivning.<\/p>\n\n\n\n<h2 class=\"wp-block-heading\">Brugsaftale<\/h2>\n\n\n\n<p>K\u00f8b af et online-produkt hos LiivsTerapi inkluderer 1 licens, materialet m\u00e5 ikke deles med andre p\u00e5 nogen m\u00e5de.<\/p>\n\n\n\n<p>Alle rettigheder til produkter\/ydelser, som k\u00f8bes tilh\u00f8rer LiivsTerapi og materialet, uanset medie, er kun til k\u00f8bers personlige brug og m\u00e5 ikke kopieres, distribueres, deles med andre eller benyttes i nogen form for undervisning af tredjemand.<\/p>\n\n\n\n<p>Det er ikke tilladt at foretage nogen form for vidregivelse af produktet\/produkterne. Som kunde er det dit ansvar, at det k\u00f8bte materiale ikke videregives af tredje part.<\/p>\n\n\n\n<p>Online produkter leveres digitalt via e-mail eller med adgangskode til et lukket forum, som fremsendes efter godkendt betaling. Levering af onlineprodukter sker som oftest i l\u00f8bet af f\u00e5 minutter, men i helt s\u00e6rlige tilf\u00e6lde kan der g\u00e5 op til 14 hverdage.<\/p>\n\n\n\n<p>Dette fremsendes til den e-mail, som k\u00f8ber har indtastet i ordrefeltet.<\/p>\n\n\n\n<p>LiivsTerapi kan med 30 dages varsel lukke adgangen til onlineforl\u00f8b. P\u00e5 denne m\u00e5de har du tid til at hente materialet ned inden, at adgangen lukkes. Du vil modtage en tydelig mail, med det angivende tidsrum til download.<\/p>\n\n\n\n<h2 class=\"wp-block-heading\">Betaling<\/h2>\n\n\n\n<p>Onkel-maler v\/Kim Glerup Vilsgaard &#8211; Liivsterapi modtager online betalinger med bankoverf\u00f8rsel.&nbsp;<\/p>\n\n\n\n<p>Ordren er f\u00f8rst gennemf\u00f8rt n\u00e5r betalingen er p\u00e5 vores konto.<\/p>\n\n\n\n<p>Alle bel\u00f8b p\u00e5 hjemmesiden er inklusiv moms.<br>Hjemmesiden bruger f\u00f8lgende valutaer til priss\u00e6tning:<br>Denmark &#8211; Kroner (DKK)<\/p>\n\n\n\n<p>Onkel-maler v\/Kim Glerup Vilsgaard &#8211; Liivsterapi benytter en sikker betalingsserver, der krypterer alle oplysninger med SSL protokol hvilket betyder din data er sikker og ikke kan l\u00e6ses af andre udefrakommende.<\/p>\n\n\n\n<p>Onkel-maler v\/Kim Glerup Vilsgaard &#8211; Liivsterapi&#8217;s egen hjemmeside bruger ligeledes kryptering med SSL protokol.<\/p>\n\n\n\n<h2 class=\"wp-block-heading\">Online kurser og forl\u00f8b<\/h2>\n\n\n\n<p>V\u00e6lger du at betale onlineforl\u00f8bet i rater binder din tilmelding, n\u00e5r du har betalt 1. rate. Du forpligter dig hermed til at betale de resterende rater. Pengene gives ikke retur, n\u00e5r du f\u00f8rst er tilmeldt.<\/p>\n\n\n\n<h2 class=\"wp-block-heading\">Live kurser og workshops<\/h2>\n\n\n\n<p>Live kurser og workshops har bindende tilmelding. Bliver du forhindret kan du sende en anden i dit sted. I tilf\u00e6lde af at du ikke kan komme kan vi evt. fors\u00f8ge at hj\u00e6lpe dig med at finde \u00e9n anden hvis pladserne er meget efterspurgte.<\/p>\n\n\n\n<p>Bliver eventen aflyst f\u00e5r du alle dine penge tilbage.<\/p>\n\n\n\n<h2 class=\"wp-block-heading\">Ved afbud<\/h2>\n\n\n\n<p>Ved afbud senest 24 timer inden sessionens start, kan sessionen rykkes til et andet tidspunkt. Ved afbud senere end 24 timer f\u00f8r sessionens start refunderes sessionen ikke, dog undtaget tilf\u00e6lde af pludselig opst\u00e5et sygdom. Her bedes du ringe og aflyse s\u00e5 hurtigt som muligt p\u00e5<\/p>\n\n\n\n<p>4245 2442.<\/p>\n\n\n\n<p>Skulle LiivsTerapi v\u00e6re n\u00f8dsaget til at aflyse en session, f\u00e5r k\u00f8ber tilbudt en ny session hurtigst muligt.<\/p>\n\n\n\n<p>Alle sessioner og forl\u00f8b betales inden start. Bel\u00f8bet refunderes ikke, n\u00e5r forl\u00f8bet er i gang. Heller ikke i tilf\u00e6lde af, at du ikke \u00f8nsker at gennemf\u00f8re hele forl\u00f8bet og dermed stopper undervejs.<\/p>\n\n\n\n<p>Hvis LiivsTerapi grundet sygdom eller andet bliver n\u00f8dsaget til at aflyse et forl\u00f8b, refunderes et bel\u00f8b svarende til det antal sessioner, du har tilbage. Forl\u00f8b samt andre forudbetalte sessioner, skal v\u00e6re afviklet inden for et \u00e5r efter k\u00f8bsdato. Ubenyttede\/betalte sessioner refunderes ikke efter et \u00e5r efter k\u00f8bsdatoen.<\/p>\n\n\n\n<h2 class=\"wp-block-heading\">Fortrydelsesret<\/h2>\n\n\n\n<p>Der gives 14 dages fuld fortrydelsesret p\u00e5 varer k\u00f8bt p\u00e5 hjemmesiden med mindre andet er beskrevet i varen.<\/p>\n\n\n\n<p>Den 14 dags periode starter den dag hvor ordren er leveret.<\/p>\n\n\n\n<p>Eventuelle returneringsomkostninger afholder du selv.<\/p>\n\n\n\n<p>\u00d8nske om fortrydelse skal meddeles os senest 14 efter leveringen og v\u00e6re os i h\u00e6nde seneste 14 dage efter vi er informeret om dit brug af fortrydelsesretten.<\/p>\n\n\n\n<p>BEM\u00c6RK: Ved k\u00f8b af digitale produkter, hvor materialet leveres \u00f8jeblikket, bortfalder de 14 dages fortrydelsesret, med mindre andet er n\u00e6vnt i tilmelding til forl\u00f8bet.<\/p>\n\n\n\n<p>\u00d8nske om brug af fortrydelsesret skal sendes p\u00e5 mail&nbsp;<a href=\"mailto:dorte@livsterapi.dk\">dorte@liivsterapi.dk<\/a>&nbsp;hvortil standardfortrydelsesformularen bedes v\u00e6re udfyldt og sendt med (jf. formularen nederst i handelsbetingelserne).<\/p>\n\n\n\n<h2 class=\"wp-block-heading\">Reklamationsret<\/h2>\n\n\n\n<p>Der gives 2 \u00e5rs reklamationsret p\u00e5 produkter i henhold til den danske k\u00f8belov. Reklamationsretten g\u00e6lder for alle fejl i software, materiale og fabrikation.<br>Alle online forl\u00f8b og alle fysiske kurser er ikke omfattet af reklamationsretten.<\/p>\n\n\n\n<p>Reklamation vedr. fejl og mangler skal meddeles til Onkel-maler v\/Kim Glerup Vilsgaard &#8211; Liivsterapi i rimelig tid efter varens modtagelse.&nbsp;\u2028Her anses max. to m\u00e5neder som rimelig tid, med mindre andet er aftalt.\u2028Vi refunderer rimelige fragtomkostninger.<\/p>\n\n\n\n<p>Reklamationen frafalder ved forkert eller ualmindelig betjening af produktet.<\/p>\n\n\n\n<p>Onkel-maler v\/Kim Glerup Vilsgaard &#8211; Liivsterapi d\u00e6kker returneringsomkostningerne i rimeligt omfang.<\/p>\n\n\n\n<p>Ved returnering kontaktes virksomheden:<\/p>\n\n\n\n<p><strong>Onkel-maler v\/Kim Glerup Vilsgaard &#8211; Liivsterapi<\/strong><br>Fjellerup Bygade 13<br>8585 Gleesborg<br>TLF:&nbsp;<a href=\"tel:+45 42 45 24 42\">+45 42 45 24 42<\/a><\/p>\n\n\n\n<p>Reklamationer modtages&nbsp;<strong>ikke<\/strong>&nbsp;hvis disse er sendt p\u00e5 efterkrav.<\/p>\n\n\n\n<h2 class=\"wp-block-heading\">Kunde- &amp; Privatlivspolitik<\/h2>\n\n\n\n<p>Vi videres\u00e6lger ikke personlige oplysninger og videregiver ikke dine personlige oplysninger til andre, de er kun registreret i vores kundekartotek. Du kan til enhver tid f\u00e5 slettet dine oplysninger.<\/p>\n\n\n\n<p>For at du kan indg\u00e5 aftale med Onkel-maler v\/Kim Glerup Vilsgaard &#8211; Liivsterapi, har vi brug for f\u00f8lgende oplysninger:<br>. Navn<br>. Adresse<br>. Telefonnummer<br>. E-mail adresse<\/p>\n\n\n\n<p>Vi foretager registreringen af dine personoplysninger med det form\u00e5l, at kunne levere varen til dig.<\/p>\n\n\n\n<p>Personoplysningerne registreres hos Onkel-maler v\/Kim Glerup Vilsgaard &#8211; Liivsterapi og opbevares i op til fem \u00e5r, hvorefter oplysningerne slettes.<\/p>\n\n\n\n<p>N\u00e5r der indsamles personoplysninger via vores hjemmeside, sikrer vi, at det altid sker ved afgivelse af dit udtrykkelige samtykke, s\u00e5ledes at du er informeret om pr\u00e6cis, hvilke oplysninger, der indsamles og hvorfor.<\/p>\n\n\n\n<p>Direkt\u00f8ren og de ansatte for Onkel-maler v\/Kim Glerup Vilsgaard &#8211; Liivsterapi, og Niipit.dk har adgang til de oplysninger, der registreres om dig.<\/p>\n\n\n\n<p>Den dataansvarlige i Onkel-maler v\/Kim Glerup Vilsgaard &#8211; Liivsterapi er: Dorte Vilgaard og Niipit.dk <\/p>\n\n\n\n<p>Vi opbevarer og transmitterer ikke kundeoplysninger krypteret.<\/p>\n\n\n\n<p>Som registreret hos Onkel-maler v\/Kim Glerup Vilsgaard &#8211; Liivsterapi har du altid ret til at g\u00f8re indsigelse mod registreringen. Du har ogs\u00e5 ret til indsigt i, hvilke oplysninger, der er registreret om dig. Disse rettigheder har du efter Persondataloven og henvendelse i forbindelse hermed rettes til&nbsp;<a href=\"mailto:dorte@livsterapi.dk\">dorte@livsterapi.dk<\/a>, support@niipit.dk.<\/p>\n\n\n\n<p><strong>Cookies<\/strong><br>P\u00e5 https:\/\/niipit.dk\/liivsterapi\/ anvendes cookies med det form\u00e5l at optimere hjemmesiden og dets funktionalitet, og dermed g\u00f8re bes\u00f8get s\u00e5 nemt som muligt for dig.<\/p>\n\n\n\n<p>Du kan til enhver tid slette cookies fra din computer, se vejledningen p\u00e5&nbsp;Webshop Cookies og Privatlivspolitik.<\/p>\n\n\n\n<p><strong>Log-statistik<\/strong><br>Vi bruger en log-statistik p\u00e5 https:\/\/niipit.dk\/liivsterapi\/, hvilket betyder, at et statistik-system opsamler information, som kan give et statistisk billede af, hvor mange bes\u00f8gende vi har, hvor de kommer fra og hvor p\u00e5 websitet det forlades mv.<\/p>\n\n\n\n<p>Logstatistikken anvendes kun med det form\u00e5l, at optimere Onkel-maler v\/Kim Glerup Vilsgaard &#8211; Liivsterapi&#8217;s hjemmeside.<\/p>\n\n\n\n<h2 class=\"wp-block-heading\">Klagemuligheder<\/h2>\n\n\n\n<p>Ved klage skal vores e-mail adresse angives: dorte@livsterapi.dk samt hjemmesiden du har k\u00f8bt varen p\u00e5.<\/p>\n\n\n\n<p>Klager over produkter kan sendes til:<\/p>\n\n\n\n<p><strong>Konkurrence- og Forbrugerstyrelsens<\/strong><br>Carl Jacobsens Vej 35<br>2500 Valby<br><a href=\"https:\/\/forbrug.dk\">www.forbrug.dk<\/a><\/p>\n\n\n\n<p>For EU-borgere uden for EU skal klager sendes via EU Kommissionens online klageplatform.<br><a href=\"http:\/\/ec.europa.eu\/consumers\/odr\/\">ec.europa.eu<\/a><\/p>\n\n\n\n<hr class=\"wp-block-separator\"\/>\n\n\n\n<h3 class=\"wp-block-heading\">Standardfortrydelsesformular<\/h3>\n\n\n\n<p>(denne formular udfyldes og returneres kun, hvis fortrydelsesretten g\u00f8res g\u00e6ldende) &#8211; <br><strong>Til Liivsterapi<br><\/strong>Onkel-maler v\/Kim Glerup Vilsgaard &#8211; Liivsterapi<br>Fjellerup Bygade 13<br>8585 Gleesborg <br><a href=\"mailto:dorte@livsterapi.dk\">dorte@liivsterapi.dk<\/a><br>Jeg\/vi __________________________________________________________________________________ <br>meddeler herved, at jeg\/vi _____________________________________________________________ <br>\u00f8nsker at g\u00f8re fortrydelsesretten g\u00e6ldende i forbindelse med min\/vores k\u00f8bsaftale om f\u00f8lgende varer_________________________________________________________________________<br>levering af f\u00f8lgende tjenesteydelser ___________________________________________________<br>Bestilt den _____________________________________________________________________________<br>modtaget den __________________________________________________________________________<br>Forbrugerens navn ____________________________________________________________________ <br>Forbrugerens adresse _________________________________________________________________<br>Forbrugerens underskrift _____________________________________________________________<br> (kun hvis formularens indhold meddeles p\u00e5 papir)<br>Dato ___________________________________________________________________________________<\/p>\n","protected":false},"excerpt":{"rendered":"<p>Handelsbetingelser for Liivsterapi Ejes af Onkel-maler v\/Kim Glerup Vilsgaard LiivsterapiOnkel-maler v\/Kim Glerup Vilsgaard &#8211; LiivsterapiFjellerup Bygade 138585 GleesborgTLF:&nbsp;+45 42 45 24 42CVR: 32167098 Ophavsretten Ophavsretten til alt materiale p\u00e5 www.liivsterapi.dk tilh\u00f8rer LiivsTerapi i henhold til g\u00e6ldende dansk lovgivning. Brugsaftale K\u00f8b af et online-produkt hos LiivsTerapi inkluderer 1 licens, materialet m\u00e5 ikke deles med andre p\u00e5 <a class=\"moretag btn btn-primary\" href=\"https:\/\/niipit.dk\/liivsterapi\/handelsbetingelser\/\">L\u00e6s mere<\/a><\/p>\n","protected":false},"author":151,"featured_media":0,"parent":0,"menu_order":0,"comment_status":"closed","ping_status":"closed","template":"","meta":{"_exactmetrics_skip_tracking":false,"_exactmetrics_sitenote_active":false,"_exactmetrics_sitenote_note":"","_exactmetrics_sitenote_category":0,"_monsterinsights_skip_tracking":false,"_monsterinsights_sitenote_active":false,"_monsterinsights_sitenote_note":"","_monsterinsights_sitenote_category":0,"footnotes":""},"class_list":["post-5119","page","type-page","status-publish","hentry"],"yoast_head":"<!-- This site is optimized with the Yoast SEO Premium plugin v16.3 (Yoast SEO v27.4) - https:\/\/yoast.com\/product\/yoast-seo-premium-wordpress\/ -->\n<title>Handelsbetingelser - Liivsterapi<\/title>\n<meta name=\"robots\" content=\"index, follow, max-snippet:-1, max-image-preview:large, max-video-preview:-1\" \/>\n<link rel=\"canonical\" href=\"https:\/\/niipit.dk\/liivsterapi\/handelsbetingelser\/\" \/>\n<meta property=\"og:locale\" content=\"da_DK\" \/>\n<meta property=\"og:type\" content=\"article\" \/>\n<meta property=\"og:title\" content=\"Handelsbetingelser - Liivsterapi\" \/>\n<meta property=\"og:description\" content=\"Handelsbetingelser for Liivsterapi Ejes af Onkel-maler v\/Kim Glerup Vilsgaard LiivsterapiOnkel-maler v\/Kim Glerup Vilsgaard &#8211; LiivsterapiFjellerup Bygade 138585 GleesborgTLF:&nbsp;+45 42 45 24 42CVR: 32167098 Ophavsretten Ophavsretten til alt materiale p\u00e5 www.liivsterapi.dk tilh\u00f8rer LiivsTerapi i henhold til g\u00e6ldende dansk lovgivning. Brugsaftale K\u00f8b af et online-produkt hos LiivsTerapi inkluderer 1 licens, materialet m\u00e5 ikke deles med andre p\u00e5 L\u00e6s mere\" \/>\n<meta property=\"og:url\" content=\"https:\/\/niipit.dk\/liivsterapi\/handelsbetingelser\/\" \/>\n<meta property=\"og:site_name\" content=\"Liivsterapi\" \/>\n<meta property=\"article:modified_time\" content=\"2020-07-04T21:47:29+00:00\" \/>\n<meta name=\"twitter:card\" content=\"summary_large_image\" \/>\n<meta name=\"twitter:label1\" content=\"Estimeret l\u00e6setid\" \/>\n\t<meta name=\"twitter:data1\" content=\"6 minutter\" \/>\n<script type=\"application\/ld+json\" class=\"yoast-schema-graph\">{\"@context\":\"https:\\\/\\\/schema.org\",\"@graph\":[{\"@type\":\"WebPage\",\"@id\":\"https:\\\/\\\/niipit.dk\\\/liivsterapi\\\/handelsbetingelser\\\/\",\"url\":\"https:\\\/\\\/niipit.dk\\\/liivsterapi\\\/handelsbetingelser\\\/\",\"name\":\"Handelsbetingelser - Liivsterapi\",\"isPartOf\":{\"@id\":\"https:\\\/\\\/niipit.dk\\\/liivsterapi\\\/#website\"},\"datePublished\":\"2018-08-15T20:06:08+00:00\",\"dateModified\":\"2020-07-04T21:47:29+00:00\",\"breadcrumb\":{\"@id\":\"https:\\\/\\\/niipit.dk\\\/liivsterapi\\\/handelsbetingelser\\\/#breadcrumb\"},\"inLanguage\":\"da-DK\",\"potentialAction\":[{\"@type\":\"ReadAction\",\"target\":[\"https:\\\/\\\/niipit.dk\\\/liivsterapi\\\/handelsbetingelser\\\/\"]}]},{\"@type\":\"BreadcrumbList\",\"@id\":\"https:\\\/\\\/niipit.dk\\\/liivsterapi\\\/handelsbetingelser\\\/#breadcrumb\",\"itemListElement\":[{\"@type\":\"ListItem\",\"position\":1,\"name\":\"Hjem\",\"item\":\"https:\\\/\\\/niipit.dk\\\/liivsterapi\\\/\"},{\"@type\":\"ListItem\",\"position\":2,\"name\":\"Handelsbetingelser\"}]},{\"@type\":\"WebSite\",\"@id\":\"https:\\\/\\\/niipit.dk\\\/liivsterapi\\\/#website\",\"url\":\"https:\\\/\\\/niipit.dk\\\/liivsterapi\\\/\",\"name\":\"Liivsterapi\",\"description\":\"F\u00e5 din virksomhed p\u00e5 niipit\",\"potentialAction\":[{\"@type\":\"SearchAction\",\"target\":{\"@type\":\"EntryPoint\",\"urlTemplate\":\"https:\\\/\\\/niipit.dk\\\/liivsterapi\\\/?s={search_term_string}\"},\"query-input\":{\"@type\":\"PropertyValueSpecification\",\"valueRequired\":true,\"valueName\":\"search_term_string\"}}],\"inLanguage\":\"da-DK\"}]}<\/script>\n<!-- \/ Yoast SEO Premium plugin. -->","yoast_head_json":{"title":"Handelsbetingelser - Liivsterapi","robots":{"index":"index","follow":"follow","max-snippet":"max-snippet:-1","max-image-preview":"max-image-preview:large","max-video-preview":"max-video-preview:-1"},"canonical":"https:\/\/niipit.dk\/liivsterapi\/handelsbetingelser\/","og_locale":"da_DK","og_type":"article","og_title":"Handelsbetingelser - Liivsterapi","og_description":"Handelsbetingelser for Liivsterapi Ejes af Onkel-maler v\/Kim Glerup Vilsgaard LiivsterapiOnkel-maler v\/Kim Glerup Vilsgaard &#8211; LiivsterapiFjellerup Bygade 138585 GleesborgTLF:&nbsp;+45 42 45 24 42CVR: 32167098 Ophavsretten Ophavsretten til alt materiale p\u00e5 www.liivsterapi.dk tilh\u00f8rer LiivsTerapi i henhold til g\u00e6ldende dansk lovgivning. Brugsaftale K\u00f8b af et online-produkt hos LiivsTerapi inkluderer 1 licens, materialet m\u00e5 ikke deles med andre p\u00e5 L\u00e6s mere","og_url":"https:\/\/niipit.dk\/liivsterapi\/handelsbetingelser\/","og_site_name":"Liivsterapi","article_modified_time":"2020-07-04T21:47:29+00:00","twitter_card":"summary_large_image","twitter_misc":{"Estimeret l\u00e6setid":"6 minutter"},"schema":{"@context":"https:\/\/schema.org","@graph":[{"@type":"WebPage","@id":"https:\/\/niipit.dk\/liivsterapi\/handelsbetingelser\/","url":"https:\/\/niipit.dk\/liivsterapi\/handelsbetingelser\/","name":"Handelsbetingelser - Liivsterapi","isPartOf":{"@id":"https:\/\/niipit.dk\/liivsterapi\/#website"},"datePublished":"2018-08-15T20:06:08+00:00","dateModified":"2020-07-04T21:47:29+00:00","breadcrumb":{"@id":"https:\/\/niipit.dk\/liivsterapi\/handelsbetingelser\/#breadcrumb"},"inLanguage":"da-DK","potentialAction":[{"@type":"ReadAction","target":["https:\/\/niipit.dk\/liivsterapi\/handelsbetingelser\/"]}]},{"@type":"BreadcrumbList","@id":"https:\/\/niipit.dk\/liivsterapi\/handelsbetingelser\/#breadcrumb","itemListElement":[{"@type":"ListItem","position":1,"name":"Hjem","item":"https:\/\/niipit.dk\/liivsterapi\/"},{"@type":"ListItem","position":2,"name":"Handelsbetingelser"}]},{"@type":"WebSite","@id":"https:\/\/niipit.dk\/liivsterapi\/#website","url":"https:\/\/niipit.dk\/liivsterapi\/","name":"Liivsterapi","description":"F\u00e5 din virksomhed p\u00e5 niipit","potentialAction":[{"@type":"SearchAction","target":{"@type":"EntryPoint","urlTemplate":"https:\/\/niipit.dk\/liivsterapi\/?s={search_term_string}"},"query-input":{"@type":"PropertyValueSpecification","valueRequired":true,"valueName":"search_term_string"}}],"inLanguage":"da-DK"}]}},"_links":{"self":[{"href":"https:\/\/niipit.dk\/liivsterapi\/wp-json\/wp\/v2\/pages\/5119","targetHints":{"allow":["GET"]}}],"collection":[{"href":"https:\/\/niipit.dk\/liivsterapi\/wp-json\/wp\/v2\/pages"}],"about":[{"href":"https:\/\/niipit.dk\/liivsterapi\/wp-json\/wp\/v2\/types\/page"}],"author":[{"embeddable":true,"href":"https:\/\/niipit.dk\/liivsterapi\/wp-json\/wp\/v2\/users\/151"}],"replies":[{"embeddable":true,"href":"https:\/\/niipit.dk\/liivsterapi\/wp-json\/wp\/v2\/comments?post=5119"}],"version-history":[{"count":0,"href":"https:\/\/niipit.dk\/liivsterapi\/wp-json\/wp\/v2\/pages\/5119\/revisions"}],"wp:attachment":[{"href":"https:\/\/niipit.dk\/liivsterapi\/wp-json\/wp\/v2\/media?parent=5119"}],"curies":[{"name":"wp","href":"https:\/\/api.w.org\/{rel}","templated":true}]}}