{"id":5064,"date":"2018-08-10T22:29:34","date_gmt":"2018-08-10T20:29:34","guid":{"rendered":"https:\/\/niipit.dk\/lasertryk-shop\/?page_id=5064"},"modified":"2021-05-22T16:57:26","modified_gmt":"2021-05-22T14:57:26","slug":"lasertryk-aarhus","status":"publish","type":"page","link":"https:\/\/niipit.dk\/lasertryk\/","title":{"rendered":"Forside"},"content":{"rendered":"\n<hr class=\"wp-block-separator\"\/>\n\n\n\n<h2 class=\"wp-block-heading\" id=\"h-hos-lasertryk-i-aarhus-kan-du-bestille-alle-tryksager-til-din-virksomhed\">Hos LaserTryk i Aarhus kan du bestille alle tryksager til din virksomhed<\/h2>\n\n\n\n<p>Lasertryk Aarhus, er Skandinaviens st\u00f8rste leverand\u00f8r af tryksager og reklameprodukter til din virksomhed og vi er Danmarks billigste. <\/p>\n\n\n\n<h2 class=\"wp-block-heading\" id=\"h-prisgaranti-p-alle-tryksager\">Prisgaranti p\u00e5 alle tryksager<\/h2>\n\n\n\n<h3 class=\"wp-block-heading\" id=\"h-vi-matcher-priser-p-alle-tryksager\">Vi matcher priser p\u00e5 alle tryksager.<\/h3>\n\n\n\n<h4 class=\"wp-block-heading\" id=\"h-visitkort\">Visitkort<\/h4>\n\n\n\n<p>Visitkort h\u00f8rer nutiden til! Selvom du kan gemme alle navne og adresser digitalt er det stadig mere enkelt og eksklusivt at give et smukt og eksklusivt visitkort. Lasertryk i Aarhus har alle slags visitkort og hos os er luksus-kvalitet standardvaren. <\/p>\n\n\n\n<h3 class=\"wp-block-heading\" id=\"h-tryksager-og-reklameprodukter-til-din-virksomhed\">Tryksager og reklameprodukter til din virksomhed<\/h3>\n\n\n\n<p>Blokke, brevpapir, brochurer, b\u00f8ger, foldere, h\u00e6fter, kuverter, flyers, plakater, postkort og visitkort. Alt det, som din virksomhed har brug for, s\u00e5 du kan give dine kunder en kvalitetsoplevelse hver eneste gang. <br>Ligesom LaserTryk g\u00f8r det!<\/p>\n\n\n\n<h3 class=\"wp-block-heading\" id=\"h-messetilbeh-r\">Messetilbeh\u00f8r<\/h3>\n\n\n\n<p>Skal du p\u00e5 messe? Bliv messeklar og bestil alt messetilbeh\u00f8r hos os. S\u00e5 er du helt klar til kunderne p\u00e5 messedagen. <\/p>\n\n\n\n<h3 class=\"wp-block-heading\" id=\"h-flotte-fotos\">Flotte fotos<\/h3>\n\n\n\n<p>Hos vores s\u00f8sterfirma fotosjov.dk kan du bestille flotte og kreative fotoprodukter og f\u00e5 fotominder for livet. Vi har krus, b\u00f8ger, h\u00e6fter, l\u00e6rreder, kalendere, plakater og lyk\u00f8nskningskort. <\/p>\n\n\n\n<h3 class=\"wp-block-heading\" id=\"h-skilte\">Skilte<\/h3>\n\n\n\n<p>F\u00e5 skilte til din butik, til din bus, 3D-logo eller d\u00f8rskilt, til bordet, til gulvet, til at h\u00e6nge og du kan endda f\u00e5 papfigurer i fuld st\u00f8rrelse. <\/p>\n\n\n\n<h3 class=\"wp-block-heading\" id=\"h-hj-lp-til-det-tekniske\">Hj\u00e6lp til det tekniske <\/h3>\n\n\n\n<p>Hvis du vil v\u00e6re sikker p\u00e5, at din fil er egnet til tryk, kan du f\u00e5 et filtjek.  Kristina Larsen  er vores filtjek-ekspert hos LaserTryk Ring tlf. +45 69 147 636 <\/p>\n\n\n\n<h3 class=\"wp-block-heading\" id=\"h-vis-dine-kunder-at-du-t-nker-p-milj-et\">Vis dine kunder, at du t\u00e6nker p\u00e5 milj\u00f8et<\/h3>\n\n\n\n<p>Alle tryksager fra <a href=\"https:\/\/da.wikipedia.org\/wiki\/Lasertryk.dk\" target=\"_blank\" rel=\"noreferrer noopener\">LaserTryk<\/a> er Svanem\u00e6rkede. Du kan v\u00e6lge at s\u00e6tte Svanem\u00e6rket p\u00e5 dine tryksager, s\u00e5 du fort\u00e6ller dine kunder, at din virksomhed t\u00e6nker p\u00e5 milj\u00f8et. <\/p>\n\n\n\n<h3 class=\"wp-block-heading\" id=\"h-n-r-det-skal-g-st-rkt\">N\u00e5r det skal g\u00e5 st\u00e6rkt<\/h3>\n\n\n\n<p>Sommetider skal det bare g\u00e5 st\u00e6rkt. Med eksprestryk, som behandles af vores ekspresteam kan vi f\u00e5 dine tryksager lynhurtigt ud af d\u00f8ren. Du skal bare kontakte ekspres-teamet hos LaserTryk p\u00e5 tlf. 69 131 927. <br>Mod gebyr kan vi s\u00e6tte produktionen i gang med det samme. <\/p>\n\n\n\n<p><\/p>\n","protected":false},"excerpt":{"rendered":"<p>Hos LaserTryk i Aarhus kan du bestille alle tryksager til din virksomhed Lasertryk Aarhus, er Skandinaviens st\u00f8rste leverand\u00f8r af tryksager og reklameprodukter til din virksomhed og vi er Danmarks billigste. Prisgaranti p\u00e5 alle tryksager Vi matcher priser p\u00e5 alle tryksager. Visitkort Visitkort h\u00f8rer nutiden til! Selvom du kan gemme alle navne og adresser digitalt er <a class=\"moretag btn btn-primary\" href=\"https:\/\/niipit.dk\/lasertryk\/\">L\u00e6s mere<\/a><\/p>\n","protected":false},"author":1060,"featured_media":6355,"parent":0,"menu_order":0,"comment_status":"closed","ping_status":"closed","template":"frontpagePremium.php","meta":{"_exactmetrics_skip_tracking":false,"_exactmetrics_sitenote_active":false,"_exactmetrics_sitenote_note":"","_exactmetrics_sitenote_category":0,"_monsterinsights_skip_tracking":false,"_monsterinsights_sitenote_active":false,"_monsterinsights_sitenote_note":"","_monsterinsights_sitenote_category":0,"footnotes":""},"class_list":["post-5064","page","type-page","status-publish","has-post-thumbnail","hentry"],"yoast_head":"<!-- This site is optimized with the Yoast SEO Premium plugin v16.3 (Yoast SEO v27.4) - https:\/\/yoast.com\/product\/yoast-seo-premium-wordpress\/ -->\n<title>LaserTryk Aarhus - Tryksager har aldrig v\u00e6ret billigere<\/title>\n<meta name=\"description\" content=\"LaserTryk Aarhus Tryksager, skilte, klisterm\u00e6rker, messeudstyr og fotoprodukter til erhverv og private. Milj\u00f8rigtig og Prismatch\" \/>\n<meta name=\"robots\" content=\"index, follow, max-snippet:-1, max-image-preview:large, max-video-preview:-1\" \/>\n<link rel=\"canonical\" href=\"http:\/\/niipit.dk\/lasertryk\/\" \/>\n<meta property=\"og:locale\" content=\"da_DK\" \/>\n<meta property=\"og:type\" content=\"article\" \/>\n<meta property=\"og:title\" content=\"LaserTryk Aarhus - Tryksager har aldrig v\u00e6ret billigere\" \/>\n<meta property=\"og:description\" content=\"LaserTryk Aarhus Tryksager, skilte, klisterm\u00e6rker, messeudstyr og fotoprodukter til erhverv og private. Milj\u00f8rigtig og Prismatch\" \/>\n<meta property=\"og:url\" content=\"http:\/\/niipit.dk\/lasertryk\/\" \/>\n<meta property=\"og:site_name\" content=\"LaserTryk\" \/>\n<meta property=\"article:modified_time\" content=\"2021-05-22T14:57:26+00:00\" \/>\n<meta property=\"og:image\" content=\"http:\/\/niipit.dk\/lasertryk\/wp-content\/uploads\/sites\/175\/2019\/10\/lasertryk.dk-lasertryk-aarhus.jpg\" \/>\n\t<meta property=\"og:image:width\" content=\"350\" \/>\n\t<meta property=\"og:image:height\" content=\"350\" \/>\n\t<meta property=\"og:image:type\" content=\"image\/jpeg\" \/>\n<meta name=\"twitter:card\" content=\"summary_large_image\" \/>\n<meta name=\"twitter:label1\" content=\"Estimeret l\u00e6setid\" \/>\n\t<meta name=\"twitter:data1\" content=\"2 minutter\" \/>\n<script type=\"application\/ld+json\" class=\"yoast-schema-graph\">{\"@context\":\"https:\\\/\\\/schema.org\",\"@graph\":[{\"@type\":\"WebPage\",\"@id\":\"http:\\\/\\\/niipit.dk\\\/lasertryk\\\/\",\"url\":\"http:\\\/\\\/niipit.dk\\\/lasertryk\\\/\",\"name\":\"LaserTryk Aarhus - Tryksager har aldrig v\u00e6ret billigere\",\"isPartOf\":{\"@id\":\"http:\\\/\\\/niipit.dk\\\/lasertryk\\\/#website\"},\"primaryImageOfPage\":{\"@id\":\"http:\\\/\\\/niipit.dk\\\/lasertryk\\\/#primaryimage\"},\"image\":{\"@id\":\"http:\\\/\\\/niipit.dk\\\/lasertryk\\\/#primaryimage\"},\"thumbnailUrl\":\"https:\\\/\\\/niipit.dk\\\/lasertryk\\\/wp-content\\\/uploads\\\/sites\\\/175\\\/2019\\\/10\\\/lasertryk.dk-lasertryk-aarhus.jpg\",\"datePublished\":\"2018-08-10T20:29:34+00:00\",\"dateModified\":\"2021-05-22T14:57:26+00:00\",\"description\":\"LaserTryk Aarhus Tryksager, skilte, klisterm\u00e6rker, messeudstyr og fotoprodukter til erhverv og private. Milj\u00f8rigtig og Prismatch\",\"breadcrumb\":{\"@id\":\"http:\\\/\\\/niipit.dk\\\/lasertryk\\\/#breadcrumb\"},\"inLanguage\":\"da-DK\",\"potentialAction\":[{\"@type\":\"ReadAction\",\"target\":[\"http:\\\/\\\/niipit.dk\\\/lasertryk\\\/\"]}]},{\"@type\":\"ImageObject\",\"inLanguage\":\"da-DK\",\"@id\":\"http:\\\/\\\/niipit.dk\\\/lasertryk\\\/#primaryimage\",\"url\":\"https:\\\/\\\/niipit.dk\\\/lasertryk\\\/wp-content\\\/uploads\\\/sites\\\/175\\\/2019\\\/10\\\/lasertryk.dk-lasertryk-aarhus.jpg\",\"contentUrl\":\"https:\\\/\\\/niipit.dk\\\/lasertryk\\\/wp-content\\\/uploads\\\/sites\\\/175\\\/2019\\\/10\\\/lasertryk.dk-lasertryk-aarhus.jpg\",\"width\":350,\"height\":350,\"caption\":\"Hos Lasertryk kan du bestille alle de tryksager, din virksomhed har brug for. Alle tryksager fra Lasertryk er Svanem\u00e6rkede.\"},{\"@type\":\"BreadcrumbList\",\"@id\":\"http:\\\/\\\/niipit.dk\\\/lasertryk\\\/#breadcrumb\",\"itemListElement\":[{\"@type\":\"ListItem\",\"position\":1,\"name\":\"Hjem\",\"item\":\"http:\\\/\\\/niipit.dk\\\/lasertryk\\\/\"},{\"@type\":\"ListItem\",\"position\":2,\"name\":\"Forside\"}]},{\"@type\":\"WebSite\",\"@id\":\"http:\\\/\\\/niipit.dk\\\/lasertryk\\\/#website\",\"url\":\"http:\\\/\\\/niipit.dk\\\/lasertryk\\\/\",\"name\":\"LaserTryk\",\"description\":\"Tryksager har aldrig v\u00e6ret billigere\",\"potentialAction\":[{\"@type\":\"SearchAction\",\"target\":{\"@type\":\"EntryPoint\",\"urlTemplate\":\"http:\\\/\\\/niipit.dk\\\/lasertryk\\\/?s={search_term_string}\"},\"query-input\":{\"@type\":\"PropertyValueSpecification\",\"valueRequired\":true,\"valueName\":\"search_term_string\"}}],\"inLanguage\":\"da-DK\"}]}<\/script>\n<!-- \/ Yoast SEO Premium plugin. -->","yoast_head_json":{"title":"LaserTryk Aarhus - Tryksager har aldrig v\u00e6ret billigere","description":"LaserTryk Aarhus Tryksager, skilte, klisterm\u00e6rker, messeudstyr og fotoprodukter til erhverv og private. Milj\u00f8rigtig og Prismatch","robots":{"index":"index","follow":"follow","max-snippet":"max-snippet:-1","max-image-preview":"max-image-preview:large","max-video-preview":"max-video-preview:-1"},"canonical":"http:\/\/niipit.dk\/lasertryk\/","og_locale":"da_DK","og_type":"article","og_title":"LaserTryk Aarhus - Tryksager har aldrig v\u00e6ret billigere","og_description":"LaserTryk Aarhus Tryksager, skilte, klisterm\u00e6rker, messeudstyr og fotoprodukter til erhverv og private. Milj\u00f8rigtig og Prismatch","og_url":"http:\/\/niipit.dk\/lasertryk\/","og_site_name":"LaserTryk","article_modified_time":"2021-05-22T14:57:26+00:00","og_image":[{"width":350,"height":350,"url":"http:\/\/niipit.dk\/lasertryk\/wp-content\/uploads\/sites\/175\/2019\/10\/lasertryk.dk-lasertryk-aarhus.jpg","type":"image\/jpeg"}],"twitter_card":"summary_large_image","twitter_misc":{"Estimeret l\u00e6setid":"2 minutter"},"schema":{"@context":"https:\/\/schema.org","@graph":[{"@type":"WebPage","@id":"http:\/\/niipit.dk\/lasertryk\/","url":"http:\/\/niipit.dk\/lasertryk\/","name":"LaserTryk Aarhus - Tryksager har aldrig v\u00e6ret billigere","isPartOf":{"@id":"http:\/\/niipit.dk\/lasertryk\/#website"},"primaryImageOfPage":{"@id":"http:\/\/niipit.dk\/lasertryk\/#primaryimage"},"image":{"@id":"http:\/\/niipit.dk\/lasertryk\/#primaryimage"},"thumbnailUrl":"https:\/\/niipit.dk\/lasertryk\/wp-content\/uploads\/sites\/175\/2019\/10\/lasertryk.dk-lasertryk-aarhus.jpg","datePublished":"2018-08-10T20:29:34+00:00","dateModified":"2021-05-22T14:57:26+00:00","description":"LaserTryk Aarhus Tryksager, skilte, klisterm\u00e6rker, messeudstyr og fotoprodukter til erhverv og private. Milj\u00f8rigtig og Prismatch","breadcrumb":{"@id":"http:\/\/niipit.dk\/lasertryk\/#breadcrumb"},"inLanguage":"da-DK","potentialAction":[{"@type":"ReadAction","target":["http:\/\/niipit.dk\/lasertryk\/"]}]},{"@type":"ImageObject","inLanguage":"da-DK","@id":"http:\/\/niipit.dk\/lasertryk\/#primaryimage","url":"https:\/\/niipit.dk\/lasertryk\/wp-content\/uploads\/sites\/175\/2019\/10\/lasertryk.dk-lasertryk-aarhus.jpg","contentUrl":"https:\/\/niipit.dk\/lasertryk\/wp-content\/uploads\/sites\/175\/2019\/10\/lasertryk.dk-lasertryk-aarhus.jpg","width":350,"height":350,"caption":"Hos Lasertryk kan du bestille alle de tryksager, din virksomhed har brug for. Alle tryksager fra Lasertryk er Svanem\u00e6rkede."},{"@type":"BreadcrumbList","@id":"http:\/\/niipit.dk\/lasertryk\/#breadcrumb","itemListElement":[{"@type":"ListItem","position":1,"name":"Hjem","item":"http:\/\/niipit.dk\/lasertryk\/"},{"@type":"ListItem","position":2,"name":"Forside"}]},{"@type":"WebSite","@id":"http:\/\/niipit.dk\/lasertryk\/#website","url":"http:\/\/niipit.dk\/lasertryk\/","name":"LaserTryk","description":"Tryksager har aldrig v\u00e6ret billigere","potentialAction":[{"@type":"SearchAction","target":{"@type":"EntryPoint","urlTemplate":"http:\/\/niipit.dk\/lasertryk\/?s={search_term_string}"},"query-input":{"@type":"PropertyValueSpecification","valueRequired":true,"valueName":"search_term_string"}}],"inLanguage":"da-DK"}]}},"_links":{"self":[{"href":"https:\/\/niipit.dk\/lasertryk\/wp-json\/wp\/v2\/pages\/5064","targetHints":{"allow":["GET"]}}],"collection":[{"href":"https:\/\/niipit.dk\/lasertryk\/wp-json\/wp\/v2\/pages"}],"about":[{"href":"https:\/\/niipit.dk\/lasertryk\/wp-json\/wp\/v2\/types\/page"}],"author":[{"embeddable":true,"href":"https:\/\/niipit.dk\/lasertryk\/wp-json\/wp\/v2\/users\/1060"}],"replies":[{"embeddable":true,"href":"https:\/\/niipit.dk\/lasertryk\/wp-json\/wp\/v2\/comments?post=5064"}],"version-history":[{"count":1,"href":"https:\/\/niipit.dk\/lasertryk\/wp-json\/wp\/v2\/pages\/5064\/revisions"}],"predecessor-version":[{"id":6689,"href":"https:\/\/niipit.dk\/lasertryk\/wp-json\/wp\/v2\/pages\/5064\/revisions\/6689"}],"wp:featuredmedia":[{"embeddable":true,"href":"https:\/\/niipit.dk\/lasertryk\/wp-json\/wp\/v2\/media\/6355"}],"wp:attachment":[{"href":"https:\/\/niipit.dk\/lasertryk\/wp-json\/wp\/v2\/media?parent=5064"}],"curies":[{"name":"wp","href":"https:\/\/api.w.org\/{rel}","templated":true}]}}