{"id":5064,"date":"2020-04-10T22:29:34","date_gmt":"2020-04-10T20:29:34","guid":{"rendered":"https:\/\/niipit.dk\/konditor-bager-horsens-shop\/?page_id=5064"},"modified":"2022-02-18T12:08:47","modified_gmt":"2022-02-18T11:08:47","slug":"frontpage","status":"publish","type":"page","link":"https:\/\/niipit.dk\/konditor-bager-horsens\/","title":{"rendered":"Forside"},"content":{"rendered":"\n<hr class=\"wp-block-separator\"\/>\n\n\n\n<h2 class=\"wp-block-heading\">Er dette byens bedste bageri?<\/h2>\n\n\n\n<p>I f\u00f8lge anmeldelserne p\u00e5 Google s\u00e5 er det helt sikkert en rigtig god bager i Horsens. De f\u00e5r ros for deres friskbagte rundstykker og deres forskellige br\u00f8d. Nogle roser dem endda for at kagerne ikke er sm\u00e5. Det er jo en vigtig detalje da kager har det med at blive sm\u00e5 med tiden.<\/p>\n\n\n\n<h3 class=\"wp-block-heading\">Bageri der f\u00e5r gode anmeldelser.<\/h3>\n\n\n\n<p>B\u00e5de br\u00f8d og kager smager godt. Udvalget er stort og l\u00e6kkert og byder b\u00e5de p\u00e5 sandwich, franskbr\u00f8d, rugbr\u00f8d, fl\u00f8dekager og t\u00f8rkager for ikke at glemme det fantastisk gode wienerbr\u00f8d.<\/p>\n\n\n\n<h2 class=\"wp-block-heading\">Godt h\u00e5ndv\u00e6rk og tilbud.<\/h2>\n\n\n\n<p>Ja godt bager h\u00e5ndv\u00e6rk og gode priser de kan godt g\u00e5 h\u00e5nd i h\u00e5nd. Hver uge er der gode tilbud hos Konditor Bager Horsens. Det er alt fra poser med blandet rundstykker til kagemand\/dame samt l\u00e6kre kager. Hvorn\u00e5r har du sidst bes\u00f8get dit lokale bageri?<\/p>\n","protected":false},"excerpt":{"rendered":"<p>Er dette byens bedste bageri? I f\u00f8lge anmeldelserne p\u00e5 Google s\u00e5 er det helt sikkert en rigtig god bager i Horsens. De f\u00e5r ros for deres friskbagte rundstykker og deres forskellige br\u00f8d. Nogle roser dem endda for at kagerne ikke er sm\u00e5. Det er jo en vigtig detalje da kager har det med at blive <a class=\"moretag btn btn-primary\" href=\"https:\/\/niipit.dk\/konditor-bager-horsens\/\">L\u00e6s mere<\/a><\/p>\n","protected":false},"author":1,"featured_media":0,"parent":0,"menu_order":0,"comment_status":"closed","ping_status":"closed","template":"frontpagePremium.php","meta":{"_exactmetrics_skip_tracking":false,"_exactmetrics_sitenote_active":false,"_exactmetrics_sitenote_note":"","_exactmetrics_sitenote_category":0,"_monsterinsights_skip_tracking":false,"_monsterinsights_sitenote_active":false,"_monsterinsights_sitenote_note":"","_monsterinsights_sitenote_category":0,"footnotes":""},"class_list":["post-5064","page","type-page","status-publish","hentry"],"yoast_head":"<!-- This site is optimized with the Yoast SEO Premium plugin v16.3 (Yoast SEO v27.3) - https:\/\/yoast.com\/product\/yoast-seo-premium-wordpress\/ -->\n<title>Konditor Bager Horsens<\/title>\n<meta name=\"description\" content=\"Konditor Bager Horsens\" \/>\n<meta name=\"robots\" content=\"index, follow, max-snippet:-1, max-image-preview:large, max-video-preview:-1\" \/>\n<link rel=\"canonical\" href=\"https:\/\/niipit.dk\/konditor-bager-horsens\/\" \/>\n<meta property=\"og:locale\" content=\"da_DK\" \/>\n<meta property=\"og:type\" content=\"article\" \/>\n<meta property=\"og:title\" content=\"Konditor Bager Horsens\" \/>\n<meta property=\"og:description\" content=\"Konditor Bager Horsens\" \/>\n<meta property=\"og:url\" content=\"https:\/\/niipit.dk\/konditor-bager-horsens\/\" \/>\n<meta property=\"og:site_name\" content=\"Konditor Bager Horsens\" \/>\n<meta property=\"article:modified_time\" content=\"2022-02-18T11:08:47+00:00\" \/>\n<meta name=\"twitter:card\" content=\"summary_large_image\" \/>\n<meta name=\"twitter:label1\" content=\"Estimeret l\u00e6setid\" \/>\n\t<meta name=\"twitter:data1\" content=\"1 minut\" \/>\n<script type=\"application\/ld+json\" class=\"yoast-schema-graph\">{\"@context\":\"https:\\\/\\\/schema.org\",\"@graph\":[{\"@type\":\"WebPage\",\"@id\":\"https:\\\/\\\/niipit.dk\\\/konditor-bager-horsens\\\/\",\"url\":\"https:\\\/\\\/niipit.dk\\\/konditor-bager-horsens\\\/\",\"name\":\"Konditor Bager Horsens\",\"isPartOf\":{\"@id\":\"https:\\\/\\\/niipit.dk\\\/konditor-bager-horsens\\\/#website\"},\"datePublished\":\"2020-04-10T20:29:34+00:00\",\"dateModified\":\"2022-02-18T11:08:47+00:00\",\"description\":\"Konditor Bager Horsens\",\"breadcrumb\":{\"@id\":\"https:\\\/\\\/niipit.dk\\\/konditor-bager-horsens\\\/#breadcrumb\"},\"inLanguage\":\"da-DK\",\"potentialAction\":[{\"@type\":\"ReadAction\",\"target\":[\"https:\\\/\\\/niipit.dk\\\/konditor-bager-horsens\\\/\"]}]},{\"@type\":\"BreadcrumbList\",\"@id\":\"https:\\\/\\\/niipit.dk\\\/konditor-bager-horsens\\\/#breadcrumb\",\"itemListElement\":[{\"@type\":\"ListItem\",\"position\":1,\"name\":\"Hjem\",\"item\":\"https:\\\/\\\/niipit.dk\\\/konditor-bager-horsens\\\/\"},{\"@type\":\"ListItem\",\"position\":2,\"name\":\"Forside\"}]},{\"@type\":\"WebSite\",\"@id\":\"https:\\\/\\\/niipit.dk\\\/konditor-bager-horsens\\\/#website\",\"url\":\"https:\\\/\\\/niipit.dk\\\/konditor-bager-horsens\\\/\",\"name\":\"Konditor Bager Horsens\",\"description\":\"Br\u00f8d der smager\",\"potentialAction\":[{\"@type\":\"SearchAction\",\"target\":{\"@type\":\"EntryPoint\",\"urlTemplate\":\"https:\\\/\\\/niipit.dk\\\/konditor-bager-horsens\\\/?s={search_term_string}\"},\"query-input\":{\"@type\":\"PropertyValueSpecification\",\"valueRequired\":true,\"valueName\":\"search_term_string\"}}],\"inLanguage\":\"da-DK\"}]}<\/script>\n<!-- \/ Yoast SEO Premium plugin. -->","yoast_head_json":{"title":"Konditor Bager Horsens","description":"Konditor Bager Horsens","robots":{"index":"index","follow":"follow","max-snippet":"max-snippet:-1","max-image-preview":"max-image-preview:large","max-video-preview":"max-video-preview:-1"},"canonical":"https:\/\/niipit.dk\/konditor-bager-horsens\/","og_locale":"da_DK","og_type":"article","og_title":"Konditor Bager Horsens","og_description":"Konditor Bager Horsens","og_url":"https:\/\/niipit.dk\/konditor-bager-horsens\/","og_site_name":"Konditor Bager Horsens","article_modified_time":"2022-02-18T11:08:47+00:00","twitter_card":"summary_large_image","twitter_misc":{"Estimeret l\u00e6setid":"1 minut"},"schema":{"@context":"https:\/\/schema.org","@graph":[{"@type":"WebPage","@id":"https:\/\/niipit.dk\/konditor-bager-horsens\/","url":"https:\/\/niipit.dk\/konditor-bager-horsens\/","name":"Konditor Bager Horsens","isPartOf":{"@id":"https:\/\/niipit.dk\/konditor-bager-horsens\/#website"},"datePublished":"2020-04-10T20:29:34+00:00","dateModified":"2022-02-18T11:08:47+00:00","description":"Konditor Bager Horsens","breadcrumb":{"@id":"https:\/\/niipit.dk\/konditor-bager-horsens\/#breadcrumb"},"inLanguage":"da-DK","potentialAction":[{"@type":"ReadAction","target":["https:\/\/niipit.dk\/konditor-bager-horsens\/"]}]},{"@type":"BreadcrumbList","@id":"https:\/\/niipit.dk\/konditor-bager-horsens\/#breadcrumb","itemListElement":[{"@type":"ListItem","position":1,"name":"Hjem","item":"https:\/\/niipit.dk\/konditor-bager-horsens\/"},{"@type":"ListItem","position":2,"name":"Forside"}]},{"@type":"WebSite","@id":"https:\/\/niipit.dk\/konditor-bager-horsens\/#website","url":"https:\/\/niipit.dk\/konditor-bager-horsens\/","name":"Konditor Bager Horsens","description":"Br\u00f8d der smager","potentialAction":[{"@type":"SearchAction","target":{"@type":"EntryPoint","urlTemplate":"https:\/\/niipit.dk\/konditor-bager-horsens\/?s={search_term_string}"},"query-input":{"@type":"PropertyValueSpecification","valueRequired":true,"valueName":"search_term_string"}}],"inLanguage":"da-DK"}]}},"_links":{"self":[{"href":"https:\/\/niipit.dk\/konditor-bager-horsens\/wp-json\/wp\/v2\/pages\/5064","targetHints":{"allow":["GET"]}}],"collection":[{"href":"https:\/\/niipit.dk\/konditor-bager-horsens\/wp-json\/wp\/v2\/pages"}],"about":[{"href":"https:\/\/niipit.dk\/konditor-bager-horsens\/wp-json\/wp\/v2\/types\/page"}],"author":[{"embeddable":true,"href":"https:\/\/niipit.dk\/konditor-bager-horsens\/wp-json\/wp\/v2\/users\/1"}],"replies":[{"embeddable":true,"href":"https:\/\/niipit.dk\/konditor-bager-horsens\/wp-json\/wp\/v2\/comments?post=5064"}],"version-history":[{"count":3,"href":"https:\/\/niipit.dk\/konditor-bager-horsens\/wp-json\/wp\/v2\/pages\/5064\/revisions"}],"predecessor-version":[{"id":5991,"href":"https:\/\/niipit.dk\/konditor-bager-horsens\/wp-json\/wp\/v2\/pages\/5064\/revisions\/5991"}],"wp:attachment":[{"href":"https:\/\/niipit.dk\/konditor-bager-horsens\/wp-json\/wp\/v2\/media?parent=5064"}],"curies":[{"name":"wp","href":"https:\/\/api.w.org\/{rel}","templated":true}]}}