{"id":6009,"date":"2020-04-01T10:28:41","date_gmt":"2020-04-01T08:28:41","guid":{"rendered":"https:\/\/niipit.dk\/koldings-blomsterhus\/?post_type=product&#038;p=6009"},"modified":"2020-09-06T20:58:42","modified_gmt":"2020-09-06T18:58:42","slug":"gratis-udbringning","status":"publish","type":"product","link":"https:\/\/niipit.dk\/koldings-blomsterhus\/produkt\/gratis-udbringning\/","title":{"rendered":"GRATIS UDBRINGNING"},"content":{"rendered":"<h1>GRATIS UDBRINGNING AF BLOMSTER<\/h1>\n<p><img loading=\"lazy\" decoding=\"async\" class=\"aligncenter size-full wp-image-6008\" src=\"https:\/\/niipit.dk\/koldings-blomsterhus\/wp-content\/uploads\/sites\/463\/2020\/03\/Koldings-blomsterhus-Bestil-her-City-kolding-.png\" alt=\"Koldings blomsterhus Bestil her City kolding\" width=\"712\" height=\"475\" srcset=\"https:\/\/niipit.dk\/koldings-blomsterhus\/wp-content\/uploads\/sites\/463\/2020\/03\/Koldings-blomsterhus-Bestil-her-City-kolding-.png 712w, https:\/\/niipit.dk\/koldings-blomsterhus\/wp-content\/uploads\/sites\/463\/2020\/03\/Koldings-blomsterhus-Bestil-her-City-kolding--300x200.png 300w, https:\/\/niipit.dk\/koldings-blomsterhus\/wp-content\/uploads\/sites\/463\/2020\/03\/Koldings-blomsterhus-Bestil-her-City-kolding--600x400.png 600w\" sizes=\"auto, (max-width: 712px) 100vw, 712px\" \/><\/p>\n","protected":false},"excerpt":{"rendered":"<p>GRATIS UDBRINGNING AF BLOMSTER<\/p>\n","protected":false},"featured_media":6008,"template":"","meta":{"_exactmetrics_skip_tracking":false,"_exactmetrics_sitenote_active":false,"_exactmetrics_sitenote_note":"","_exactmetrics_sitenote_category":0,"_monsterinsights_skip_tracking":false,"_monsterinsights_sitenote_active":false,"_monsterinsights_sitenote_note":"","_monsterinsights_sitenote_category":0},"product_brand":[],"product_cat":[2093],"product_tag":[],"shoptype":[],"class_list":{"0":"post-6009","1":"product","2":"type-product","3":"status-publish","4":"has-post-thumbnail","6":"product_cat-ukategoriseret","8":"first","9":"instock","10":"shipping-taxable","11":"product-type-external"},"yoast_head":"<!-- This site is optimized with the Yoast SEO Premium plugin v16.3 (Yoast SEO v27.3) - https:\/\/yoast.com\/product\/yoast-seo-premium-wordpress\/ -->\n<title>GRATIS UDBRINGNING hos Koldings Blomsterhus<\/title>\n<meta name=\"description\" content=\"KOLDINGS BLOMSTERHUS tilbyder Gratis udbringning af dine blomster her under corona krisen. K\u00f8b blomster til dine k\u00e6re s\u00e5 bringer vi gl\u00e6den ud.\" \/>\n<meta name=\"robots\" content=\"index, follow, max-snippet:-1, max-image-preview:large, max-video-preview:-1\" \/>\n<link rel=\"canonical\" href=\"https:\/\/niipit.dk\/koldings-blomsterhus\/produkt\/gratis-udbringning\/\" \/>\n<meta property=\"og:locale\" content=\"da_DK\" \/>\n<meta property=\"og:type\" content=\"article\" \/>\n<meta property=\"og:title\" content=\"GRATIS UDBRINGNING hos Koldings Blomsterhus\" \/>\n<meta property=\"og:description\" content=\"KOLDINGS BLOMSTERHUS tilbyder Gratis udbringning af dine blomster her under corona krisen. K\u00f8b blomster til dine k\u00e6re s\u00e5 bringer vi gl\u00e6den ud.\" \/>\n<meta property=\"og:url\" content=\"https:\/\/niipit.dk\/koldings-blomsterhus\/produkt\/gratis-udbringning\/\" \/>\n<meta property=\"og:site_name\" content=\"Koldings Blomsterhus\" \/>\n<meta property=\"article:modified_time\" content=\"2020-09-06T18:58:42+00:00\" \/>\n<meta property=\"og:image\" content=\"https:\/\/niipit.dk\/koldings-blomsterhus\/wp-content\/uploads\/sites\/463\/2020\/03\/Koldings-blomsterhus-Bestil-her-City-kolding-.png\" \/>\n\t<meta property=\"og:image:width\" content=\"712\" \/>\n\t<meta property=\"og:image:height\" content=\"475\" \/>\n\t<meta property=\"og:image:type\" content=\"image\/png\" \/>\n<meta name=\"twitter:card\" content=\"summary_large_image\" \/>\n<script type=\"application\/ld+json\" class=\"yoast-schema-graph\">{\"@context\":\"https:\\\/\\\/schema.org\",\"@graph\":[{\"@type\":\"WebPage\",\"@id\":\"https:\\\/\\\/niipit.dk\\\/koldings-blomsterhus\\\/produkt\\\/gratis-udbringning\\\/\",\"url\":\"https:\\\/\\\/niipit.dk\\\/koldings-blomsterhus\\\/produkt\\\/gratis-udbringning\\\/\",\"name\":\"GRATIS UDBRINGNING hos Koldings Blomsterhus\",\"isPartOf\":{\"@id\":\"https:\\\/\\\/niipit.dk\\\/koldings-blomsterhus\\\/#website\"},\"primaryImageOfPage\":{\"@id\":\"https:\\\/\\\/niipit.dk\\\/koldings-blomsterhus\\\/produkt\\\/gratis-udbringning\\\/#primaryimage\"},\"image\":{\"@id\":\"https:\\\/\\\/niipit.dk\\\/koldings-blomsterhus\\\/produkt\\\/gratis-udbringning\\\/#primaryimage\"},\"thumbnailUrl\":\"https:\\\/\\\/niipit.dk\\\/koldings-blomsterhus\\\/wp-content\\\/uploads\\\/sites\\\/463\\\/2020\\\/03\\\/Koldings-blomsterhus-Bestil-her-City-kolding-.png\",\"datePublished\":\"2020-04-01T08:28:41+00:00\",\"dateModified\":\"2020-09-06T18:58:42+00:00\",\"description\":\"KOLDINGS BLOMSTERHUS tilbyder Gratis udbringning af dine blomster her under corona krisen. K\u00f8b blomster til dine k\u00e6re s\u00e5 bringer vi gl\u00e6den ud.\",\"breadcrumb\":{\"@id\":\"https:\\\/\\\/niipit.dk\\\/koldings-blomsterhus\\\/produkt\\\/gratis-udbringning\\\/#breadcrumb\"},\"inLanguage\":\"da-DK\",\"potentialAction\":[{\"@type\":\"ReadAction\",\"target\":[\"https:\\\/\\\/niipit.dk\\\/koldings-blomsterhus\\\/produkt\\\/gratis-udbringning\\\/\"]}]},{\"@type\":\"ImageObject\",\"inLanguage\":\"da-DK\",\"@id\":\"https:\\\/\\\/niipit.dk\\\/koldings-blomsterhus\\\/produkt\\\/gratis-udbringning\\\/#primaryimage\",\"url\":\"https:\\\/\\\/niipit.dk\\\/koldings-blomsterhus\\\/wp-content\\\/uploads\\\/sites\\\/463\\\/2020\\\/03\\\/Koldings-blomsterhus-Bestil-her-City-kolding-.png\",\"contentUrl\":\"https:\\\/\\\/niipit.dk\\\/koldings-blomsterhus\\\/wp-content\\\/uploads\\\/sites\\\/463\\\/2020\\\/03\\\/Koldings-blomsterhus-Bestil-her-City-kolding-.png\",\"width\":712,\"height\":475,\"caption\":\"Koldings blomsterhus Bestil her City kolding\"},{\"@type\":\"BreadcrumbList\",\"@id\":\"https:\\\/\\\/niipit.dk\\\/koldings-blomsterhus\\\/produkt\\\/gratis-udbringning\\\/#breadcrumb\",\"itemListElement\":[{\"@type\":\"ListItem\",\"position\":1,\"name\":\"Hjem\",\"item\":\"https:\\\/\\\/niipit.dk\\\/koldings-blomsterhus\\\/\"},{\"@type\":\"ListItem\",\"position\":2,\"name\":\"Shop\",\"item\":\"https:\\\/\\\/niipit.dk\\\/koldings-blomsterhus\\\/shop\\\/\"},{\"@type\":\"ListItem\",\"position\":3,\"name\":\"GRATIS UDBRINGNING\"}]},{\"@type\":\"WebSite\",\"@id\":\"https:\\\/\\\/niipit.dk\\\/koldings-blomsterhus\\\/#website\",\"url\":\"https:\\\/\\\/niipit.dk\\\/koldings-blomsterhus\\\/\",\"name\":\"Koldings Blomsterhus\",\"description\":\"Shop lokalt ???? Shop Dansk\",\"potentialAction\":[{\"@type\":\"SearchAction\",\"target\":{\"@type\":\"EntryPoint\",\"urlTemplate\":\"https:\\\/\\\/niipit.dk\\\/koldings-blomsterhus\\\/?s={search_term_string}\"},\"query-input\":{\"@type\":\"PropertyValueSpecification\",\"valueRequired\":true,\"valueName\":\"search_term_string\"}}],\"inLanguage\":\"da-DK\"}]}<\/script>\n<!-- \/ Yoast SEO Premium plugin. -->","yoast_head_json":{"title":"GRATIS UDBRINGNING hos Koldings Blomsterhus","description":"KOLDINGS BLOMSTERHUS tilbyder Gratis udbringning af dine blomster her under corona krisen. K\u00f8b blomster til dine k\u00e6re s\u00e5 bringer vi gl\u00e6den ud.","robots":{"index":"index","follow":"follow","max-snippet":"max-snippet:-1","max-image-preview":"max-image-preview:large","max-video-preview":"max-video-preview:-1"},"canonical":"https:\/\/niipit.dk\/koldings-blomsterhus\/produkt\/gratis-udbringning\/","og_locale":"da_DK","og_type":"article","og_title":"GRATIS UDBRINGNING hos Koldings Blomsterhus","og_description":"KOLDINGS BLOMSTERHUS tilbyder Gratis udbringning af dine blomster her under corona krisen. K\u00f8b blomster til dine k\u00e6re s\u00e5 bringer vi gl\u00e6den ud.","og_url":"https:\/\/niipit.dk\/koldings-blomsterhus\/produkt\/gratis-udbringning\/","og_site_name":"Koldings Blomsterhus","article_modified_time":"2020-09-06T18:58:42+00:00","og_image":[{"width":712,"height":475,"url":"https:\/\/niipit.dk\/koldings-blomsterhus\/wp-content\/uploads\/sites\/463\/2020\/03\/Koldings-blomsterhus-Bestil-her-City-kolding-.png","type":"image\/png"}],"twitter_card":"summary_large_image","schema":{"@context":"https:\/\/schema.org","@graph":[{"@type":"WebPage","@id":"https:\/\/niipit.dk\/koldings-blomsterhus\/produkt\/gratis-udbringning\/","url":"https:\/\/niipit.dk\/koldings-blomsterhus\/produkt\/gratis-udbringning\/","name":"GRATIS UDBRINGNING hos Koldings Blomsterhus","isPartOf":{"@id":"https:\/\/niipit.dk\/koldings-blomsterhus\/#website"},"primaryImageOfPage":{"@id":"https:\/\/niipit.dk\/koldings-blomsterhus\/produkt\/gratis-udbringning\/#primaryimage"},"image":{"@id":"https:\/\/niipit.dk\/koldings-blomsterhus\/produkt\/gratis-udbringning\/#primaryimage"},"thumbnailUrl":"https:\/\/niipit.dk\/koldings-blomsterhus\/wp-content\/uploads\/sites\/463\/2020\/03\/Koldings-blomsterhus-Bestil-her-City-kolding-.png","datePublished":"2020-04-01T08:28:41+00:00","dateModified":"2020-09-06T18:58:42+00:00","description":"KOLDINGS BLOMSTERHUS tilbyder Gratis udbringning af dine blomster her under corona krisen. K\u00f8b blomster til dine k\u00e6re s\u00e5 bringer vi gl\u00e6den ud.","breadcrumb":{"@id":"https:\/\/niipit.dk\/koldings-blomsterhus\/produkt\/gratis-udbringning\/#breadcrumb"},"inLanguage":"da-DK","potentialAction":[{"@type":"ReadAction","target":["https:\/\/niipit.dk\/koldings-blomsterhus\/produkt\/gratis-udbringning\/"]}]},{"@type":"ImageObject","inLanguage":"da-DK","@id":"https:\/\/niipit.dk\/koldings-blomsterhus\/produkt\/gratis-udbringning\/#primaryimage","url":"https:\/\/niipit.dk\/koldings-blomsterhus\/wp-content\/uploads\/sites\/463\/2020\/03\/Koldings-blomsterhus-Bestil-her-City-kolding-.png","contentUrl":"https:\/\/niipit.dk\/koldings-blomsterhus\/wp-content\/uploads\/sites\/463\/2020\/03\/Koldings-blomsterhus-Bestil-her-City-kolding-.png","width":712,"height":475,"caption":"Koldings blomsterhus Bestil her City kolding"},{"@type":"BreadcrumbList","@id":"https:\/\/niipit.dk\/koldings-blomsterhus\/produkt\/gratis-udbringning\/#breadcrumb","itemListElement":[{"@type":"ListItem","position":1,"name":"Hjem","item":"https:\/\/niipit.dk\/koldings-blomsterhus\/"},{"@type":"ListItem","position":2,"name":"Shop","item":"https:\/\/niipit.dk\/koldings-blomsterhus\/shop\/"},{"@type":"ListItem","position":3,"name":"GRATIS UDBRINGNING"}]},{"@type":"WebSite","@id":"https:\/\/niipit.dk\/koldings-blomsterhus\/#website","url":"https:\/\/niipit.dk\/koldings-blomsterhus\/","name":"Koldings Blomsterhus","description":"Shop lokalt ???? Shop Dansk","potentialAction":[{"@type":"SearchAction","target":{"@type":"EntryPoint","urlTemplate":"https:\/\/niipit.dk\/koldings-blomsterhus\/?s={search_term_string}"},"query-input":{"@type":"PropertyValueSpecification","valueRequired":true,"valueName":"search_term_string"}}],"inLanguage":"da-DK"}]}},"_links":{"self":[{"href":"https:\/\/niipit.dk\/koldings-blomsterhus\/wp-json\/wp\/v2\/product\/6009","targetHints":{"allow":["GET"]}}],"collection":[{"href":"https:\/\/niipit.dk\/koldings-blomsterhus\/wp-json\/wp\/v2\/product"}],"about":[{"href":"https:\/\/niipit.dk\/koldings-blomsterhus\/wp-json\/wp\/v2\/types\/product"}],"wp:featuredmedia":[{"embeddable":true,"href":"https:\/\/niipit.dk\/koldings-blomsterhus\/wp-json\/wp\/v2\/media\/6008"}],"wp:attachment":[{"href":"https:\/\/niipit.dk\/koldings-blomsterhus\/wp-json\/wp\/v2\/media?parent=6009"}],"wp:term":[{"taxonomy":"product_brand","embeddable":true,"href":"https:\/\/niipit.dk\/koldings-blomsterhus\/wp-json\/wp\/v2\/product_brand?post=6009"},{"taxonomy":"product_cat","embeddable":true,"href":"https:\/\/niipit.dk\/koldings-blomsterhus\/wp-json\/wp\/v2\/product_cat?post=6009"},{"taxonomy":"product_tag","embeddable":true,"href":"https:\/\/niipit.dk\/koldings-blomsterhus\/wp-json\/wp\/v2\/product_tag?post=6009"},{"taxonomy":"shoptype","embeddable":true,"href":"https:\/\/niipit.dk\/koldings-blomsterhus\/wp-json\/wp\/v2\/shoptype?post=6009"}],"curies":[{"name":"wp","href":"https:\/\/api.w.org\/{rel}","templated":true}]}}