{"id":5706,"date":"2019-05-13T18:07:36","date_gmt":"2019-05-13T16:07:36","guid":{"rendered":"https:\/\/niipit.dk\/kiropraktisk-klinik\/?page_id=5706"},"modified":"2019-09-15T22:14:47","modified_gmt":"2019-09-15T20:14:47","slug":"galleri","status":"publish","type":"page","link":"https:\/\/niipit.dk\/kiropraktisk-klinik\/galleri\/","title":{"rendered":"Galleri"},"content":{"rendered":"\n<h3 class=\"wp-block-heading\" style=\"text-align:center\">Kiropraktisk klinik Gunvor J\u00f8rnsg\u00e5rd Haderslev<\/h3>\n\n\n\n<div class=\"wp-block-image\"><figure class=\"aligncenter\"><img loading=\"lazy\" decoding=\"async\" width=\"626\" height=\"422\" src=\"https:\/\/niipit.dk\/kiropraktisk-klinik\/wp-content\/uploads\/sites\/303\/2019\/09\/Kiropraktisk-klinik-Gunvor-J\u00f8rnsg\u00e5rd-Haderslev-ryg-kvinde.jpg\" alt=\"Kiropraktisk-klinik-Gunvor-J\u00f8rnsg\u00e5rd-Haderslev-ryg-kvinde\" class=\"wp-image-5812\" srcset=\"https:\/\/niipit.dk\/kiropraktisk-klinik\/wp-content\/uploads\/sites\/303\/2019\/09\/Kiropraktisk-klinik-Gunvor-J\u00f8rnsg\u00e5rd-Haderslev-ryg-kvinde.jpg 626w, https:\/\/niipit.dk\/kiropraktisk-klinik\/wp-content\/uploads\/sites\/303\/2019\/09\/Kiropraktisk-klinik-Gunvor-J\u00f8rnsg\u00e5rd-Haderslev-ryg-kvinde-300x202.jpg 300w, https:\/\/niipit.dk\/kiropraktisk-klinik\/wp-content\/uploads\/sites\/303\/2019\/09\/Kiropraktisk-klinik-Gunvor-J\u00f8rnsg\u00e5rd-Haderslev-ryg-kvinde-600x404.jpg 600w\" sizes=\"auto, (max-width: 626px) 100vw, 626px\" \/><\/figure><\/div>\n\n\n\n<div class=\"wp-block-image\"><figure class=\"aligncenter\"><img loading=\"lazy\" decoding=\"async\" width=\"626\" height=\"420\" src=\"https:\/\/niipit.dk\/kiropraktisk-klinik\/wp-content\/uploads\/sites\/303\/2019\/09\/Kiropraktisk-klinik-Gunvor-J\u00f8rnsg\u00e5rd-Haderslev-Ryg-mand.jpg\" alt=\"Kiropraktisk-klinik-Gunvor-J\u00f8rnsg\u00e5rd-Haderslev-Ryg-mand\" class=\"wp-image-5813\" srcset=\"https:\/\/niipit.dk\/kiropraktisk-klinik\/wp-content\/uploads\/sites\/303\/2019\/09\/Kiropraktisk-klinik-Gunvor-J\u00f8rnsg\u00e5rd-Haderslev-Ryg-mand.jpg 626w, https:\/\/niipit.dk\/kiropraktisk-klinik\/wp-content\/uploads\/sites\/303\/2019\/09\/Kiropraktisk-klinik-Gunvor-J\u00f8rnsg\u00e5rd-Haderslev-Ryg-mand-300x201.jpg 300w, https:\/\/niipit.dk\/kiropraktisk-klinik\/wp-content\/uploads\/sites\/303\/2019\/09\/Kiropraktisk-klinik-Gunvor-J\u00f8rnsg\u00e5rd-Haderslev-Ryg-mand-600x403.jpg 600w\" sizes=\"auto, (max-width: 626px) 100vw, 626px\" \/><\/figure><\/div>\n\n\n\n<div class=\"wp-block-image\"><figure class=\"aligncenter\"><img loading=\"lazy\" decoding=\"async\" width=\"626\" height=\"626\" src=\"https:\/\/niipit.dk\/kiropraktisk-klinik\/wp-content\/uploads\/sites\/303\/2019\/09\/Kiropraktisk-klinik-Gunvor-J\u00f8rnsg\u00e5rd-Haderslev-\u00f8verste-nakke.jpg\" alt=\"Kiropraktisk-klinik-Gunvor-J\u00f8rnsg\u00e5rd-Haderslev-\u00f8verste-nakke\" class=\"wp-image-5814\" srcset=\"https:\/\/niipit.dk\/kiropraktisk-klinik\/wp-content\/uploads\/sites\/303\/2019\/09\/Kiropraktisk-klinik-Gunvor-J\u00f8rnsg\u00e5rd-Haderslev-\u00f8verste-nakke.jpg 626w, https:\/\/niipit.dk\/kiropraktisk-klinik\/wp-content\/uploads\/sites\/303\/2019\/09\/Kiropraktisk-klinik-Gunvor-J\u00f8rnsg\u00e5rd-Haderslev-\u00f8verste-nakke-150x150.jpg 150w, https:\/\/niipit.dk\/kiropraktisk-klinik\/wp-content\/uploads\/sites\/303\/2019\/09\/Kiropraktisk-klinik-Gunvor-J\u00f8rnsg\u00e5rd-Haderslev-\u00f8verste-nakke-300x300.jpg 300w, https:\/\/niipit.dk\/kiropraktisk-klinik\/wp-content\/uploads\/sites\/303\/2019\/09\/Kiropraktisk-klinik-Gunvor-J\u00f8rnsg\u00e5rd-Haderslev-\u00f8verste-nakke-600x600.jpg 600w, https:\/\/niipit.dk\/kiropraktisk-klinik\/wp-content\/uploads\/sites\/303\/2019\/09\/Kiropraktisk-klinik-Gunvor-J\u00f8rnsg\u00e5rd-Haderslev-\u00f8verste-nakke-100x100.jpg 100w\" sizes=\"auto, (max-width: 626px) 100vw, 626px\" \/><\/figure><\/div>\n\n\n\n<div class=\"wp-block-image\"><figure class=\"aligncenter\"><img loading=\"lazy\" decoding=\"async\" width=\"626\" height=\"626\" src=\"https:\/\/niipit.dk\/kiropraktisk-klinik\/wp-content\/uploads\/sites\/303\/2019\/09\/Kiropraktisk-klinik-Gunvor-J\u00f8rnsg\u00e5rd-Haderslev-\u00f8verst-ryg.jpg\" alt=\"Kiropraktisk-klinik-Gunvor-J\u00f8rnsg\u00e5rd-Haderslev-\u00f8verst-ryg\" class=\"wp-image-5815\" srcset=\"https:\/\/niipit.dk\/kiropraktisk-klinik\/wp-content\/uploads\/sites\/303\/2019\/09\/Kiropraktisk-klinik-Gunvor-J\u00f8rnsg\u00e5rd-Haderslev-\u00f8verst-ryg.jpg 626w, https:\/\/niipit.dk\/kiropraktisk-klinik\/wp-content\/uploads\/sites\/303\/2019\/09\/Kiropraktisk-klinik-Gunvor-J\u00f8rnsg\u00e5rd-Haderslev-\u00f8verst-ryg-150x150.jpg 150w, https:\/\/niipit.dk\/kiropraktisk-klinik\/wp-content\/uploads\/sites\/303\/2019\/09\/Kiropraktisk-klinik-Gunvor-J\u00f8rnsg\u00e5rd-Haderslev-\u00f8verst-ryg-300x300.jpg 300w, https:\/\/niipit.dk\/kiropraktisk-klinik\/wp-content\/uploads\/sites\/303\/2019\/09\/Kiropraktisk-klinik-Gunvor-J\u00f8rnsg\u00e5rd-Haderslev-\u00f8verst-ryg-600x600.jpg 600w, https:\/\/niipit.dk\/kiropraktisk-klinik\/wp-content\/uploads\/sites\/303\/2019\/09\/Kiropraktisk-klinik-Gunvor-J\u00f8rnsg\u00e5rd-Haderslev-\u00f8verst-ryg-100x100.jpg 100w\" sizes=\"auto, (max-width: 626px) 100vw, 626px\" \/><\/figure><\/div>\n\n\n\n<div class=\"wp-block-image\"><figure class=\"aligncenter\"><img loading=\"lazy\" decoding=\"async\" width=\"626\" height=\"626\" src=\"https:\/\/niipit.dk\/kiropraktisk-klinik\/wp-content\/uploads\/sites\/303\/2019\/09\/Kiropraktisk-klinik-Gunvor-J\u00f8rnsg\u00e5rd-Haderslev-skulder.jpg\" alt=\"Kiropraktisk-klinik-Gunvor-J\u00f8rnsg\u00e5rd-Haderslev-skulder\" class=\"wp-image-5816\" srcset=\"https:\/\/niipit.dk\/kiropraktisk-klinik\/wp-content\/uploads\/sites\/303\/2019\/09\/Kiropraktisk-klinik-Gunvor-J\u00f8rnsg\u00e5rd-Haderslev-skulder.jpg 626w, https:\/\/niipit.dk\/kiropraktisk-klinik\/wp-content\/uploads\/sites\/303\/2019\/09\/Kiropraktisk-klinik-Gunvor-J\u00f8rnsg\u00e5rd-Haderslev-skulder-150x150.jpg 150w, https:\/\/niipit.dk\/kiropraktisk-klinik\/wp-content\/uploads\/sites\/303\/2019\/09\/Kiropraktisk-klinik-Gunvor-J\u00f8rnsg\u00e5rd-Haderslev-skulder-300x300.jpg 300w, https:\/\/niipit.dk\/kiropraktisk-klinik\/wp-content\/uploads\/sites\/303\/2019\/09\/Kiropraktisk-klinik-Gunvor-J\u00f8rnsg\u00e5rd-Haderslev-skulder-600x600.jpg 600w, https:\/\/niipit.dk\/kiropraktisk-klinik\/wp-content\/uploads\/sites\/303\/2019\/09\/Kiropraktisk-klinik-Gunvor-J\u00f8rnsg\u00e5rd-Haderslev-skulder-100x100.jpg 100w\" sizes=\"auto, (max-width: 626px) 100vw, 626px\" \/><\/figure><\/div>\n\n\n\n<div class=\"wp-block-image\"><figure class=\"aligncenter\"><img loading=\"lazy\" decoding=\"async\" width=\"626\" height=\"626\" src=\"https:\/\/niipit.dk\/kiropraktisk-klinik\/wp-content\/uploads\/sites\/303\/2019\/09\/Kiropraktisk-klinik-Gunvor-J\u00f8rnsg\u00e5rd-Haderslev-nederst-ryg.jpg\" alt=\"Kiropraktisk-klinik-Gunvor-J\u00f8rnsg\u00e5rd-Haderslev-nederst-ryg\" class=\"wp-image-5817\" srcset=\"https:\/\/niipit.dk\/kiropraktisk-klinik\/wp-content\/uploads\/sites\/303\/2019\/09\/Kiropraktisk-klinik-Gunvor-J\u00f8rnsg\u00e5rd-Haderslev-nederst-ryg.jpg 626w, https:\/\/niipit.dk\/kiropraktisk-klinik\/wp-content\/uploads\/sites\/303\/2019\/09\/Kiropraktisk-klinik-Gunvor-J\u00f8rnsg\u00e5rd-Haderslev-nederst-ryg-150x150.jpg 150w, https:\/\/niipit.dk\/kiropraktisk-klinik\/wp-content\/uploads\/sites\/303\/2019\/09\/Kiropraktisk-klinik-Gunvor-J\u00f8rnsg\u00e5rd-Haderslev-nederst-ryg-300x300.jpg 300w, https:\/\/niipit.dk\/kiropraktisk-klinik\/wp-content\/uploads\/sites\/303\/2019\/09\/Kiropraktisk-klinik-Gunvor-J\u00f8rnsg\u00e5rd-Haderslev-nederst-ryg-600x600.jpg 600w, https:\/\/niipit.dk\/kiropraktisk-klinik\/wp-content\/uploads\/sites\/303\/2019\/09\/Kiropraktisk-klinik-Gunvor-J\u00f8rnsg\u00e5rd-Haderslev-nederst-ryg-100x100.jpg 100w\" sizes=\"auto, (max-width: 626px) 100vw, 626px\" \/><\/figure><\/div>\n\n\n\n<div class=\"wp-block-image\"><figure class=\"aligncenter\"><img loading=\"lazy\" decoding=\"async\" width=\"626\" height=\"626\" src=\"https:\/\/niipit.dk\/kiropraktisk-klinik\/wp-content\/uploads\/sites\/303\/2019\/09\/Kiropraktisk-klinik-Gunvor-J\u00f8rnsg\u00e5rd-Haderslev-l\u00e6nd.jpg\" alt=\"Kiropraktisk-klinik-Gunvor-J\u00f8rnsg\u00e5rd-Haderslev-l\u00e6nd\" class=\"wp-image-5818\" srcset=\"https:\/\/niipit.dk\/kiropraktisk-klinik\/wp-content\/uploads\/sites\/303\/2019\/09\/Kiropraktisk-klinik-Gunvor-J\u00f8rnsg\u00e5rd-Haderslev-l\u00e6nd.jpg 626w, https:\/\/niipit.dk\/kiropraktisk-klinik\/wp-content\/uploads\/sites\/303\/2019\/09\/Kiropraktisk-klinik-Gunvor-J\u00f8rnsg\u00e5rd-Haderslev-l\u00e6nd-150x150.jpg 150w, https:\/\/niipit.dk\/kiropraktisk-klinik\/wp-content\/uploads\/sites\/303\/2019\/09\/Kiropraktisk-klinik-Gunvor-J\u00f8rnsg\u00e5rd-Haderslev-l\u00e6nd-300x300.jpg 300w, https:\/\/niipit.dk\/kiropraktisk-klinik\/wp-content\/uploads\/sites\/303\/2019\/09\/Kiropraktisk-klinik-Gunvor-J\u00f8rnsg\u00e5rd-Haderslev-l\u00e6nd-600x600.jpg 600w, https:\/\/niipit.dk\/kiropraktisk-klinik\/wp-content\/uploads\/sites\/303\/2019\/09\/Kiropraktisk-klinik-Gunvor-J\u00f8rnsg\u00e5rd-Haderslev-l\u00e6nd-100x100.jpg 100w\" sizes=\"auto, (max-width: 626px) 100vw, 626px\" \/><\/figure><\/div>\n\n\n\n<div class=\"wp-block-image\"><figure class=\"aligncenter\"><img loading=\"lazy\" decoding=\"async\" width=\"626\" height=\"626\" src=\"https:\/\/niipit.dk\/kiropraktisk-klinik\/wp-content\/uploads\/sites\/303\/2019\/09\/Kiropraktisk-klinik-Gunvor-J\u00f8rnsg\u00e5rd-Haderslev-hofte-.jpg\" alt=\"Kiropraktisk-klinik-Gunvor-J\u00f8rnsg\u00e5rd-Haderslev-hofte-\" class=\"wp-image-5819\" srcset=\"https:\/\/niipit.dk\/kiropraktisk-klinik\/wp-content\/uploads\/sites\/303\/2019\/09\/Kiropraktisk-klinik-Gunvor-J\u00f8rnsg\u00e5rd-Haderslev-hofte-.jpg 626w, https:\/\/niipit.dk\/kiropraktisk-klinik\/wp-content\/uploads\/sites\/303\/2019\/09\/Kiropraktisk-klinik-Gunvor-J\u00f8rnsg\u00e5rd-Haderslev-hofte--150x150.jpg 150w, https:\/\/niipit.dk\/kiropraktisk-klinik\/wp-content\/uploads\/sites\/303\/2019\/09\/Kiropraktisk-klinik-Gunvor-J\u00f8rnsg\u00e5rd-Haderslev-hofte--300x300.jpg 300w, https:\/\/niipit.dk\/kiropraktisk-klinik\/wp-content\/uploads\/sites\/303\/2019\/09\/Kiropraktisk-klinik-Gunvor-J\u00f8rnsg\u00e5rd-Haderslev-hofte--600x600.jpg 600w, https:\/\/niipit.dk\/kiropraktisk-klinik\/wp-content\/uploads\/sites\/303\/2019\/09\/Kiropraktisk-klinik-Gunvor-J\u00f8rnsg\u00e5rd-Haderslev-hofte--100x100.jpg 100w\" sizes=\"auto, (max-width: 626px) 100vw, 626px\" \/><\/figure><\/div>\n\n\n\n<div class=\"wp-block-image\"><figure class=\"aligncenter\"><img loading=\"lazy\" decoding=\"async\" width=\"626\" height=\"626\" src=\"https:\/\/niipit.dk\/kiropraktisk-klinik\/wp-content\/uploads\/sites\/303\/2019\/09\/Kiropraktisk-klinik-Gunvor-J\u00f8rnsg\u00e5rd-Haderslev-ben.jpg\" alt=\"Kiropraktisk-klinik-Gunvor-J\u00f8rnsg\u00e5rd-Haderslev-ben\" class=\"wp-image-5822\" srcset=\"https:\/\/niipit.dk\/kiropraktisk-klinik\/wp-content\/uploads\/sites\/303\/2019\/09\/Kiropraktisk-klinik-Gunvor-J\u00f8rnsg\u00e5rd-Haderslev-ben.jpg 626w, https:\/\/niipit.dk\/kiropraktisk-klinik\/wp-content\/uploads\/sites\/303\/2019\/09\/Kiropraktisk-klinik-Gunvor-J\u00f8rnsg\u00e5rd-Haderslev-ben-150x150.jpg 150w, https:\/\/niipit.dk\/kiropraktisk-klinik\/wp-content\/uploads\/sites\/303\/2019\/09\/Kiropraktisk-klinik-Gunvor-J\u00f8rnsg\u00e5rd-Haderslev-ben-300x300.jpg 300w, https:\/\/niipit.dk\/kiropraktisk-klinik\/wp-content\/uploads\/sites\/303\/2019\/09\/Kiropraktisk-klinik-Gunvor-J\u00f8rnsg\u00e5rd-Haderslev-ben-600x600.jpg 600w, https:\/\/niipit.dk\/kiropraktisk-klinik\/wp-content\/uploads\/sites\/303\/2019\/09\/Kiropraktisk-klinik-Gunvor-J\u00f8rnsg\u00e5rd-Haderslev-ben-100x100.jpg 100w\" sizes=\"auto, (max-width: 626px) 100vw, 626px\" \/><\/figure><\/div>\n\n\n\n<div class=\"wp-block-image\"><figure class=\"aligncenter\"><img loading=\"lazy\" decoding=\"async\" width=\"626\" height=\"626\" src=\"https:\/\/niipit.dk\/kiropraktisk-klinik\/wp-content\/uploads\/sites\/303\/2019\/09\/Kiropraktisk-klinik-Gunvor-J\u00f8rnsg\u00e5rd-Haderslev-kn\u00e6.jpg\" alt=\"Kiropraktisk-klinik-Gunvor-J\u00f8rnsg\u00e5rd-Haderslev-kn\u00e6\" class=\"wp-image-5820\" srcset=\"https:\/\/niipit.dk\/kiropraktisk-klinik\/wp-content\/uploads\/sites\/303\/2019\/09\/Kiropraktisk-klinik-Gunvor-J\u00f8rnsg\u00e5rd-Haderslev-kn\u00e6.jpg 626w, https:\/\/niipit.dk\/kiropraktisk-klinik\/wp-content\/uploads\/sites\/303\/2019\/09\/Kiropraktisk-klinik-Gunvor-J\u00f8rnsg\u00e5rd-Haderslev-kn\u00e6-150x150.jpg 150w, https:\/\/niipit.dk\/kiropraktisk-klinik\/wp-content\/uploads\/sites\/303\/2019\/09\/Kiropraktisk-klinik-Gunvor-J\u00f8rnsg\u00e5rd-Haderslev-kn\u00e6-300x300.jpg 300w, https:\/\/niipit.dk\/kiropraktisk-klinik\/wp-content\/uploads\/sites\/303\/2019\/09\/Kiropraktisk-klinik-Gunvor-J\u00f8rnsg\u00e5rd-Haderslev-kn\u00e6-600x600.jpg 600w, https:\/\/niipit.dk\/kiropraktisk-klinik\/wp-content\/uploads\/sites\/303\/2019\/09\/Kiropraktisk-klinik-Gunvor-J\u00f8rnsg\u00e5rd-Haderslev-kn\u00e6-100x100.jpg 100w\" sizes=\"auto, (max-width: 626px) 100vw, 626px\" \/><\/figure><\/div>\n\n\n\n<div class=\"wp-block-image\"><figure class=\"aligncenter\"><img loading=\"lazy\" decoding=\"async\" width=\"626\" height=\"481\" src=\"https:\/\/niipit.dk\/kiropraktisk-klinik\/wp-content\/uploads\/sites\/303\/2019\/09\/Kiropraktisk-klinik-Gunvor-J\u00f8rnsg\u00e5rd-Haderslev-Ankel.jpg\" alt=\"Kiropraktisk-klinik-Gunvor-J\u00f8rnsg\u00e5rd-Haderslev-Ankel\" class=\"wp-image-5821\" srcset=\"https:\/\/niipit.dk\/kiropraktisk-klinik\/wp-content\/uploads\/sites\/303\/2019\/09\/Kiropraktisk-klinik-Gunvor-J\u00f8rnsg\u00e5rd-Haderslev-Ankel.jpg 626w, https:\/\/niipit.dk\/kiropraktisk-klinik\/wp-content\/uploads\/sites\/303\/2019\/09\/Kiropraktisk-klinik-Gunvor-J\u00f8rnsg\u00e5rd-Haderslev-Ankel-300x231.jpg 300w, https:\/\/niipit.dk\/kiropraktisk-klinik\/wp-content\/uploads\/sites\/303\/2019\/09\/Kiropraktisk-klinik-Gunvor-J\u00f8rnsg\u00e5rd-Haderslev-Ankel-600x461.jpg 600w\" sizes=\"auto, (max-width: 626px) 100vw, 626px\" \/><\/figure><\/div>\n","protected":false},"excerpt":{"rendered":"<p>Kiropraktisk klinik Gunvor J\u00f8rnsg\u00e5rd Haderslev<\/p>\n","protected":false},"author":1,"featured_media":0,"parent":0,"menu_order":0,"comment_status":"closed","ping_status":"closed","template":"","meta":{"_exactmetrics_skip_tracking":false,"_exactmetrics_sitenote_active":false,"_exactmetrics_sitenote_note":"","_exactmetrics_sitenote_category":0,"_monsterinsights_skip_tracking":false,"_monsterinsights_sitenote_active":false,"_monsterinsights_sitenote_note":"","_monsterinsights_sitenote_category":0,"footnotes":""},"class_list":["post-5706","page","type-page","status-publish","hentry"],"yoast_head":"<!-- This site is optimized with the Yoast SEO Premium plugin v16.3 (Yoast SEO v27.3) - https:\/\/yoast.com\/product\/yoast-seo-premium-wordpress\/ -->\n<title>Galleri - Kiropraktisk Klinik<\/title>\n<meta name=\"robots\" content=\"index, follow, max-snippet:-1, max-image-preview:large, max-video-preview:-1\" \/>\n<link rel=\"canonical\" href=\"https:\/\/niipit.dk\/kiropraktisk-klinik\/galleri\/\" \/>\n<meta property=\"og:locale\" content=\"da_DK\" \/>\n<meta property=\"og:type\" content=\"article\" \/>\n<meta property=\"og:title\" content=\"Galleri - Kiropraktisk Klinik\" \/>\n<meta property=\"og:description\" content=\"Kiropraktisk klinik Gunvor J\u00f8rnsg\u00e5rd Haderslev\" \/>\n<meta property=\"og:url\" content=\"https:\/\/niipit.dk\/kiropraktisk-klinik\/galleri\/\" \/>\n<meta property=\"og:site_name\" content=\"Kiropraktisk Klinik\" \/>\n<meta property=\"article:modified_time\" content=\"2019-09-15T20:14:47+00:00\" \/>\n<meta name=\"twitter:card\" content=\"summary_large_image\" \/>\n<script type=\"application\/ld+json\" class=\"yoast-schema-graph\">{\"@context\":\"https:\\\/\\\/schema.org\",\"@graph\":[{\"@type\":\"WebPage\",\"@id\":\"https:\\\/\\\/niipit.dk\\\/kiropraktisk-klinik\\\/galleri\\\/\",\"url\":\"https:\\\/\\\/niipit.dk\\\/kiropraktisk-klinik\\\/galleri\\\/\",\"name\":\"Galleri - Kiropraktisk Klinik\",\"isPartOf\":{\"@id\":\"https:\\\/\\\/niipit.dk\\\/kiropraktisk-klinik\\\/#website\"},\"datePublished\":\"2019-05-13T16:07:36+00:00\",\"dateModified\":\"2019-09-15T20:14:47+00:00\",\"breadcrumb\":{\"@id\":\"https:\\\/\\\/niipit.dk\\\/kiropraktisk-klinik\\\/galleri\\\/#breadcrumb\"},\"inLanguage\":\"da-DK\",\"potentialAction\":[{\"@type\":\"ReadAction\",\"target\":[\"https:\\\/\\\/niipit.dk\\\/kiropraktisk-klinik\\\/galleri\\\/\"]}]},{\"@type\":\"BreadcrumbList\",\"@id\":\"https:\\\/\\\/niipit.dk\\\/kiropraktisk-klinik\\\/galleri\\\/#breadcrumb\",\"itemListElement\":[{\"@type\":\"ListItem\",\"position\":1,\"name\":\"Hjem\",\"item\":\"https:\\\/\\\/niipit.dk\\\/kiropraktisk-klinik\\\/\"},{\"@type\":\"ListItem\",\"position\":2,\"name\":\"Galleri\"}]},{\"@type\":\"WebSite\",\"@id\":\"https:\\\/\\\/niipit.dk\\\/kiropraktisk-klinik\\\/#website\",\"url\":\"https:\\\/\\\/niipit.dk\\\/kiropraktisk-klinik\\\/\",\"name\":\"Kiropraktisk Klinik\",\"description\":\"v\\\/ Gunvor J\u00f8rnsg\u00e5rd. Haderslev\",\"potentialAction\":[{\"@type\":\"SearchAction\",\"target\":{\"@type\":\"EntryPoint\",\"urlTemplate\":\"https:\\\/\\\/niipit.dk\\\/kiropraktisk-klinik\\\/?s={search_term_string}\"},\"query-input\":{\"@type\":\"PropertyValueSpecification\",\"valueRequired\":true,\"valueName\":\"search_term_string\"}}],\"inLanguage\":\"da-DK\"}]}<\/script>\n<!-- \/ Yoast SEO Premium plugin. -->","yoast_head_json":{"title":"Galleri - Kiropraktisk Klinik","robots":{"index":"index","follow":"follow","max-snippet":"max-snippet:-1","max-image-preview":"max-image-preview:large","max-video-preview":"max-video-preview:-1"},"canonical":"https:\/\/niipit.dk\/kiropraktisk-klinik\/galleri\/","og_locale":"da_DK","og_type":"article","og_title":"Galleri - Kiropraktisk Klinik","og_description":"Kiropraktisk klinik Gunvor J\u00f8rnsg\u00e5rd Haderslev","og_url":"https:\/\/niipit.dk\/kiropraktisk-klinik\/galleri\/","og_site_name":"Kiropraktisk Klinik","article_modified_time":"2019-09-15T20:14:47+00:00","twitter_card":"summary_large_image","schema":{"@context":"https:\/\/schema.org","@graph":[{"@type":"WebPage","@id":"https:\/\/niipit.dk\/kiropraktisk-klinik\/galleri\/","url":"https:\/\/niipit.dk\/kiropraktisk-klinik\/galleri\/","name":"Galleri - Kiropraktisk Klinik","isPartOf":{"@id":"https:\/\/niipit.dk\/kiropraktisk-klinik\/#website"},"datePublished":"2019-05-13T16:07:36+00:00","dateModified":"2019-09-15T20:14:47+00:00","breadcrumb":{"@id":"https:\/\/niipit.dk\/kiropraktisk-klinik\/galleri\/#breadcrumb"},"inLanguage":"da-DK","potentialAction":[{"@type":"ReadAction","target":["https:\/\/niipit.dk\/kiropraktisk-klinik\/galleri\/"]}]},{"@type":"BreadcrumbList","@id":"https:\/\/niipit.dk\/kiropraktisk-klinik\/galleri\/#breadcrumb","itemListElement":[{"@type":"ListItem","position":1,"name":"Hjem","item":"https:\/\/niipit.dk\/kiropraktisk-klinik\/"},{"@type":"ListItem","position":2,"name":"Galleri"}]},{"@type":"WebSite","@id":"https:\/\/niipit.dk\/kiropraktisk-klinik\/#website","url":"https:\/\/niipit.dk\/kiropraktisk-klinik\/","name":"Kiropraktisk Klinik","description":"v\/ Gunvor J\u00f8rnsg\u00e5rd. Haderslev","potentialAction":[{"@type":"SearchAction","target":{"@type":"EntryPoint","urlTemplate":"https:\/\/niipit.dk\/kiropraktisk-klinik\/?s={search_term_string}"},"query-input":{"@type":"PropertyValueSpecification","valueRequired":true,"valueName":"search_term_string"}}],"inLanguage":"da-DK"}]}},"_links":{"self":[{"href":"https:\/\/niipit.dk\/kiropraktisk-klinik\/wp-json\/wp\/v2\/pages\/5706","targetHints":{"allow":["GET"]}}],"collection":[{"href":"https:\/\/niipit.dk\/kiropraktisk-klinik\/wp-json\/wp\/v2\/pages"}],"about":[{"href":"https:\/\/niipit.dk\/kiropraktisk-klinik\/wp-json\/wp\/v2\/types\/page"}],"author":[{"embeddable":true,"href":"https:\/\/niipit.dk\/kiropraktisk-klinik\/wp-json\/wp\/v2\/users\/1"}],"replies":[{"embeddable":true,"href":"https:\/\/niipit.dk\/kiropraktisk-klinik\/wp-json\/wp\/v2\/comments?post=5706"}],"version-history":[{"count":0,"href":"https:\/\/niipit.dk\/kiropraktisk-klinik\/wp-json\/wp\/v2\/pages\/5706\/revisions"}],"wp:attachment":[{"href":"https:\/\/niipit.dk\/kiropraktisk-klinik\/wp-json\/wp\/v2\/media?parent=5706"}],"curies":[{"name":"wp","href":"https:\/\/api.w.org\/{rel}","templated":true}]}}