{"id":5133,"date":"2018-08-15T22:08:09","date_gmt":"2018-08-15T20:08:09","guid":{"rendered":"https:\/\/niipit.dk\/nv2-QogM\/?page_id=5133"},"modified":"2021-12-07T08:19:18","modified_gmt":"2021-12-07T07:19:18","slug":"kontakt","status":"publish","type":"page","link":"https:\/\/niipit.dk\/kiropraktisk-klinik\/kontakt\/","title":{"rendered":"Kontakt"},"content":{"rendered":"<div class=\"row justify-content-md-center\">\n<div class=\"col-xs-12 col-sm-12 col-md-6 col-lg-4\">\n<h2 style=\"text-align: center;\"><strong>Kiropraktisk Klinik <br \/>v\/Gunvor J\u00f8rnsg\u00e5rd <\/strong><\/h2>\n<h2 style=\"text-align: center;\">\u00c5strupvej 7<br \/>6100 Haderslev<br \/>Danmark<\/h2>\n<h3 style=\"text-align: center;\">E-mail: klinik@joernsgaard.dk<\/h3>\n<p>\u00a0<\/p>\n<p style=\"text-align: center;\">Telefon: +45 74 52 36 56<br \/>TIDSBESTILLING <br \/>MODTAGES KUN VIA TLF<\/p>\n<p>\u00a0<\/p>\n<h3 style=\"text-align: center;\"><strong>\u00c5bningstider<\/strong><\/h3>\n<p>\u00a0<\/p>\n<p style=\"text-align: center;\">Mandag kl. 8.00 til 18.00<br \/>Tirsdag kl. 8.00 til 17.00<br \/>Onsdag kl. 8.00 til 14.00<br \/>Torsdag kl. 8.00 til 18.00<br \/>Fredag kl. 8.00 til 14.00<\/p>\n<p style=\"text-align: center;\">Konsultation efter aftale<\/p>\n<\/div>\n<\/div>\n\n\n<div class=\"wp-block-image\"><figure class=\"aligncenter\"><img loading=\"lazy\" decoding=\"async\" width=\"878\" height=\"586\" src=\"https:\/\/niipit.dk\/kiropraktisk-klinik\/wp-content\/uploads\/sites\/303\/2019\/09\/Kiropraktisk-klinik-\u00c5strupvej-7-Haderslev-S\u00f8nderjylland.png\" alt=\"Kiropraktisk-klinik-\u00c5strupvej-7-Haderslev-S\u00f8nderjylland\" class=\"wp-image-5791\" srcset=\"https:\/\/niipit.dk\/kiropraktisk-klinik\/wp-content\/uploads\/sites\/303\/2019\/09\/Kiropraktisk-klinik-\u00c5strupvej-7-Haderslev-S\u00f8nderjylland.png 878w, https:\/\/niipit.dk\/kiropraktisk-klinik\/wp-content\/uploads\/sites\/303\/2019\/09\/Kiropraktisk-klinik-\u00c5strupvej-7-Haderslev-S\u00f8nderjylland-300x200.png 300w, https:\/\/niipit.dk\/kiropraktisk-klinik\/wp-content\/uploads\/sites\/303\/2019\/09\/Kiropraktisk-klinik-\u00c5strupvej-7-Haderslev-S\u00f8nderjylland-768x513.png 768w, https:\/\/niipit.dk\/kiropraktisk-klinik\/wp-content\/uploads\/sites\/303\/2019\/09\/Kiropraktisk-klinik-\u00c5strupvej-7-Haderslev-S\u00f8nderjylland-600x400.png 600w\" sizes=\"auto, (max-width: 878px) 100vw, 878px\" \/><\/figure><\/div>\n","protected":false},"excerpt":{"rendered":"<p>Kiropraktisk Klinik v\/Gunvor J\u00f8rnsg\u00e5rd \u00c5strupvej 76100 HaderslevDanmark E-mail: klinik@joernsgaard.dk \u00a0 Telefon: +45 74 52 36 56TIDSBESTILLING MODTAGES KUN VIA TLF \u00a0 \u00c5bningstider \u00a0 Mandag kl. 8.00 til 18.00Tirsdag kl. 8.00 til 17.00Onsdag kl. 8.00 til 14.00Torsdag kl. 8.00 til 18.00Fredag kl. 8.00 til 14.00 Konsultation efter aftale<\/p>\n","protected":false},"author":151,"featured_media":0,"parent":0,"menu_order":0,"comment_status":"closed","ping_status":"closed","template":"","meta":{"_exactmetrics_skip_tracking":false,"_exactmetrics_sitenote_active":false,"_exactmetrics_sitenote_note":"","_exactmetrics_sitenote_category":0,"_monsterinsights_skip_tracking":false,"_monsterinsights_sitenote_active":false,"_monsterinsights_sitenote_note":"","_monsterinsights_sitenote_category":0,"footnotes":""},"class_list":["post-5133","page","type-page","status-publish","hentry"],"yoast_head":"<!-- This site is optimized with the Yoast SEO Premium plugin v16.3 (Yoast SEO v27.3) - https:\/\/yoast.com\/product\/yoast-seo-premium-wordpress\/ -->\n<title>Kiropraktisk Klinik - Haderslev - Tlf +45 74 52 08 27<\/title>\n<meta name=\"description\" content=\"Kiropraktisk klinik v\/Gunvor J\u00f8rnsg\u00e5rd. Din kiropraktor i Haderslev. Har du smerter, er du velkommen til at ringe og f\u00e5 en snak om vi kan hj\u00e6lpe dig.\" \/>\n<meta name=\"robots\" content=\"index, follow, max-snippet:-1, max-image-preview:large, max-video-preview:-1\" \/>\n<link rel=\"canonical\" href=\"https:\/\/niipit.dk\/kiropraktisk-klinik\/kontakt\/\" \/>\n<meta property=\"og:locale\" content=\"da_DK\" \/>\n<meta property=\"og:type\" content=\"article\" \/>\n<meta property=\"og:title\" content=\"Kiropraktisk Klinik - Haderslev - Tlf +45 74 52 08 27\" \/>\n<meta property=\"og:description\" content=\"Kiropraktisk klinik v\/Gunvor J\u00f8rnsg\u00e5rd. Din kiropraktor i Haderslev. Har du smerter, er du velkommen til at ringe og f\u00e5 en snak om vi kan hj\u00e6lpe dig.\" \/>\n<meta property=\"og:url\" content=\"https:\/\/niipit.dk\/kiropraktisk-klinik\/kontakt\/\" \/>\n<meta property=\"og:site_name\" content=\"Kiropraktisk Klinik\" \/>\n<meta property=\"article:modified_time\" content=\"2021-12-07T07:19:18+00:00\" \/>\n<meta name=\"twitter:card\" content=\"summary_large_image\" \/>\n<meta name=\"twitter:label1\" content=\"Estimeret l\u00e6setid\" \/>\n\t<meta name=\"twitter:data1\" content=\"1 minut\" \/>\n<script type=\"application\/ld+json\" class=\"yoast-schema-graph\">{\"@context\":\"https:\\\/\\\/schema.org\",\"@graph\":[{\"@type\":\"WebPage\",\"@id\":\"https:\\\/\\\/niipit.dk\\\/kiropraktisk-klinik\\\/kontakt\\\/\",\"url\":\"https:\\\/\\\/niipit.dk\\\/kiropraktisk-klinik\\\/kontakt\\\/\",\"name\":\"Kiropraktisk Klinik - Haderslev - Tlf +45 74 52 08 27\",\"isPartOf\":{\"@id\":\"https:\\\/\\\/niipit.dk\\\/kiropraktisk-klinik\\\/#website\"},\"datePublished\":\"2018-08-15T20:08:09+00:00\",\"dateModified\":\"2021-12-07T07:19:18+00:00\",\"description\":\"Kiropraktisk klinik v\\\/Gunvor J\u00f8rnsg\u00e5rd. Din kiropraktor i Haderslev. Har du smerter, er du velkommen til at ringe og f\u00e5 en snak om vi kan hj\u00e6lpe dig.\",\"breadcrumb\":{\"@id\":\"https:\\\/\\\/niipit.dk\\\/kiropraktisk-klinik\\\/kontakt\\\/#breadcrumb\"},\"inLanguage\":\"da-DK\",\"potentialAction\":[{\"@type\":\"ReadAction\",\"target\":[\"https:\\\/\\\/niipit.dk\\\/kiropraktisk-klinik\\\/kontakt\\\/\"]}]},{\"@type\":\"BreadcrumbList\",\"@id\":\"https:\\\/\\\/niipit.dk\\\/kiropraktisk-klinik\\\/kontakt\\\/#breadcrumb\",\"itemListElement\":[{\"@type\":\"ListItem\",\"position\":1,\"name\":\"Hjem\",\"item\":\"https:\\\/\\\/niipit.dk\\\/kiropraktisk-klinik\\\/\"},{\"@type\":\"ListItem\",\"position\":2,\"name\":\"Kontakt\"}]},{\"@type\":\"WebSite\",\"@id\":\"https:\\\/\\\/niipit.dk\\\/kiropraktisk-klinik\\\/#website\",\"url\":\"https:\\\/\\\/niipit.dk\\\/kiropraktisk-klinik\\\/\",\"name\":\"Kiropraktisk Klinik\",\"description\":\"v\\\/ Gunvor J\u00f8rnsg\u00e5rd. Haderslev\",\"potentialAction\":[{\"@type\":\"SearchAction\",\"target\":{\"@type\":\"EntryPoint\",\"urlTemplate\":\"https:\\\/\\\/niipit.dk\\\/kiropraktisk-klinik\\\/?s={search_term_string}\"},\"query-input\":{\"@type\":\"PropertyValueSpecification\",\"valueRequired\":true,\"valueName\":\"search_term_string\"}}],\"inLanguage\":\"da-DK\"}]}<\/script>\n<!-- \/ Yoast SEO Premium plugin. -->","yoast_head_json":{"title":"Kiropraktisk Klinik - Haderslev - Tlf +45 74 52 08 27","description":"Kiropraktisk klinik v\/Gunvor J\u00f8rnsg\u00e5rd. Din kiropraktor i Haderslev. Har du smerter, er du velkommen til at ringe og f\u00e5 en snak om vi kan hj\u00e6lpe dig.","robots":{"index":"index","follow":"follow","max-snippet":"max-snippet:-1","max-image-preview":"max-image-preview:large","max-video-preview":"max-video-preview:-1"},"canonical":"https:\/\/niipit.dk\/kiropraktisk-klinik\/kontakt\/","og_locale":"da_DK","og_type":"article","og_title":"Kiropraktisk Klinik - Haderslev - Tlf +45 74 52 08 27","og_description":"Kiropraktisk klinik v\/Gunvor J\u00f8rnsg\u00e5rd. Din kiropraktor i Haderslev. Har du smerter, er du velkommen til at ringe og f\u00e5 en snak om vi kan hj\u00e6lpe dig.","og_url":"https:\/\/niipit.dk\/kiropraktisk-klinik\/kontakt\/","og_site_name":"Kiropraktisk Klinik","article_modified_time":"2021-12-07T07:19:18+00:00","twitter_card":"summary_large_image","twitter_misc":{"Estimeret l\u00e6setid":"1 minut"},"schema":{"@context":"https:\/\/schema.org","@graph":[{"@type":"WebPage","@id":"https:\/\/niipit.dk\/kiropraktisk-klinik\/kontakt\/","url":"https:\/\/niipit.dk\/kiropraktisk-klinik\/kontakt\/","name":"Kiropraktisk Klinik - Haderslev - Tlf +45 74 52 08 27","isPartOf":{"@id":"https:\/\/niipit.dk\/kiropraktisk-klinik\/#website"},"datePublished":"2018-08-15T20:08:09+00:00","dateModified":"2021-12-07T07:19:18+00:00","description":"Kiropraktisk klinik v\/Gunvor J\u00f8rnsg\u00e5rd. Din kiropraktor i Haderslev. Har du smerter, er du velkommen til at ringe og f\u00e5 en snak om vi kan hj\u00e6lpe dig.","breadcrumb":{"@id":"https:\/\/niipit.dk\/kiropraktisk-klinik\/kontakt\/#breadcrumb"},"inLanguage":"da-DK","potentialAction":[{"@type":"ReadAction","target":["https:\/\/niipit.dk\/kiropraktisk-klinik\/kontakt\/"]}]},{"@type":"BreadcrumbList","@id":"https:\/\/niipit.dk\/kiropraktisk-klinik\/kontakt\/#breadcrumb","itemListElement":[{"@type":"ListItem","position":1,"name":"Hjem","item":"https:\/\/niipit.dk\/kiropraktisk-klinik\/"},{"@type":"ListItem","position":2,"name":"Kontakt"}]},{"@type":"WebSite","@id":"https:\/\/niipit.dk\/kiropraktisk-klinik\/#website","url":"https:\/\/niipit.dk\/kiropraktisk-klinik\/","name":"Kiropraktisk Klinik","description":"v\/ Gunvor J\u00f8rnsg\u00e5rd. Haderslev","potentialAction":[{"@type":"SearchAction","target":{"@type":"EntryPoint","urlTemplate":"https:\/\/niipit.dk\/kiropraktisk-klinik\/?s={search_term_string}"},"query-input":{"@type":"PropertyValueSpecification","valueRequired":true,"valueName":"search_term_string"}}],"inLanguage":"da-DK"}]}},"_links":{"self":[{"href":"https:\/\/niipit.dk\/kiropraktisk-klinik\/wp-json\/wp\/v2\/pages\/5133","targetHints":{"allow":["GET"]}}],"collection":[{"href":"https:\/\/niipit.dk\/kiropraktisk-klinik\/wp-json\/wp\/v2\/pages"}],"about":[{"href":"https:\/\/niipit.dk\/kiropraktisk-klinik\/wp-json\/wp\/v2\/types\/page"}],"author":[{"embeddable":true,"href":"https:\/\/niipit.dk\/kiropraktisk-klinik\/wp-json\/wp\/v2\/users\/151"}],"replies":[{"embeddable":true,"href":"https:\/\/niipit.dk\/kiropraktisk-klinik\/wp-json\/wp\/v2\/comments?post=5133"}],"version-history":[{"count":4,"href":"https:\/\/niipit.dk\/kiropraktisk-klinik\/wp-json\/wp\/v2\/pages\/5133\/revisions"}],"predecessor-version":[{"id":7323,"href":"https:\/\/niipit.dk\/kiropraktisk-klinik\/wp-json\/wp\/v2\/pages\/5133\/revisions\/7323"}],"wp:attachment":[{"href":"https:\/\/niipit.dk\/kiropraktisk-klinik\/wp-json\/wp\/v2\/media?parent=5133"}],"curies":[{"name":"wp","href":"https:\/\/api.w.org\/{rel}","templated":true}]}}