{"id":5064,"date":"2018-08-10T22:29:34","date_gmt":"2018-08-10T20:29:34","guid":{"rendered":"https:\/\/niipit.dk\/kims-transport-og-flytteforretning-shop\/?page_id=5064"},"modified":"2020-02-22T23:07:12","modified_gmt":"2020-02-22T22:07:12","slug":"frontpage","status":"publish","type":"page","link":"https:\/\/niipit.dk\/kims-transport-og-flytteforretning\/","title":{"rendered":"Forside"},"content":{"rendered":"\n<hr class=\"wp-block-separator\"\/>\n\n\n\n<p>Kim&#8217;s Transport &amp; Flytteforretning klarer alle former flytninger. Dem, der bare skal rundt om hj\u00f8rnet og dem, der skal fra Gedser til Skagen.<\/p>\n\n\n\n<p>\u200b<br>Vi flytter for virksomheder og private. For dem, der skal flytte sammen, flytte hjemmefra, flytte i hus eller op under taget. Og vi flytter for dem, der skal til det store udland og hjem igen.<br>\u200b<br>Vi har udstyret og det erfarne mandskab til at tage kyndigt h\u00e5nd om enhver flytning.<br>\u200b<br>Vi er bevidste om det ansvar, der f\u00f8lger med, n\u00e5r vi h\u00e5ndterer jeres ejendele. Derfor er vores indsats professionel hele vejen igennem.<br>\u200b<br>Kontakt Kim&#8217;s Transport &amp; Flytteforretning for assistance til flytningen eller l\u00e6s mere om, hvad vi tilbyder, <a href=\"https:\/\/www.kimstransportogflytteforretning.dk\/\">her p\u00e5 siden<\/a>.<\/p>\n","protected":false},"excerpt":{"rendered":"<p>Kim&#8217;s Transport &amp; Flytteforretning klarer alle former flytninger. Dem, der bare skal rundt om hj\u00f8rnet og dem, der skal fra Gedser til Skagen. \u200bVi flytter for virksomheder og private. For dem, der skal flytte sammen, flytte hjemmefra, flytte i hus eller op under taget. Og vi flytter for dem, der skal til det store udland <a class=\"moretag btn btn-primary\" href=\"https:\/\/niipit.dk\/kims-transport-og-flytteforretning\/\">L\u00e6s mere<\/a><\/p>\n","protected":false},"author":1,"featured_media":0,"parent":0,"menu_order":0,"comment_status":"closed","ping_status":"closed","template":"frontpagePremium.php","meta":{"_exactmetrics_skip_tracking":false,"_exactmetrics_sitenote_active":false,"_exactmetrics_sitenote_note":"","_exactmetrics_sitenote_category":0,"_monsterinsights_skip_tracking":false,"_monsterinsights_sitenote_active":false,"_monsterinsights_sitenote_note":"","_monsterinsights_sitenote_category":0,"footnotes":""},"class_list":["post-5064","page","type-page","status-publish","hentry"],"yoast_head":"<!-- This site is optimized with the Yoast SEO Premium plugin v16.3 (Yoast SEO v27.3) - https:\/\/yoast.com\/product\/yoast-seo-premium-wordpress\/ -->\n<title>Flytteforretning i Vemb | Vi flytter i hele landet! | F\u00e5 tilbud her<\/title>\n<meta name=\"description\" content=\"Hos Kim\u2019s Transport &amp; Flytteforretning tilbyder vi flytteservice i hele landet. Vores flyttefolk hj\u00e6lper b\u00e5de erhvervskunder og privatkunder med flytning \u27a4\u27a4\" \/>\n<meta name=\"robots\" content=\"index, follow, max-snippet:-1, max-image-preview:large, max-video-preview:-1\" \/>\n<link rel=\"canonical\" href=\"https:\/\/niipit.dk\/kims-transport-og-flytteforretning\/\" \/>\n<meta property=\"og:locale\" content=\"da_DK\" \/>\n<meta property=\"og:type\" content=\"article\" \/>\n<meta property=\"og:title\" content=\"Flytteforretning i Vemb | Vi flytter i hele landet! | F\u00e5 tilbud her\" \/>\n<meta property=\"og:description\" content=\"Hos Kim\u2019s Transport &amp; Flytteforretning tilbyder vi flytteservice i hele landet. Vores flyttefolk hj\u00e6lper b\u00e5de erhvervskunder og privatkunder med flytning \u27a4\u27a4\" \/>\n<meta property=\"og:url\" content=\"https:\/\/niipit.dk\/kims-transport-og-flytteforretning\/\" \/>\n<meta property=\"og:site_name\" content=\"Kims transport og flytteforretning\" \/>\n<meta property=\"article:modified_time\" content=\"2020-02-22T22:07:12+00:00\" \/>\n<meta name=\"twitter:card\" content=\"summary_large_image\" \/>\n<meta name=\"twitter:label1\" content=\"Estimeret l\u00e6setid\" \/>\n\t<meta name=\"twitter:data1\" content=\"1 minut\" \/>\n<script type=\"application\/ld+json\" class=\"yoast-schema-graph\">{\"@context\":\"https:\\\/\\\/schema.org\",\"@graph\":[{\"@type\":\"WebPage\",\"@id\":\"https:\\\/\\\/niipit.dk\\\/kims-transport-og-flytteforretning\\\/\",\"url\":\"https:\\\/\\\/niipit.dk\\\/kims-transport-og-flytteforretning\\\/\",\"name\":\"Flytteforretning i Vemb | Vi flytter i hele landet! | F\u00e5 tilbud her\",\"isPartOf\":{\"@id\":\"https:\\\/\\\/niipit.dk\\\/kims-transport-og-flytteforretning\\\/#website\"},\"datePublished\":\"2018-08-10T20:29:34+00:00\",\"dateModified\":\"2020-02-22T22:07:12+00:00\",\"description\":\"Hos Kim\u2019s Transport & Flytteforretning tilbyder vi flytteservice i hele landet. Vores flyttefolk hj\u00e6lper b\u00e5de erhvervskunder og privatkunder med flytning \u27a4\u27a4\",\"breadcrumb\":{\"@id\":\"https:\\\/\\\/niipit.dk\\\/kims-transport-og-flytteforretning\\\/#breadcrumb\"},\"inLanguage\":\"da-DK\",\"potentialAction\":[{\"@type\":\"ReadAction\",\"target\":[\"https:\\\/\\\/niipit.dk\\\/kims-transport-og-flytteforretning\\\/\"]}]},{\"@type\":\"BreadcrumbList\",\"@id\":\"https:\\\/\\\/niipit.dk\\\/kims-transport-og-flytteforretning\\\/#breadcrumb\",\"itemListElement\":[{\"@type\":\"ListItem\",\"position\":1,\"name\":\"Hjem\",\"item\":\"https:\\\/\\\/niipit.dk\\\/kims-transport-og-flytteforretning\\\/\"},{\"@type\":\"ListItem\",\"position\":2,\"name\":\"Forside\"}]},{\"@type\":\"WebSite\",\"@id\":\"https:\\\/\\\/niipit.dk\\\/kims-transport-og-flytteforretning\\\/#website\",\"url\":\"https:\\\/\\\/niipit.dk\\\/kims-transport-og-flytteforretning\\\/\",\"name\":\"Kims transport og flytteforretning\",\"description\":\"F\u00e5 din virksomhed p\u00e5 niipit\",\"potentialAction\":[{\"@type\":\"SearchAction\",\"target\":{\"@type\":\"EntryPoint\",\"urlTemplate\":\"https:\\\/\\\/niipit.dk\\\/kims-transport-og-flytteforretning\\\/?s={search_term_string}\"},\"query-input\":{\"@type\":\"PropertyValueSpecification\",\"valueRequired\":true,\"valueName\":\"search_term_string\"}}],\"inLanguage\":\"da-DK\"}]}<\/script>\n<!-- \/ Yoast SEO Premium plugin. -->","yoast_head_json":{"title":"Flytteforretning i Vemb | Vi flytter i hele landet! | F\u00e5 tilbud her","description":"Hos Kim\u2019s Transport & Flytteforretning tilbyder vi flytteservice i hele landet. Vores flyttefolk hj\u00e6lper b\u00e5de erhvervskunder og privatkunder med flytning \u27a4\u27a4","robots":{"index":"index","follow":"follow","max-snippet":"max-snippet:-1","max-image-preview":"max-image-preview:large","max-video-preview":"max-video-preview:-1"},"canonical":"https:\/\/niipit.dk\/kims-transport-og-flytteforretning\/","og_locale":"da_DK","og_type":"article","og_title":"Flytteforretning i Vemb | Vi flytter i hele landet! | F\u00e5 tilbud her","og_description":"Hos Kim\u2019s Transport & Flytteforretning tilbyder vi flytteservice i hele landet. Vores flyttefolk hj\u00e6lper b\u00e5de erhvervskunder og privatkunder med flytning \u27a4\u27a4","og_url":"https:\/\/niipit.dk\/kims-transport-og-flytteforretning\/","og_site_name":"Kims transport og flytteforretning","article_modified_time":"2020-02-22T22:07:12+00:00","twitter_card":"summary_large_image","twitter_misc":{"Estimeret l\u00e6setid":"1 minut"},"schema":{"@context":"https:\/\/schema.org","@graph":[{"@type":"WebPage","@id":"https:\/\/niipit.dk\/kims-transport-og-flytteforretning\/","url":"https:\/\/niipit.dk\/kims-transport-og-flytteforretning\/","name":"Flytteforretning i Vemb | Vi flytter i hele landet! | F\u00e5 tilbud her","isPartOf":{"@id":"https:\/\/niipit.dk\/kims-transport-og-flytteforretning\/#website"},"datePublished":"2018-08-10T20:29:34+00:00","dateModified":"2020-02-22T22:07:12+00:00","description":"Hos Kim\u2019s Transport & Flytteforretning tilbyder vi flytteservice i hele landet. Vores flyttefolk hj\u00e6lper b\u00e5de erhvervskunder og privatkunder med flytning \u27a4\u27a4","breadcrumb":{"@id":"https:\/\/niipit.dk\/kims-transport-og-flytteforretning\/#breadcrumb"},"inLanguage":"da-DK","potentialAction":[{"@type":"ReadAction","target":["https:\/\/niipit.dk\/kims-transport-og-flytteforretning\/"]}]},{"@type":"BreadcrumbList","@id":"https:\/\/niipit.dk\/kims-transport-og-flytteforretning\/#breadcrumb","itemListElement":[{"@type":"ListItem","position":1,"name":"Hjem","item":"https:\/\/niipit.dk\/kims-transport-og-flytteforretning\/"},{"@type":"ListItem","position":2,"name":"Forside"}]},{"@type":"WebSite","@id":"https:\/\/niipit.dk\/kims-transport-og-flytteforretning\/#website","url":"https:\/\/niipit.dk\/kims-transport-og-flytteforretning\/","name":"Kims transport og flytteforretning","description":"F\u00e5 din virksomhed p\u00e5 niipit","potentialAction":[{"@type":"SearchAction","target":{"@type":"EntryPoint","urlTemplate":"https:\/\/niipit.dk\/kims-transport-og-flytteforretning\/?s={search_term_string}"},"query-input":{"@type":"PropertyValueSpecification","valueRequired":true,"valueName":"search_term_string"}}],"inLanguage":"da-DK"}]}},"_links":{"self":[{"href":"https:\/\/niipit.dk\/kims-transport-og-flytteforretning\/wp-json\/wp\/v2\/pages\/5064","targetHints":{"allow":["GET"]}}],"collection":[{"href":"https:\/\/niipit.dk\/kims-transport-og-flytteforretning\/wp-json\/wp\/v2\/pages"}],"about":[{"href":"https:\/\/niipit.dk\/kims-transport-og-flytteforretning\/wp-json\/wp\/v2\/types\/page"}],"author":[{"embeddable":true,"href":"https:\/\/niipit.dk\/kims-transport-og-flytteforretning\/wp-json\/wp\/v2\/users\/1"}],"replies":[{"embeddable":true,"href":"https:\/\/niipit.dk\/kims-transport-og-flytteforretning\/wp-json\/wp\/v2\/comments?post=5064"}],"version-history":[{"count":0,"href":"https:\/\/niipit.dk\/kims-transport-og-flytteforretning\/wp-json\/wp\/v2\/pages\/5064\/revisions"}],"wp:attachment":[{"href":"https:\/\/niipit.dk\/kims-transport-og-flytteforretning\/wp-json\/wp\/v2\/media?parent=5064"}],"curies":[{"name":"wp","href":"https:\/\/api.w.org\/{rel}","templated":true}]}}