{"id":5499,"date":"2019-02-19T13:33:16","date_gmt":"2019-02-19T12:33:16","guid":{"rendered":"https:\/\/niipit.dk\/mastergoldblog\/?page_id=5499"},"modified":"2021-05-20T00:55:00","modified_gmt":"2021-05-19T22:55:00","slug":"video","status":"publish","type":"page","link":"https:\/\/niipit.dk\/katte-killinger\/video\/","title":{"rendered":"Video"},"content":{"rendered":"\n<h2 class=\"wp-block-heading\" id=\"h-katte-video-er-noget-af-det-sjoveste-der-findes\">Katte video er noget af det sjoveste der findes.<\/h2>\n\n\n\n<p>vidste du at der findes over 4 millioner hits p\u00e5 Google n\u00e5r vi s\u00f8ger efter videoer med katte. Og i England er ca 15 % af alle de artikler, blogs, video og opslag der bliver udgivet hver dag&#8230; om katte. Ja du l\u00e6ste rigtigt. Katte har s\u00e5 stor opm\u00e6rksomhed verden over at internettet eksploderer af sjove katte videoer.<\/p>\n\n\n\n<figure class=\"wp-block-embed is-type-video is-provider-youtube wp-block-embed-youtube wp-embed-aspect-4-3 wp-has-aspect-ratio\"><div class=\"wp-block-embed__wrapper\">\n<iframe loading=\"lazy\" title=\"Kattekillinger i gryde\" width=\"1170\" height=\"878\" src=\"https:\/\/www.youtube.com\/embed\/rnYS-PHnpHg?feature=oembed\" frameborder=\"0\" allow=\"accelerometer; autoplay; clipboard-write; encrypted-media; gyroscope; picture-in-picture\" allowfullscreen><\/iframe>\n<\/div><\/figure>\n\n\n\n<h3 class=\"wp-block-heading\" id=\"h-se-bare-den-sjove-film-med-katte-i-en-gryde\">Se bare den sjove film med katte i en gryde.<\/h3>\n\n\n\n<p>Se nu bare denne s\u00f8de sjove film med katte der er filmet mens de leger i en gryde. Der er da ikke til at st\u00e5 for. De sm\u00e5 s\u00f8de katte er fanget i et \u00f8jebliks k\u00e5dhed hvor de ikke \u00e6nser andet en hinanden og den kamp de k\u00e6mper men de under holder alle os andre for fulde sejl. Sjove film med katte findes der et hav af p\u00e5 nettet. Har du selv lavet nogle sjove film og lagt p\u00e5 Youtube?<\/p>\n\n\n\n<figure class=\"wp-block-embed is-type-video is-provider-youtube wp-block-embed-youtube wp-embed-aspect-4-3 wp-has-aspect-ratio\"><div class=\"wp-block-embed__wrapper\">\n<iframe loading=\"lazy\" title=\"kattekillinger\" width=\"1170\" height=\"878\" src=\"https:\/\/www.youtube.com\/embed\/joJRIRDNfok?feature=oembed\" frameborder=\"0\" allow=\"accelerometer; autoplay; clipboard-write; encrypted-media; gyroscope; picture-in-picture\" allowfullscreen><\/iframe>\n<\/div><\/figure>\n\n\n\n<h2 class=\"wp-block-heading\" id=\"h-katte-video\">Katte video<\/h2>\n\n\n\n<p>Her p\u00e5 siden har vi samlet nogle af de s\u00f8de katte video som vi har kunne finde. Der er jo et hav at v\u00e6lge imellem men det her var nogle af dem vi syntes var de bedste. Hvis du har en katte video som du gerne vil have her ind p\u00e5 Niipit s\u00e5 er du meget velkommen til at kontakte os. Hvis videoen lever op til vores krav s\u00e5 kan den sagtens komme med her i vores video katalog. Hvis du vil have fat i os s\u00e5 kan du skrive til os p\u00e5 support@niipit.com og sende et link med til din video s\u00e5 vi kan se den og hvis den kommer online her p\u00e5 siden s\u00e5 skriver vi til dig. Du kan altid f\u00e5 fjernet din video igen blot ved at sende en mail til os.<\/p>\n\n\n\n<figure class=\"wp-block-embed is-type-video is-provider-youtube wp-block-embed-youtube wp-embed-aspect-16-9 wp-has-aspect-ratio\"><div class=\"wp-block-embed__wrapper\">\n<iframe loading=\"lazy\" title=\"Killinger\" width=\"1170\" height=\"658\" src=\"https:\/\/www.youtube.com\/embed\/zkFpanHdpl4?feature=oembed\" frameborder=\"0\" allow=\"accelerometer; autoplay; clipboard-write; encrypted-media; gyroscope; picture-in-picture\" allowfullscreen><\/iframe>\n<\/div><\/figure>\n\n\n\n<figure class=\"wp-block-embed is-type-video is-provider-youtube wp-block-embed-youtube wp-embed-aspect-16-9 wp-has-aspect-ratio\"><div class=\"wp-block-embed__wrapper\">\n<iframe loading=\"lazy\" title=\"Sjove Dyr Videoer For B\u00f8rn S\u00f8d Killing Sjove Kat Videoer Youtube Funny Dyr Videoer\" width=\"1170\" height=\"658\" src=\"https:\/\/www.youtube.com\/embed\/AK4KSnWqBi0?feature=oembed\" frameborder=\"0\" allow=\"accelerometer; autoplay; clipboard-write; encrypted-media; gyroscope; picture-in-picture\" allowfullscreen><\/iframe>\n<\/div><\/figure>\n\n\n\n<figure class=\"wp-block-embed is-type-video is-provider-youtube wp-block-embed-youtube wp-embed-aspect-16-9 wp-has-aspect-ratio\"><div class=\"wp-block-embed__wrapper\">\n<iframe loading=\"lazy\" title=\"sm\u00e5 killinger mjavende og taler  s\u00f8d kat kompilering\" width=\"1170\" height=\"658\" src=\"https:\/\/www.youtube.com\/embed\/USaQbKDDmpU?feature=oembed\" frameborder=\"0\" allow=\"accelerometer; autoplay; clipboard-write; encrypted-media; gyroscope; picture-in-picture\" allowfullscreen><\/iframe>\n<\/div><\/figure>\n\n\n\n<figure class=\"wp-block-embed is-type-video is-provider-youtube wp-block-embed-youtube wp-embed-aspect-16-9 wp-has-aspect-ratio\"><div class=\"wp-block-embed__wrapper\">\n<iframe loading=\"lazy\" title=\"Sjove Katte Og Killinger Meowing 2016\" width=\"1170\" height=\"658\" src=\"https:\/\/www.youtube.com\/embed\/bJCRf4HhRbc?feature=oembed\" frameborder=\"0\" allow=\"accelerometer; autoplay; clipboard-write; encrypted-media; gyroscope; picture-in-picture\" allowfullscreen><\/iframe>\n<\/div><\/figure>\n\n\n\n<p><a href=\"https:\/\/www.youtube.com\/results?search_query=katte+video\" target=\"_blank\" rel=\"noreferrer noopener\">Se flere katte video lige her<\/a> <a href=\"https:\/\/niipit.dk\/katte-killinger\/galleri\/\">eller kig katte galleriet her<\/a><\/p>\n","protected":false},"excerpt":{"rendered":"<p>Katte video er noget af det sjoveste der findes. vidste du at der findes over 4 millioner hits p\u00e5 Google n\u00e5r vi s\u00f8ger efter videoer med katte. Og i England er ca 15 % af alle de artikler, blogs, video og opslag der bliver udgivet hver dag&#8230; om katte. Ja du l\u00e6ste rigtigt. Katte har <a class=\"moretag btn btn-primary\" href=\"https:\/\/niipit.dk\/katte-killinger\/video\/\">L\u00e6s mere<\/a><\/p>\n","protected":false},"author":903,"featured_media":0,"parent":0,"menu_order":0,"comment_status":"closed","ping_status":"closed","template":"","meta":{"_exactmetrics_skip_tracking":false,"_exactmetrics_sitenote_active":false,"_exactmetrics_sitenote_note":"","_exactmetrics_sitenote_category":0,"_monsterinsights_skip_tracking":false,"_monsterinsights_sitenote_active":false,"_monsterinsights_sitenote_note":"","_monsterinsights_sitenote_category":0,"footnotes":""},"class_list":["post-5499","page","type-page","status-publish","hentry"],"yoast_head":"<!-- This site is optimized with the Yoast SEO Premium plugin v16.3 (Yoast SEO v27.3) - https:\/\/yoast.com\/product\/yoast-seo-premium-wordpress\/ -->\n<title>Katte Video - Se s\u00f8de katte film p\u00e5 vores Niipit profil<\/title>\n<meta name=\"description\" content=\"Katte Video omr\u00e5det fra Katte Killinger viser dig nogle af vores bedste film se med her og f\u00e5 en masse sjove og s\u00f8de glimt\" \/>\n<meta name=\"robots\" content=\"index, follow, max-snippet:-1, max-image-preview:large, max-video-preview:-1\" \/>\n<link rel=\"canonical\" href=\"https:\/\/niipit.dk\/katte-killinger\/video\/\" \/>\n<meta property=\"og:locale\" content=\"da_DK\" \/>\n<meta property=\"og:type\" content=\"article\" \/>\n<meta property=\"og:title\" content=\"Katte Video - Se s\u00f8de katte film p\u00e5 vores Niipit profil\" \/>\n<meta property=\"og:description\" content=\"Katte Video omr\u00e5det fra Katte Killinger viser dig nogle af vores bedste film se med her og f\u00e5 en masse sjove og s\u00f8de glimt\" \/>\n<meta property=\"og:url\" content=\"https:\/\/niipit.dk\/katte-killinger\/video\/\" \/>\n<meta property=\"og:site_name\" content=\"Katte Killinger\" \/>\n<meta property=\"article:modified_time\" content=\"2021-05-19T22:55:00+00:00\" \/>\n<meta name=\"twitter:card\" content=\"summary_large_image\" \/>\n<meta name=\"twitter:label1\" content=\"Estimeret l\u00e6setid\" \/>\n\t<meta name=\"twitter:data1\" content=\"2 minutter\" \/>\n<script type=\"application\/ld+json\" class=\"yoast-schema-graph\">{\"@context\":\"https:\\\/\\\/schema.org\",\"@graph\":[{\"@type\":\"WebPage\",\"@id\":\"https:\\\/\\\/niipit.dk\\\/katte-killinger\\\/video\\\/\",\"url\":\"https:\\\/\\\/niipit.dk\\\/katte-killinger\\\/video\\\/\",\"name\":\"Katte Video - Se s\u00f8de katte film p\u00e5 vores Niipit profil\",\"isPartOf\":{\"@id\":\"https:\\\/\\\/niipit.dk\\\/katte-killinger\\\/#website\"},\"datePublished\":\"2019-02-19T12:33:16+00:00\",\"dateModified\":\"2021-05-19T22:55:00+00:00\",\"description\":\"Katte Video omr\u00e5det fra Katte Killinger viser dig nogle af vores bedste film se med her og f\u00e5 en masse sjove og s\u00f8de glimt\",\"breadcrumb\":{\"@id\":\"https:\\\/\\\/niipit.dk\\\/katte-killinger\\\/video\\\/#breadcrumb\"},\"inLanguage\":\"da-DK\",\"potentialAction\":[{\"@type\":\"ReadAction\",\"target\":[\"https:\\\/\\\/niipit.dk\\\/katte-killinger\\\/video\\\/\"]}]},{\"@type\":\"BreadcrumbList\",\"@id\":\"https:\\\/\\\/niipit.dk\\\/katte-killinger\\\/video\\\/#breadcrumb\",\"itemListElement\":[{\"@type\":\"ListItem\",\"position\":1,\"name\":\"Hjem\",\"item\":\"https:\\\/\\\/niipit.dk\\\/katte-killinger\\\/\"},{\"@type\":\"ListItem\",\"position\":2,\"name\":\"Video\"}]},{\"@type\":\"WebSite\",\"@id\":\"https:\\\/\\\/niipit.dk\\\/katte-killinger\\\/#website\",\"url\":\"https:\\\/\\\/niipit.dk\\\/katte-killinger\\\/\",\"name\":\"Katte Killinger\",\"description\":\"Niipits dejligste hundehvalpe. Se dem alle her\",\"potentialAction\":[{\"@type\":\"SearchAction\",\"target\":{\"@type\":\"EntryPoint\",\"urlTemplate\":\"https:\\\/\\\/niipit.dk\\\/katte-killinger\\\/?s={search_term_string}\"},\"query-input\":{\"@type\":\"PropertyValueSpecification\",\"valueRequired\":true,\"valueName\":\"search_term_string\"}}],\"inLanguage\":\"da-DK\"}]}<\/script>\n<!-- \/ Yoast SEO Premium plugin. -->","yoast_head_json":{"title":"Katte Video - Se s\u00f8de katte film p\u00e5 vores Niipit profil","description":"Katte Video omr\u00e5det fra Katte Killinger viser dig nogle af vores bedste film se med her og f\u00e5 en masse sjove og s\u00f8de glimt","robots":{"index":"index","follow":"follow","max-snippet":"max-snippet:-1","max-image-preview":"max-image-preview:large","max-video-preview":"max-video-preview:-1"},"canonical":"https:\/\/niipit.dk\/katte-killinger\/video\/","og_locale":"da_DK","og_type":"article","og_title":"Katte Video - Se s\u00f8de katte film p\u00e5 vores Niipit profil","og_description":"Katte Video omr\u00e5det fra Katte Killinger viser dig nogle af vores bedste film se med her og f\u00e5 en masse sjove og s\u00f8de glimt","og_url":"https:\/\/niipit.dk\/katte-killinger\/video\/","og_site_name":"Katte Killinger","article_modified_time":"2021-05-19T22:55:00+00:00","twitter_card":"summary_large_image","twitter_misc":{"Estimeret l\u00e6setid":"2 minutter"},"schema":{"@context":"https:\/\/schema.org","@graph":[{"@type":"WebPage","@id":"https:\/\/niipit.dk\/katte-killinger\/video\/","url":"https:\/\/niipit.dk\/katte-killinger\/video\/","name":"Katte Video - Se s\u00f8de katte film p\u00e5 vores Niipit profil","isPartOf":{"@id":"https:\/\/niipit.dk\/katte-killinger\/#website"},"datePublished":"2019-02-19T12:33:16+00:00","dateModified":"2021-05-19T22:55:00+00:00","description":"Katte Video omr\u00e5det fra Katte Killinger viser dig nogle af vores bedste film se med her og f\u00e5 en masse sjove og s\u00f8de glimt","breadcrumb":{"@id":"https:\/\/niipit.dk\/katte-killinger\/video\/#breadcrumb"},"inLanguage":"da-DK","potentialAction":[{"@type":"ReadAction","target":["https:\/\/niipit.dk\/katte-killinger\/video\/"]}]},{"@type":"BreadcrumbList","@id":"https:\/\/niipit.dk\/katte-killinger\/video\/#breadcrumb","itemListElement":[{"@type":"ListItem","position":1,"name":"Hjem","item":"https:\/\/niipit.dk\/katte-killinger\/"},{"@type":"ListItem","position":2,"name":"Video"}]},{"@type":"WebSite","@id":"https:\/\/niipit.dk\/katte-killinger\/#website","url":"https:\/\/niipit.dk\/katte-killinger\/","name":"Katte Killinger","description":"Niipits dejligste hundehvalpe. Se dem alle her","potentialAction":[{"@type":"SearchAction","target":{"@type":"EntryPoint","urlTemplate":"https:\/\/niipit.dk\/katte-killinger\/?s={search_term_string}"},"query-input":{"@type":"PropertyValueSpecification","valueRequired":true,"valueName":"search_term_string"}}],"inLanguage":"da-DK"}]}},"_links":{"self":[{"href":"https:\/\/niipit.dk\/katte-killinger\/wp-json\/wp\/v2\/pages\/5499","targetHints":{"allow":["GET"]}}],"collection":[{"href":"https:\/\/niipit.dk\/katte-killinger\/wp-json\/wp\/v2\/pages"}],"about":[{"href":"https:\/\/niipit.dk\/katte-killinger\/wp-json\/wp\/v2\/types\/page"}],"author":[{"embeddable":true,"href":"https:\/\/niipit.dk\/katte-killinger\/wp-json\/wp\/v2\/users\/903"}],"replies":[{"embeddable":true,"href":"https:\/\/niipit.dk\/katte-killinger\/wp-json\/wp\/v2\/comments?post=5499"}],"version-history":[{"count":1,"href":"https:\/\/niipit.dk\/katte-killinger\/wp-json\/wp\/v2\/pages\/5499\/revisions"}],"predecessor-version":[{"id":6378,"href":"https:\/\/niipit.dk\/katte-killinger\/wp-json\/wp\/v2\/pages\/5499\/revisions\/6378"}],"wp:attachment":[{"href":"https:\/\/niipit.dk\/katte-killinger\/wp-json\/wp\/v2\/media?parent=5499"}],"curies":[{"name":"wp","href":"https:\/\/api.w.org\/{rel}","templated":true}]}}