{"id":5497,"date":"2019-02-19T13:33:05","date_gmt":"2019-02-19T12:33:05","guid":{"rendered":"https:\/\/niipit.dk\/mastergoldblog\/?page_id=5497"},"modified":"2019-03-24T12:39:02","modified_gmt":"2019-03-24T11:39:02","slug":"galleri","status":"publish","type":"page","link":"https:\/\/niipit.dk\/katte-killinger\/galleri\/","title":{"rendered":"Galleri"},"content":{"rendered":"\n<div class=\"wp-block-image\"><figure class=\"aligncenter\"><img loading=\"lazy\" decoding=\"async\" width=\"626\" height=\"417\" src=\"https:\/\/niipit.dk\/katte-killinger\/wp-content\/uploads\/sites\/193\/2019\/03\/lys-stribet-kattekilling-p\u00e5-t\u00e6ppe.jpg\" alt=\"lys stribet kattekilling p\u00e5 t\u00e6ppe\" class=\"wp-image-5825\" srcset=\"https:\/\/niipit.dk\/katte-killinger\/wp-content\/uploads\/sites\/193\/2019\/03\/lys-stribet-kattekilling-p\u00e5-t\u00e6ppe.jpg 626w, https:\/\/niipit.dk\/katte-killinger\/wp-content\/uploads\/sites\/193\/2019\/03\/lys-stribet-kattekilling-p\u00e5-t\u00e6ppe-300x200.jpg 300w\" sizes=\"auto, (max-width: 626px) 100vw, 626px\" \/><\/figure><\/div>\n\n\n\n<div class=\"wp-block-image\"><figure class=\"aligncenter\"><img loading=\"lazy\" decoding=\"async\" width=\"626\" height=\"417\" src=\"https:\/\/niipit.dk\/katte-killinger\/wp-content\/uploads\/sites\/193\/2019\/03\/lys-stribet-kattekilling-p\u00e5-rosa-t\u00e6ppe.jpg\" alt=\"lys stribet kattekilling p\u00e5 rosa t\u00e6ppe\" class=\"wp-image-5824\" srcset=\"https:\/\/niipit.dk\/katte-killinger\/wp-content\/uploads\/sites\/193\/2019\/03\/lys-stribet-kattekilling-p\u00e5-rosa-t\u00e6ppe.jpg 626w, https:\/\/niipit.dk\/katte-killinger\/wp-content\/uploads\/sites\/193\/2019\/03\/lys-stribet-kattekilling-p\u00e5-rosa-t\u00e6ppe-300x200.jpg 300w\" sizes=\"auto, (max-width: 626px) 100vw, 626px\" \/><\/figure><\/div>\n\n\n\n<div class=\"wp-block-image\"><figure class=\"aligncenter\"><img loading=\"lazy\" decoding=\"async\" width=\"626\" height=\"417\" src=\"https:\/\/niipit.dk\/katte-killinger\/wp-content\/uploads\/sites\/193\/2019\/03\/lys-stribet-kattekilling-ved-t\u00e6ppe.jpg\" alt=\"lys stribet kattekilling ved t\u00e6ppe\" class=\"wp-image-5826\" srcset=\"https:\/\/niipit.dk\/katte-killinger\/wp-content\/uploads\/sites\/193\/2019\/03\/lys-stribet-kattekilling-ved-t\u00e6ppe.jpg 626w, https:\/\/niipit.dk\/katte-killinger\/wp-content\/uploads\/sites\/193\/2019\/03\/lys-stribet-kattekilling-ved-t\u00e6ppe-300x200.jpg 300w\" sizes=\"auto, (max-width: 626px) 100vw, 626px\" \/><\/figure><\/div>\n\n\n\n<div class=\"wp-block-image\"><figure class=\"aligncenter\"><img loading=\"lazy\" decoding=\"async\" width=\"626\" height=\"414\" src=\"https:\/\/niipit.dk\/katte-killinger\/wp-content\/uploads\/sites\/193\/2019\/03\/Sk\u00f8nne-killinger-i-kurv.jpg\" alt=\"Sk\u00f8nne killinger i kurv\" class=\"wp-image-5827\" srcset=\"https:\/\/niipit.dk\/katte-killinger\/wp-content\/uploads\/sites\/193\/2019\/03\/Sk\u00f8nne-killinger-i-kurv.jpg 626w, https:\/\/niipit.dk\/katte-killinger\/wp-content\/uploads\/sites\/193\/2019\/03\/Sk\u00f8nne-killinger-i-kurv-300x198.jpg 300w\" sizes=\"auto, (max-width: 626px) 100vw, 626px\" \/><\/figure><\/div>\n\n\n\n<div class=\"wp-block-image\"><figure class=\"aligncenter\"><img loading=\"lazy\" decoding=\"async\" width=\"626\" height=\"417\" src=\"https:\/\/niipit.dk\/katte-killinger\/wp-content\/uploads\/sites\/193\/2019\/03\/Stribet-kattekilling-i-kurv.jpg\" alt=\"Stribet kattekilling i kurv\" class=\"wp-image-5828\" srcset=\"https:\/\/niipit.dk\/katte-killinger\/wp-content\/uploads\/sites\/193\/2019\/03\/Stribet-kattekilling-i-kurv.jpg 626w, https:\/\/niipit.dk\/katte-killinger\/wp-content\/uploads\/sites\/193\/2019\/03\/Stribet-kattekilling-i-kurv-300x200.jpg 300w\" sizes=\"auto, (max-width: 626px) 100vw, 626px\" \/><\/figure><\/div>\n\n\n\n<div class=\"wp-block-image\"><figure class=\"aligncenter\"><img loading=\"lazy\" decoding=\"async\" width=\"626\" height=\"801\" src=\"https:\/\/niipit.dk\/katte-killinger\/wp-content\/uploads\/sites\/193\/2019\/03\/Uldtot-klar-til-leg.jpg\" alt=\"Uldtot klar til leg\" class=\"wp-image-5829\" srcset=\"https:\/\/niipit.dk\/katte-killinger\/wp-content\/uploads\/sites\/193\/2019\/03\/Uldtot-klar-til-leg.jpg 626w, https:\/\/niipit.dk\/katte-killinger\/wp-content\/uploads\/sites\/193\/2019\/03\/Uldtot-klar-til-leg-234x300.jpg 234w\" sizes=\"auto, (max-width: 626px) 100vw, 626px\" \/><\/figure><\/div>\n\n\n\n<div class=\"wp-block-image\"><figure class=\"aligncenter\"><img loading=\"lazy\" decoding=\"async\" width=\"626\" height=\"417\" src=\"https:\/\/niipit.dk\/katte-killinger\/wp-content\/uploads\/sites\/193\/2019\/03\/Killinger-p\u00e5-opdagelse.jpg\" alt=\"Killinger p\u00e5 opdagelse\" class=\"wp-image-5823\" srcset=\"https:\/\/niipit.dk\/katte-killinger\/wp-content\/uploads\/sites\/193\/2019\/03\/Killinger-p\u00e5-opdagelse.jpg 626w, https:\/\/niipit.dk\/katte-killinger\/wp-content\/uploads\/sites\/193\/2019\/03\/Killinger-p\u00e5-opdagelse-300x200.jpg 300w\" sizes=\"auto, (max-width: 626px) 100vw, 626px\" \/><\/figure><\/div>\n\n\n\n<div class=\"wp-block-image\"><figure class=\"aligncenter\"><img loading=\"lazy\" decoding=\"async\" width=\"626\" height=\"417\" src=\"https:\/\/niipit.dk\/katte-killinger\/wp-content\/uploads\/sites\/193\/2019\/03\/Killing-p\u00e5-opdagelse.jpg\" alt=\"Killing p\u00e5 opdagelse\" class=\"wp-image-5822\" srcset=\"https:\/\/niipit.dk\/katte-killinger\/wp-content\/uploads\/sites\/193\/2019\/03\/Killing-p\u00e5-opdagelse.jpg 626w, https:\/\/niipit.dk\/katte-killinger\/wp-content\/uploads\/sites\/193\/2019\/03\/Killing-p\u00e5-opdagelse-300x200.jpg 300w\" sizes=\"auto, (max-width: 626px) 100vw, 626px\" \/><\/figure><\/div>\n\n\n\n<div class=\"wp-block-image\"><figure class=\"aligncenter\"><img loading=\"lazy\" decoding=\"async\" width=\"626\" height=\"417\" src=\"https:\/\/niipit.dk\/katte-killinger\/wp-content\/uploads\/sites\/193\/2019\/03\/Kattekillinger-sammen-med-barn.jpg\" alt=\"Kattekillinger sammen med barn\" class=\"wp-image-5819\" srcset=\"https:\/\/niipit.dk\/katte-killinger\/wp-content\/uploads\/sites\/193\/2019\/03\/Kattekillinger-sammen-med-barn.jpg 626w, https:\/\/niipit.dk\/katte-killinger\/wp-content\/uploads\/sites\/193\/2019\/03\/Kattekillinger-sammen-med-barn-300x200.jpg 300w\" sizes=\"auto, (max-width: 626px) 100vw, 626px\" \/><\/figure><\/div>\n\n\n\n<div class=\"wp-block-image\"><figure class=\"aligncenter\"><img loading=\"lazy\" decoding=\"async\" width=\"626\" height=\"417\" src=\"https:\/\/niipit.dk\/katte-killinger\/wp-content\/uploads\/sites\/193\/2019\/03\/Kattekillinger-sammen-med-barn-2.jpg\" alt=\"Kattekillinger sammen med barn 2\" class=\"wp-image-5818\" srcset=\"https:\/\/niipit.dk\/katte-killinger\/wp-content\/uploads\/sites\/193\/2019\/03\/Kattekillinger-sammen-med-barn-2.jpg 626w, https:\/\/niipit.dk\/katte-killinger\/wp-content\/uploads\/sites\/193\/2019\/03\/Kattekillinger-sammen-med-barn-2-300x200.jpg 300w\" sizes=\"auto, (max-width: 626px) 100vw, 626px\" \/><\/figure><\/div>\n\n\n\n<div class=\"wp-block-image\"><figure class=\"aligncenter\"><img loading=\"lazy\" decoding=\"async\" width=\"626\" height=\"414\" src=\"https:\/\/niipit.dk\/katte-killinger\/wp-content\/uploads\/sites\/193\/2019\/03\/Kattekillinger-sammen-med-garnn\u00f8gler.jpg\" alt=\"Kattekillinger sammen med garnn\u00f8gler\" class=\"wp-image-5820\" srcset=\"https:\/\/niipit.dk\/katte-killinger\/wp-content\/uploads\/sites\/193\/2019\/03\/Kattekillinger-sammen-med-garnn\u00f8gler.jpg 626w, https:\/\/niipit.dk\/katte-killinger\/wp-content\/uploads\/sites\/193\/2019\/03\/Kattekillinger-sammen-med-garnn\u00f8gler-300x198.jpg 300w\" sizes=\"auto, (max-width: 626px) 100vw, 626px\" \/><\/figure><\/div>\n\n\n\n<div class=\"wp-block-image\"><figure class=\"aligncenter\"><img loading=\"lazy\" decoding=\"async\" width=\"626\" height=\"373\" src=\"https:\/\/niipit.dk\/katte-killinger\/wp-content\/uploads\/sites\/193\/2019\/03\/Kattekillinger-ruller-garnn\u00f8gler-ud.jpg\" alt=\"Kattekillinger ruller garnn\u00f8gler ud\" class=\"wp-image-5817\" srcset=\"https:\/\/niipit.dk\/katte-killinger\/wp-content\/uploads\/sites\/193\/2019\/03\/Kattekillinger-ruller-garnn\u00f8gler-ud.jpg 626w, https:\/\/niipit.dk\/katte-killinger\/wp-content\/uploads\/sites\/193\/2019\/03\/Kattekillinger-ruller-garnn\u00f8gler-ud-300x179.jpg 300w\" sizes=\"auto, (max-width: 626px) 100vw, 626px\" \/><\/figure><\/div>\n\n\n\n<div class=\"wp-block-image\"><figure class=\"aligncenter\"><img loading=\"lazy\" decoding=\"async\" width=\"626\" height=\"414\" src=\"https:\/\/niipit.dk\/katte-killinger\/wp-content\/uploads\/sites\/193\/2019\/03\/Kattekillinger-leger-med-garnn\u00f8gler.jpg\" alt=\"Kattekillinger leger med garnn\u00f8gler\" class=\"wp-image-5815\" srcset=\"https:\/\/niipit.dk\/katte-killinger\/wp-content\/uploads\/sites\/193\/2019\/03\/Kattekillinger-leger-med-garnn\u00f8gler.jpg 626w, https:\/\/niipit.dk\/katte-killinger\/wp-content\/uploads\/sites\/193\/2019\/03\/Kattekillinger-leger-med-garnn\u00f8gler-300x198.jpg 300w\" sizes=\"auto, (max-width: 626px) 100vw, 626px\" \/><\/figure><\/div>\n\n\n\n<div class=\"wp-block-image\"><figure class=\"aligncenter\"><img loading=\"lazy\" decoding=\"async\" width=\"626\" height=\"414\" src=\"https:\/\/niipit.dk\/katte-killinger\/wp-content\/uploads\/sites\/193\/2019\/03\/Killing-kalder-p\u00e5-mor.jpg\" alt=\"Killing kalder p\u00e5 mor\" class=\"wp-image-5821\" srcset=\"https:\/\/niipit.dk\/katte-killinger\/wp-content\/uploads\/sites\/193\/2019\/03\/Killing-kalder-p\u00e5-mor.jpg 626w, https:\/\/niipit.dk\/katte-killinger\/wp-content\/uploads\/sites\/193\/2019\/03\/Killing-kalder-p\u00e5-mor-300x198.jpg 300w\" sizes=\"auto, (max-width: 626px) 100vw, 626px\" \/><\/figure><\/div>\n\n\n\n<div class=\"wp-block-image\"><figure class=\"aligncenter\"><img loading=\"lazy\" decoding=\"async\" width=\"626\" height=\"414\" src=\"https:\/\/niipit.dk\/katte-killinger\/wp-content\/uploads\/sites\/193\/2019\/03\/kattekilling-unders\u00f8ger-busk-i-haven.jpg\" alt=\"kattekilling unders\u00f8ger busk i haven\" class=\"wp-image-5814\" srcset=\"https:\/\/niipit.dk\/katte-killinger\/wp-content\/uploads\/sites\/193\/2019\/03\/kattekilling-unders\u00f8ger-busk-i-haven.jpg 626w, https:\/\/niipit.dk\/katte-killinger\/wp-content\/uploads\/sites\/193\/2019\/03\/kattekilling-unders\u00f8ger-busk-i-haven-300x198.jpg 300w\" sizes=\"auto, (max-width: 626px) 100vw, 626px\" \/><\/figure><\/div>\n\n\n\n<div class=\"wp-block-image\"><figure class=\"aligncenter\"><img loading=\"lazy\" decoding=\"async\" width=\"626\" height=\"417\" src=\"https:\/\/niipit.dk\/katte-killinger\/wp-content\/uploads\/sites\/193\/2019\/03\/Kattekilling-sammen-med-pige-i-stol.jpg\" alt=\"Kattekilling sammen med pige i stol\" class=\"wp-image-5813\" srcset=\"https:\/\/niipit.dk\/katte-killinger\/wp-content\/uploads\/sites\/193\/2019\/03\/Kattekilling-sammen-med-pige-i-stol.jpg 626w, https:\/\/niipit.dk\/katte-killinger\/wp-content\/uploads\/sites\/193\/2019\/03\/Kattekilling-sammen-med-pige-i-stol-300x200.jpg 300w\" sizes=\"auto, (max-width: 626px) 100vw, 626px\" \/><\/figure><\/div>\n\n\n\n<div class=\"wp-block-image\"><figure class=\"aligncenter\"><img loading=\"lazy\" decoding=\"async\" width=\"626\" height=\"417\" src=\"https:\/\/niipit.dk\/katte-killinger\/wp-content\/uploads\/sites\/193\/2019\/03\/Kattekilling-sammen-med-pige-i-stol-3.jpg\" alt=\"Kattekilling sammen med pige i stol 3\" class=\"wp-image-5812\" srcset=\"https:\/\/niipit.dk\/katte-killinger\/wp-content\/uploads\/sites\/193\/2019\/03\/Kattekilling-sammen-med-pige-i-stol-3.jpg 626w, https:\/\/niipit.dk\/katte-killinger\/wp-content\/uploads\/sites\/193\/2019\/03\/Kattekilling-sammen-med-pige-i-stol-3-300x200.jpg 300w\" sizes=\"auto, (max-width: 626px) 100vw, 626px\" \/><\/figure><\/div>\n\n\n\n<div class=\"wp-block-image\"><figure class=\"aligncenter\"><img loading=\"lazy\" decoding=\"async\" width=\"626\" height=\"939\" src=\"https:\/\/niipit.dk\/katte-killinger\/wp-content\/uploads\/sites\/193\/2019\/03\/Kattekilling-sammen-med-pige-i-stol-2.jpg\" alt=\"Kattekilling sammen med pige i stol 2\" class=\"wp-image-5811\" srcset=\"https:\/\/niipit.dk\/katte-killinger\/wp-content\/uploads\/sites\/193\/2019\/03\/Kattekilling-sammen-med-pige-i-stol-2.jpg 626w, https:\/\/niipit.dk\/katte-killinger\/wp-content\/uploads\/sites\/193\/2019\/03\/Kattekilling-sammen-med-pige-i-stol-2-200x300.jpg 200w\" sizes=\"auto, (max-width: 626px) 100vw, 626px\" \/><\/figure><\/div>\n\n\n\n<div class=\"wp-block-image\"><figure class=\"aligncenter\"><img loading=\"lazy\" decoding=\"async\" width=\"626\" height=\"417\" src=\"https:\/\/niipit.dk\/katte-killinger\/wp-content\/uploads\/sites\/193\/2019\/03\/Kattekilling-sammen-med-barn.jpg\" alt=\"Kattekilling sammen med barn\" class=\"wp-image-5810\" srcset=\"https:\/\/niipit.dk\/katte-killinger\/wp-content\/uploads\/sites\/193\/2019\/03\/Kattekilling-sammen-med-barn.jpg 626w, https:\/\/niipit.dk\/katte-killinger\/wp-content\/uploads\/sites\/193\/2019\/03\/Kattekilling-sammen-med-barn-300x200.jpg 300w\" sizes=\"auto, (max-width: 626px) 100vw, 626px\" \/><\/figure><\/div>\n\n\n\n<div class=\"wp-block-image\"><figure class=\"aligncenter\"><img loading=\"lazy\" decoding=\"async\" width=\"626\" height=\"417\" src=\"https:\/\/niipit.dk\/katte-killinger\/wp-content\/uploads\/sites\/193\/2019\/03\/Kattekilling-sammen-med-barn-2.jpg\" alt=\"Kattekilling sammen med barn 2\" class=\"wp-image-5809\" srcset=\"https:\/\/niipit.dk\/katte-killinger\/wp-content\/uploads\/sites\/193\/2019\/03\/Kattekilling-sammen-med-barn-2.jpg 626w, https:\/\/niipit.dk\/katte-killinger\/wp-content\/uploads\/sites\/193\/2019\/03\/Kattekilling-sammen-med-barn-2-300x200.jpg 300w\" sizes=\"auto, (max-width: 626px) 100vw, 626px\" \/><\/figure><\/div>\n\n\n\n<div class=\"wp-block-image\"><figure class=\"aligncenter\"><img loading=\"lazy\" decoding=\"async\" width=\"626\" height=\"414\" src=\"https:\/\/niipit.dk\/katte-killinger\/wp-content\/uploads\/sites\/193\/2019\/03\/kattekilling-med-sten-og-blomsterbaggund.jpg\" alt=\"kattekilling med sten og blomsterbaggund\" class=\"wp-image-5808\" srcset=\"https:\/\/niipit.dk\/katte-killinger\/wp-content\/uploads\/sites\/193\/2019\/03\/kattekilling-med-sten-og-blomsterbaggund.jpg 626w, https:\/\/niipit.dk\/katte-killinger\/wp-content\/uploads\/sites\/193\/2019\/03\/kattekilling-med-sten-og-blomsterbaggund-300x198.jpg 300w\" sizes=\"auto, (max-width: 626px) 100vw, 626px\" \/><\/figure><\/div>\n\n\n\n<div class=\"wp-block-image\"><figure class=\"aligncenter\"><img loading=\"lazy\" decoding=\"async\" width=\"626\" height=\"945\" src=\"https:\/\/niipit.dk\/katte-killinger\/wp-content\/uploads\/sites\/193\/2019\/03\/Kattekilling-med-bl\u00e5-\u00f8jne-hygger-i-haven.jpg\" alt=\"killing p\u00e5 opdagelse\" class=\"wp-image-5807\" srcset=\"https:\/\/niipit.dk\/katte-killinger\/wp-content\/uploads\/sites\/193\/2019\/03\/Kattekilling-med-bl\u00e5-\u00f8jne-hygger-i-haven.jpg 626w, https:\/\/niipit.dk\/katte-killinger\/wp-content\/uploads\/sites\/193\/2019\/03\/Kattekilling-med-bl\u00e5-\u00f8jne-hygger-i-haven-199x300.jpg 199w\" sizes=\"auto, (max-width: 626px) 100vw, 626px\" \/><\/figure><\/div>\n\n\n\n<div class=\"wp-block-image\"><figure class=\"aligncenter\"><img loading=\"lazy\" decoding=\"async\" width=\"626\" height=\"942\" src=\"https:\/\/niipit.dk\/katte-killinger\/wp-content\/uploads\/sites\/193\/2019\/03\/Kattekilling-gemmer-sig-i-potteplante.jpg\" alt=\"Kattekilling gemmer sig i potteplante\" class=\"wp-image-5806\" srcset=\"https:\/\/niipit.dk\/katte-killinger\/wp-content\/uploads\/sites\/193\/2019\/03\/Kattekilling-gemmer-sig-i-potteplante.jpg 626w, https:\/\/niipit.dk\/katte-killinger\/wp-content\/uploads\/sites\/193\/2019\/03\/Kattekilling-gemmer-sig-i-potteplante-199x300.jpg 199w\" sizes=\"auto, (max-width: 626px) 100vw, 626px\" \/><\/figure><\/div>\n\n\n\n<div class=\"wp-block-image\"><figure class=\"aligncenter\"><img loading=\"lazy\" decoding=\"async\" width=\"626\" height=\"417\" src=\"https:\/\/niipit.dk\/katte-killinger\/wp-content\/uploads\/sites\/193\/2019\/03\/Brun-kattekilling-opdager-verden.jpg\" alt=\"brun killing opdager verden\" class=\"wp-image-5805\" srcset=\"https:\/\/niipit.dk\/katte-killinger\/wp-content\/uploads\/sites\/193\/2019\/03\/Brun-kattekilling-opdager-verden.jpg 626w, https:\/\/niipit.dk\/katte-killinger\/wp-content\/uploads\/sites\/193\/2019\/03\/Brun-kattekilling-opdager-verden-300x200.jpg 300w\" sizes=\"auto, (max-width: 626px) 100vw, 626px\" \/><\/figure><\/div>\n\n\n\n<div class=\"wp-block-image\"><figure class=\"aligncenter\"><img loading=\"lazy\" decoding=\"async\" width=\"626\" height=\"417\" src=\"https:\/\/niipit.dk\/katte-killinger\/wp-content\/uploads\/sites\/193\/2019\/03\/amerikanske-korth\u00e5ret-stribet-kattekillinger-p\u00e5-t\u00e6ppe.jpg\" alt=\"amerikanske korth\u00e5ret stribet kattekillinger p\u00e5 t\u00e6ppe\" class=\"wp-image-5804\" srcset=\"https:\/\/niipit.dk\/katte-killinger\/wp-content\/uploads\/sites\/193\/2019\/03\/amerikanske-korth\u00e5ret-stribet-kattekillinger-p\u00e5-t\u00e6ppe.jpg 626w, https:\/\/niipit.dk\/katte-killinger\/wp-content\/uploads\/sites\/193\/2019\/03\/amerikanske-korth\u00e5ret-stribet-kattekillinger-p\u00e5-t\u00e6ppe-300x200.jpg 300w\" sizes=\"auto, (max-width: 626px) 100vw, 626px\" \/><\/figure><\/div>\n\n\n\n<div class=\"wp-block-image\"><figure class=\"aligncenter\"><img loading=\"lazy\" decoding=\"async\" width=\"626\" height=\"417\" src=\"https:\/\/niipit.dk\/katte-killinger\/wp-content\/uploads\/sites\/193\/2019\/03\/5-kattekillinger-p\u00e5-rosa-t\u00e6ppe.jpg\" alt=\"5 kattekillinger p\u00e5 rosa t\u00e6ppe\" class=\"wp-image-5803\" srcset=\"https:\/\/niipit.dk\/katte-killinger\/wp-content\/uploads\/sites\/193\/2019\/03\/5-kattekillinger-p\u00e5-rosa-t\u00e6ppe.jpg 626w, https:\/\/niipit.dk\/katte-killinger\/wp-content\/uploads\/sites\/193\/2019\/03\/5-kattekillinger-p\u00e5-rosa-t\u00e6ppe-300x200.jpg 300w\" sizes=\"auto, (max-width: 626px) 100vw, 626px\" \/><\/figure><\/div>\n\n\n\n<div class=\"wp-block-image\"><figure class=\"aligncenter\"><img loading=\"lazy\" decoding=\"async\" width=\"626\" height=\"443\" src=\"https:\/\/niipit.dk\/katte-killinger\/wp-content\/uploads\/sites\/193\/2019\/03\/2-stribede-kattekillinger-p\u00e5-blomster-mark.jpg\" alt=\"2 stribede kattekillinger p\u00e5 blomster mark\" class=\"wp-image-5802\" srcset=\"https:\/\/niipit.dk\/katte-killinger\/wp-content\/uploads\/sites\/193\/2019\/03\/2-stribede-kattekillinger-p\u00e5-blomster-mark.jpg 626w, https:\/\/niipit.dk\/katte-killinger\/wp-content\/uploads\/sites\/193\/2019\/03\/2-stribede-kattekillinger-p\u00e5-blomster-mark-300x212.jpg 300w\" sizes=\"auto, (max-width: 626px) 100vw, 626px\" \/><\/figure><\/div>\n\n\n\n<div class=\"wp-block-image\"><figure class=\"aligncenter\"><img loading=\"lazy\" decoding=\"async\" width=\"626\" height=\"416\" src=\"https:\/\/niipit.dk\/katte-killinger\/wp-content\/uploads\/sites\/193\/2019\/03\/Kattekilling-ligger-og-hygger-sig.jpg\" alt=\"Kattekilling ligger og hygger sig\" class=\"wp-image-5800\" srcset=\"https:\/\/niipit.dk\/katte-killinger\/wp-content\/uploads\/sites\/193\/2019\/03\/Kattekilling-ligger-og-hygger-sig.jpg 626w, https:\/\/niipit.dk\/katte-killinger\/wp-content\/uploads\/sites\/193\/2019\/03\/Kattekilling-ligger-og-hygger-sig-300x199.jpg 300w\" sizes=\"auto, (max-width: 626px) 100vw, 626px\" \/><\/figure><\/div>\n\n\n\n<div class=\"wp-block-image\"><figure class=\"aligncenter\"><img loading=\"lazy\" decoding=\"async\" width=\"626\" height=\"414\" src=\"https:\/\/niipit.dk\/katte-killinger\/wp-content\/uploads\/sites\/193\/2019\/03\/kattekilling.jpg\" alt=\"kattekilling\" class=\"wp-image-5799\" srcset=\"https:\/\/niipit.dk\/katte-killinger\/wp-content\/uploads\/sites\/193\/2019\/03\/kattekilling.jpg 626w, https:\/\/niipit.dk\/katte-killinger\/wp-content\/uploads\/sites\/193\/2019\/03\/kattekilling-300x198.jpg 300w\" sizes=\"auto, (max-width: 626px) 100vw, 626px\" \/><\/figure><\/div>\n","protected":false},"excerpt":{"rendered":"","protected":false},"author":903,"featured_media":0,"parent":0,"menu_order":0,"comment_status":"closed","ping_status":"closed","template":"","meta":{"_exactmetrics_skip_tracking":false,"_exactmetrics_sitenote_active":false,"_exactmetrics_sitenote_note":"","_exactmetrics_sitenote_category":0,"_monsterinsights_skip_tracking":false,"_monsterinsights_sitenote_active":false,"_monsterinsights_sitenote_note":"","_monsterinsights_sitenote_category":0,"footnotes":""},"class_list":["post-5497","page","type-page","status-publish","hentry"],"yoast_head":"<!-- This site is optimized with the Yoast SEO Premium plugin v16.3 (Yoast SEO v27.2) - https:\/\/yoast.com\/product\/yoast-seo-premium-wordpress\/ -->\n<title>Galleri - Katte Killinger<\/title>\n<meta name=\"robots\" content=\"index, follow, max-snippet:-1, max-image-preview:large, max-video-preview:-1\" \/>\n<link rel=\"canonical\" href=\"https:\/\/niipit.dk\/katte-killinger\/galleri\/\" \/>\n<meta property=\"og:locale\" content=\"da_DK\" \/>\n<meta property=\"og:type\" content=\"article\" \/>\n<meta property=\"og:title\" content=\"Galleri - Katte Killinger\" \/>\n<meta property=\"og:url\" content=\"https:\/\/niipit.dk\/katte-killinger\/galleri\/\" \/>\n<meta property=\"og:site_name\" content=\"Katte Killinger\" \/>\n<meta property=\"article:modified_time\" content=\"2019-03-24T11:39:02+00:00\" \/>\n<meta property=\"og:image\" content=\"https:\/\/niipit.dk\/katte-killinger\/wp-content\/uploads\/sites\/193\/2019\/03\/Stribet-kattekilling-i-kurv.jpg\" \/>\n<meta name=\"twitter:card\" content=\"summary_large_image\" \/>\n<script type=\"application\/ld+json\" class=\"yoast-schema-graph\">{\"@context\":\"https:\/\/schema.org\",\"@graph\":[{\"@type\":\"WebPage\",\"@id\":\"https:\/\/niipit.dk\/katte-killinger\/galleri\/\",\"url\":\"https:\/\/niipit.dk\/katte-killinger\/galleri\/\",\"name\":\"Galleri - Katte Killinger\",\"isPartOf\":{\"@id\":\"https:\/\/niipit.dk\/katte-killinger\/#website\"},\"primaryImageOfPage\":{\"@id\":\"https:\/\/niipit.dk\/katte-killinger\/galleri\/#primaryimage\"},\"image\":{\"@id\":\"https:\/\/niipit.dk\/katte-killinger\/galleri\/#primaryimage\"},\"thumbnailUrl\":\"https:\/\/niipit.dk\/katte-killinger\/wp-content\/uploads\/sites\/193\/2019\/03\/Stribet-kattekilling-i-kurv.jpg\",\"datePublished\":\"2019-02-19T12:33:05+00:00\",\"dateModified\":\"2019-03-24T11:39:02+00:00\",\"breadcrumb\":{\"@id\":\"https:\/\/niipit.dk\/katte-killinger\/galleri\/#breadcrumb\"},\"inLanguage\":\"da-DK\",\"potentialAction\":[{\"@type\":\"ReadAction\",\"target\":[\"https:\/\/niipit.dk\/katte-killinger\/galleri\/\"]}]},{\"@type\":\"ImageObject\",\"inLanguage\":\"da-DK\",\"@id\":\"https:\/\/niipit.dk\/katte-killinger\/galleri\/#primaryimage\",\"url\":\"https:\/\/niipit.dk\/katte-killinger\/wp-content\/uploads\/sites\/193\/2019\/03\/Stribet-kattekilling-i-kurv.jpg\",\"contentUrl\":\"https:\/\/niipit.dk\/katte-killinger\/wp-content\/uploads\/sites\/193\/2019\/03\/Stribet-kattekilling-i-kurv.jpg\"},{\"@type\":\"BreadcrumbList\",\"@id\":\"https:\/\/niipit.dk\/katte-killinger\/galleri\/#breadcrumb\",\"itemListElement\":[{\"@type\":\"ListItem\",\"position\":1,\"name\":\"Hjem\",\"item\":\"https:\/\/niipit.dk\/katte-killinger\/\"},{\"@type\":\"ListItem\",\"position\":2,\"name\":\"Galleri\"}]},{\"@type\":\"WebSite\",\"@id\":\"https:\/\/niipit.dk\/katte-killinger\/#website\",\"url\":\"https:\/\/niipit.dk\/katte-killinger\/\",\"name\":\"Katte Killinger\",\"description\":\"Niipits dejligste hundehvalpe. Se dem alle her\",\"potentialAction\":[{\"@type\":\"SearchAction\",\"target\":{\"@type\":\"EntryPoint\",\"urlTemplate\":\"https:\/\/niipit.dk\/katte-killinger\/?s={search_term_string}\"},\"query-input\":{\"@type\":\"PropertyValueSpecification\",\"valueRequired\":true,\"valueName\":\"search_term_string\"}}],\"inLanguage\":\"da-DK\"}]}<\/script>\n<!-- \/ Yoast SEO Premium plugin. -->","yoast_head_json":{"title":"Galleri - Katte Killinger","robots":{"index":"index","follow":"follow","max-snippet":"max-snippet:-1","max-image-preview":"max-image-preview:large","max-video-preview":"max-video-preview:-1"},"canonical":"https:\/\/niipit.dk\/katte-killinger\/galleri\/","og_locale":"da_DK","og_type":"article","og_title":"Galleri - Katte Killinger","og_url":"https:\/\/niipit.dk\/katte-killinger\/galleri\/","og_site_name":"Katte Killinger","article_modified_time":"2019-03-24T11:39:02+00:00","og_image":[{"url":"https:\/\/niipit.dk\/katte-killinger\/wp-content\/uploads\/sites\/193\/2019\/03\/Stribet-kattekilling-i-kurv.jpg","type":"","width":"","height":""}],"twitter_card":"summary_large_image","schema":{"@context":"https:\/\/schema.org","@graph":[{"@type":"WebPage","@id":"https:\/\/niipit.dk\/katte-killinger\/galleri\/","url":"https:\/\/niipit.dk\/katte-killinger\/galleri\/","name":"Galleri - Katte Killinger","isPartOf":{"@id":"https:\/\/niipit.dk\/katte-killinger\/#website"},"primaryImageOfPage":{"@id":"https:\/\/niipit.dk\/katte-killinger\/galleri\/#primaryimage"},"image":{"@id":"https:\/\/niipit.dk\/katte-killinger\/galleri\/#primaryimage"},"thumbnailUrl":"https:\/\/niipit.dk\/katte-killinger\/wp-content\/uploads\/sites\/193\/2019\/03\/Stribet-kattekilling-i-kurv.jpg","datePublished":"2019-02-19T12:33:05+00:00","dateModified":"2019-03-24T11:39:02+00:00","breadcrumb":{"@id":"https:\/\/niipit.dk\/katte-killinger\/galleri\/#breadcrumb"},"inLanguage":"da-DK","potentialAction":[{"@type":"ReadAction","target":["https:\/\/niipit.dk\/katte-killinger\/galleri\/"]}]},{"@type":"ImageObject","inLanguage":"da-DK","@id":"https:\/\/niipit.dk\/katte-killinger\/galleri\/#primaryimage","url":"https:\/\/niipit.dk\/katte-killinger\/wp-content\/uploads\/sites\/193\/2019\/03\/Stribet-kattekilling-i-kurv.jpg","contentUrl":"https:\/\/niipit.dk\/katte-killinger\/wp-content\/uploads\/sites\/193\/2019\/03\/Stribet-kattekilling-i-kurv.jpg"},{"@type":"BreadcrumbList","@id":"https:\/\/niipit.dk\/katte-killinger\/galleri\/#breadcrumb","itemListElement":[{"@type":"ListItem","position":1,"name":"Hjem","item":"https:\/\/niipit.dk\/katte-killinger\/"},{"@type":"ListItem","position":2,"name":"Galleri"}]},{"@type":"WebSite","@id":"https:\/\/niipit.dk\/katte-killinger\/#website","url":"https:\/\/niipit.dk\/katte-killinger\/","name":"Katte Killinger","description":"Niipits dejligste hundehvalpe. Se dem alle her","potentialAction":[{"@type":"SearchAction","target":{"@type":"EntryPoint","urlTemplate":"https:\/\/niipit.dk\/katte-killinger\/?s={search_term_string}"},"query-input":{"@type":"PropertyValueSpecification","valueRequired":true,"valueName":"search_term_string"}}],"inLanguage":"da-DK"}]}},"_links":{"self":[{"href":"https:\/\/niipit.dk\/katte-killinger\/wp-json\/wp\/v2\/pages\/5497","targetHints":{"allow":["GET"]}}],"collection":[{"href":"https:\/\/niipit.dk\/katte-killinger\/wp-json\/wp\/v2\/pages"}],"about":[{"href":"https:\/\/niipit.dk\/katte-killinger\/wp-json\/wp\/v2\/types\/page"}],"author":[{"embeddable":true,"href":"https:\/\/niipit.dk\/katte-killinger\/wp-json\/wp\/v2\/users\/903"}],"replies":[{"embeddable":true,"href":"https:\/\/niipit.dk\/katte-killinger\/wp-json\/wp\/v2\/comments?post=5497"}],"version-history":[{"count":0,"href":"https:\/\/niipit.dk\/katte-killinger\/wp-json\/wp\/v2\/pages\/5497\/revisions"}],"wp:attachment":[{"href":"https:\/\/niipit.dk\/katte-killinger\/wp-json\/wp\/v2\/media?parent=5497"}],"curies":[{"name":"wp","href":"https:\/\/api.w.org\/{rel}","templated":true}]}}