{"id":5064,"date":"2018-08-10T22:29:34","date_gmt":"2018-08-10T20:29:34","guid":{"rendered":"https:\/\/niipit.dk\/mastergoldblog\/?page_id=5064"},"modified":"2021-05-20T00:35:08","modified_gmt":"2021-05-19T22:35:08","slug":"frontpage","status":"publish","type":"page","link":"https:\/\/niipit.dk\/katte-killinger\/","title":{"rendered":"Forside"},"content":{"rendered":"\n<h2 class=\"wp-block-heading\" id=\"h-den-s-de-lille-kattekilling-er-helt-vidunderlig\">Den s\u00f8de lille kattekilling er helt vidunderlig. <\/h2>\n\n\n\n<p>Vi kommer ikke uden om det men s\u00e5dan er det bare. N\u00e5r der kommer en kluntet kattekilling luntende forbi p\u00e5 sin egen akavede m\u00e5de s\u00e5 smelter de fleste hjerter. De sm\u00e5 skabninger indtager os med det samme og det er k\u00e6rlighed ved f\u00f8rste blik. N\u00e5r killingerne bliver st\u00f8rre s\u00e5 har vi overgivet os 100% og vi vil g\u00f8re alt hvad vi kan for de hengivne katte.<\/p>\n\n\n\n<figure class=\"wp-block-embed is-type-video is-provider-youtube wp-block-embed-youtube wp-embed-aspect-16-9 wp-has-aspect-ratio\"><div class=\"wp-block-embed__wrapper\">\n<iframe loading=\"lazy\" title=\"Sjove Katte Og Killinger Meowing 2016\" width=\"1170\" height=\"658\" src=\"https:\/\/www.youtube.com\/embed\/bJCRf4HhRbc?feature=oembed\" frameborder=\"0\" allow=\"accelerometer; autoplay; clipboard-write; encrypted-media; gyroscope; picture-in-picture\" allowfullscreen><\/iframe>\n<\/div><\/figure>\n\n\n\n<h2 class=\"wp-block-heading\" id=\"h-kattekillinger-elsker-at-lege\">Kattekillinger elsker at lege<\/h2>\n\n\n\n<p>Som du sikkert allerede ved s\u00e5 elsker de sm\u00e5 bl\u00f8de killinger at lege og tumle rundt med alt hvad de kan finde. Hele livet er en leg. Killingerne har det bedst n\u00e5r de er flere sammen. Katte er flok dyr og elsker selskab. Hvis du har to eller flere killinger samtidig s\u00e5 ved du sikkert allerede at der sj\u00e6ldent er ro. Killingerne boltre sig under m\u00f8blerne og inde p\u00e5 hylder, gerne bag ved b\u00f8ger eller i huler hvor de kan gemme sig og overraske deres bytte.<\/p>\n\n\n\n<h2 class=\"wp-block-heading\" id=\"h-at-v-lge-den-rigtige-killing-i-en-flok\">At v\u00e6lge den rigtige killing i en flok.<\/h2>\n\n\n\n<p>Hvordan v\u00e6lger du den rigtige killing ud af en hel flok. Ja f\u00f8rst og fremmest s\u00e5 b\u00f8r du v\u00e6lge nogle forskellige opdr\u00e6ttere s\u00e5 du kan se flere killinger.  Hold dig fra at k\u00f8be en killing der er billig eller gratis. det kan b\u00e5de v\u00e6re syge eller u\u00f8nsket katte du render p\u00e5. Hvis det lyder for godt til at v\u00e6re sandt s\u00e5 er det sikkert ogs\u00e5 for godt til at v\u00e6re sandt.<\/p>\n\n\n\n<p>Her I 2021 er det ved lov at en killing \/ kat skal v\u00e6re \u00f8re tatoveret eller chippet. S\u00e5 det er noget af det f\u00f8rste du skal sikre dig. S\u00e5 skal du se p\u00e5 hvordan ser killingen ud. Er den ren og p\u00e6n eller har den skidt i pelsen. Tjek om maven er udspilet, det kan v\u00e6re tegn p\u00e5 orm. Har den d\u00e5rlig mave s\u00e5 kan det ogs\u00e5 v\u00e6re tegn p\u00e5 orm. <\/p>\n\n\n\n<p>Kan du f\u00e5 lov til at se moderen og kan du se hvor kattene g\u00e5r eller for du kun vist en killing frem s\u00e5 skal du ogs\u00e5 v\u00e6re p\u00e5 vagt. Det bedste sted hvor du kan finde dig en god killing eller kat er helt sikkert hos <a href=\"https:\/\/da.wikipedia.org\/wiki\/Dyrenes_Beskyttelse\" target=\"_blank\" rel=\"noreferrer noopener\">Dyrenes beskyttelse<\/a>.<\/p>\n\n\n\n<p><a href=\"https:\/\/niipit.dk\/katte-killinger\/video\/\">Se flere videoer om kattekillinger<\/a> <a href=\"https:\/\/da.wikipedia.org\/wiki\/Killing\" target=\"_blank\" rel=\"noreferrer noopener\">eller l\u00e6s mere om katte killing<\/a><\/p>\n","protected":false},"excerpt":{"rendered":"<p>Den s\u00f8de lille kattekilling er helt vidunderlig. Vi kommer ikke uden om det men s\u00e5dan er det bare. N\u00e5r der kommer en kluntet kattekilling luntende forbi p\u00e5 sin egen akavede m\u00e5de s\u00e5 smelter de fleste hjerter. De sm\u00e5 skabninger indtager os med det samme og det er k\u00e6rlighed ved f\u00f8rste blik. N\u00e5r killingerne bliver st\u00f8rre <a class=\"moretag btn btn-primary\" href=\"https:\/\/niipit.dk\/katte-killinger\/\">L\u00e6s mere<\/a><\/p>\n","protected":false},"author":903,"featured_media":0,"parent":0,"menu_order":0,"comment_status":"closed","ping_status":"closed","template":"frontpagePremium.php","meta":{"_exactmetrics_skip_tracking":false,"_exactmetrics_sitenote_active":false,"_exactmetrics_sitenote_note":"","_exactmetrics_sitenote_category":0,"_monsterinsights_skip_tracking":false,"_monsterinsights_sitenote_active":false,"_monsterinsights_sitenote_note":"","_monsterinsights_sitenote_category":0,"footnotes":""},"class_list":["post-5064","page","type-page","status-publish","hentry"],"yoast_head":"<!-- This site is optimized with the Yoast SEO Premium plugin v16.3 (Yoast SEO v27.3) - https:\/\/yoast.com\/product\/yoast-seo-premium-wordpress\/ -->\n<title>Kattekilling der s\u00e5 evig sk\u00f8nne at se p\u00e5. Tjek vores uldtotter<\/title>\n<meta name=\"description\" content=\"Kattekilling findes i alle st\u00f8rrelser. Denne side er lavet for at du kan f\u00e5 et smil p\u00e5 l\u00e6ben og nyde de sm\u00e5 s\u00f8de killinger\" \/>\n<meta name=\"robots\" content=\"index, follow, max-snippet:-1, max-image-preview:large, max-video-preview:-1\" \/>\n<link rel=\"canonical\" href=\"https:\/\/niipit.dk\/katte-killinger\/\" \/>\n<meta property=\"og:locale\" content=\"da_DK\" \/>\n<meta property=\"og:type\" content=\"article\" \/>\n<meta property=\"og:title\" content=\"Kattekilling der s\u00e5 evig sk\u00f8nne at se p\u00e5. Tjek vores uldtotter\" \/>\n<meta property=\"og:description\" content=\"Kattekilling findes i alle st\u00f8rrelser. Denne side er lavet for at du kan f\u00e5 et smil p\u00e5 l\u00e6ben og nyde de sm\u00e5 s\u00f8de killinger\" \/>\n<meta property=\"og:url\" content=\"https:\/\/niipit.dk\/katte-killinger\/\" \/>\n<meta property=\"og:site_name\" content=\"Katte Killinger\" \/>\n<meta property=\"article:modified_time\" content=\"2021-05-19T22:35:08+00:00\" \/>\n<meta name=\"twitter:card\" content=\"summary_large_image\" \/>\n<meta name=\"twitter:label1\" content=\"Estimeret l\u00e6setid\" \/>\n\t<meta name=\"twitter:data1\" content=\"2 minutter\" \/>\n<script type=\"application\/ld+json\" class=\"yoast-schema-graph\">{\"@context\":\"https:\\\/\\\/schema.org\",\"@graph\":[{\"@type\":\"WebPage\",\"@id\":\"https:\\\/\\\/niipit.dk\\\/katte-killinger\\\/\",\"url\":\"https:\\\/\\\/niipit.dk\\\/katte-killinger\\\/\",\"name\":\"Kattekilling der s\u00e5 evig sk\u00f8nne at se p\u00e5. Tjek vores uldtotter\",\"isPartOf\":{\"@id\":\"https:\\\/\\\/niipit.dk\\\/katte-killinger\\\/#website\"},\"datePublished\":\"2018-08-10T20:29:34+00:00\",\"dateModified\":\"2021-05-19T22:35:08+00:00\",\"description\":\"Kattekilling findes i alle st\u00f8rrelser. Denne side er lavet for at du kan f\u00e5 et smil p\u00e5 l\u00e6ben og nyde de sm\u00e5 s\u00f8de killinger\",\"breadcrumb\":{\"@id\":\"https:\\\/\\\/niipit.dk\\\/katte-killinger\\\/#breadcrumb\"},\"inLanguage\":\"da-DK\",\"potentialAction\":[{\"@type\":\"ReadAction\",\"target\":[\"https:\\\/\\\/niipit.dk\\\/katte-killinger\\\/\"]}]},{\"@type\":\"BreadcrumbList\",\"@id\":\"https:\\\/\\\/niipit.dk\\\/katte-killinger\\\/#breadcrumb\",\"itemListElement\":[{\"@type\":\"ListItem\",\"position\":1,\"name\":\"Hjem\",\"item\":\"https:\\\/\\\/niipit.dk\\\/katte-killinger\\\/\"},{\"@type\":\"ListItem\",\"position\":2,\"name\":\"Forside\"}]},{\"@type\":\"WebSite\",\"@id\":\"https:\\\/\\\/niipit.dk\\\/katte-killinger\\\/#website\",\"url\":\"https:\\\/\\\/niipit.dk\\\/katte-killinger\\\/\",\"name\":\"Katte Killinger\",\"description\":\"Niipits dejligste hundehvalpe. Se dem alle her\",\"potentialAction\":[{\"@type\":\"SearchAction\",\"target\":{\"@type\":\"EntryPoint\",\"urlTemplate\":\"https:\\\/\\\/niipit.dk\\\/katte-killinger\\\/?s={search_term_string}\"},\"query-input\":{\"@type\":\"PropertyValueSpecification\",\"valueRequired\":true,\"valueName\":\"search_term_string\"}}],\"inLanguage\":\"da-DK\"}]}<\/script>\n<!-- \/ Yoast SEO Premium plugin. -->","yoast_head_json":{"title":"Kattekilling der s\u00e5 evig sk\u00f8nne at se p\u00e5. Tjek vores uldtotter","description":"Kattekilling findes i alle st\u00f8rrelser. Denne side er lavet for at du kan f\u00e5 et smil p\u00e5 l\u00e6ben og nyde de sm\u00e5 s\u00f8de killinger","robots":{"index":"index","follow":"follow","max-snippet":"max-snippet:-1","max-image-preview":"max-image-preview:large","max-video-preview":"max-video-preview:-1"},"canonical":"https:\/\/niipit.dk\/katte-killinger\/","og_locale":"da_DK","og_type":"article","og_title":"Kattekilling der s\u00e5 evig sk\u00f8nne at se p\u00e5. Tjek vores uldtotter","og_description":"Kattekilling findes i alle st\u00f8rrelser. Denne side er lavet for at du kan f\u00e5 et smil p\u00e5 l\u00e6ben og nyde de sm\u00e5 s\u00f8de killinger","og_url":"https:\/\/niipit.dk\/katte-killinger\/","og_site_name":"Katte Killinger","article_modified_time":"2021-05-19T22:35:08+00:00","twitter_card":"summary_large_image","twitter_misc":{"Estimeret l\u00e6setid":"2 minutter"},"schema":{"@context":"https:\/\/schema.org","@graph":[{"@type":"WebPage","@id":"https:\/\/niipit.dk\/katte-killinger\/","url":"https:\/\/niipit.dk\/katte-killinger\/","name":"Kattekilling der s\u00e5 evig sk\u00f8nne at se p\u00e5. Tjek vores uldtotter","isPartOf":{"@id":"https:\/\/niipit.dk\/katte-killinger\/#website"},"datePublished":"2018-08-10T20:29:34+00:00","dateModified":"2021-05-19T22:35:08+00:00","description":"Kattekilling findes i alle st\u00f8rrelser. Denne side er lavet for at du kan f\u00e5 et smil p\u00e5 l\u00e6ben og nyde de sm\u00e5 s\u00f8de killinger","breadcrumb":{"@id":"https:\/\/niipit.dk\/katte-killinger\/#breadcrumb"},"inLanguage":"da-DK","potentialAction":[{"@type":"ReadAction","target":["https:\/\/niipit.dk\/katte-killinger\/"]}]},{"@type":"BreadcrumbList","@id":"https:\/\/niipit.dk\/katte-killinger\/#breadcrumb","itemListElement":[{"@type":"ListItem","position":1,"name":"Hjem","item":"https:\/\/niipit.dk\/katte-killinger\/"},{"@type":"ListItem","position":2,"name":"Forside"}]},{"@type":"WebSite","@id":"https:\/\/niipit.dk\/katte-killinger\/#website","url":"https:\/\/niipit.dk\/katte-killinger\/","name":"Katte Killinger","description":"Niipits dejligste hundehvalpe. Se dem alle her","potentialAction":[{"@type":"SearchAction","target":{"@type":"EntryPoint","urlTemplate":"https:\/\/niipit.dk\/katte-killinger\/?s={search_term_string}"},"query-input":{"@type":"PropertyValueSpecification","valueRequired":true,"valueName":"search_term_string"}}],"inLanguage":"da-DK"}]}},"_links":{"self":[{"href":"https:\/\/niipit.dk\/katte-killinger\/wp-json\/wp\/v2\/pages\/5064","targetHints":{"allow":["GET"]}}],"collection":[{"href":"https:\/\/niipit.dk\/katte-killinger\/wp-json\/wp\/v2\/pages"}],"about":[{"href":"https:\/\/niipit.dk\/katte-killinger\/wp-json\/wp\/v2\/types\/page"}],"author":[{"embeddable":true,"href":"https:\/\/niipit.dk\/katte-killinger\/wp-json\/wp\/v2\/users\/903"}],"replies":[{"embeddable":true,"href":"https:\/\/niipit.dk\/katte-killinger\/wp-json\/wp\/v2\/comments?post=5064"}],"version-history":[{"count":3,"href":"https:\/\/niipit.dk\/katte-killinger\/wp-json\/wp\/v2\/pages\/5064\/revisions"}],"predecessor-version":[{"id":6376,"href":"https:\/\/niipit.dk\/katte-killinger\/wp-json\/wp\/v2\/pages\/5064\/revisions\/6376"}],"wp:attachment":[{"href":"https:\/\/niipit.dk\/katte-killinger\/wp-json\/wp\/v2\/media?parent=5064"}],"curies":[{"name":"wp","href":"https:\/\/api.w.org\/{rel}","templated":true}]}}