{"id":5133,"date":"2018-08-15T22:08:09","date_gmt":"2018-08-15T20:08:09","guid":{"rendered":"https:\/\/niipit.dk\/nv2-QogM\/?page_id=5133"},"modified":"2020-02-28T12:53:24","modified_gmt":"2020-02-28T11:53:24","slug":"kontakt","status":"publish","type":"page","link":"https:\/\/niipit.dk\/kaeledyrenesparadis\/kontakt\/","title":{"rendered":"Kontakt"},"content":{"rendered":"<div class=\"row justify-content-md-center\">\n<div class=\"col-xs-12 col-sm-12 col-md-6 col-lg-4\">\n<p><strong>K\u00e6ledyrenes Paradis &#8211; CVR nr. 20468351<\/strong><\/p>\n<p>\u00d8stergade 5<br \/>6510 Gram<br \/>Danmark<\/p>\n<p>TLF: +45 32 16 98 10\u00a0<\/p>\n<p><strong>\u00c5bningstider.<br \/>Mandag 13.00 til 17.30<br \/><\/strong><strong>Tirsdag 13.00 til 17.30<br \/>Onsdag LUKKET<br \/><\/strong><strong>Torsdag 13.00 til 17.30<br \/>Fredag 13.00 til 17.30<br \/>L\u00f8rdag 10.00 til 13.00<br \/>S\u00f8ndag LUKKET<\/strong><\/p>\n<p>I Bramming p\u00e5 Det bl\u00e5 marked.<br \/>Hver l\u00f8rdag og s\u00f8ndag fra 10:00 &#8211; 16:00<\/p>\n<p>I Br\u00f8rup p\u00e5 auktionsmarkedet<br \/>Hver fredag 9:00 &#8211; 14:00<\/p>\n<p>Vi tr\u00e6ffes ogs\u00e5 p\u00e5 alle landets markeder, hele sommeren igennem <span class=\"_47e3 _5mfr\" title=\"smile-hum\u00f8rikon\"><img loading=\"lazy\" decoding=\"async\" class=\"img\" role=\"presentation\" src=\"https:\/\/static.xx.fbcdn.net\/images\/emoji.php\/v9\/teb\/2\/16\/1f642.png\" alt=\"\" width=\"16\" height=\"16\" \/><span class=\"_7oe\" aria-hidden=\"true\">\ud83d\ude42<\/span><\/span><\/p>\n<\/div>\n<\/div>\n\n\n<p><\/p>\n","protected":false},"excerpt":{"rendered":"<p>K\u00e6ledyrenes Paradis &#8211; CVR nr. 20468351 \u00d8stergade 56510 GramDanmark TLF: +45 32 16 98 10\u00a0 \u00c5bningstider.Mandag 13.00 til 17.30Tirsdag 13.00 til 17.30Onsdag LUKKETTorsdag 13.00 til 17.30Fredag 13.00 til 17.30L\u00f8rdag 10.00 til 13.00S\u00f8ndag LUKKET I Bramming p\u00e5 Det bl\u00e5 marked.Hver l\u00f8rdag og s\u00f8ndag fra 10:00 &#8211; 16:00 I Br\u00f8rup p\u00e5 auktionsmarkedetHver fredag 9:00 &#8211; 14:00 Vi <a class=\"moretag btn btn-primary\" href=\"https:\/\/niipit.dk\/kaeledyrenesparadis\/kontakt\/\">L\u00e6s mere<\/a><\/p>\n","protected":false},"author":151,"featured_media":0,"parent":0,"menu_order":0,"comment_status":"closed","ping_status":"closed","template":"","meta":{"_exactmetrics_skip_tracking":false,"_exactmetrics_sitenote_active":false,"_exactmetrics_sitenote_note":"","_exactmetrics_sitenote_category":0,"_monsterinsights_skip_tracking":false,"_monsterinsights_sitenote_active":false,"_monsterinsights_sitenote_note":"","_monsterinsights_sitenote_category":0,"footnotes":""},"class_list":["post-5133","page","type-page","status-publish","hentry"],"yoast_head":"<!-- This site is optimized with the Yoast SEO Premium plugin v16.3 (Yoast SEO v27.4) - https:\/\/yoast.com\/product\/yoast-seo-premium-wordpress\/ -->\n<title>Kontakt - K\u00e6ledyrenes Paradis<\/title>\n<meta name=\"robots\" content=\"index, follow, max-snippet:-1, max-image-preview:large, max-video-preview:-1\" \/>\n<link rel=\"canonical\" href=\"https:\/\/niipit.dk\/kaeledyrenesparadis\/kontakt\/\" \/>\n<meta property=\"og:locale\" content=\"da_DK\" \/>\n<meta property=\"og:type\" content=\"article\" \/>\n<meta property=\"og:title\" content=\"Kontakt - K\u00e6ledyrenes Paradis\" \/>\n<meta property=\"og:description\" content=\"K\u00e6ledyrenes Paradis &#8211; CVR nr. 20468351 \u00d8stergade 56510 GramDanmark TLF: +45 32 16 98 10\u00a0 \u00c5bningstider.Mandag 13.00 til 17.30Tirsdag 13.00 til 17.30Onsdag LUKKETTorsdag 13.00 til 17.30Fredag 13.00 til 17.30L\u00f8rdag 10.00 til 13.00S\u00f8ndag LUKKET I Bramming p\u00e5 Det bl\u00e5 marked.Hver l\u00f8rdag og s\u00f8ndag fra 10:00 &#8211; 16:00 I Br\u00f8rup p\u00e5 auktionsmarkedetHver fredag 9:00 &#8211; 14:00 Vi L\u00e6s mere\" \/>\n<meta property=\"og:url\" content=\"https:\/\/niipit.dk\/kaeledyrenesparadis\/kontakt\/\" \/>\n<meta property=\"og:site_name\" content=\"K\u00e6ledyrenes Paradis\" \/>\n<meta property=\"article:modified_time\" content=\"2020-02-28T11:53:24+00:00\" \/>\n<meta property=\"og:image\" content=\"https:\/\/static.xx.fbcdn.net\/images\/emoji.php\/v9\/teb\/2\/16\/1f642.png\" \/>\n<meta name=\"twitter:card\" content=\"summary_large_image\" \/>\n<script type=\"application\/ld+json\" class=\"yoast-schema-graph\">{\"@context\":\"https:\\\/\\\/schema.org\",\"@graph\":[{\"@type\":\"WebPage\",\"@id\":\"https:\\\/\\\/niipit.dk\\\/kaeledyrenesparadis\\\/kontakt\\\/\",\"url\":\"https:\\\/\\\/niipit.dk\\\/kaeledyrenesparadis\\\/kontakt\\\/\",\"name\":\"Kontakt - K\u00e6ledyrenes Paradis\",\"isPartOf\":{\"@id\":\"http:\\\/\\\/niipit.dk\\\/kaeledyrenesparadis\\\/#website\"},\"primaryImageOfPage\":{\"@id\":\"https:\\\/\\\/niipit.dk\\\/kaeledyrenesparadis\\\/kontakt\\\/#primaryimage\"},\"image\":{\"@id\":\"https:\\\/\\\/niipit.dk\\\/kaeledyrenesparadis\\\/kontakt\\\/#primaryimage\"},\"thumbnailUrl\":\"https:\\\/\\\/static.xx.fbcdn.net\\\/images\\\/emoji.php\\\/v9\\\/teb\\\/2\\\/16\\\/1f642.png\",\"datePublished\":\"2018-08-15T20:08:09+00:00\",\"dateModified\":\"2020-02-28T11:53:24+00:00\",\"breadcrumb\":{\"@id\":\"https:\\\/\\\/niipit.dk\\\/kaeledyrenesparadis\\\/kontakt\\\/#breadcrumb\"},\"inLanguage\":\"da-DK\",\"potentialAction\":[{\"@type\":\"ReadAction\",\"target\":[\"https:\\\/\\\/niipit.dk\\\/kaeledyrenesparadis\\\/kontakt\\\/\"]}]},{\"@type\":\"ImageObject\",\"inLanguage\":\"da-DK\",\"@id\":\"https:\\\/\\\/niipit.dk\\\/kaeledyrenesparadis\\\/kontakt\\\/#primaryimage\",\"url\":\"https:\\\/\\\/static.xx.fbcdn.net\\\/images\\\/emoji.php\\\/v9\\\/teb\\\/2\\\/16\\\/1f642.png\",\"contentUrl\":\"https:\\\/\\\/static.xx.fbcdn.net\\\/images\\\/emoji.php\\\/v9\\\/teb\\\/2\\\/16\\\/1f642.png\"},{\"@type\":\"BreadcrumbList\",\"@id\":\"https:\\\/\\\/niipit.dk\\\/kaeledyrenesparadis\\\/kontakt\\\/#breadcrumb\",\"itemListElement\":[{\"@type\":\"ListItem\",\"position\":1,\"name\":\"Hjem\",\"item\":\"http:\\\/\\\/niipit.dk\\\/kaeledyrenesparadis\\\/\"},{\"@type\":\"ListItem\",\"position\":2,\"name\":\"Kontakt\"}]},{\"@type\":\"WebSite\",\"@id\":\"http:\\\/\\\/niipit.dk\\\/kaeledyrenesparadis\\\/#website\",\"url\":\"http:\\\/\\\/niipit.dk\\\/kaeledyrenesparadis\\\/\",\"name\":\"K\u00e6ledyrenes Paradis\",\"description\":\"Alt I udstyr til dit k\u00e6ledyr\",\"potentialAction\":[{\"@type\":\"SearchAction\",\"target\":{\"@type\":\"EntryPoint\",\"urlTemplate\":\"http:\\\/\\\/niipit.dk\\\/kaeledyrenesparadis\\\/?s={search_term_string}\"},\"query-input\":{\"@type\":\"PropertyValueSpecification\",\"valueRequired\":true,\"valueName\":\"search_term_string\"}}],\"inLanguage\":\"da-DK\"}]}<\/script>\n<!-- \/ Yoast SEO Premium plugin. -->","yoast_head_json":{"title":"Kontakt - K\u00e6ledyrenes Paradis","robots":{"index":"index","follow":"follow","max-snippet":"max-snippet:-1","max-image-preview":"max-image-preview:large","max-video-preview":"max-video-preview:-1"},"canonical":"https:\/\/niipit.dk\/kaeledyrenesparadis\/kontakt\/","og_locale":"da_DK","og_type":"article","og_title":"Kontakt - K\u00e6ledyrenes Paradis","og_description":"K\u00e6ledyrenes Paradis &#8211; CVR nr. 20468351 \u00d8stergade 56510 GramDanmark TLF: +45 32 16 98 10\u00a0 \u00c5bningstider.Mandag 13.00 til 17.30Tirsdag 13.00 til 17.30Onsdag LUKKETTorsdag 13.00 til 17.30Fredag 13.00 til 17.30L\u00f8rdag 10.00 til 13.00S\u00f8ndag LUKKET I Bramming p\u00e5 Det bl\u00e5 marked.Hver l\u00f8rdag og s\u00f8ndag fra 10:00 &#8211; 16:00 I Br\u00f8rup p\u00e5 auktionsmarkedetHver fredag 9:00 &#8211; 14:00 Vi L\u00e6s mere","og_url":"https:\/\/niipit.dk\/kaeledyrenesparadis\/kontakt\/","og_site_name":"K\u00e6ledyrenes Paradis","article_modified_time":"2020-02-28T11:53:24+00:00","og_image":[{"url":"https:\/\/static.xx.fbcdn.net\/images\/emoji.php\/v9\/teb\/2\/16\/1f642.png","type":"","width":"","height":""}],"twitter_card":"summary_large_image","schema":{"@context":"https:\/\/schema.org","@graph":[{"@type":"WebPage","@id":"https:\/\/niipit.dk\/kaeledyrenesparadis\/kontakt\/","url":"https:\/\/niipit.dk\/kaeledyrenesparadis\/kontakt\/","name":"Kontakt - K\u00e6ledyrenes Paradis","isPartOf":{"@id":"http:\/\/niipit.dk\/kaeledyrenesparadis\/#website"},"primaryImageOfPage":{"@id":"https:\/\/niipit.dk\/kaeledyrenesparadis\/kontakt\/#primaryimage"},"image":{"@id":"https:\/\/niipit.dk\/kaeledyrenesparadis\/kontakt\/#primaryimage"},"thumbnailUrl":"https:\/\/static.xx.fbcdn.net\/images\/emoji.php\/v9\/teb\/2\/16\/1f642.png","datePublished":"2018-08-15T20:08:09+00:00","dateModified":"2020-02-28T11:53:24+00:00","breadcrumb":{"@id":"https:\/\/niipit.dk\/kaeledyrenesparadis\/kontakt\/#breadcrumb"},"inLanguage":"da-DK","potentialAction":[{"@type":"ReadAction","target":["https:\/\/niipit.dk\/kaeledyrenesparadis\/kontakt\/"]}]},{"@type":"ImageObject","inLanguage":"da-DK","@id":"https:\/\/niipit.dk\/kaeledyrenesparadis\/kontakt\/#primaryimage","url":"https:\/\/static.xx.fbcdn.net\/images\/emoji.php\/v9\/teb\/2\/16\/1f642.png","contentUrl":"https:\/\/static.xx.fbcdn.net\/images\/emoji.php\/v9\/teb\/2\/16\/1f642.png"},{"@type":"BreadcrumbList","@id":"https:\/\/niipit.dk\/kaeledyrenesparadis\/kontakt\/#breadcrumb","itemListElement":[{"@type":"ListItem","position":1,"name":"Hjem","item":"http:\/\/niipit.dk\/kaeledyrenesparadis\/"},{"@type":"ListItem","position":2,"name":"Kontakt"}]},{"@type":"WebSite","@id":"http:\/\/niipit.dk\/kaeledyrenesparadis\/#website","url":"http:\/\/niipit.dk\/kaeledyrenesparadis\/","name":"K\u00e6ledyrenes Paradis","description":"Alt I udstyr til dit k\u00e6ledyr","potentialAction":[{"@type":"SearchAction","target":{"@type":"EntryPoint","urlTemplate":"http:\/\/niipit.dk\/kaeledyrenesparadis\/?s={search_term_string}"},"query-input":{"@type":"PropertyValueSpecification","valueRequired":true,"valueName":"search_term_string"}}],"inLanguage":"da-DK"}]}},"_links":{"self":[{"href":"https:\/\/niipit.dk\/kaeledyrenesparadis\/wp-json\/wp\/v2\/pages\/5133","targetHints":{"allow":["GET"]}}],"collection":[{"href":"https:\/\/niipit.dk\/kaeledyrenesparadis\/wp-json\/wp\/v2\/pages"}],"about":[{"href":"https:\/\/niipit.dk\/kaeledyrenesparadis\/wp-json\/wp\/v2\/types\/page"}],"author":[{"embeddable":true,"href":"https:\/\/niipit.dk\/kaeledyrenesparadis\/wp-json\/wp\/v2\/users\/151"}],"replies":[{"embeddable":true,"href":"https:\/\/niipit.dk\/kaeledyrenesparadis\/wp-json\/wp\/v2\/comments?post=5133"}],"version-history":[{"count":0,"href":"https:\/\/niipit.dk\/kaeledyrenesparadis\/wp-json\/wp\/v2\/pages\/5133\/revisions"}],"wp:attachment":[{"href":"https:\/\/niipit.dk\/kaeledyrenesparadis\/wp-json\/wp\/v2\/media?parent=5133"}],"curies":[{"name":"wp","href":"https:\/\/api.w.org\/{rel}","templated":true}]}}