{"id":5119,"date":"2018-08-15T22:06:08","date_gmt":"2018-08-15T20:06:08","guid":{"rendered":"https:\/\/niipit.dk\/nv2-QogM\/?page_id=5119"},"modified":"2019-10-09T09:28:43","modified_gmt":"2019-10-09T07:28:43","slug":"handelsbetingelser","status":"publish","type":"page","link":"https:\/\/niipit.dk\/kaeledyrenesparadis\/handelsbetingelser\/","title":{"rendered":"Handelsbetingelser"},"content":{"rendered":"<p style=\"text-align: center;\">N\u00e5r du bestiller vare her p\u00e5 side s\u00e5 er det KUN en bestilling.<br \/>\nVaren skal afhentes i vores butik i Gram.<br \/>\nVi tager forbehold for udsolgte vare.<\/p>\n","protected":false},"excerpt":{"rendered":"<p>N\u00e5r du bestiller vare her p\u00e5 side s\u00e5 er det KUN en bestilling. Varen skal afhentes i vores butik i Gram. Vi tager forbehold for udsolgte vare.<\/p>\n","protected":false},"author":151,"featured_media":0,"parent":0,"menu_order":0,"comment_status":"closed","ping_status":"closed","template":"","meta":{"_exactmetrics_skip_tracking":false,"_exactmetrics_sitenote_active":false,"_exactmetrics_sitenote_note":"","_exactmetrics_sitenote_category":0,"_monsterinsights_skip_tracking":false,"_monsterinsights_sitenote_active":false,"_monsterinsights_sitenote_note":"","_monsterinsights_sitenote_category":0,"footnotes":""},"class_list":["post-5119","page","type-page","status-publish","hentry"],"yoast_head":"<!-- This site is optimized with the Yoast SEO Premium plugin v16.3 (Yoast SEO v27.4) - https:\/\/yoast.com\/product\/yoast-seo-premium-wordpress\/ -->\n<title>Handelsbetingelser - K\u00e6ledyrenes Paradis<\/title>\n<meta name=\"robots\" content=\"index, follow, max-snippet:-1, max-image-preview:large, max-video-preview:-1\" \/>\n<link rel=\"canonical\" href=\"https:\/\/niipit.dk\/kaeledyrenesparadis\/handelsbetingelser\/\" \/>\n<meta property=\"og:locale\" content=\"da_DK\" \/>\n<meta property=\"og:type\" content=\"article\" \/>\n<meta property=\"og:title\" content=\"Handelsbetingelser - K\u00e6ledyrenes Paradis\" \/>\n<meta property=\"og:description\" content=\"N\u00e5r du bestiller vare her p\u00e5 side s\u00e5 er det KUN en bestilling. Varen skal afhentes i vores butik i Gram. Vi tager forbehold for udsolgte vare.\" \/>\n<meta property=\"og:url\" content=\"https:\/\/niipit.dk\/kaeledyrenesparadis\/handelsbetingelser\/\" \/>\n<meta property=\"og:site_name\" content=\"K\u00e6ledyrenes Paradis\" \/>\n<meta property=\"article:modified_time\" content=\"2019-10-09T07:28:43+00:00\" \/>\n<meta name=\"twitter:card\" content=\"summary_large_image\" \/>\n<script type=\"application\/ld+json\" class=\"yoast-schema-graph\">{\"@context\":\"https:\\\/\\\/schema.org\",\"@graph\":[{\"@type\":\"WebPage\",\"@id\":\"https:\\\/\\\/niipit.dk\\\/kaeledyrenesparadis\\\/handelsbetingelser\\\/\",\"url\":\"https:\\\/\\\/niipit.dk\\\/kaeledyrenesparadis\\\/handelsbetingelser\\\/\",\"name\":\"Handelsbetingelser - K\u00e6ledyrenes Paradis\",\"isPartOf\":{\"@id\":\"https:\\\/\\\/niipit.dk\\\/kaeledyrenesparadis\\\/#website\"},\"datePublished\":\"2018-08-15T20:06:08+00:00\",\"dateModified\":\"2019-10-09T07:28:43+00:00\",\"breadcrumb\":{\"@id\":\"https:\\\/\\\/niipit.dk\\\/kaeledyrenesparadis\\\/handelsbetingelser\\\/#breadcrumb\"},\"inLanguage\":\"da-DK\",\"potentialAction\":[{\"@type\":\"ReadAction\",\"target\":[\"https:\\\/\\\/niipit.dk\\\/kaeledyrenesparadis\\\/handelsbetingelser\\\/\"]}]},{\"@type\":\"BreadcrumbList\",\"@id\":\"https:\\\/\\\/niipit.dk\\\/kaeledyrenesparadis\\\/handelsbetingelser\\\/#breadcrumb\",\"itemListElement\":[{\"@type\":\"ListItem\",\"position\":1,\"name\":\"Hjem\",\"item\":\"https:\\\/\\\/niipit.dk\\\/kaeledyrenesparadis\\\/\"},{\"@type\":\"ListItem\",\"position\":2,\"name\":\"Handelsbetingelser\"}]},{\"@type\":\"WebSite\",\"@id\":\"https:\\\/\\\/niipit.dk\\\/kaeledyrenesparadis\\\/#website\",\"url\":\"https:\\\/\\\/niipit.dk\\\/kaeledyrenesparadis\\\/\",\"name\":\"K\u00e6ledyrenes Paradis\",\"description\":\"Alt I udstyr til dit k\u00e6ledyr\",\"potentialAction\":[{\"@type\":\"SearchAction\",\"target\":{\"@type\":\"EntryPoint\",\"urlTemplate\":\"https:\\\/\\\/niipit.dk\\\/kaeledyrenesparadis\\\/?s={search_term_string}\"},\"query-input\":{\"@type\":\"PropertyValueSpecification\",\"valueRequired\":true,\"valueName\":\"search_term_string\"}}],\"inLanguage\":\"da-DK\"}]}<\/script>\n<!-- \/ Yoast SEO Premium plugin. -->","yoast_head_json":{"title":"Handelsbetingelser - K\u00e6ledyrenes Paradis","robots":{"index":"index","follow":"follow","max-snippet":"max-snippet:-1","max-image-preview":"max-image-preview:large","max-video-preview":"max-video-preview:-1"},"canonical":"https:\/\/niipit.dk\/kaeledyrenesparadis\/handelsbetingelser\/","og_locale":"da_DK","og_type":"article","og_title":"Handelsbetingelser - K\u00e6ledyrenes Paradis","og_description":"N\u00e5r du bestiller vare her p\u00e5 side s\u00e5 er det KUN en bestilling. Varen skal afhentes i vores butik i Gram. Vi tager forbehold for udsolgte vare.","og_url":"https:\/\/niipit.dk\/kaeledyrenesparadis\/handelsbetingelser\/","og_site_name":"K\u00e6ledyrenes Paradis","article_modified_time":"2019-10-09T07:28:43+00:00","twitter_card":"summary_large_image","schema":{"@context":"https:\/\/schema.org","@graph":[{"@type":"WebPage","@id":"https:\/\/niipit.dk\/kaeledyrenesparadis\/handelsbetingelser\/","url":"https:\/\/niipit.dk\/kaeledyrenesparadis\/handelsbetingelser\/","name":"Handelsbetingelser - K\u00e6ledyrenes Paradis","isPartOf":{"@id":"https:\/\/niipit.dk\/kaeledyrenesparadis\/#website"},"datePublished":"2018-08-15T20:06:08+00:00","dateModified":"2019-10-09T07:28:43+00:00","breadcrumb":{"@id":"https:\/\/niipit.dk\/kaeledyrenesparadis\/handelsbetingelser\/#breadcrumb"},"inLanguage":"da-DK","potentialAction":[{"@type":"ReadAction","target":["https:\/\/niipit.dk\/kaeledyrenesparadis\/handelsbetingelser\/"]}]},{"@type":"BreadcrumbList","@id":"https:\/\/niipit.dk\/kaeledyrenesparadis\/handelsbetingelser\/#breadcrumb","itemListElement":[{"@type":"ListItem","position":1,"name":"Hjem","item":"https:\/\/niipit.dk\/kaeledyrenesparadis\/"},{"@type":"ListItem","position":2,"name":"Handelsbetingelser"}]},{"@type":"WebSite","@id":"https:\/\/niipit.dk\/kaeledyrenesparadis\/#website","url":"https:\/\/niipit.dk\/kaeledyrenesparadis\/","name":"K\u00e6ledyrenes Paradis","description":"Alt I udstyr til dit k\u00e6ledyr","potentialAction":[{"@type":"SearchAction","target":{"@type":"EntryPoint","urlTemplate":"https:\/\/niipit.dk\/kaeledyrenesparadis\/?s={search_term_string}"},"query-input":{"@type":"PropertyValueSpecification","valueRequired":true,"valueName":"search_term_string"}}],"inLanguage":"da-DK"}]}},"_links":{"self":[{"href":"https:\/\/niipit.dk\/kaeledyrenesparadis\/wp-json\/wp\/v2\/pages\/5119","targetHints":{"allow":["GET"]}}],"collection":[{"href":"https:\/\/niipit.dk\/kaeledyrenesparadis\/wp-json\/wp\/v2\/pages"}],"about":[{"href":"https:\/\/niipit.dk\/kaeledyrenesparadis\/wp-json\/wp\/v2\/types\/page"}],"author":[{"embeddable":true,"href":"https:\/\/niipit.dk\/kaeledyrenesparadis\/wp-json\/wp\/v2\/users\/151"}],"replies":[{"embeddable":true,"href":"https:\/\/niipit.dk\/kaeledyrenesparadis\/wp-json\/wp\/v2\/comments?post=5119"}],"version-history":[{"count":0,"href":"https:\/\/niipit.dk\/kaeledyrenesparadis\/wp-json\/wp\/v2\/pages\/5119\/revisions"}],"wp:attachment":[{"href":"https:\/\/niipit.dk\/kaeledyrenesparadis\/wp-json\/wp\/v2\/media?parent=5119"}],"curies":[{"name":"wp","href":"https:\/\/api.w.org\/{rel}","templated":true}]}}